{"id":10107,"date":"2024-03-15T15:39:30","date_gmt":"2024-03-15T13:39:30","guid":{"rendered":"https:\/\/rcn-ong.be\/?page_id=10107"},"modified":"2024-09-05T17:06:12","modified_gmt":"2024-09-05T15:06:12","slug":"formations-pour-les-enseignant%c2%b7e%c2%b7s","status":"publish","type":"page","link":"https:\/\/rcn-ong.be\/en\/que-faisons-nous\/nos-outils-pedagogiques\/nos-formations\/formations-pour-les-enseignant%c2%b7e%c2%b7s\/","title":{"rendered":"Formations pour les enseignant\u00b7es"},"content":{"rendered":"\n<p><strong>18 avril 2024<\/strong> &#8211; Journ\u00e9e p\u00e9dagogique <em>\u00ab&nbsp;Des outils p\u00e9dagogiques pour enseigner le droit international humanitaire et la justice internationale&nbsp;\u00bb<\/em>, organis\u00e9e par la Cellule D\u00e9mocratie ou Barbarie, en collaboration avec la Croix-Rouge de Belgique et RCN Justice &amp; D\u00e9mocratie.<\/p>\n\n\n\n<figure class=\"wp-block-image size-large is-resized\"><img loading=\"lazy\" decoding=\"async\" src=\"https:\/\/rcn-ong.be\/wp-content\/uploads\/2024\/03\/CRIC-DOB-RCN-1024x327.jpeg\" alt=\"\" class=\"wp-image-10120\" width=\"442\" height=\"141\" srcset=\"https:\/\/rcn-ong.be\/wp-content\/uploads\/2024\/03\/CRIC-DOB-RCN-1024x327.jpeg 1024w, https:\/\/rcn-ong.be\/wp-content\/uploads\/2024\/03\/CRIC-DOB-RCN-300x96.jpeg 300w, https:\/\/rcn-ong.be\/wp-content\/uploads\/2024\/03\/CRIC-DOB-RCN-768x245.jpeg 768w, https:\/\/rcn-ong.be\/wp-content\/uploads\/2024\/03\/CRIC-DOB-RCN-1536x491.jpeg 1536w, https:\/\/rcn-ong.be\/wp-content\/uploads\/2024\/03\/CRIC-DOB-RCN-2048x654.jpeg 2048w, https:\/\/rcn-ong.be\/wp-content\/uploads\/2024\/03\/CRIC-DOB-RCN-100x32.jpeg 100w, https:\/\/rcn-ong.be\/wp-content\/uploads\/2024\/03\/CRIC-DOB-RCN-150x48.jpeg 150w, https:\/\/rcn-ong.be\/wp-content\/uploads\/2024\/03\/CRIC-DOB-RCN-200x64.jpeg 200w, https:\/\/rcn-ong.be\/wp-content\/uploads\/2024\/03\/CRIC-DOB-RCN-450x144.jpeg 450w, https:\/\/rcn-ong.be\/wp-content\/uploads\/2024\/03\/CRIC-DOB-RCN-600x192.jpeg 600w, https:\/\/rcn-ong.be\/wp-content\/uploads\/2024\/03\/CRIC-DOB-RCN-900x287.jpeg 900w\" sizes=\"auto, (max-width: 442px) 100vw, 442px\" \/><\/figure>\n\n\n\n<p><strong>Venez d\u00e9couvrir notre module 3 <a rel=\"noreferrer noopener\" href=\"https:\/\/rcn-ong.be\/que-faisons-nous\/nos-outils-pedagogiques\/module-3-justice-et-lutte-contre-limpunite\/\" target=\"_blank\">\u00ab&nbsp;Justice et lutte contre l&#8217;impunit\u00e9 \u00bb<\/a>&nbsp; ainsi que notre jeu de r\u00f4le <a rel=\"noreferrer noopener\" href=\"https:\/\/rcn-ong.be\/que-faisons-nous\/nos-outils-pedagogiques\/module-3-justice-et-lutte-contre-limpunite\/jeu-de-role-ubutabera\/\" target=\"_blank\">\u00ab&nbsp;Ubutabera&nbsp;\u00bb<\/a>&nbsp;!<\/strong><\/p>\n\n\n\n<h3 class=\"wp-block-heading\">Infos pratiques :<\/h3>\n\n\n\n<p><strong>Pour qui ?<\/strong> Enseignant\u00b7e\u00b7s, les agents \u00e9ducatifs ou toute personne ayant \u00e0 charge des groupes de jeunes (16-18 ans ou plus)<\/p>\n\n\n\n<p><strong>Quand ?<\/strong> Le jeudi 18 avril 2024 de 9h00 \u00e0 16h30<\/p>\n\n\n\n<p><strong>O\u00f9 ? <\/strong>F\u00e9d\u00e9ration Wallonie-Bruxelles, Boulevard L\u00e9opold II, 44&nbsp;&nbsp;(salle 4C124) \u00e0 1080 Bruxelles<\/p>\n\n\n\n<p><a rel=\"noreferrer noopener\" href=\"https:\/\/form.jotform.com\/233412514948356\" target=\"_blank\">Inscription gratuite et obligatoire<\/a> <strong>avant le 30 mars 2024 ! <\/strong>(Max. 25 participant\u00b7e\u00b7s)<\/p>\n\n\n\n<h3 class=\"wp-block-heading\">Le programme de la journ\u00e9e :<\/h3>\n\n\n\n<p><strong>De 9h30-12h30&nbsp;: M\u00eame la guerre a des limites&nbsp;! D\u00e9couvrir le droit international humanitaire<\/strong><br>Atelier anim\u00e9 par la <strong><em>Croix-Rouge de Belgique<\/em><\/strong><br><br>&#8211; Familiarisation aux r\u00e8gles essentielles du droit international humanitaire, r\u00e8gles qui visent \u00e0 restreindre, pour des raisons humanitaires, les effets n\u00e9fastes des conflits arm\u00e9s, en prot\u00e9geant celles et ceux qui ne participent pas ou plus aux hostilit\u00e9s et en limitant le choix des moyens et des m\u00e9thodes de guerre.<br><br>&#8211; Pr\u00e9sentation et mise en pratique du jeu \u00ab&nbsp;<a rel=\"noreferrer noopener\" href=\"https:\/\/secure-web.cisco.com\/1Cr5lXHmFUWgQXVTohKU9lYBRkEayzudCQsuThzcE2XuoK7hMewS6aXm0WrQ0Deo5uBoVpUcY4AQ_Bk0R8aNwDa8FCUDQUtPMjDJOzkv_AIuWlPB3-UOdNSw8yoP2-nXrWSPRb5_snRHi_y_1Fti5QUc9-0YV3IfM3N_uZg3FxZ6bkEKUpFjOdmrL-ZP0gru0glghTYmjF8tlfSHYoEh6GkOArlUkP91e_9a2CdO_7ifrRNXkpW-X7QlMsRfUq551\/https%3A%2F%2Fenseignement.croix-rouge.be%2Fnos-animations%2Frendez-vous-en-guerre-inconnue%2F%3F_ga%3D2.136043762.2119454356.1664371269-821157037.1664371269\" target=\"_blank\">Rendez-vous en guerre inconnue<\/a>&nbsp;\u00bb, un outil p\u00e9dagogique sous la forme d\u2019un jeu de r\u00f4le adapt\u00e9 pour les jeunes de 15-18 ans.<\/p>\n\n\n\n<p><strong>De 12h30-13h15&nbsp;: Pause<\/strong><\/p>\n\n\n\n<p><strong>De 13h30 \u00e0 16h30&nbsp;: Justice et la lutte contre l\u2019impunit\u00e9<\/strong><br>Atelier anim\u00e9 par <strong><em>RCN Justice &amp; D\u00e9mocratie <\/em><\/strong>(Loredana Alen, Charg\u00e9e p\u00e9dagogique)<br><br>&#8211; Renforcement des connaissances sur la Justice internationale&nbsp;: Comment rendre justice ? Comment \u00e9tablir les responsabilit\u00e9s de chacun ? Quels sont les m\u00e9canismes (inter)nationaux qui existent ? Comment la justice contribue-t-elle \u00e0 la reconstruction de la soci\u00e9t\u00e9 ?<br><br>&#8211; Pr\u00e9sentation et mise en pratique du jeu \u00ab&nbsp;Ubutabera&nbsp;\u00bb&nbsp;: jeu de r\u00f4le collaboratif, immersif et p\u00e9dagogique qui vous plonge dans le monde du droit international (proc\u00e8s d\u2019un cas fictif devant le Tribunal P\u00e9nal International pour le Rwanda (TPIR)).<br><\/p>\n\n\n\n<ul class=\"wp-block-list\"><li>Les supports p\u00e9dagogiques vous seront remis gratuitement en fin de formation.<\/li><\/ul>\n\n\n\n<p><strong>Inscriptions avant le 30 mars 2024<\/strong> : <a href=\"https:\/\/form.jotform.com\/233412514948356\" target=\"_blank\" rel=\"noreferrer noopener\">lien d&#8217;inscription ici.<\/a><\/p>\n","protected":false},"excerpt":{"rendered":"<p><strong>18 avril 2024<\/strong> &#8211; Journ\u00e9e p\u00e9dagogique <em>\u00ab&nbsp;Des outils p\u00e9dagogiques pour enseigner le droit international humanitaire et la justice internationale&nbsp;\u00bb<\/em>, organis\u00e9e par la Cellule D\u00e9mocratie ou Barbarie, en collaboration avec la Croix-Rouge de Belgique et RCN Justice &amp;<\/p>\n<p><span class=\"ellipsis\">&hellip;<\/span><\/p>\n<div class=\"read-more\"><a href=\"https:\/\/rcn-ong.be\/en\/que-faisons-nous\/nos-outils-pedagogiques\/nos-formations\/formations-pour-les-enseignant%c2%b7e%c2%b7s\/\">Read more &#8250;<\/a><\/div>\n<p><!-- end of .read-more --><\/p>\n","protected":false},"author":3,"featured_media":0,"parent":4265,"menu_order":0,"comment_status":"closed","ping_status":"closed","template":"","meta":{"footnotes":""},"class_list":["post-10107","page","type-page","status-publish","hentry"],"_links":{"self":[{"href":"https:\/\/rcn-ong.be\/en\/wp-json\/wp\/v2\/pages\/10107","targetHints":{"allow":["GET"]}}],"collection":[{"href":"https:\/\/rcn-ong.be\/en\/wp-json\/wp\/v2\/pages"}],"about":[{"href":"https:\/\/rcn-ong.be\/en\/wp-json\/wp\/v2\/types\/page"}],"author":[{"embeddable":true,"href":"https:\/\/rcn-ong.be\/en\/wp-json\/wp\/v2\/users\/3"}],"replies":[{"embeddable":true,"href":"https:\/\/rcn-ong.be\/en\/wp-json\/wp\/v2\/comments?post=10107"}],"version-history":[{"count":6,"href":"https:\/\/rcn-ong.be\/en\/wp-json\/wp\/v2\/pages\/10107\/revisions"}],"predecessor-version":[{"id":10937,"href":"https:\/\/rcn-ong.be\/en\/wp-json\/wp\/v2\/pages\/10107\/revisions\/10937"}],"up":[{"embeddable":true,"href":"https:\/\/rcn-ong.be\/en\/wp-json\/wp\/v2\/pages\/4265"}],"wp:attachment":[{"href":"https:\/\/rcn-ong.be\/en\/wp-json\/wp\/v2\/media?parent=10107"}],"curies":[{"name":"wp","href":"https:\/\/api.w.org\/{rel}","templated":true}]}}