{"id":10170,"date":"2024-03-26T17:26:49","date_gmt":"2024-03-26T15:26:49","guid":{"rendered":"https:\/\/rcn-ong.be\/?page_id=10170"},"modified":"2024-03-26T17:40:22","modified_gmt":"2024-03-26T15:40:22","slug":"decoloniser-nos-pratiques","status":"publish","type":"page","link":"https:\/\/rcn-ong.be\/en\/actualites\/decoloniser-nos-pratiques\/","title":{"rendered":"D\u00e9coloniser nos pratiques"},"content":{"rendered":"\n<p><strong>RCN J&amp;D m\u00e8ne depuis plusieurs ann\u00e9es une r\u00e9flexion sur la d\u00e9colonisation de la justice<\/strong> et en particulier la mani\u00e8re dont nos programmes d\u2019intervention peuvent s\u2019inscrire dans une d\u00e9marche consciente d\u2019\u00e9mancipation par rapport \u00e0 un mod\u00e8le de justice impos\u00e9 par l\u2019Occident depuis la p\u00e9riode coloniale.<\/p>\n\n\n\n<p>En parall\u00e8le de cette d\u00e9marche active, <strong>l\u2019\u00e9quipe de RCN J&amp;D a ouvert la r\u00e9flexion \u00e0 la d\u00e9colonisation<\/strong> <strong>comprise dans un sens plus large<\/strong>, c\u2019est-\u00e0-dire la d\u00e9construction de nos modes de pens\u00e9es qui se manifestent \u00e0 travers toute notre pratique d\u2019ONG bas\u00e9e en Occident. Quelles sont les \u00ab&nbsp;lunettes&nbsp;\u00bb&nbsp; \u00e0 travers lesquelles nous percevons le monde, et en particulier l\u2019Afrique&nbsp;? Quel est le bagage de croyances acquis depuis l\u2019\u00e9cole primaire et tout au long de notre parcours acad\u00e9mique&nbsp;? Quel est l\u2019h\u00e9ritage des mots que nous privil\u00e9gions pour d\u00e9signer nos r\u00e9alit\u00e9s de travail&nbsp;? Comment nous identifions-nous dans notre rapport au monde&nbsp;? Autant de r\u00e9flexions qui naissent de cet \u00e9lan global \u00e0 d\u00e9coloniser la coop\u00e9ration internationale.<\/p>\n\n\n\n<p><strong>RCN J&amp;D s\u2019est associ\u00e9 \u00e0 Broederlijk Delen et l\u2019Institut de M\u00e9decine Tropicale pour mener une \u00e9tude conjointe<\/strong> afin de disposer d\u2019un cadre d\u2019analyse qui nous permet d\u2019examiner, en tant qu\u2019acteurs de la solidarit\u00e9, les structures, les strat\u00e9gies et les modes de pens\u00e9e existants et dominants dans le secteur du d\u00e9veloppement afin de pouvoir par la suite les ajuster pour arriver \u00e0 une r\u00e9alit\u00e9 plus \u00e9quitable. L\u2019\u00e9tude ambitionne d\u2019identifier et de reconna\u00eetre les in\u00e9galit\u00e9s existantes et les relations de pouvoir in\u00e9gales afin de pouvoir les traiter durablement. Le cadre de l\u2019\u00e9tude, men\u00e9e par la Fondation AfricAvenir, s\u2019est concentr\u00e9 sur le Burkina Faso, avec une dizaine d\u2019ONG belges et burkinab\u00e9s ayant pris part \u00e0 l\u2019enqu\u00eate.<\/p>\n\n\n\n<p><strong>Diverses recommandations ont \u00e9merg\u00e9 de ces enqu\u00eates<\/strong> et sont rassembl\u00e9es dans ce document synth\u00e9tique (<a href=\"https:\/\/rcn-ong.be\/wp-content\/uploads\/2024\/03\/Etude-decoloniale-BF-Synthese-RCN-des-recommandations.pdf\" data-type=\"URL\" data-id=\"https:\/\/rcn-ong.be\/wp-content\/uploads\/2024\/03\/Etude-decoloniale-BF-Synthese-RCN-des-recommandations.pdf\">Etude d\u00e9coloniale<\/a>). Partant d\u2019une perspective macroscopique, avec la n\u00e9cessit\u00e9 urgente de repenser les rapports entre l\u2019Afrique et l\u2019Europe, les recommandations nous invitent \u00e0 nous pencher sur le niveau le plus individuel de nos pratiques. Les aspects li\u00e9s aux espaces de d\u00e9cision, aux proc\u00e9dures de financement, aux impositions socio-culturelles dans les approches th\u00e9matiques, ou encore la langue de communication et diffusion sont autant d\u2019\u00e9l\u00e9ments \u00e0 d\u00e9coloniser. Cette \u00e9tude (<a href=\"https:\/\/rcn-ong.be\/wp-content\/uploads\/2024\/03\/2024_1_RapportEtudeDecoloniale_FINALREPORT.pdf\" data-type=\"URL\" data-id=\"https:\/\/rcn-ong.be\/wp-content\/uploads\/2024\/03\/2024_1_RapportEtudeDecoloniale_FINALREPORT.pdf\">lien vers l\u2019\u00e9tude compl\u00e8te<\/a>) est d\u00e8s lors une \u00e9tape additionnelle dans notre r\u00e9flexion et mise en perspective de nos pratiques.<\/p>\n\n\n\n<figure class=\"wp-block-image size-large\"><img loading=\"lazy\" decoding=\"async\" width=\"800\" height=\"378\" src=\"https:\/\/rcn-ong.be\/wp-content\/uploads\/2024\/03\/Image-groupe.jpg\" alt=\"\" class=\"wp-image-10178\" srcset=\"https:\/\/rcn-ong.be\/wp-content\/uploads\/2024\/03\/Image-groupe.jpg 800w, https:\/\/rcn-ong.be\/wp-content\/uploads\/2024\/03\/Image-groupe-300x142.jpg 300w, https:\/\/rcn-ong.be\/wp-content\/uploads\/2024\/03\/Image-groupe-768x363.jpg 768w, https:\/\/rcn-ong.be\/wp-content\/uploads\/2024\/03\/Image-groupe-100x47.jpg 100w, https:\/\/rcn-ong.be\/wp-content\/uploads\/2024\/03\/Image-groupe-150x71.jpg 150w, https:\/\/rcn-ong.be\/wp-content\/uploads\/2024\/03\/Image-groupe-200x95.jpg 200w, https:\/\/rcn-ong.be\/wp-content\/uploads\/2024\/03\/Image-groupe-450x213.jpg 450w, https:\/\/rcn-ong.be\/wp-content\/uploads\/2024\/03\/Image-groupe-600x284.jpg 600w\" sizes=\"auto, (max-width: 800px) 100vw, 800px\" \/><\/figure>\n","protected":false},"excerpt":{"rendered":"<p><strong>RCN J&amp;D m\u00e8ne depuis plusieurs ann\u00e9es une r\u00e9flexion sur la d\u00e9colonisation de la justice<\/strong> et en particulier la mani\u00e8re dont nos programmes d\u2019intervention peuvent s\u2019inscrire dans une d\u00e9marche consciente d\u2019\u00e9mancipation par rapport \u00e0 un mod\u00e8le de justice impos\u00e9 par l\u2019Occident depuis la p\u00e9riode coloniale.<\/p>\n<p><span class=\"ellipsis\">&hellip;<\/span><\/p>\n<div class=\"read-more\"><a href=\"https:\/\/rcn-ong.be\/en\/actualites\/decoloniser-nos-pratiques\/\">Read more &#8250;<\/a><\/div>\n<p><!-- end of .read-more --><\/p>\n","protected":false},"author":3,"featured_media":0,"parent":2046,"menu_order":0,"comment_status":"closed","ping_status":"closed","template":"","meta":{"footnotes":""},"class_list":["post-10170","page","type-page","status-publish","hentry"],"_links":{"self":[{"href":"https:\/\/rcn-ong.be\/en\/wp-json\/wp\/v2\/pages\/10170","targetHints":{"allow":["GET"]}}],"collection":[{"href":"https:\/\/rcn-ong.be\/en\/wp-json\/wp\/v2\/pages"}],"about":[{"href":"https:\/\/rcn-ong.be\/en\/wp-json\/wp\/v2\/types\/page"}],"author":[{"embeddable":true,"href":"https:\/\/rcn-ong.be\/en\/wp-json\/wp\/v2\/users\/3"}],"replies":[{"embeddable":true,"href":"https:\/\/rcn-ong.be\/en\/wp-json\/wp\/v2\/comments?post=10170"}],"version-history":[{"count":5,"href":"https:\/\/rcn-ong.be\/en\/wp-json\/wp\/v2\/pages\/10170\/revisions"}],"predecessor-version":[{"id":10184,"href":"https:\/\/rcn-ong.be\/en\/wp-json\/wp\/v2\/pages\/10170\/revisions\/10184"}],"up":[{"embeddable":true,"href":"https:\/\/rcn-ong.be\/en\/wp-json\/wp\/v2\/pages\/2046"}],"wp:attachment":[{"href":"https:\/\/rcn-ong.be\/en\/wp-json\/wp\/v2\/media?parent=10170"}],"curies":[{"name":"wp","href":"https:\/\/api.w.org\/{rel}","templated":true}]}}