{"id":10481,"date":"2024-05-07T12:42:59","date_gmt":"2024-05-07T10:42:59","guid":{"rendered":"https:\/\/rcn-ong.be\/?page_id=10481"},"modified":"2025-04-17T16:01:56","modified_gmt":"2025-04-17T14:01:56","slug":"education-memorielle-et-citoyennete-critique","status":"publish","type":"page","link":"https:\/\/rcn-ong.be\/en\/education-memorielle-et-citoyennete-critique\/","title":{"rendered":"\u00c9ducation m\u00e9morielle et citoyennet\u00e9 critique"},"content":{"rendered":"<p><span style=\"color: #808080;\"><em>Derni\u00e8re mise \u00e0 jour Avril 2025<\/em><\/span><\/p>\n\n\n<p>Depuis 2002, RCN J&amp;D m\u00e8ne en Belgique\u202fdes actions d\u2019information, de formation, des \u00e9changes de bonnes pratiques ou encore des voyages d\u2019\u00e9tudes, ces initiatives ayant toutes pour fil rouge l\u2019analyse et la compr\u00e9hension des m\u00e9canismes ayant men\u00e9 aux violences de masse, la mani\u00e8re d\u2019y r\u00e9sister et d\u2019y r\u00e9pondre, de rendre justice et de (re)faire soci\u00e9t\u00e9.&nbsp;&nbsp;<\/p>\n\n\n\n<p>Pour RCN J&amp;D, <strong>l\u2019\u00e9ducation m\u00e9morielle est bien plus qu&#8217;un devoir de m\u00e9moire, c\u2019est un levier essentiel pour promouvoir la justice<\/strong>, en renfor\u00e7ant la coh\u00e9sion sociale et en stimulant le d\u00e9veloppement d&#8217;une citoyennet\u00e9 critique et active.&nbsp;&nbsp;<\/p>\n\n\n\n<p>Notre approche r\u00e9solument participative &#8211; partant du v\u00e9cu des participant\u00b7es, de mises en situation, de jeux de r\u00f4le et de t\u00e9moignages &#8211; favorise le d\u00e9veloppement d&#8217;une vision critique de la soci\u00e9t\u00e9, en encourageant les individus \u00e0 remettre en question les r\u00e9cits historiques dominants, \u00e0 analyser les structures de pouvoir, les normes, les pratiques et les institutions qui perp\u00e9tuent l&#8217;injustice et l&#8217;oppression. Il s\u2019agit ici de favoriser un engagement citoyen actif dans la transformation sociale\u202f: les participant\u00b7es d\u00e9veloppent un esprit critique et une capacit\u00e9 \u00e0 remettre en cause les injustices pr\u00e9sentes dans leur propre soci\u00e9t\u00e9.&nbsp;&nbsp;<\/p>\n\n\n\n<p>L&#8217;\u00e9ducation m\u00e9morielle permet \u00e9galement de reconna\u00eetre les injustices subies par certaines communaut\u00e9s ou groupes marginalis\u00e9s. En donnant voix \u00e0 des m\u00e9moires n\u00e9glig\u00e9es, elle contribue \u00e0 la r\u00e9paration symbolique. En apprenant des exp\u00e9riences d\u2019autres groupes ethniques, culturels ou religieux, les individus d\u00e9veloppent une plus grande empathie envers ceux qui ont souffert, ce qui favorise la compr\u00e9hension interculturelle et r\u00e9duit les pr\u00e9jug\u00e9s et les st\u00e9r\u00e9otypes. L&#8217;\u00e9ducation m\u00e9morielle est alors un outil au service de la pr\u00e9vention de la violence et de la promotion de la coh\u00e9sion sociale.&nbsp;&nbsp;<\/p>\n","protected":false},"excerpt":{"rendered":"<p><span style=\"color: #808080;\"><em>Derni\u00e8re mise \u00e0 jour Avril 2025<\/em><\/span><\/p>\n<p>Depuis 2002, RCN J&amp;D m\u00e8ne en Belgique\u202fdes actions d\u2019information, de formation, des \u00e9changes de bonnes pratiques ou encore des voyages d\u2019\u00e9tudes, ces initiatives ayant toutes pour fil rouge l\u2019analyse et la compr\u00e9hension des m\u00e9canismes ayant men\u00e9 aux violences de masse,<\/p>\n<p><span class=\"ellipsis\">&hellip;<\/span><\/p>\n<div class=\"read-more\"><a href=\"https:\/\/rcn-ong.be\/en\/education-memorielle-et-citoyennete-critique\/\">Read more &#8250;<\/a><\/div>\n<p><!-- end of .read-more --><\/p>\n","protected":false},"author":3,"featured_media":0,"parent":0,"menu_order":0,"comment_status":"closed","ping_status":"closed","template":"","meta":{"footnotes":""},"class_list":["post-10481","page","type-page","status-publish","hentry"],"_links":{"self":[{"href":"https:\/\/rcn-ong.be\/en\/wp-json\/wp\/v2\/pages\/10481","targetHints":{"allow":["GET"]}}],"collection":[{"href":"https:\/\/rcn-ong.be\/en\/wp-json\/wp\/v2\/pages"}],"about":[{"href":"https:\/\/rcn-ong.be\/en\/wp-json\/wp\/v2\/types\/page"}],"author":[{"embeddable":true,"href":"https:\/\/rcn-ong.be\/en\/wp-json\/wp\/v2\/users\/3"}],"replies":[{"embeddable":true,"href":"https:\/\/rcn-ong.be\/en\/wp-json\/wp\/v2\/comments?post=10481"}],"version-history":[{"count":2,"href":"https:\/\/rcn-ong.be\/en\/wp-json\/wp\/v2\/pages\/10481\/revisions"}],"predecessor-version":[{"id":11642,"href":"https:\/\/rcn-ong.be\/en\/wp-json\/wp\/v2\/pages\/10481\/revisions\/11642"}],"wp:attachment":[{"href":"https:\/\/rcn-ong.be\/en\/wp-json\/wp\/v2\/media?parent=10481"}],"curies":[{"name":"wp","href":"https:\/\/api.w.org\/{rel}","templated":true}]}}