{"id":10935,"date":"2024-09-05T17:23:30","date_gmt":"2024-09-05T15:23:30","guid":{"rendered":"https:\/\/rcn-ong.be\/?page_id=10935"},"modified":"2024-09-05T17:35:32","modified_gmt":"2024-09-05T15:35:32","slug":"formation-pour-les-enseignantes-16-octobre","status":"publish","type":"page","link":"https:\/\/rcn-ong.be\/en\/que-faisons-nous\/nos-outils-pedagogiques\/nos-formations\/formation-pour-les-enseignantes-16-octobre\/","title":{"rendered":"Formation pour les enseignant\u00b7es"},"content":{"rendered":"\n<h1 class=\"wp-block-heading\">Comment parler de Justice en classe ?<br>16 octobre 2024<\/h1>\n\n\n\n<p>RCN Justice &amp; D\u00e9mocratie vous propose une formation sur notre module 3 &#8220;<strong>Justice et lutte contre l&#8217;impunit\u00e9<\/strong>&#8221; et sur notre jeu de r\u00f4le &#8220;<strong>Ubutabera &#8211; Justice aux mille collines<\/strong>&#8221; afin de l&#8217;utiliser en classe avec vos \u00e9l\u00e8ves !<\/p>\n\n\n\n<p>Comment rendre justice ? Comment \u00e9tablir les responsabilit\u00e9s de chacun ? Quels sont les m\u00e9canismes (inter)nationaux qui existent ? Comment la justice contribue-t-elle \u00e0 la reconstruction de la soci\u00e9t\u00e9 ?<\/p>\n\n\n\n<p>Abordez ces questions avec vos \u00e9l\u00e8ves et engagez les r\u00e9flexions \u00e0 partir de notre jeu de r\u00f4le. Il prend la forme d&#8217;un cas fictif devant le Tribunal P\u00e9nal International pour le Rwanda. Vous endosserez les responsabilit\u00e9s d&#8217;avocat\u00b7e, de juge ou de procureur\u00b7e pour juger une personne accus\u00e9e de crime de g\u00e9nocide.<\/p>\n\n\n\n<div class=\"wp-block-image\"><figure class=\"alignright size-large is-resized\"><a href=\"https:\/\/rcn-ong.be\/wp-content\/uploads\/2024\/09\/RCN_Affiche_Formation-FR.pdf\" target=\"_blank\" rel=\"noopener noreferrer\"><img loading=\"lazy\" decoding=\"async\" src=\"https:\/\/rcn-ong.be\/wp-content\/uploads\/2024\/09\/Affiche_Formation_FR-724x1024.png\" alt=\"\" class=\"wp-image-10939\" width=\"240\" height=\"340\" srcset=\"https:\/\/rcn-ong.be\/wp-content\/uploads\/2024\/09\/Affiche_Formation_FR-724x1024.png 724w, https:\/\/rcn-ong.be\/wp-content\/uploads\/2024\/09\/Affiche_Formation_FR-212x300.png 212w, https:\/\/rcn-ong.be\/wp-content\/uploads\/2024\/09\/Affiche_Formation_FR-768x1086.png 768w, https:\/\/rcn-ong.be\/wp-content\/uploads\/2024\/09\/Affiche_Formation_FR-1086x1536.png 1086w, https:\/\/rcn-ong.be\/wp-content\/uploads\/2024\/09\/Affiche_Formation_FR-100x141.png 100w, https:\/\/rcn-ong.be\/wp-content\/uploads\/2024\/09\/Affiche_Formation_FR-150x212.png 150w, https:\/\/rcn-ong.be\/wp-content\/uploads\/2024\/09\/Affiche_Formation_FR-200x283.png 200w, https:\/\/rcn-ong.be\/wp-content\/uploads\/2024\/09\/Affiche_Formation_FR-300x424.png 300w, https:\/\/rcn-ong.be\/wp-content\/uploads\/2024\/09\/Affiche_Formation_FR-450x636.png 450w, https:\/\/rcn-ong.be\/wp-content\/uploads\/2024\/09\/Affiche_Formation_FR-600x849.png 600w, https:\/\/rcn-ong.be\/wp-content\/uploads\/2024\/09\/Affiche_Formation_FR-900x1273.png 900w, https:\/\/rcn-ong.be\/wp-content\/uploads\/2024\/09\/Affiche_Formation_FR.png 1414w\" sizes=\"auto, (max-width: 240px) 100vw, 240px\" \/><\/a><\/figure><\/div>\n\n\n\n<p><br>D\u00e9couvrez-le programme de la formation dans <a href=\"https:\/\/rcn-ong.be\/wp-content\/uploads\/2024\/09\/RCN_Affiche_Formation-FR.pdf\" target=\"_blank\" rel=\"noreferrer noopener\">l&#8217;affiche ci-contre<\/a> !<\/p>\n\n\n\n<p><strong>Date <\/strong>: 16 octobre<br><strong>Heure <\/strong>: de 14h \u00e0 17h<br><br><br><strong>Lieu <\/strong>: Place de la Monnaie, 1000 Bruxelles (L&#8217;adresse exacte vous sera communiqu\u00e9e lors de l&#8217;inscription).<br><br>Formation pour les enseignant\u00b7es et agent\u00b7es \u00e9ducatif\u00b7ves<br><strong>Inscription gratuite mais obligatoire<\/strong> : <br><a rel=\"noreferrer noopener\" href=\"https:\/\/tinyurl.com\/inscriptionformationRCN\" target=\"_blank\">https:\/\/tinyurl.com\/inscriptionformationRCN<\/a><br>Max. 20 personnes<\/p>\n\n\n\n<p><br><br><br><br>Cette formation s&#8217;inscrit dans le cadre d&#8217;une journ\u00e9e organis\u00e9e par RCN Justice &amp; D\u00e9mocratie en lien avec les comm\u00e9orations des 30 ans du g\u00e9nocide perp\u00e9tr\u00e9 contre les Tutsi au Rwanda. Une conf\u00e9rence a lieu le matin avant la formation : &nbsp;<strong>Des violences coloniales au g\u00e9nocide perp\u00e9tr\u00e9 contre les Tutsi &#8211; D\u00e9construire les st\u00e9r\u00e9otypes historiques pour (re)construire un avenir commun<\/strong>. <\/p>\n\n\n\n<p>Assistez aussi \u00e0 la conf\u00e9rence ! <a rel=\"noreferrer noopener\" href=\"https:\/\/rcn-ong.be\/conference-des-violences-coloniales-au-genocide-perpetre-contre-les-tutsi\/\" target=\"_blank\">Informations et inscriptions ici.<\/a><\/p>\n\n\n\n<div class=\"wp-block-file\"><a href=\"https:\/\/rcn-ong.be\/wp-content\/uploads\/2024\/09\/RCN_Affiche_Formation-FR.pdf\">RCN_Affiche_Formation-FR<\/a><a href=\"https:\/\/rcn-ong.be\/wp-content\/uploads\/2024\/09\/RCN_Affiche_Formation-FR.pdf\" class=\"wp-block-file__button\" download>T\u00e9l\u00e9charger<\/a><\/div>\n","protected":false},"excerpt":{"rendered":"<p>Comment parler de Justice en classe ?<br \/>16 octobre 2024<\/p>\n<p>RCN Justice &amp; D\u00e9mocratie vous propose une formation sur notre module 3 &#8220;<strong>Justice et lutte contre l&#8217;impunit\u00e9<\/strong>&#8221; et sur notre jeu de r\u00f4le &#8220;<strong>Ubutabera &#8211;<\/strong><\/p>\n<p><span class=\"ellipsis\">&hellip;<\/span><\/p>\n<div class=\"read-more\"><a href=\"https:\/\/rcn-ong.be\/en\/que-faisons-nous\/nos-outils-pedagogiques\/nos-formations\/formation-pour-les-enseignantes-16-octobre\/\">Read more &#8250;<\/a><\/div>\n<p><!-- end of .read-more --><\/p>\n","protected":false},"author":3,"featured_media":0,"parent":4265,"menu_order":0,"comment_status":"closed","ping_status":"closed","template":"","meta":{"footnotes":""},"class_list":["post-10935","page","type-page","status-publish","hentry"],"_links":{"self":[{"href":"https:\/\/rcn-ong.be\/en\/wp-json\/wp\/v2\/pages\/10935","targetHints":{"allow":["GET"]}}],"collection":[{"href":"https:\/\/rcn-ong.be\/en\/wp-json\/wp\/v2\/pages"}],"about":[{"href":"https:\/\/rcn-ong.be\/en\/wp-json\/wp\/v2\/types\/page"}],"author":[{"embeddable":true,"href":"https:\/\/rcn-ong.be\/en\/wp-json\/wp\/v2\/users\/3"}],"replies":[{"embeddable":true,"href":"https:\/\/rcn-ong.be\/en\/wp-json\/wp\/v2\/comments?post=10935"}],"version-history":[{"count":8,"href":"https:\/\/rcn-ong.be\/en\/wp-json\/wp\/v2\/pages\/10935\/revisions"}],"predecessor-version":[{"id":10961,"href":"https:\/\/rcn-ong.be\/en\/wp-json\/wp\/v2\/pages\/10935\/revisions\/10961"}],"up":[{"embeddable":true,"href":"https:\/\/rcn-ong.be\/en\/wp-json\/wp\/v2\/pages\/4265"}],"wp:attachment":[{"href":"https:\/\/rcn-ong.be\/en\/wp-json\/wp\/v2\/media?parent=10935"}],"curies":[{"name":"wp","href":"https:\/\/api.w.org\/{rel}","templated":true}]}}