{"id":11001,"date":"2024-09-26T11:30:39","date_gmt":"2024-09-26T09:30:39","guid":{"rendered":"https:\/\/rcn-ong.be\/?page_id=11001"},"modified":"2025-05-27T16:11:25","modified_gmt":"2025-05-27T14:11:25","slug":"integrite","status":"publish","type":"page","link":"https:\/\/rcn-ong.be\/en\/integrite\/","title":{"rendered":"Int\u00e9grit\u00e9"},"content":{"rendered":"<p><span style=\"color: #808080;\"><em>Derni\u00e8re mise \u00e0 jour Octobre 2024<\/em><\/span><\/p>\n\n\n<h3 class=\"wp-block-heading\">L\u2019int\u00e9grit\u00e9&nbsp;: l\u2019affaire de tous\u00b7tes<\/h3>\n\n\n\n<p><\/p>\n\n\n\n<p>RCN J&amp;D, en tant qu\u2019acteur de la soci\u00e9t\u00e9 civile engag\u00e9 dans le respect des droits fondamentaux de toute personne et plus particuli\u00e8rement du droit \u00e0 la justice, est co-signataire de la Charte Int\u00e9grit\u00e9 des acteurs de la Coop\u00e9ration belge (<em><a rel=\"noreferrer noopener\" href=\"https:\/\/rcn-ong.be\/wp-content\/uploads\/2024\/04\/CHARTE1.pdf\" target=\"_blank\">Charte int\u00e9grit\u00e9 du secteur de la Coop\u00e9ration belge<\/a><\/em>).<\/p>\n\n\n\n<p>RCN J&amp;D a \u00e9galement sa propre politique int\u00e9grit\u00e9, marquant ainsi notre volont\u00e9 d\u2019affirmer une tol\u00e9rance z\u00e9ro face aux attitudes et agissements constituant une atteinte \u00e0 l\u2019int\u00e9grit\u00e9. Nous r\u00e9affirmons ainsi notre d\u00e9termination \u00e0 promouvoir, par et pour tous les membres de notre organisation, une \u00e9thique exemplaire et une bonne gouvernance dans toutes les actions que nous conduisons ainsi que dans la gestion des fonds qui nous sont confi\u00e9s. Vous pouvez consulter notre politique int\u00e9grit\u00e9 <a rel=\"noreferrer noopener\" href=\"https:\/\/rcn-ong.be\/wp-content\/uploads\/2024\/09\/2024.Politique_integrite_RCN-JD.pdf\" target=\"_blank\">ici<\/a>.<\/p>\n\n\n\n<p><strong>Est-ce que vous avez des s\u00e9rieux soup\u00e7ons quant \u00e0 l\u2019existence de pratiques inappropri\u00e9es ? Signalez- le&nbsp;! N\u2019h\u00e9sitez pas \u00e0 partager vos questionnements avec l\u2019\u00e9quipe int\u00e9grit\u00e9<\/strong> <strong>(d\u00e9couvrez l&#8217;\u00e9quipe int\u00e9grit\u00e9 <a rel=\"noreferrer noopener\" href=\"https:\/\/rcn-ong.be\/wp-content\/uploads\/2024\/10\/Equipe-Integrite.pdf\" target=\"_blank\">ici<\/a>). <\/strong><br><strong>Si vous avez des doutes sur l\u2019une ou l\u2019autre pratique constat\u00e9e, <strong>partagez avec les conseillers, via le mail <\/strong><a href=\"mailto:conseil-integrite@rcn-ong.be\"><strong>conseil-integrite@rcn-ong.be<\/strong><\/a>.  Si vous pensez qu\u2019un agissement va \u00e0 l\u2019encontre des valeurs port\u00e9es par l\u2019organisation<\/strong>, <strong>partagez directement aux gestionnaires de plaintes, via l\u2019email <\/strong><a href=\"mailto:alerte@rcn-ong.be\"><strong>alerte@rcn-ong.be<\/strong><\/a>.<\/p>\n\n\n\n<p>L&#8217;ensemble de la proc\u00e9dure de signalement et de traitement des plaintes est disponible <a href=\"https:\/\/rcn-ong.be\/wp-content\/uploads\/2024\/10\/2024.Procedure-signalement-et-traitement-plaintes.pdf\" target=\"_blank\" rel=\"noreferrer noopener\">ici<\/a>.<\/p>\n\n\n\n<p>L\u2019int\u00e9grit\u00e9 et le respect sont des valeurs fondamentales, elles guident nos actions et sont soutenues par tous ceux qui collaborent pour ou avec notre organisation. Gr\u00e2ce \u00e0 la mise en \u0153uvre de ce syst\u00e8me d\u2019alerte, nous r\u00e9affirmons notre volont\u00e9 d\u2019am\u00e9liorer l\u2019int\u00e9grit\u00e9 tant au sein de l\u2019organisation que parmi nos partenaires pouvant ainsi renforcer la confiance donn\u00e9e par nos b\u00e9n\u00e9ficiaires, nos donateurs et nos bailleurs de fonds.<\/p>\n\n\n\n<p>La communication globale sur la gestion des plaintes pour atteinte \u00e0 l&#8217;int\u00e9grit\u00e9 est librement consultable dans le chapitre &#8220;Int\u00e9grit\u00e9&#8221; de nos rapports annuels.<\/p>\n","protected":false},"excerpt":{"rendered":"<p><span style=\"color: #808080;\"><em>Derni\u00e8re mise \u00e0 jour Octobre 2024<\/em><\/span><\/p>\n<p>L\u2019int\u00e9grit\u00e9&nbsp;: l\u2019affaire de tous\u00b7tes<\/p>\n<p>RCN J&amp;D, en tant qu\u2019acteur de la soci\u00e9t\u00e9 civile engag\u00e9 dans le respect des droits fondamentaux de toute personne et plus particuli\u00e8rement du droit \u00e0 la justice,<\/p>\n<p><span class=\"ellipsis\">&hellip;<\/span><\/p>\n<div class=\"read-more\"><a href=\"https:\/\/rcn-ong.be\/en\/integrite\/\">Read more &#8250;<\/a><\/div>\n<p><!-- end of .read-more --><\/p>\n","protected":false},"author":3,"featured_media":0,"parent":0,"menu_order":0,"comment_status":"closed","ping_status":"closed","template":"","meta":{"footnotes":""},"class_list":["post-11001","page","type-page","status-publish","hentry"],"_links":{"self":[{"href":"https:\/\/rcn-ong.be\/en\/wp-json\/wp\/v2\/pages\/11001","targetHints":{"allow":["GET"]}}],"collection":[{"href":"https:\/\/rcn-ong.be\/en\/wp-json\/wp\/v2\/pages"}],"about":[{"href":"https:\/\/rcn-ong.be\/en\/wp-json\/wp\/v2\/types\/page"}],"author":[{"embeddable":true,"href":"https:\/\/rcn-ong.be\/en\/wp-json\/wp\/v2\/users\/3"}],"replies":[{"embeddable":true,"href":"https:\/\/rcn-ong.be\/en\/wp-json\/wp\/v2\/comments?post=11001"}],"version-history":[{"count":11,"href":"https:\/\/rcn-ong.be\/en\/wp-json\/wp\/v2\/pages\/11001\/revisions"}],"predecessor-version":[{"id":11961,"href":"https:\/\/rcn-ong.be\/en\/wp-json\/wp\/v2\/pages\/11001\/revisions\/11961"}],"wp:attachment":[{"href":"https:\/\/rcn-ong.be\/en\/wp-json\/wp\/v2\/media?parent=11001"}],"curies":[{"name":"wp","href":"https:\/\/api.w.org\/{rel}","templated":true}]}}