{"id":12142,"date":"2025-10-03T16:45:23","date_gmt":"2025-10-03T14:45:23","guid":{"rendered":"https:\/\/rcn-ong.be\/?page_id=12142"},"modified":"2025-10-03T16:47:17","modified_gmt":"2025-10-03T14:47:17","slug":"cliniques-juridiques","status":"publish","type":"page","link":"https:\/\/rcn-ong.be\/en\/cliniques-juridiques\/","title":{"rendered":"Cliniques juridiques"},"content":{"rendered":"\n<p><strong>Les cliniques juridiques et collaboration avec l&#8217;Universit\u00e9 Libre de Bruxelles (ULB)<\/strong><\/p>\n\n\n\n<p>Gr\u00e2ce \u00e0 notre partenariat avec la Clinique Juridique de l\u2019ULB, RCN J&amp;D b\u00e9n\u00e9ficie chaque ann\u00e9e d\u2019analyses et d\u2019avis en droit p\u00e9nal international directement li\u00e9s \u00e0 nos activit\u00e9s sur le terrain.<\/p>\n\n\n\n<h3 class=\"wp-block-heading\">En pratique<\/h3>\n\n\n\n<ul class=\"wp-block-list\">\n<li>La Clinique Juridique est coordonn\u00e9e par le professeur <strong>Damien Scalia<\/strong> et accompagn\u00e9e par <strong>Marise Ali\u00e9<\/strong>.<\/li>\n\n\n\n<li>L\u2019objectif : offrir aux \u00e9tudiants une premi\u00e8re exp\u00e9rience dans le domaine de la coop\u00e9ration internationale, tout en apportant un appui concret aux organisations de terrain.<\/li>\n\n\n\n<li>Chaque ann\u00e9e, <strong>25 \u00e0 30 \u00e9tudiants en droit p\u00e9nal international<\/strong> s\u2019engagent \u00e0 soutenir des ONG sur des probl\u00e9matiques ou cas juridiques r\u00e9els.<\/li>\n<\/ul>\n\n\n\n<p><strong>Ces contributions \u00e9tudiantes nous sont pr\u00e9cieuses de deux mani\u00e8res :<\/strong><\/p>\n\n\n\n<ol class=\"wp-block-list\">\n<li>Elles apportent des r\u00e9ponses \u00e0 des questions juridiques concr\u00e8tes pour lesquelles nous ne disposons pas toujours des ressources ou expertises en interne.<\/li>\n\n\n\n<li>Elles renforcent notre visibilit\u00e9 aupr\u00e8s d\u2019un public de jeunes juristes et futurs professionnels sensibles \u00e0 nos actions.<\/li>\n<\/ol>\n\n\n\n<p>[under construction]<\/p>\n","protected":false},"excerpt":{"rendered":"<p><strong>Les cliniques juridiques et collaboration avec l&#8217;Universit\u00e9 Libre de Bruxelles (ULB)<\/strong><\/p>\n<p>Gr\u00e2ce \u00e0 notre partenariat avec la Clinique Juridique de l\u2019ULB, RCN J&amp;D b\u00e9n\u00e9ficie chaque ann\u00e9e d\u2019analyses et d\u2019avis en droit p\u00e9nal international directement li\u00e9s \u00e0 nos activit\u00e9s sur le terrain.<\/p>\n<p><span class=\"ellipsis\">&hellip;<\/span><\/p>\n<div class=\"read-more\"><a href=\"https:\/\/rcn-ong.be\/en\/cliniques-juridiques\/\">Read more &#8250;<\/a><\/div>\n<p><!-- end of .read-more --><\/p>\n","protected":false},"author":3,"featured_media":0,"parent":0,"menu_order":0,"comment_status":"closed","ping_status":"closed","template":"","meta":{"footnotes":""},"class_list":["post-12142","page","type-page","status-publish","hentry"],"_links":{"self":[{"href":"https:\/\/rcn-ong.be\/en\/wp-json\/wp\/v2\/pages\/12142","targetHints":{"allow":["GET"]}}],"collection":[{"href":"https:\/\/rcn-ong.be\/en\/wp-json\/wp\/v2\/pages"}],"about":[{"href":"https:\/\/rcn-ong.be\/en\/wp-json\/wp\/v2\/types\/page"}],"author":[{"embeddable":true,"href":"https:\/\/rcn-ong.be\/en\/wp-json\/wp\/v2\/users\/3"}],"replies":[{"embeddable":true,"href":"https:\/\/rcn-ong.be\/en\/wp-json\/wp\/v2\/comments?post=12142"}],"version-history":[{"count":2,"href":"https:\/\/rcn-ong.be\/en\/wp-json\/wp\/v2\/pages\/12142\/revisions"}],"predecessor-version":[{"id":12145,"href":"https:\/\/rcn-ong.be\/en\/wp-json\/wp\/v2\/pages\/12142\/revisions\/12145"}],"wp:attachment":[{"href":"https:\/\/rcn-ong.be\/en\/wp-json\/wp\/v2\/media?parent=12142"}],"curies":[{"name":"wp","href":"https:\/\/api.w.org\/{rel}","templated":true}]}}