{"id":2358,"date":"2014-11-26T17:01:52","date_gmt":"2014-11-26T17:01:52","guid":{"rendered":"https:\/\/rcn-ong.be\/agir-participer\/contact\/"},"modified":"2014-12-11T15:22:37","modified_gmt":"2014-12-11T15:22:37","slug":"contact","status":"publish","type":"page","link":"https:\/\/rcn-ong.be\/en\/act-participate\/contact\/","title":{"rendered":"Contact"},"content":{"rendered":"<pre>\r\n<iframe loading=\"lazy\" src=\"https:\/\/www.google.com\/maps\/embed?pb=!1m14!1m8!1m3!1d2518.8593696803628!2d4.354370599999999!3d50.8522884!3m2!1i1024!2i768!4f13.1!3m3!1m2!1s0x47c3c38143049293%3A0x455fd45b4129d103!2sBoulevard+Adolphe+Max+13%2C+1000+Bruxelles!5e0!3m2!1sfr!2sbe!4v1418306447374\" width=\"350\" height=\"200\" frameborder=\"0\"  align=\"right\" style=\"border:0\"><\/iframe>\r\nRCN Justice &amp; D\u00e9mocratie\r\n\r\n<strong>Adresse de contact :<\/strong> \r\nBoulevard Adolphe Max, 13\/17 - 1000 Bruxelles \r\n<strong>Si\u00e8ge social :<\/strong> \r\nAvenue Brugmann, 76 - 1190 Bruxelles \r\n<strong>T\u00e9l. :<\/strong> (0032) 2 347 02 70 \r\n<strong>Fax :<\/strong> (00 32) 2 347 77 99 \r\n<strong>Mail :<\/strong> info@rcn-ong.be<\/pre>\n<h1>Les bureaux RCN Justice &amp; D\u00e9mocration dans les monde<\/h1>\n<ul>\n<li><a href=\"https:\/\/rcn-ong.be\/contact-bruxelles\/\">Au si\u00e8ge de RCN Justice &amp; D\u00e9mocratie ASBL \u00e0 Bruxelles<\/a><\/li>\n<li>RCN Justice &amp; D\u00e9mocratie en R\u00e9publique d\u00e9mocratique du Congo<\/li>\n<li>RCN Justice &amp; D\u00e9mocratie au Rwanda (Kigali)<\/li>\n<li>RCN Justice &amp; D\u00e9mocratie au Burundi (Bujumbura)<\/li>\n<li>RCN Justice &amp; D\u00e9mocratie et les Chambres Africaines Extraordinaires (Bruxelles, Tchad et S\u00e9n\u00e9gal)<\/li>\n<\/ul>\n<h1>Acc\u00e8s<\/h1>\n<p>Arr\u00eat De Brouck\u00e8re<br \/>\nM\u00e9tro, lignes 1 et 5<br \/>\nTram 3 ou 4<br \/>\nBus 29, 38, 46, 47, 63, 66, 71, 86, 88.<\/p>\n<p>Pour plus d\u2019informations, veuillez vous rendre sur le site de la STIB (transports en commun bruxellois) ou de la SNCB (trains).<br \/>\nNos bureaux n\u2019\u00e9tant pas ouverts au public, veuillez prendre contact au pr\u00e9alable avec les membres du si\u00e8ge pour d\u2019obtenir un rendez-vous.<\/p>\n<div role=\"form\" class=\"wpcf7\" id=\"wpcf7-f2570-o1\" lang=\"fr-FR\" dir=\"ltr\">\n<div class=\"screen-reader-response\"><p role=\"status\" aria-live=\"polite\" aria-atomic=\"true\"><\/p> <ul><\/ul><\/div>\n<form action=\"\/en\/wp-json\/wp\/v2\/pages\/2358#wpcf7-f2570-o1\" method=\"post\" class=\"wpcf7-form init\" novalidate=\"novalidate\" data-status=\"init\">\n<div style=\"display: none;\">\n<input type=\"hidden\" name=\"_wpcf7\" value=\"2570\" \/>\n<input type=\"hidden\" name=\"_wpcf7_version\" value=\"5.4.2\" \/>\n<input type=\"hidden\" name=\"_wpcf7_locale\" value=\"fr_FR\" \/>\n<input type=\"hidden\" name=\"_wpcf7_unit_tag\" value=\"wpcf7-f2570-o1\" \/>\n<input type=\"hidden\" name=\"_wpcf7_container_post\" value=\"0\" \/>\n<input type=\"hidden\" name=\"_wpcf7_posted_data_hash\" value=\"\" \/>\n<\/div>\n<h2>CONTACT US<\/h2>\n<p>Your name (required)<br \/>\n    <span class=\"wpcf7-form-control-wrap your-name\"><input type=\"text\" name=\"your-name\" value=\"\" size=\"40\" class=\"wpcf7-form-control wpcf7-text wpcf7-validates-as-required\" aria-required=\"true\" aria-invalid=\"false\" \/><\/span> <\/p>\n<p>Your email (required)<br \/>\n    <span class=\"wpcf7-form-control-wrap your-email\"><input type=\"email\" name=\"your-email\" value=\"\" size=\"40\" class=\"wpcf7-form-control wpcf7-text wpcf7-email wpcf7-validates-as-required wpcf7-validates-as-email\" aria-required=\"true\" aria-invalid=\"false\" \/><\/span> <\/p>\n<p>Subject<br \/>\n    <span class=\"wpcf7-form-control-wrap your-subject\"><input type=\"text\" name=\"your-subject\" value=\"\" size=\"40\" class=\"wpcf7-form-control wpcf7-text\" aria-invalid=\"false\" \/><\/span> <\/p>\n<p>Your message<br \/>\n    <span class=\"wpcf7-form-control-wrap your-message\"><textarea name=\"your-message\" cols=\"40\" rows=\"10\" class=\"wpcf7-form-control wpcf7-textarea\" aria-invalid=\"false\"><\/textarea><\/span> <\/p>\n<p><input type=\"submit\" value=\"Send\" class=\"wpcf7-form-control wpcf7-submit\" \/><\/p>\n<div class=\"wpcf7-response-output\" aria-hidden=\"true\"><\/div><\/form><\/div>\n","protected":false},"excerpt":{"rendered":"<p>RCN Justice &amp; D\u00e9mocratie<\/p>\n<p><strong>Adresse de contact :<\/strong><br \/>\nBoulevard Adolphe Max, 13\/17 &#8211; 1000 Bruxelles<br \/>\n<strong>Si\u00e8ge social :<\/strong><br \/>\nAvenue Brugmann, 76 &#8211; 1190 Bruxelles<br \/>\n<strong>T\u00e9l. :<\/strong> (0032) 2 347 02 70<br \/>\n<strong>Fax :<\/strong> (00 32) 2 347 77 99<br \/>\n<strong>Mail :<\/strong> info@rcn-ong.be<br \/>\nLes bureaux RCN Justice &amp;<span class=\"ellipsis\">&hellip;<\/span><\/p>\n<div class=\"read-more\"><a href=\"https:\/\/rcn-ong.be\/en\/act-participate\/contact\/\">Read more &#8250;<\/a><\/div>\n<p><!-- end of .read-more --><\/p>\n","protected":false},"author":3,"featured_media":0,"parent":2331,"menu_order":0,"comment_status":"closed","ping_status":"closed","template":"full-width-page.php","meta":{"footnotes":""},"class_list":["post-2358","page","type-page","status-publish","hentry"],"_links":{"self":[{"href":"https:\/\/rcn-ong.be\/en\/wp-json\/wp\/v2\/pages\/2358","targetHints":{"allow":["GET"]}}],"collection":[{"href":"https:\/\/rcn-ong.be\/en\/wp-json\/wp\/v2\/pages"}],"about":[{"href":"https:\/\/rcn-ong.be\/en\/wp-json\/wp\/v2\/types\/page"}],"author":[{"embeddable":true,"href":"https:\/\/rcn-ong.be\/en\/wp-json\/wp\/v2\/users\/3"}],"replies":[{"embeddable":true,"href":"https:\/\/rcn-ong.be\/en\/wp-json\/wp\/v2\/comments?post=2358"}],"version-history":[{"count":8,"href":"https:\/\/rcn-ong.be\/en\/wp-json\/wp\/v2\/pages\/2358\/revisions"}],"predecessor-version":[{"id":2594,"href":"https:\/\/rcn-ong.be\/en\/wp-json\/wp\/v2\/pages\/2358\/revisions\/2594"}],"up":[{"embeddable":true,"href":"https:\/\/rcn-ong.be\/en\/wp-json\/wp\/v2\/pages\/2331"}],"wp:attachment":[{"href":"https:\/\/rcn-ong.be\/en\/wp-json\/wp\/v2\/media?parent=2358"}],"curies":[{"name":"wp","href":"https:\/\/api.w.org\/{rel}","templated":true}]}}