{"id":2761,"date":"2015-03-05T12:22:01","date_gmt":"2015-03-05T12:22:01","guid":{"rendered":"https:\/\/rcn-ong.be\/?page_id=2761"},"modified":"2025-04-23T12:23:38","modified_gmt":"2025-04-23T10:23:38","slug":"vision-mission-et-objectifs-2","status":"publish","type":"page","link":"https:\/\/rcn-ong.be\/en\/qui-sommes-nous\/vision-mission-et-objectifs-2\/","title":{"rendered":"Vision, mission et objectifs"},"content":{"rendered":"<p><span style=\"color: #808080;\"><em>Derni\u00e8re mise \u00e0 jour Mars 2025<\/em><\/span><\/p>\n<h1><span style=\"color: #ff0000;\"><strong>Vision<\/strong><\/span><\/h1>\n<p style=\"text-align: left;\"><span style=\"color: #333333;\">RCN J&amp;D soutient r\u00e9solument la vision d\u2019une<strong> justice inclusive, plurielle et adapt\u00e9e aux contextes, qui garantit le respect de l\u2019\u00c9tat de droit et des droits humains. <\/strong><\/span><\/p>\n<p style=\"text-align: left;\"><span style=\"color: #333333;\">Lorsque la justice respecte ces qualit\u00e9s, elle offre des r\u00e9ponses pacifiques et transformatrices aux violences et conflits, et favorise ainsi la coh\u00e9sion sociale, la r\u00e9silience face aux crises et le renforcement de la d\u00e9mocratie.<\/span><\/p>\n<h1><span style=\"color: #ff0000;\"><strong>Mission et objectifs<\/strong><\/span><\/h1>\n<p>Notre mission est de <strong>promouvoir une justice v\u00e9ritablement inclusive, plurielle et transformative<\/strong>, centr\u00e9e sur les besoins et les droits des individus et des communaut\u00e9s, afin de construire des soci\u00e9t\u00e9s plus inclusives, r\u00e9silientes et pacifiques.<\/p>\n<p><strong>Nos objectifs :<\/strong><\/p>\n<p>\u00c0 travers un engagement ferme envers la diversit\u00e9 des voix et des approches, la recherche du dialogue et la participation citoyenne, nous nous effor\u00e7ons de :<\/p>\n<ul>\n<li>Soutenir les organisations des soci\u00e9t\u00e9s civiles nationales en leur apportant un appui technique, juridique et financier pour renforcer leur autonomie, leur l\u00e9gitimit\u00e9 et leurs initiatives en mati\u00e8re d\u2019acc\u00e8s \u00e0 la justice et de d\u00e9fense des droits humains (sensibilisation de la population, contr\u00f4le citoyen, plaidoyer, alerte sur des abus et violences, appuis aux acteurs de justice\u2026) ;<\/li>\n<li>Agir en direction des acteur\u00b7ices de justice pour am\u00e9liorer leurs capacit\u00e9s (strat\u00e9giques, organisationnelles et op\u00e9rationnelles), leurs compl\u00e9mentarit\u00e9s, ainsi que leur sens des responsabilit\u00e9s par des formations, coaching, sensibilisations et l\u2019organisation de cadres<br>de concertation et de coordination ;<\/li>\n<li>Mobiliser autour des enjeux de justice des acteur\u00b7ices diversifi\u00e9\u00b7es des institutions \u00e9tatiques et des soci\u00e9t\u00e9s civiles, incluant en particulier les organisations de d\u00e9fense des droits humains, les journalistes, les milieux artistiques et universitaires ;<\/li>\n<li>Cr\u00e9er des espaces s\u00e9curis\u00e9s de rencontre, dialogue et revendication entre les professionnel\u00b7les de la justice, les organisations de la soci\u00e9t\u00e9 civile, les autorit\u00e9s administratives et coutumi\u00e8res et la population afin de collaborer et d\u2019\u00e9changer leurs attentes en vue d\u2019am\u00e9liorer leurs pratiques respectives en mati\u00e8re de justice ;<\/li>\n<li>Mener des analyses, des \u00e9tudes pluridisciplinaires et un plaidoyer pour l\u2019am\u00e9lioration des cadres normatifs et des politiques de justice ;<\/li>\n<li>Sensibiliser le grand public et les acteurs de la justice par le dialogue et la d\u00e9construction des st\u00e9r\u00e9otypes, des politiques et des pratiques menant aux abus de droit et aux m\u00e9canismes de violences et de discrimination.<\/li>\n<\/ul>\n<h1><strong><span style=\"color: #ff0000;\">Les objectifs de changement<\/span><\/strong><\/h1>\n\n\n<div class=\"wp-block-group is-layout-flow wp-block-group-is-layout-flow\"><div class=\"wp-block-group__inner-container\"><\/div><\/div>\n\n\n\n<p><strong>Changement ultime :<\/strong> Les individus vivent dans des soci\u00e9t\u00e9 plus inclusives, r\u00e9silientes et pacifiques, o\u00f9 iels ont acc\u00e8s \u00e0 une justice plurielle reconnue par l&#8217;\u00c9tat, et o\u00f9 iels font valoir leurs droits et g\u00e8rent leurs conflits de mani\u00e8re transformative.<\/p>\n\n\n\n<figure class=\"wp-block-image size-large\"><img loading=\"lazy\" decoding=\"async\" width=\"1024\" height=\"929\" src=\"https:\/\/rcn-ong.be\/wp-content\/uploads\/2025\/04\/Objectifs-de-changement-1-1024x929.png\" alt=\"\" class=\"wp-image-11610\" srcset=\"https:\/\/rcn-ong.be\/wp-content\/uploads\/2025\/04\/Objectifs-de-changement-1-1024x929.png 1024w, https:\/\/rcn-ong.be\/wp-content\/uploads\/2025\/04\/Objectifs-de-changement-1-300x272.png 300w, https:\/\/rcn-ong.be\/wp-content\/uploads\/2025\/04\/Objectifs-de-changement-1-768x697.png 768w, https:\/\/rcn-ong.be\/wp-content\/uploads\/2025\/04\/Objectifs-de-changement-1-1536x1394.png 1536w, https:\/\/rcn-ong.be\/wp-content\/uploads\/2025\/04\/Objectifs-de-changement-1-100x91.png 100w, https:\/\/rcn-ong.be\/wp-content\/uploads\/2025\/04\/Objectifs-de-changement-1-150x136.png 150w, https:\/\/rcn-ong.be\/wp-content\/uploads\/2025\/04\/Objectifs-de-changement-1-200x181.png 200w, https:\/\/rcn-ong.be\/wp-content\/uploads\/2025\/04\/Objectifs-de-changement-1-450x408.png 450w, https:\/\/rcn-ong.be\/wp-content\/uploads\/2025\/04\/Objectifs-de-changement-1-600x544.png 600w, https:\/\/rcn-ong.be\/wp-content\/uploads\/2025\/04\/Objectifs-de-changement-1-900x817.png 900w, https:\/\/rcn-ong.be\/wp-content\/uploads\/2025\/04\/Objectifs-de-changement-1.png 1697w\" sizes=\"auto, (max-width: 1024px) 100vw, 1024px\" \/><\/figure>\n\n\n<h1><strong><span style=\"color: #ff0000;\">Vid\u00e9o de pr\u00e9sentation<\/span><\/strong><\/h1>\n\n\n<p>D\u00e9couvrez ce mini-reportage r\u00e9alis\u00e9 par Bruzz en 2024, qui offre une premi\u00e8re pr\u00e9sentation de RCN Justice &amp; D\u00e9mocratie, nos valeurs, nos objectifs et nos missions. Il vous donnera \u00e9galement un aper\u00e7u de certains de nos programmes !<\/p>\n\n\n\n<div class=\"wp-block-image size-large\"><figure class=\"aligncenter\"><a href=\"https:\/\/www.bruzz.be\/en\/videoreeks\/bruzz-international-op-zondag\/video-rcn-justice-democratie-we-stand-face-face-dark-side\" target=\"_blank\" rel=\"noopener noreferrer\"><img loading=\"lazy\" decoding=\"async\" width=\"586\" height=\"329\" src=\"https:\/\/rcn-ong.be\/wp-content\/uploads\/2024\/07\/Capture-decran-2024-07-05-165422.png\" alt=\"\" class=\"wp-image-10717\" srcset=\"https:\/\/rcn-ong.be\/wp-content\/uploads\/2024\/07\/Capture-decran-2024-07-05-165422.png 586w, https:\/\/rcn-ong.be\/wp-content\/uploads\/2024\/07\/Capture-decran-2024-07-05-165422-300x168.png 300w, https:\/\/rcn-ong.be\/wp-content\/uploads\/2024\/07\/Capture-decran-2024-07-05-165422-100x56.png 100w, https:\/\/rcn-ong.be\/wp-content\/uploads\/2024\/07\/Capture-decran-2024-07-05-165422-150x84.png 150w, https:\/\/rcn-ong.be\/wp-content\/uploads\/2024\/07\/Capture-decran-2024-07-05-165422-200x112.png 200w, https:\/\/rcn-ong.be\/wp-content\/uploads\/2024\/07\/Capture-decran-2024-07-05-165422-450x253.png 450w\" sizes=\"auto, (max-width: 586px) 100vw, 586px\" \/><\/a><\/figure><\/div>\n","protected":false},"excerpt":{"rendered":"<p><span style=\"color: #808080;\"><em>Derni\u00e8re mise \u00e0 jour Mars 2025<\/em><\/span><\/p>\n<p><span style=\"color: #ff0000;\"><strong>Vision<\/strong><\/span><\/p>\n<p style=\"text-align: left;\"><span style=\"color: #333333;\">RCN J&amp;D soutient r\u00e9solument la vision d\u2019une<strong> justice inclusive, plurielle et adapt\u00e9e aux contextes, qui garantit le respect de l\u2019\u00c9tat de droit et des droits humains.<\/strong><\/span><\/p>\n<p><span class=\"ellipsis\">&hellip;<\/span><\/p>\n<div class=\"read-more\"><a href=\"https:\/\/rcn-ong.be\/en\/qui-sommes-nous\/vision-mission-et-objectifs-2\/\">Read more &#8250;<\/a><\/div>\n<p><!-- end of .read-more --><\/p>\n","protected":false},"author":3,"featured_media":0,"parent":2040,"menu_order":0,"comment_status":"closed","ping_status":"open","template":"","meta":{"footnotes":""},"class_list":["post-2761","page","type-page","status-publish","hentry"],"_links":{"self":[{"href":"https:\/\/rcn-ong.be\/en\/wp-json\/wp\/v2\/pages\/2761","targetHints":{"allow":["GET"]}}],"collection":[{"href":"https:\/\/rcn-ong.be\/en\/wp-json\/wp\/v2\/pages"}],"about":[{"href":"https:\/\/rcn-ong.be\/en\/wp-json\/wp\/v2\/types\/page"}],"author":[{"embeddable":true,"href":"https:\/\/rcn-ong.be\/en\/wp-json\/wp\/v2\/users\/3"}],"replies":[{"embeddable":true,"href":"https:\/\/rcn-ong.be\/en\/wp-json\/wp\/v2\/comments?post=2761"}],"version-history":[{"count":37,"href":"https:\/\/rcn-ong.be\/en\/wp-json\/wp\/v2\/pages\/2761\/revisions"}],"predecessor-version":[{"id":11715,"href":"https:\/\/rcn-ong.be\/en\/wp-json\/wp\/v2\/pages\/2761\/revisions\/11715"}],"up":[{"embeddable":true,"href":"https:\/\/rcn-ong.be\/en\/wp-json\/wp\/v2\/pages\/2040"}],"wp:attachment":[{"href":"https:\/\/rcn-ong.be\/en\/wp-json\/wp\/v2\/media?parent=2761"}],"curies":[{"name":"wp","href":"https:\/\/api.w.org\/{rel}","templated":true}]}}