{"id":2813,"date":"2015-03-09T11:00:45","date_gmt":"2015-03-09T11:00:45","guid":{"rendered":"https:\/\/rcn-ong.be\/?page_id=2813"},"modified":"2015-03-09T11:00:45","modified_gmt":"2015-03-09T11:00:45","slug":"stagiaire-en-communication","status":"publish","type":"page","link":"https:\/\/rcn-ong.be\/en\/agir-participer\/offres-demploi\/postes-ouverts\/stagiaire-en-communication\/","title":{"rendered":"Stagiaire en communication"},"content":{"rendered":"<p>&nbsp;<\/p>\n<p>RCN Justice &amp; D\u00e9mocratie recherche un(e) stagiaire en Communication<\/p>\n<p>RCN Justice &amp; D\u00e9mocratie est une ONG belge et d\u00e9veloppe des actions dont l\u2019objectif est de contribuer \u00e0 garantir le respect des droits fondamentaux de toute personne en d\u00e9fendant plus particuli\u00e8rement le droit \u00e0 la justice, ainsi que la protection des droits reconnus par les conventions internationales. RCN Justice &amp; D\u00e9mocratie travaille au Burundi, Rwanda et en R\u00e9publique d\u00e9mocratique du Congo. Elle m\u00e8ne \u00e9galement un travail de sensibilisation en Belgique. Pour avoir un aper\u00e7u de nos activit\u00e9s, des \u00e9ditions de notre p\u00e9riodique \u00ab Le Bulletin \u00bb sont disponibles en ligne, sur le site de RCN Justice &amp; D\u00e9mocratie (www.rcn-ong.be).<\/p>\n<p>RCN Justice &amp; D\u00e9mocratie recherche un(e) stagiaire en Communication :<\/p>\n<p><strong>Profil recherch\u00e9<\/strong> :<\/p>\n<ul>\n<li>Dipl\u00f4m\u00e9(e) en communication ou journalisme ;<\/li>\n<li>Niveau d\u2019\u00e9tudes : dipl\u00f4me universitaire ou dipl\u00f4me sup\u00e9rieur de niveau universitaire ;<\/li>\n<li>Capacit\u00e9 de synth\u00e8se et d\u2019analyse ;<\/li>\n<li>Capacit\u00e9 r\u00e9dactionnelle en fran\u00e7ais ; une bonne connaissance du n\u00e9erlandais et de l\u2019anglais est un atout ;<\/li>\n<li>Ma\u00eetrise des logiciels courants (MS Office) et de Publisher, bonne ma\u00eetrise des m\u00e9dia sociaux ;<\/li>\n<li>Connaissance de Worpdress et Mailchimp est un atout ;<\/li>\n<li>Avoir le sens de l\u2019initiative, \u00eatre curieux et dynamique ;<\/li>\n<li>Pouvoir travailler de mani\u00e8re autonome ;<\/li>\n<li>Montrer un int\u00e9r\u00eat certain pour le secteur de l\u2019humanitaire, la coop\u00e9ration au d\u00e9veloppement et la justice ;<\/li>\n<li>R\u00e9sider en Belgique<\/li>\n<\/ul>\n<p><strong>T\u00e2ches principales<\/strong> :<\/p>\n<ul>\n<li>gestion du magazine trimestriel (Le Bulletin) de l\u2019association : centraliser les articles provenant des diff\u00e9rents terrains, r\u00e9diger, corriger et mettre en page les informations r\u00e9colt\u00e9es, g\u00e9rer la demande d\u2019impression, organiser la diffusion du magazine ;<\/li>\n<li>gestion du site web de l\u2019ONG : mise \u00e0 jour, mise en ligne, organisation des pages, enrichissement du contenu (textes, vid\u00e9os, photos) ;<\/li>\n<li>pr\u00e9paration des communiqu\u00e9s : collecte d\u2019info, mis en page, relecture, diffusion ;<\/li>\n<li>gestion de la newsletter : collecte d\u2019info, relecture, mise en ligne, diffusion ;<\/li>\n<li>correction, relecture, projets sp\u00e9ciaux (\u00e9dition de livres, brochures, d\u00e9pliants, etc.) ;<\/li>\n<li>relations prestataires (maquettistes, imprimeurs et autres) ;<\/li>\n<li>suivi des m\u00e9dia sociaux ;<\/li>\n<li>participer \u00e0 la r\u00e9flexion de l\u2019ONG concernant la strat\u00e9gie de communication ;<\/li>\n<li>support administratif et logistique au besoin<\/li>\n<\/ul>\n<p>Nous invitons les personnes int\u00e9ress\u00e9es \u00e0 nous envoyer une lettre de motivation et un C.V. (tous deux en fran\u00e7ais) avant le 13\/02\/2015 par email \u00e0 patricia.kela@rcn-ong.be \u00e0 l\u2019attention de Patricia Kela en indiquant \u00ab Stage Communication \u00bb dans l\u2019objet du mail. Les candidats sont invit\u00e9s \u00e0 rappeler leur disponibilit\u00e9 dans la lettre de motivation. Seuls les candidats s\u00e9lectionn\u00e9s pour un entretien seront recontact\u00e9s. <strong>Uniquement les meilleurs candidats seront contact\u00e9s.<\/strong><\/p>\n<ul>\n<li>Dur\u00e9e : 3 mois<\/li>\n<li>Quand : prise de poste d\u00e8s que possible. Si un bon candidat se pr\u00e9sente l\u2019appel \u00e0 candidatures peut \u00eatre cl\u00f4tur\u00e9 avant la date indiqu\u00e9e<\/li>\n<li>Lieu du stage : Bruxelles \u2013 Belgique<\/li>\n<li>Conditions : plein temps, convention de stage\/volontariat, non r\u00e9mun\u00e9r\u00e9, couverture \u00ab accidents de travail \u00bb, indemnisation des frais de transport.<\/li>\n<\/ul>\n","protected":false},"excerpt":{"rendered":"<p>&nbsp;<\/p>\n<p>RCN Justice &amp; D\u00e9mocratie recherche un(e) stagiaire en Communication<\/p>\n<p>RCN Justice &amp; D\u00e9mocratie est une ONG belge et d\u00e9veloppe des actions dont l\u2019objectif est de contribuer \u00e0 garantir le respect des droits fondamentaux de toute personne en d\u00e9fendant plus particuli\u00e8rement le droit \u00e0 la justice,<\/p>\n<p><span class=\"ellipsis\">&hellip;<\/span><\/p>\n<div class=\"read-more\"><a href=\"https:\/\/rcn-ong.be\/en\/agir-participer\/offres-demploi\/postes-ouverts\/stagiaire-en-communication\/\">Read more &#8250;<\/a><\/div>\n<p><!-- end of .read-more --><\/p>\n","protected":false},"author":3,"featured_media":0,"parent":2810,"menu_order":0,"comment_status":"open","ping_status":"open","template":"","meta":{"footnotes":""},"class_list":["post-2813","page","type-page","status-publish","hentry"],"_links":{"self":[{"href":"https:\/\/rcn-ong.be\/en\/wp-json\/wp\/v2\/pages\/2813","targetHints":{"allow":["GET"]}}],"collection":[{"href":"https:\/\/rcn-ong.be\/en\/wp-json\/wp\/v2\/pages"}],"about":[{"href":"https:\/\/rcn-ong.be\/en\/wp-json\/wp\/v2\/types\/page"}],"author":[{"embeddable":true,"href":"https:\/\/rcn-ong.be\/en\/wp-json\/wp\/v2\/users\/3"}],"replies":[{"embeddable":true,"href":"https:\/\/rcn-ong.be\/en\/wp-json\/wp\/v2\/comments?post=2813"}],"version-history":[{"count":2,"href":"https:\/\/rcn-ong.be\/en\/wp-json\/wp\/v2\/pages\/2813\/revisions"}],"predecessor-version":[{"id":2815,"href":"https:\/\/rcn-ong.be\/en\/wp-json\/wp\/v2\/pages\/2813\/revisions\/2815"}],"up":[{"embeddable":true,"href":"https:\/\/rcn-ong.be\/en\/wp-json\/wp\/v2\/pages\/2810"}],"wp:attachment":[{"href":"https:\/\/rcn-ong.be\/en\/wp-json\/wp\/v2\/media?parent=2813"}],"curies":[{"name":"wp","href":"https:\/\/api.w.org\/{rel}","templated":true}]}}