{"id":2819,"date":"2015-03-09T11:07:17","date_gmt":"2015-03-09T11:07:17","guid":{"rendered":"https:\/\/rcn-ong.be\/?page_id=2819"},"modified":"2025-04-24T11:53:09","modified_gmt":"2025-04-24T09:53:09","slug":"historique","status":"publish","type":"page","link":"https:\/\/rcn-ong.be\/en\/qui-sommes-nous\/historique\/","title":{"rendered":"Historique"},"content":{"rendered":"<p style=\"text-align: justify;\">\n<p><span style=\"color: #808080;\"><em>Derni\u00e8re mise \u00e0 jour Avril 2025<\/em><\/span><\/p>\n<p class=\"cvGsUA direction-ltr align-justify para-style-body\"><span class=\"OYPEnA font-feature-liga-off font-feature-clig-off font-feature-calt-off text-decoration-none text-strikethrough-none\">RCN Justice &amp; D\u00e9mocratie a \u00e9t\u00e9 cr\u00e9\u00e9 en 1994, au lendemain du g\u00e9nocide perp\u00e9tr\u00e9 contre les Tutsi, afin de r\u00e9pondre aux besoins de justice des populations au Rwanda. <\/span><\/p>\n<h1 class=\"cvGsUA direction-ltr align-justify para-style-body\"><span class=\"OYPEnA font-feature-liga-off font-feature-clig-off font-feature-calt-off text-decoration-none text-strikethrough-none\">Depuis sa cr\u00e9ation, l\u2019expertise de RCN J&amp;D n&#8217;a cess\u00e9 d&#8217;\u00e9voluer<\/span><\/h1>\n<p class=\"cvGsUA direction-ltr align-justify para-style-body\"><span style=\"color: #ff0000;\"><strong><span class=\"OYPEnA font-feature-liga-off font-feature-clig-off font-feature-calt-off text-decoration-none text-strikethrough-none\">De la justice judiciaire \u00e0 la justice plurielle.<\/span> <\/strong><\/span><span class=\"OYPEnA font-feature-liga-off font-feature-clig-off font-feature-calt-off text-decoration-none text-strikethrough-none\">\u00c0 l\u2019origine, nos activit\u00e9s \u00e9taient orient\u00e9es vers le renforcement du syst\u00e8me judiciaire, bien que l\u2019approche soci\u00e9tale n\u2019ait jamais \u00e9t\u00e9 absente de nos interventions. Le d\u00e9veloppement de programmes en lien avec les m\u00e9canismes alternatifs de r\u00e9solution de conflits (MARC) a pris progressivement une place de plus en plus importante. Aujourd\u2019hui, nos interventions partent d\u2019un constat : il existe une multitude de m\u00e9canismes de pr\u00e9vention et de r\u00e9solution de conflits, compl\u00e9mentaires. Ainsi, la justice s\u2019entend au sens large \u2013 des institutions de la justice aux m\u00e9canismes locaux et communautaires dont disposent les justiciables pour r\u00e9guler leurs conflits au quotidien.<\/span><\/p>\n<p class=\"cvGsUA direction-ltr align-justify para-style-body\"><span class=\"OYPEnA font-feature-liga-off font-feature-clig-off font-feature-calt-off text-decoration-none text-strikethrough-none\"><span style=\"color: #ff0000;\"><strong>De la r\u00e9ponse aux violences de masse \u00e0 la r\u00e9ponse aux violences syst\u00e9miques<\/strong><strong>.<\/strong><\/span><\/span><span class=\"OYPEnA font-feature-liga-off font-feature-clig-off font-feature-calt-off text-decoration-none text-strikethrough-none\"> Initialement, nos activit\u00e9s \u00e9taient ancr\u00e9es dans des contextes de sortie de crise, o\u00f9 la priorit\u00e9 \u00e9tait de restaurer la justice apr\u00e8s des conflits violents (appui aux poursuites, justices transitionnelles). Ces interventions visaient \u00e0 r\u00e9pondre aux besoins imm\u00e9diats de justice et de reconstruction du lien social. RCN J&amp;D a progressivement \u00e9largi son champ d\u2019action pour r\u00e9pondre \u00e0 des enjeux de d\u00e9veloppement durable allant au-del\u00e0 des seules situations post-conflit, tels que l\u2019acc\u00e8s \u00e9quitable aux terres, l\u2019\u00e9galit\u00e9 femmes-hommes, etc. Aujourd\u2019hui, notre vision continue d\u2019\u00e9voluer : <strong>nous consid\u00e9rons la justice non seulement comme un moyen de g\u00e9rer les crises, mais aussi comme un levier essentiel pour pr\u00e9venir et r\u00e9pondre aux violences syst\u00e9miques et transformer les structures qui les entretiennent<\/strong> (justice transformative).<\/span><\/p>\n<p class=\"cvGsUA direction-ltr align-justify para-style-body\"><strong><span class=\"OYPEnA font-feature-liga-off font-feature-clig-off font-feature-calt-off text-decoration-none text-strikethrough-none\" style=\"color: #ff0000;\">De l\u2019acc\u00e8s \u00e0 la justice \u00e0 la participation citoyenne<\/span><\/strong><span class=\"OYPEnA font-feature-liga-off font-feature-clig-off font-feature-calt-off text-decoration-none text-strikethrough-none\"><strong><span style=\"color: #ff0000;\"> : une justice centr\u00e9e sur les personnes.<\/span><\/strong> RCN J&amp;D s\u2019est concentr\u00e9e sur l\u2019am\u00e9lioration de l\u2019acc\u00e8s \u00e0 la justice, en travaillant \u00e0 la fois sur l\u2019offre (renforcement des institutions judiciaires et des MARC) et sur la demande (en appuyant la soci\u00e9t\u00e9 civile et les justiciables \u00e0 mieux faire valoir leurs droits). Avec le temps, nous avons int\u00e9gr\u00e9 les principes d\u2019une <em><strong>&#8220;people-centered justice&#8221;<\/strong><\/em>, marquant notre volont\u00e9 de placer les citoyen\u00b7nes et les communaut\u00e9s au c\u0153ur des syst\u00e8mes de justice. Cette approche renforce la participation citoyenne, en cr\u00e9ant des espaces de dialogue o\u00f9 les justiciables peuvent exprimer leurs besoins et attentes, et contribuer \u00e0 la co-construction de solutions adapt\u00e9es.<\/span><\/p>\n<p class=\"cvGsUA direction-ltr align-justify para-style-body\"><strong><span class=\"OYPEnA font-feature-liga-off font-feature-clig-off font-feature-calt-off text-decoration-none text-strikethrough-none\" style=\"color: #ff0000;\">Des activit\u00e9s dans le Sud global aux activit\u00e9s en Belgique.<\/span><\/strong><span class=\"OYPEnA font-feature-liga-off font-feature-clig-off font-feature-calt-off text-decoration-none text-strikethrough-none\"> Au d\u00e9part, les activit\u00e9s de RCN J&amp;D se concentraient exclusivement dans des pays du Sud global. Lors du premier proc\u00e8s li\u00e9 au Rwanda en Belgique, nous avons pris conscience de l\u2019importance d\u2019\u00e9tablir des ponts entre les conflits dans le Sud global et les r\u00e9alit\u00e9s v\u00e9cues en Belgique. Cette prise de conscience a marqu\u00e9 le lancement de programmes d\u2019\u00e9ducation \u00e0 la citoyennet\u00e9 mondiale et solidaire (ECMS) et d\u2019\u00e9ducation m\u00e9morielle, visant \u00e0 sensibiliser le public belge aux causes profondes des violences de masse et \u00e0 la responsabilit\u00e9 collective dans la construction d\u2019un monde plus juste et \u00e9quitable. Dans une perspective d\u00e9coloniale, notre objectif \u00e0 terme est aussi de participer \u00e0 la construction d\u2019une justice inclusive et plurielle sur le territoire belge.<\/span><\/p>\n<p class=\"cvGsUA direction-ltr align-justify para-style-body\"><strong><span class=\"OYPEnA font-feature-liga-off font-feature-clig-off font-feature-calt-off text-decoration-none text-strikethrough-none\" style=\"color: #ff0000;\">Une approche int\u00e9gr\u00e9e, inscrite dans le nexus.<\/span><\/strong><span class=\"OYPEnA font-feature-liga-off font-feature-clig-off font-feature-calt-off text-decoration-none text-strikethrough-none\"> Notre organisation intervient pour garantir un acc\u00e8s urgent \u00e0 la justice et prot\u00e9ger les droits humains dans les contextes (post)conflits. En parall\u00e8le, nous promouvons une justice plurielle et de proximit\u00e9 permettant aux justiciables d\u2019avoir des solutions adapt\u00e9es \u00e0 leurs r\u00e9alit\u00e9s. Nos activit\u00e9s en justices transitionnelles cherchent \u00e0 transformer les violences pass\u00e9es en opportunit\u00e9s de r\u00e9conciliation et de stabilit\u00e9, et celles en justice transformatrice \u00e0 aborder les dynamiques structurelles en traitant les in\u00e9galit\u00e9s syst\u00e9miques, souvent \u00e0 l\u2019origine des conflits. Notre approche s\u2019inscrit donc pleinement dans le nexus en combinant des r\u00e9ponses imm\u00e9diates aux crises \u00e0 des actions structurelles \u00e0 long terme, dans une perspective de paix durable.<\/span><\/p>\n<h1>De mani\u00e8re sp\u00e9cifique, dans les pays<\/h1>\n<p class=\"cvGsUA direction-ltr align-justify para-style-body\"><span style=\"color: #ff0000;\"><strong><span class=\"OYPEnA font-feature-liga-off font-feature-clig-off font-feature-calt-off text-decoration-none text-strikethrough-none\">Au Rwanda, RCN J&amp;D est pr\u00e9sent depuis 1994<\/span><\/strong><\/span><span class=\"OYPEnA font-feature-liga-off font-feature-clig-off font-feature-calt-off text-decoration-none text-strikethrough-none\"><span style=\"color: #ff0000;\"><strong>,<\/strong><\/span> intervenant initialement pour soutenir le syst\u00e8me judiciaire dans le traitement du contentieux du g\u00e9nocide (formations, soutien aux aveux, etc.). Durant les dix derni\u00e8res ann\u00e9es, notre organisation a aussi appuy\u00e9 la justice de droit commun (r\u00e9duction des arri\u00e9r\u00e9s judiciaires, r\u00e9forme fonci\u00e8re, formation des Abunzi (m\u00e9diateurs)). Nous avons \u00e9galement sensibilis\u00e9 les populations sur les proc\u00e8s en comp\u00e9tences universelles en Europe, afin de garantir que ces proc\u00e9dures, \u00e9loign\u00e9es g\u00e9ographiquement et temporellement, contribuent \u00e0 la pr\u00e9vention des crimes de masse, \u00e0 la l\u00e9gitimit\u00e9 de la justice et \u00e0 la coh\u00e9sion sociale au Rwanda.<\/span><\/p>\n<p class=\"cvGsUA direction-ltr align-justify para-style-body\"><strong><span style=\"color: #ff0000;\"><span class=\"OYPEnA font-feature-liga-off font-feature-clig-off font-feature-calt-off text-decoration-none text-strikethrough-none\">RCN J&amp;D intervient depuis 2000 en R\u00e9publique D\u00e9mocratique du Congo<\/span><span class=\"OYPEnA font-feature-liga-off font-feature-clig-off font-feature-calt-off text-decoration-none text-strikethrough-none\">.<\/span><\/span><\/strong><span class=\"OYPEnA font-feature-liga-off font-feature-clig-off font-feature-calt-off text-decoration-none text-strikethrough-none\"> Nous appuyons actuellement des OSC dans le domaine de la justice afin de contribuer \u00e0 une justice plurielle, plus int\u00e8gre et respectueuse des droits fondamentaux en soutenant les modes alternatifs de r\u00e9solution des conflits (MARC) ainsi que les chefs traditionnels dans leur r\u00f4le de conciliateur, tout en favorisant une place plus \u00e9galitaire des femmes dans la coutume et la reconnaissance de leurs droits fonciers. RCN J&amp;D m\u00e8ne aussi des actions pour lutter contre la torture et les traitements cruels, inhumains et d\u00e9gradants dans diff\u00e9rents lieux de d\u00e9tention. La lutte anticorruption au niveau du syst\u00e8me judiciaire fait \u00e9galement partie de nos interventions prioritaires. Enfin, au regard des situations de conflits en RDC et des crimes internationaux qui y sont commis, RCN J&amp;D et ses partenaires s&#8217;int\u00e9ressent \u00e9galement aux m\u00e9canismes de justice transitionnelle en vue de contribuer \u00e0 la coh\u00e9sion sociale et \u00e0 la construction d&#8217;une paix durable.<\/span><\/p>\n<p class=\"cvGsUA direction-ltr align-justify para-style-body\"><strong><span class=\"OYPEnA font-feature-liga-off font-feature-clig-off font-feature-calt-off text-decoration-none text-strikethrough-none\" style=\"color: #ff0000;\">Au Maroc, RCN J&amp;D soutient depuis 2017 l\u2019Association Oujda Ain Ghazal<\/span><\/strong><span class=\"OYPEnA font-feature-liga-off font-feature-clig-off font-feature-calt-off text-decoration-none text-strikethrough-none\"><strong><span style=\"color: #ff0000;\">,<\/span><\/strong> dans la mise en \u0153uvre de programmes de lutte contre les VBG dans une logique de justice transformatrice. Les approches d\u00e9velopp\u00e9es visent \u00e0 la fois la transformation des attitudes sociales et judiciaires discriminatoires \u00e0 l\u2019\u00e9gard des femmes et le renforcement des acteurs de prise en charge des victimes de VBG, dans l&#8217;Oriental, r\u00e9gion qui figure parmi les plus pauvres du pays. RCN J&amp;D n\u2019a pas de bureau op\u00e9rationnel au Maroc et appuie le partenaire depuis le si\u00e8ge de Bruxelles.<\/span><\/p>\n<p class=\"cvGsUA direction-ltr align-justify para-style-body\"><strong><span class=\"OYPEnA font-feature-liga-off font-feature-clig-off font-feature-calt-off text-decoration-none text-strikethrough-none\" style=\"color: #ff0000;\">RCN J&amp;D a d\u00e9velopp\u00e9 ses premi\u00e8res activit\u00e9s en Belgique, en 2001 <\/span><\/strong><span class=\"OYPEnA font-feature-liga-off font-feature-clig-off font-feature-calt-off text-decoration-none text-strikethrough-none\">avec le suivi du premier proc\u00e8s en comp\u00e9tence universelle. Depuis 10 ans, les activit\u00e9s en Belgique visent \u00e0 contribuer \u00e0 la pr\u00e9vention des violences et \u00e0 la promotion de la coh\u00e9sion sociale \u00e0 travers des programmes d\u2019ECMS et d\u2019\u00e9ducation m\u00e9morielle. RCN J&amp;D entend contribuer \u00e0 une meilleure compr\u00e9hension des dynamiques globales des violences et in fine \u00e0 leur pr\u00e9vention par la lutte contre la discrimination, l\u2019exclusion, la radicalisation et la polarisation.<\/span><\/p>\n","protected":false},"excerpt":{"rendered":"<p style=\"text-align: justify;\">\n<p><span style=\"color: #808080;\"><em>Derni\u00e8re mise \u00e0 jour Avril 2025<\/em><\/span><\/p>\n<p class=\"cvGsUA direction-ltr align-justify para-style-body\"><span class=\"OYPEnA font-feature-liga-off font-feature-clig-off font-feature-calt-off text-decoration-none text-strikethrough-none\">RCN Justice &amp; D\u00e9mocratie a \u00e9t\u00e9 cr\u00e9\u00e9 en 1994, au lendemain du g\u00e9nocide perp\u00e9tr\u00e9 contre les Tutsi, afin de r\u00e9pondre aux besoins de justice des populations au Rwanda.<\/span><\/p>\n<p><span class=\"ellipsis\">&hellip;<\/span><\/p>\n<div class=\"read-more\"><a href=\"https:\/\/rcn-ong.be\/en\/qui-sommes-nous\/historique\/\">Read more &#8250;<\/a><\/div>\n<p><!-- end of .read-more --><\/p>\n","protected":false},"author":3,"featured_media":0,"parent":2040,"menu_order":0,"comment_status":"open","ping_status":"open","template":"","meta":{"footnotes":""},"class_list":["post-2819","page","type-page","status-publish","hentry"],"_links":{"self":[{"href":"https:\/\/rcn-ong.be\/en\/wp-json\/wp\/v2\/pages\/2819","targetHints":{"allow":["GET"]}}],"collection":[{"href":"https:\/\/rcn-ong.be\/en\/wp-json\/wp\/v2\/pages"}],"about":[{"href":"https:\/\/rcn-ong.be\/en\/wp-json\/wp\/v2\/types\/page"}],"author":[{"embeddable":true,"href":"https:\/\/rcn-ong.be\/en\/wp-json\/wp\/v2\/users\/3"}],"replies":[{"embeddable":true,"href":"https:\/\/rcn-ong.be\/en\/wp-json\/wp\/v2\/comments?post=2819"}],"version-history":[{"count":12,"href":"https:\/\/rcn-ong.be\/en\/wp-json\/wp\/v2\/pages\/2819\/revisions"}],"predecessor-version":[{"id":11742,"href":"https:\/\/rcn-ong.be\/en\/wp-json\/wp\/v2\/pages\/2819\/revisions\/11742"}],"up":[{"embeddable":true,"href":"https:\/\/rcn-ong.be\/en\/wp-json\/wp\/v2\/pages\/2040"}],"wp:attachment":[{"href":"https:\/\/rcn-ong.be\/en\/wp-json\/wp\/v2\/media?parent=2819"}],"curies":[{"name":"wp","href":"https:\/\/api.w.org\/{rel}","templated":true}]}}