{"id":2822,"date":"2015-03-09T11:14:27","date_gmt":"2015-03-09T11:14:27","guid":{"rendered":"https:\/\/rcn-ong.be\/?page_id=2822"},"modified":"2025-04-17T13:54:32","modified_gmt":"2025-04-17T11:54:32","slug":"charte-de-rcn-justice-democratie","status":"publish","type":"page","link":"https:\/\/rcn-ong.be\/en\/qui-sommes-nous\/charte-de-rcn-justice-democratie\/","title":{"rendered":"Charte de RCN Justice &amp; D\u00e9mocratie"},"content":{"rendered":"<p><span style=\"color: #808080;\"><em>Derni\u00e8re mise \u00e0 jour Janvier 2024<\/em><\/span><\/p>\n<p><a href=\"https:\/\/rcn-ong.be\/wp-content\/uploads\/2025\/04\/Charte-RCN-Justice-Democratie-2023.pdf\" target=\"_blank\" rel=\"noopener noreferrer\">T\u00e9l\u00e9charger la charte de RCN J&amp;D en pdf.<\/a><\/p>\n<p><strong>Charte de RCN Justice &amp; D\u00e9mocratie<\/strong><br \/>\n(anciennement RCN R\u00e9seau des Citoyens\/Citizen\u2019s Network, modifi\u00e9 en 2000).<\/p>\n<p>RCN Justice et D\u00e9mocratie est n\u00e9 en septembre 1994 au lendemain du g\u00e9nocide et des crimes contre l\u2019humanit\u00e9 au Rwanda.<\/p>\n<p><strong>Pr\u00e9ambule<\/strong><\/p>\n<p>Le projet politique de RCN Justice &amp; D\u00e9mocratie vise \u00e0 plus de justice et \u00e0 plus de pratiques d\u00e9mocratiques.<\/p>\n<p>Il est fond\u00e9 sur la conviction que les humains ne peuvent construire la justice qu\u2019\u00e0 partir de la discussion, sur base d\u2019un \u00e9change de parole garantie pour chacun : le droit ne m\u00e8ne \u00e0 plus de justice que s\u2019il na\u00eet de la discussion et s\u2019il la permet.<\/p>\n<p>Le droit et la justice participent \u00e0 leur tour \u00e0 la construction de la vie des personnes et des soci\u00e9t\u00e9s, de leur humanit\u00e9 et de l\u2019Humanit\u00e9 : en prot\u00e9geant, distinguant, organisant, interdisant, sanctionnant, ils instituent les humains en tant que sujets de droit. Et ces sujets formulent leur mode de r\u00e9solution des diff\u00e9rends et construisent leur avenir.<\/p>\n<p>Lorsque des facteurs politiques, \u00e9conomiques, sociaux et culturels engendrent des r\u00e9gressions du langage, du droit et de la justice, les soci\u00e9t\u00e9s sont, peu \u00e0 peu, en danger de d\u00e9shumanisation. A l\u2019extr\u00eame, elles ne r\u00e9sistent plus \u00e0 des crises majeures, telles qu\u2019un g\u00e9nocide ou des crimes contre l\u2019Humanit\u00e9.<\/p>\n<p>Pour pr\u00e9venir ou gu\u00e9rir de telles crises, RCN Justice et D\u00e9mocratie accompagne l\u2019institution ou la restauration de la justice et d\u2019espaces publics.<\/p>\n<p><strong>L\u2019objet social (article 3 des statuts)<\/strong><\/p>\n<p>L\u2019objectif de l\u2019association est de contribuer \u00e0 garantir le respect des droits fondamentaux de toute personne et plus particuli\u00e8rement du droit \u00e0 la justice ainsi que la protection des droits reconnus par les conventions internationales.<\/p>\n<p>L\u2019association a une vocation nationale et internationale et entend d\u00e9velopper ses activit\u00e9s, seule ou en partenariat, avec une ind\u00e9pendance politique totale tant \u00e0 l\u2019\u00e9gard des autorit\u00e9s nationales qu\u2019internationales.<\/p>\n<p>L\u2019association d\u00e9veloppe ses actions dans le domaine de la justice aupr\u00e8s des autorit\u00e9s engag\u00e9es dans un processus d\u2019instauration ou de restauration de l\u2019Etat de droit et \/ ou aupr\u00e8s de la soci\u00e9t\u00e9 civile.<\/p>\n<p>Les actions men\u00e9es comportent la promotion de la justice comme valeur humaine, notamment par l\u2019appui aux juridictions et aux justiciables et la formation des acteurs judiciaires.<\/p>\n<p>L\u2019association d\u00e9fend les droits des victimes des crimes contre l\u2019Humanit\u00e9. Elle lutte contre l\u2019impunit\u00e9 et pour la mise en oeuvre de la m\u00e9moire relative \u00e0 ces crimes.<\/p>\n<p>L\u2019association prend en compte les modes d\u2019exercice de la justice dans leurs contextes culturels, sociaux et politiques et recherche leur ad\u00e9quation avec les droits fondamentaux.<\/p>\n<p><strong>L\u2019approche<\/strong><\/p>\n<p>Dans ses programmes, RCN Justice et D\u00e9mocratie :<\/p>\n<ul>\n<li>Base son intervention sur le principe du r\u00f4le du tiers. Le tiers est celui qui, pendant un temps, par son attitude, permet \u00e0 ceux qui ont perdu confiance dans la parole de retrouver un espace et un temps de discussion, base de la construction convenue et continue du droit, de la justice et des pratiques d\u00e9mocratiques.<\/li>\n<li>Accompagne son action d&#8217;une r\u00e9flexion permanente, pluridisciplinaire, fond\u00e9e sur une mise en d\u00e9lib\u00e9ration interne et externe ; veille \u00e0 ce que son action ait la flexibilit\u00e9 n\u00e9cessaire \u00e0 son adaptation \u00e0 cette r\u00e9flexion.<\/li>\n<li>Int\u00e8gre une r\u00e9flexion sur l\u2019articulation coh\u00e9rente entre les syst\u00e8mes judiciaires d\u2019inspiration occidentale et les autres syst\u00e8mes normatifs, comme le droit coutumier ou les pratiques traditionnelles, dans une perspective de respect de la personne humaine, en vue d\u2019une appropriation du droit et de la justice par la population.<\/li>\n<li>Approche les probl\u00e8mes de la justice sous l\u2019angle de la rencontre entre les services de justice, g\u00e9n\u00e9ralement fournis par les syst\u00e8mes judiciaires, et la demande de justice de la population ; recherche la convergence de ses actions respectives sur les services et sur la demande.<\/li>\n<li>Accompagne les op\u00e9rateurs nationaux d\u2019un appui juridique, p\u00e9dagogique, technique et logistique, formule ses points de vue aupr\u00e8s de ces partenaires, en privil\u00e9giant toujours le registre de l\u2019\u00e9nonciation et jamais celui de la d\u00e9nonciation.<\/li>\n<li>Recherche un impact direct pour les b\u00e9n\u00e9ficiaires, en visant principalement ce qui peut \u00eatre institu\u00e9 durablement, en termes de renforcement des structures, des capacit\u00e9s et des mentalit\u00e9s.<\/li>\n<li>L\u2019objectif ultime est toujours l\u2019autonomisation, avec, in fine, le retrait.<\/li>\n<li>Prend la mesure des actes impensables (crimes, guerres, g\u00e9nocide, massacres\u2026), s\u2019autorise \u00e0 les interroger et \u00e0 formuler des hypoth\u00e8ses r\u00e9instituant du droit et de la justice ; accorde son action aux temps respectifs des partenaires et des b\u00e9n\u00e9ficiaires ; ne craint pas de s\u2019inscrire dans la dur\u00e9e, en privil\u00e9giant les petits pas aux grands \u00e9carts ; questionne sa propre m\u00e9moire et celle des partenaires et b\u00e9n\u00e9ficiaires.<\/li>\n<\/ul>\n<p><strong>L\u2019attitude, la responsabilit\u00e9<\/strong><\/p>\n<p>Les membres et intervenants de RCN Justice et D\u00e9mocratie :<\/p>\n<ul>\n<li>Questionnent leurs propres besoins, intentions, demandes, potentialit\u00e9s, discours, dans leur d\u00e9marche d\u2019adh\u00e9sion \u00e0 l\u2019association ou de mise au service des partenaires et b\u00e9n\u00e9ficiaires ;<\/li>\n<li>Mettent ces questionnements en dialogue sinc\u00e8re avec les besoins, intentions, demandes, potentialit\u00e9s, discours de l\u2019association, des partenaires et des b\u00e9n\u00e9ficiaires ;<\/li>\n<li>Adh\u00e8rent au principe de la discussion dans l\u2019exercice de leur profession ; ils croient pouvoir apprendre de l\u2019autre et adoptent des comportements de respect et de doute fraternel ;<\/li>\n<li>Recherchent un positionnement de m\u00e9diateur, \u00e9vitent l\u2019adh\u00e9sion ou l\u2019identification \u00e0 des th\u00e9ories ou \u00e0 des causes partisanes, facilitent le dialogue entre elles.<\/li>\n<\/ul>\n<p><strong>\u00a0<\/strong><\/p>\n","protected":false},"excerpt":{"rendered":"<p><span style=\"color: #808080;\"><em>Derni\u00e8re mise \u00e0 jour Janvier 2024<\/em><\/span><\/p>\n<p><a href=\"https:\/\/rcn-ong.be\/wp-content\/uploads\/2025\/04\/Charte-RCN-Justice-Democratie-2023.pdf\" target=\"_blank\" rel=\"noopener noreferrer\">T\u00e9l\u00e9charger la charte de RCN J&amp;D en pdf.<\/a><\/p>\n<p><strong>Charte de RCN Justice &amp; D\u00e9mocratie<\/strong><br \/>\n(anciennement RCN R\u00e9seau des Citoyens\/Citizen\u2019s Network, modifi\u00e9 en 2000).<\/p>\n<p><span class=\"ellipsis\">&hellip;<\/span><\/p>\n<div class=\"read-more\"><a href=\"https:\/\/rcn-ong.be\/en\/qui-sommes-nous\/charte-de-rcn-justice-democratie\/\">Read more &#8250;<\/a><\/div>\n<p><!-- end of .read-more --><\/p>\n","protected":false},"author":3,"featured_media":0,"parent":2040,"menu_order":0,"comment_status":"open","ping_status":"open","template":"","meta":{"footnotes":""},"class_list":["post-2822","page","type-page","status-publish","hentry"],"_links":{"self":[{"href":"https:\/\/rcn-ong.be\/en\/wp-json\/wp\/v2\/pages\/2822","targetHints":{"allow":["GET"]}}],"collection":[{"href":"https:\/\/rcn-ong.be\/en\/wp-json\/wp\/v2\/pages"}],"about":[{"href":"https:\/\/rcn-ong.be\/en\/wp-json\/wp\/v2\/types\/page"}],"author":[{"embeddable":true,"href":"https:\/\/rcn-ong.be\/en\/wp-json\/wp\/v2\/users\/3"}],"replies":[{"embeddable":true,"href":"https:\/\/rcn-ong.be\/en\/wp-json\/wp\/v2\/comments?post=2822"}],"version-history":[{"count":10,"href":"https:\/\/rcn-ong.be\/en\/wp-json\/wp\/v2\/pages\/2822\/revisions"}],"predecessor-version":[{"id":11581,"href":"https:\/\/rcn-ong.be\/en\/wp-json\/wp\/v2\/pages\/2822\/revisions\/11581"}],"up":[{"embeddable":true,"href":"https:\/\/rcn-ong.be\/en\/wp-json\/wp\/v2\/pages\/2040"}],"wp:attachment":[{"href":"https:\/\/rcn-ong.be\/en\/wp-json\/wp\/v2\/media?parent=2822"}],"curies":[{"name":"wp","href":"https:\/\/api.w.org\/{rel}","templated":true}]}}