{"id":2908,"date":"2015-03-12T11:51:44","date_gmt":"2015-03-12T11:51:44","guid":{"rendered":"https:\/\/rcn-ong.be\/?page_id=2908"},"modified":"2015-12-11T08:51:53","modified_gmt":"2015-12-11T08:51:53","slug":"2009-2011-pour-une-justice-rassurante","status":"publish","type":"page","link":"https:\/\/rcn-ong.be\/en\/que-faisons-nous\/nos-pays-d-intervention\/realisations-anterieures\/2009-2011-pour-une-justice-rassurante\/","title":{"rendered":"2009 &#8211; 2011 &#8220;Pour une justice rassurante&#8221;"},"content":{"rendered":"<p>&nbsp;<\/p>\n<p><a href=\"https:\/\/rcn-ong.be\/wp-content\/uploads\/2015\/05\/Pour-une-justice-rassurante.jpg\"><img loading=\"lazy\" decoding=\"async\" class=\"alignleft size-full wp-image-3815\" src=\"https:\/\/rcn-ong.be\/wp-content\/uploads\/2015\/05\/Pour-une-justice-rassurante.jpg\" alt=\"Pour une justice rassurante\" width=\"250\" height=\"188\" srcset=\"https:\/\/rcn-ong.be\/wp-content\/uploads\/2015\/05\/Pour-une-justice-rassurante.jpg 250w, https:\/\/rcn-ong.be\/wp-content\/uploads\/2015\/05\/Pour-une-justice-rassurante-100x75.jpg 100w, https:\/\/rcn-ong.be\/wp-content\/uploads\/2015\/05\/Pour-une-justice-rassurante-150x113.jpg 150w, https:\/\/rcn-ong.be\/wp-content\/uploads\/2015\/05\/Pour-une-justice-rassurante-200x150.jpg 200w\" sizes=\"auto, (max-width: 250px) 100vw, 250px\" \/><\/a>Au terme de longues ann\u00e9es de guerre civile, le Burundi fait face aux d\u00e9fis d\u2019instauration d\u2019une nouvelle d\u00e9mocratie et de reconstruction politique, \u00e9conomique et sociale du pays. Dans ce contexte de consolidation de la paix, le programme a entendu soutenir l\u2019institution judiciaire, la soci\u00e9t\u00e9 civile et la population face aux besoins de reconstruction individuelle, collective et institutionnelle pour reb\u00e2tir la paix sociale et agir contre l\u2019impunit\u00e9 pour la restauration\u00a0de l\u2019Etat de droit.<\/p>\n<p>La strat\u00e9gie a \u00e9t\u00e9 d\u2019agir en synergie sur les composantes institutionnelles et soci\u00e9tales de lutte contre l\u2019impunit\u00e9.<\/p>\n<ul>\n<li>Le <strong>volet d\u2019actions Cha\u00eene p\u00e9nale et s\u00e9curit\u00e9<\/strong> devait renforcer les capacit\u00e9s institutionnelles afin de r\u00e9tablir le fonctionnement de la cha\u00eene p\u00e9nale et l\u2019amener \u00e0 intervenir sur l\u2019ensemble de la criminalit\u00e9 et violations des droits humains.<\/li>\n<li>Le <strong>volet d\u2019actions Transformation du conflit<\/strong> permettait d\u2019informer la population sur la justice p\u00e9nale afin de renforcer sa confiance dans la justice et de cr\u00e9er les conditions n\u00e9cessaires \u00e0 la mise en \u0153uvre des m\u00e9canismes de justice post-conflit.<\/li>\n<\/ul>\n<p><strong>L\u2019objectif sp\u00e9cifique du programme<\/strong> a \u00e9t\u00e9 de cr\u00e9er un climat de confiance envers la justice p\u00e9nale qui favorise l\u2019implication de la population dans la transformation du conflit.<\/p>\n<p>Ce programme a vis\u00e9 <strong>trois r\u00e9sultats<\/strong> :<\/p>\n<ul>\n<li><strong>Am\u00e9liorer les comp\u00e9tences et capacit\u00e9s des acteurs de la justice p\u00e9nale, en particulier :<\/strong><\/li>\n<\/ul>\n<p>les comp\u00e9tences des officiers de police judiciaire, des brigadiers de police et des officiers du Minist\u00e8re public ;<br \/>\nles comp\u00e9tences des magistrats militaires et des agents de l\u2019ordre judiciaire ;<br \/>\nles connaissances sur le fonctionnement de la justice au Burundi. Deux \u00e9tudes ont \u00e9t\u00e9 r\u00e9alis\u00e9es et publi\u00e9es par RCN dans le cadre de la r\u00e9alisation de ce r\u00e9sultat : une premi\u00e8re \u00e9tude traite du fonctionnement de la cha\u00eene p\u00e9nale (&#8220;Etude sur le fonctionnement de cha\u00eene p\u00e9nale au Burundi&#8221;) et une seconde s\u2019int\u00e9resse \u00e0 la probl\u00e9matique de l\u2019ex\u00e9cution des jugements et distorsions entre dispositions l\u00e9gales, pratiques sociales, coutumes et r\u00e9alit\u00e9s locales du Burundi. Cette seconde \u00e9tude s\u2019est d\u00e9clin\u00e9e en deux publications : &#8220;Statistiques judiciaires. Rendement, d\u00e9lais et typologie des litiges dans les tribunaux de r\u00e9sidence\u201d et &#8220;Etude sur la justice en milieu rural&#8221;<\/p>\n<ul>\n<li><strong>La population inform\u00e9e a une meilleure collaboration avec les acteurs de la justice p\u00e9nale et de la s\u00e9curit\u00e9 :<\/strong><\/li>\n<\/ul>\n<p>les acteurs de la justice, de la s\u00e9curit\u00e9 et de la soci\u00e9t\u00e9 civile ont une meilleure connaissance les uns des autres et se concertent ;<br \/>\nla loi en mati\u00e8re de droit p\u00e9nal est vulgaris\u00e9e et diffus\u00e9e au sein de la population ;<br \/>\nles associations de la soci\u00e9t\u00e9 civile sont soutenues dans leur mission d\u2019observation de la justice.<\/p>\n<ul>\n<li><strong>La population et ses repr\u00e9sentants ont une meilleure connaissance du conflit burundais et de ses voies\u00a0de transformation :<\/strong>\n<ul>\n<li>pr\u00e9server la m\u00e9moire orale du conflit ;<\/li>\n<li>ouvrir des espaces de dialogue ;<\/li>\n<li>cr\u00e9er une pi\u00e8ce de th\u00e9\u00e2tre sur la transformation du conflit.<\/li>\n<\/ul>\n<\/li>\n<\/ul>\n<p><strong>A l\u2019issue du Programme, trois \u00e9tudes ont \u00e9t\u00e9 r\u00e9alis\u00e9es :<\/strong><\/p>\n<ul>\n<li>Une premi\u00e8re &#8220;Etude sur le fonctionnement de cha\u00eene p\u00e9nale au Burundi&#8221;. Vous la trouverez en <a href=\"https:\/\/rcn-ong.be\/?p=3302\" target=\"_blank\">cliquant ici<\/a>.<\/li>\n<li>Une deuxi\u00e8me sur les &#8220;Statistiques judiciaires. Rendement, d\u00e9lais et typologie des litiges dans les tribunaux de r\u00e9sidence\u201d. Vous la trouverez en <a href=\"https:\/\/rcn-ong.be\/?p=3292\" target=\"_blank\">cliquant ici<\/a>.<\/li>\n<li>Une troisi\u00e8me &#8220;Etude sur la justice en milieu rural&#8221;. Vous la trouverez <a href=\"https:\/\/rcn-ong.be\/?p=3294\" target=\"_blank\">en cliquant ici.<\/a><\/li>\n<\/ul>\n","protected":false},"excerpt":{"rendered":"<p>&nbsp;<\/p>\n<p><a href=\"https:\/\/rcn-ong.be\/wp-content\/uploads\/2015\/05\/Pour-une-justice-rassurante.jpg\"><img loading=\"lazy\" decoding=\"async\" class=\"alignleft size-full wp-image-3815\" src=\"https:\/\/rcn-ong.be\/wp-content\/uploads\/2015\/05\/Pour-une-justice-rassurante.jpg\" alt=\"Pour une justice rassurante\" width=\"250\" height=\"188\" srcset=\"https:\/\/rcn-ong.be\/wp-content\/uploads\/2015\/05\/Pour-une-justice-rassurante.jpg 250w, https:\/\/rcn-ong.be\/wp-content\/uploads\/2015\/05\/Pour-une-justice-rassurante-100x75.jpg 100w, https:\/\/rcn-ong.be\/wp-content\/uploads\/2015\/05\/Pour-une-justice-rassurante-150x113.jpg 150w, https:\/\/rcn-ong.be\/wp-content\/uploads\/2015\/05\/Pour-une-justice-rassurante-200x150.jpg 200w\" sizes=\"auto, (max-width: 250px) 100vw, 250px\" \/><\/a>Au terme de longues ann\u00e9es de guerre civile, le Burundi fait face aux d\u00e9fis d\u2019instauration d\u2019une nouvelle d\u00e9mocratie et de reconstruction politique, \u00e9conomique et sociale du pays. Dans ce contexte de consolidation de la paix,<\/p>\n<p><span class=\"ellipsis\">&hellip;<\/span><\/p>\n<div class=\"read-more\"><a href=\"https:\/\/rcn-ong.be\/en\/que-faisons-nous\/nos-pays-d-intervention\/realisations-anterieures\/2009-2011-pour-une-justice-rassurante\/\">Read more &#8250;<\/a><\/div>\n<p><!-- end of .read-more --><\/p>\n","protected":false},"author":3,"featured_media":0,"parent":2880,"menu_order":0,"comment_status":"open","ping_status":"open","template":"","meta":{"footnotes":""},"class_list":["post-2908","page","type-page","status-publish","hentry"],"_links":{"self":[{"href":"https:\/\/rcn-ong.be\/en\/wp-json\/wp\/v2\/pages\/2908","targetHints":{"allow":["GET"]}}],"collection":[{"href":"https:\/\/rcn-ong.be\/en\/wp-json\/wp\/v2\/pages"}],"about":[{"href":"https:\/\/rcn-ong.be\/en\/wp-json\/wp\/v2\/types\/page"}],"author":[{"embeddable":true,"href":"https:\/\/rcn-ong.be\/en\/wp-json\/wp\/v2\/users\/3"}],"replies":[{"embeddable":true,"href":"https:\/\/rcn-ong.be\/en\/wp-json\/wp\/v2\/comments?post=2908"}],"version-history":[{"count":7,"href":"https:\/\/rcn-ong.be\/en\/wp-json\/wp\/v2\/pages\/2908\/revisions"}],"predecessor-version":[{"id":4053,"href":"https:\/\/rcn-ong.be\/en\/wp-json\/wp\/v2\/pages\/2908\/revisions\/4053"}],"up":[{"embeddable":true,"href":"https:\/\/rcn-ong.be\/en\/wp-json\/wp\/v2\/pages\/2880"}],"wp:attachment":[{"href":"https:\/\/rcn-ong.be\/en\/wp-json\/wp\/v2\/media?parent=2908"}],"curies":[{"name":"wp","href":"https:\/\/api.w.org\/{rel}","templated":true}]}}