{"id":2913,"date":"2015-03-12T11:55:47","date_gmt":"2015-03-12T11:55:47","guid":{"rendered":"https:\/\/rcn-ong.be\/?page_id=2913"},"modified":"2015-12-11T08:51:24","modified_gmt":"2015-12-11T08:51:24","slug":"2006-2008-pour-une-justice-legitimee","status":"publish","type":"page","link":"https:\/\/rcn-ong.be\/en\/que-faisons-nous\/nos-pays-d-intervention\/realisations-anterieures\/2006-2008-pour-une-justice-legitimee\/","title":{"rendered":"2006 &#8211; 2008 &#8220;Pour une justice l\u00e9gitim\u00e9e&#8221;"},"content":{"rendered":"<p>&nbsp;<\/p>\n<p>Dans un contexte de sortie de crise, le processus de reconstruction appelle la prise en consid\u00e9ration des causes, des facteurs r\u00e9currents et latents et de la gestion des effets du conflit. Les questions li\u00e9es \u00e0 la justice post conflit ont \u00e9volu\u00e9 sans offrir de certitude quant aux perspectives de traitement judiciaire des crimes commis durant le conflit.<\/p>\n<p>A travers ce programme, RCN Justice &amp; D\u00e9mocratie a cherch\u00e9 \u00e0 travailler au plus pr\u00e8s des r\u00e9alit\u00e9s culturelles, historiques et sociales, consid\u00e9rant qu\u2019elles constituent les fondements du processus de reconstruction du Burundi.<\/p>\n<p>L\u2019objectif de ce programme visait <strong>\u00e0 restaurer\u00a0peu \u00e0 peu la justice et des espaces de paroles au sein de la soci\u00e9t\u00e9 burundaise, garantis par les institutions.<\/strong><\/p>\n<p>Dans cette optique, RCN Justice &amp; D\u00e9mocratie a apport\u00e9 son soutien aux institutions judiciaires et \u00e0 la soci\u00e9t\u00e9 civile.<\/p>\n<p><strong><a href=\"https:\/\/rcn-ong.be\/wp-content\/uploads\/2015\/05\/Pour-une-justice-l\u00e9gitim\u00e9e.jpg\"><img loading=\"lazy\" decoding=\"async\" class=\"alignleft size-medium wp-image-3814\" src=\"https:\/\/rcn-ong.be\/wp-content\/uploads\/2015\/05\/Pour-une-justice-l\u00e9gitim\u00e9e-300x225.jpg\" alt=\"Pour une justice l\u00e9gitim\u00e9e\" width=\"300\" height=\"225\" srcset=\"https:\/\/rcn-ong.be\/wp-content\/uploads\/2015\/05\/Pour-une-justice-l\u00e9gitim\u00e9e.jpg 300w, https:\/\/rcn-ong.be\/wp-content\/uploads\/2015\/05\/Pour-une-justice-l\u00e9gitim\u00e9e-100x75.jpg 100w, https:\/\/rcn-ong.be\/wp-content\/uploads\/2015\/05\/Pour-une-justice-l\u00e9gitim\u00e9e-150x113.jpg 150w, https:\/\/rcn-ong.be\/wp-content\/uploads\/2015\/05\/Pour-une-justice-l\u00e9gitim\u00e9e-200x150.jpg 200w\" sizes=\"auto, (max-width: 300px) 100vw, 300px\" \/><\/a>Au niveau de l\u2019appui institutionnel, les activit\u00e9s suivantes ont \u00e9t\u00e9 mises en \u0153uvre :<\/strong><\/p>\n<ul>\n<li>Appui technique : Formation et s\u00e9minaires en faveur de 253 officiers de police judiciaire ;<\/li>\n<li>Appui logistique en consommables et en \u00e9quipements aux Tribunaux de R\u00e9sidence et de Grande Instance, et autres d\u00e9partements de l\u2019organisation judiciaire ;<\/li>\n<li>Publication et diffusion de diff\u00e9rents ouvrages \u00e0 plusieurs institutions ;<\/li>\n<li>Organisation de diff\u00e9rents \u00e9v\u00e9nements dans le cadre de l\u2019appui \u00e0 la participation des acteurs judiciaires dans l\u2019espace public ;<\/li>\n<li>C\u00e9r\u00e9monie de relance officielle des Causeries Judiciaires sous le haut patronage de la Pr\u00e9sidente de la Cour supr\u00eame ;<\/li>\n<li>S\u00e9minaires \u00ab Promotion de la justice, du droit et des pratiques d\u00e9mocratiques aupr\u00e8s des autorit\u00e9s de base\u00a0et des autorit\u00e9s sup\u00e9rieures \u00bb r\u00e9unissant 295 autorit\u00e9s de base\u00a0;<\/li>\n<li>Organisation d\u2019ateliers th\u00e9matiques et de diverses formations centr\u00e9es sur l\u2019appui aux initiatives de promotion de la justice et de protection des droits humains.<\/li>\n<\/ul>\n<p><strong>Concernant le volet de l\u2019appui \u00e0 la soci\u00e9t\u00e9 civile, les actions suivantes ont \u00e9t\u00e9 \u00e9labor\u00e9es :<\/strong><\/p>\n<ul>\n<li>Conception et diffusion de supports de vulgarisation du droit et diffusion des textes de loi (6488 exemplaires des outils de vulgarisation, 100 exemplaires du CPF et une version \u00e9lectronique des textes fondamentaux) ;<\/li>\n<li>production\u00a0des reportages radiophoniques \u00ab Justice, droit et soci\u00e9t\u00e9 \u00bb (49 \u00e9missions hebdomadaires) et trois documentaires radiophoniques sur l\u2019histoire de la Justice au Burundi ont \u00e9galement \u00e9t\u00e9 mont\u00e9s ;<\/li>\n<li>78 Repr\u00e9sentations th\u00e9\u00e2trales sur le th\u00e8me du conflit et de la justice \u00e0 l\u2019attention de 60.000 spectateurs suivis de 38 groupes de parole compos\u00e9s de 950 participants ;<\/li>\n<li>organisations de 36 animations cont\u00e9es pour un public estim\u00e9 \u00e0 2.160 enfants, enregistrement de cinq contes et finalisation de la maquette du recueil de conte illustr\u00e9.<\/li>\n<\/ul>\n<p>A l\u2019issue de ce Programme, trois \u00e9tudes ont \u00e9t\u00e9 r\u00e9alis\u00e9es et publi\u00e9es par RCN :<\/p>\n<ul>\n<li>Une premi\u00e8re \u00e9tude sur &#8220;Le tribunal face au terrain : les probl\u00e8mes d\u2019ex\u00e9cution des jugements au Mugamba dans une perspective juridique et anthropologique&#8221;. <a href=\"https:\/\/rcn-ong.be\/?p=3287\" target=\"_blank\">Vous la trouverez ici<\/a>.<\/li>\n<li>Une deuxi\u00e8me \u00e9tude sur les &#8220;Paroles de Burundais sur la justice d\u2019apr\u00e8s-guerre&#8221;. <a href=\"https:\/\/rcn-ong.be\/?p=3285\" target=\"_blank\">Vous la trouverez ici<\/a>.<\/li>\n<li>Une troisi\u00e8me \u00e9tude sur &#8220;La justice de proximit\u00e9 au Burundi. R\u00e9alit\u00e9s et perspectives&#8221;. <a href=\"https:\/\/rcn-ong.be\/?p=3280\" target=\"_blank\">Vous la trouverez ici<\/a>.<\/li>\n<\/ul>\n<p><a href=\"https:\/\/rcn-ong.be\/wp-content\/uploads\/2015\/05\/Publication-Burundi-2007-Nouvelle_image.bmp\"><br \/>\n<\/a><\/p>\n","protected":false},"excerpt":{"rendered":"<p>&nbsp;<\/p>\n<p>Dans un contexte de sortie de crise, le processus de reconstruction appelle la prise en consid\u00e9ration des causes, des facteurs r\u00e9currents et latents et de la gestion des effets du conflit. Les questions li\u00e9es \u00e0 la justice post conflit ont \u00e9volu\u00e9 sans offrir de certitude quant aux perspectives de traitement judiciaire des crimes commis durant le conflit.<\/p>\n<p><span class=\"ellipsis\">&hellip;<\/span><\/p>\n<div class=\"read-more\"><a href=\"https:\/\/rcn-ong.be\/en\/que-faisons-nous\/nos-pays-d-intervention\/realisations-anterieures\/2006-2008-pour-une-justice-legitimee\/\">Read more &#8250;<\/a><\/div>\n<p><!-- end of .read-more --><\/p>\n","protected":false},"author":3,"featured_media":0,"parent":2880,"menu_order":0,"comment_status":"open","ping_status":"open","template":"","meta":{"footnotes":""},"class_list":["post-2913","page","type-page","status-publish","hentry"],"_links":{"self":[{"href":"https:\/\/rcn-ong.be\/en\/wp-json\/wp\/v2\/pages\/2913","targetHints":{"allow":["GET"]}}],"collection":[{"href":"https:\/\/rcn-ong.be\/en\/wp-json\/wp\/v2\/pages"}],"about":[{"href":"https:\/\/rcn-ong.be\/en\/wp-json\/wp\/v2\/types\/page"}],"author":[{"embeddable":true,"href":"https:\/\/rcn-ong.be\/en\/wp-json\/wp\/v2\/users\/3"}],"replies":[{"embeddable":true,"href":"https:\/\/rcn-ong.be\/en\/wp-json\/wp\/v2\/comments?post=2913"}],"version-history":[{"count":8,"href":"https:\/\/rcn-ong.be\/en\/wp-json\/wp\/v2\/pages\/2913\/revisions"}],"predecessor-version":[{"id":4052,"href":"https:\/\/rcn-ong.be\/en\/wp-json\/wp\/v2\/pages\/2913\/revisions\/4052"}],"up":[{"embeddable":true,"href":"https:\/\/rcn-ong.be\/en\/wp-json\/wp\/v2\/pages\/2880"}],"wp:attachment":[{"href":"https:\/\/rcn-ong.be\/en\/wp-json\/wp\/v2\/media?parent=2913"}],"curies":[{"name":"wp","href":"https:\/\/api.w.org\/{rel}","templated":true}]}}