{"id":2938,"date":"2015-03-17T10:38:46","date_gmt":"2015-03-17T10:38:46","guid":{"rendered":"https:\/\/rcn-ong.be\/?page_id=2938"},"modified":"2025-04-02T15:08:03","modified_gmt":"2025-04-02T13:08:03","slug":"campagne-de-sensibilisation-sur-les-poursuites-devant-les-cae-des-crimes-internationaux-commis-au-tchad-de-1982-1990","status":"publish","type":"page","link":"https:\/\/rcn-ong.be\/en\/que-faisons-nous\/nos-pays-d-intervention\/chambres-africaines-extraordinaires\/programmes-en-cours\/campagne-de-sensibilisation-sur-les-poursuites-devant-les-cae-des-crimes-internationaux-commis-au-tchad-de-1982-1990\/","title":{"rendered":"Campagne de sensibilisation sur les poursuites devant les CAE des crimes internationaux commis au Tchad de 1982-1990&#8243;"},"content":{"rendered":"<h1>\u00ab Rapprocher la justice des populations \u00bb, sensibilisation pour tous sur les Chambres Africaines Extraordinaires.<\/h1>\n<h2><span style=\"color: #ff0000;\">Programme de sensibilisation sur les Chambres Africaines Extraordinaires<\/span><\/h2>\n<p><a href=\"https:\/\/rcn-ong.be\/wp-content\/uploads\/2015\/04\/Logos-2-e1430134901733.jpg\"><img loading=\"lazy\" decoding=\"async\" class=\"aligncenter size-medium wp-image-3726\" src=\"https:\/\/rcn-ong.be\/wp-content\/uploads\/2015\/04\/Logos-2-e1430134804331-300x62.jpg\" alt=\"Logos 2\" width=\"300\" height=\"62\" \/><\/a><\/p>\n<p>La cr\u00e9ation des Chambres Africaines Extraordinaires (CAE) r\u00e9sulte de la d\u00e9cision de l\u2019Union Africaine du 2 juillet 2006 donnant mandat \u00e0 \u00ab la R\u00e9publique du S\u00e9n\u00e9gal de poursuivre et de faire juger, au nom de l\u2019Afrique, Hiss\u00e8ne Habr\u00e9, par une juridiction s\u00e9n\u00e9galaise comp\u00e9tente avec les garanties d\u2019un proc\u00e8s \u00e9quitable \u00bb. Cette d\u00e9cision a \u00e9t\u00e9 confort\u00e9e par un accord entre l\u2019Union Africaine et la R\u00e9publique du S\u00e9n\u00e9gal ainsi que par des adaptations juridiques internes au droit S\u00e9n\u00e9galais.<\/p>\n<p><strong>Les CAE, de par leur Statut, ont re\u00e7u mandat de \u00ab poursuivre les crimes internationaux commis au Tchad durant la p\u00e9riode du 7 juin 1982 au 1er d\u00e9cembre 1990 \u00bb<\/strong>. Ainsi, vingt ans apr\u00e8s la cr\u00e9ation des tribunaux p\u00e9naux internationaux pour le Rwanda et pour l\u2019Ex-Yougoslavie, alors que les principaux mod\u00e8les de justice internationale ont fait preuve de grands accomplissements mais ont aussi montr\u00e9 leurs limites, notamment en ce qui concerne la conduite du proc\u00e8s en proximit\u00e9 avec les populations concern\u00e9es, la cr\u00e9ation de ce premier tribunal p\u00e9nal interafricain marque une \u00e9tape historique : un ancien chef d\u2019Etat africain devrait \u00eatre jug\u00e9 par cette nouvelle juridiction africaine, qui est unique au monde. Pour que le proc\u00e8s devant les CAE initie un tournant pour la justice en Afrique et qu\u2019il devienne un v\u00e9ritable pr\u00e9c\u00e9dent aux niveaux continental et mondial, il faut qu\u2019il soit compris, connu et d\u00e9battu par les populations s\u00e9n\u00e9galaises et tchadiennes et par le monde entier. C\u2019est dans cette perspective que les CAE ont recrut\u00e9, par la voie d\u2019un march\u00e9 de services, notre consortium charg\u00e9 de concevoir et de mettre en \u0153uvre une strat\u00e9gie d\u2019information et de sensibilisation consacr\u00e9e aux activit\u00e9s conduites par les CAE.<\/p>\n<p>Le programme de sensibilisation sur les Chambres Africaines Extraordinaires (CAE) r\u00e9pond aux dispositions pr\u00e9vues lors de l\u2019adoption de leur Statut par le gouvernement de la R\u00e9publique du S\u00e9n\u00e9gal et l\u2019Union africaine le 22 ao\u00fbt 2012. Charg\u00e9 de rapprocher la justice des populations, ce programme pr\u00e9voit de nombreuses activit\u00e9s pour accompagner un processus judiciaire important, qui marque un tournant pour la justice internationale et pour l\u2019Afrique. Son objectif principal est de rapprocher la justice des populations en tenant compte, en particulier, du fait que les CAE travaillent \u00e0 Dakar, et donc \u00e0 une distance insurmontable pour les populations Tchadiennes.<\/p>\n<p>Qu\u2019est-ce que la \u00ab sensibilisation \u00bb ? Historiquement, le Tribunal Sp\u00e9cial pour la Sierra L\u00e9one (TSSL) a \u00e9t\u00e9 le premier \u00e0 d\u00e9velopper, de fa\u00e7on \u00e9tendue, des activit\u00e9s de sensibilisation lui permettant d\u2019\u00e9changer avec des populations qui ne pouvaient assister aux proc\u00e8s. Par la suite, les Chambres Extraordinaires au sein des Tribunaux Cambodgiens (CETC) ont d\u00e9velopp\u00e9 de nombreuses activit\u00e9s pour informer les populations vivant dans des endroits recul\u00e9s sur les proc\u00e8s men\u00e9s contre d\u2019anciens chefs Khmers Rouges. Ces activit\u00e9s sont aujourd\u2019hui consid\u00e9r\u00e9es comme essentielles pour permettre l\u2019appropriation et la compr\u00e9hension de ces justices ad hoc. Il s\u2019agit de d\u00e9velopper un programme dynamique et adapt\u00e9 aux r\u00e9alit\u00e9s, ancr\u00e9 au Tchad et au S\u00e9n\u00e9gal, permettant de faire conna\u00eetre le r\u00f4le des CAE sur le continent et dans le monde, dans le respect des publics et des parties au proc\u00e8s.<\/p>\n<h2><strong>Principes-cl\u00e9s guidant les actions du consortium :<\/strong><\/h2>\n<ul>\n<li><strong>Neutralit\u00e9<\/strong>. Ce programme m\u00e8ne ses activit\u00e9s sans discrimination avec tous les membres des soci\u00e9t\u00e9s concern\u00e9es et toutes les parties au proc\u00e8s.<\/li>\n<li><strong>Ind\u00e9pendance<\/strong>. Le programme de sensibilisation s\u2019efforce, \u00e0 l\u2019image de l\u2019institution judiciaire, de respecter le principe d\u2019ind\u00e9pendance vis-\u00e0-vis des pouvoirs et des opinions politiques, et de diffuser des informations exactes et \u00e9quilibr\u00e9es, sans se faire l\u2019avocat ni de la d\u00e9fense ni de l\u2019accusation.<\/li>\n<li><strong>Participation<\/strong>. Il est aujourd\u2019hui reconnu qu\u2019un bon programme de sensibilisation ne doit pas se concentrer exclusivement sur la proc\u00e9dure en cours. Ce programme prendra avant tout en compte les pr\u00e9occupations des communaut\u00e9s affect\u00e9es en s\u2019effor\u00e7ant de r\u00e9pondre \u00e0 leurs questions.<\/li>\n<li><strong>Interactivit\u00e9<\/strong>. Ce programme est d\u00e9velopp\u00e9 gr\u00e2ce \u00e0 des outils et \u00e0 des initiatives con\u00e7us dans l\u2019intention d\u2019\u00e9tablir une communication interactive, fonctionnant autant que possible dans les deux sens, entre les chambres africaines, les communaut\u00e9s affect\u00e9es, et avec tous les publics.<\/li>\n<li><strong>Proximit\u00e9<\/strong>. D\u00e9ploy\u00e9 au S\u00e9n\u00e9gal et au Tchad gr\u00e2ce \u00e0 ses points focaux, ce programme s\u2019attache \u00e0 maximiser son impact et sa pertinence par des partenariats locaux avec des m\u00e9dias, des organisations de la soci\u00e9t\u00e9 civile, des universitaires et des acteurs culturels jusque dans les endroits les plus recul\u00e9s.<\/li>\n<\/ul>\n<h2><strong>Activit\u00e9s<\/strong> :<\/h2>\n<p>Les activit\u00e9s sont adapt\u00e9es aux publics cibles : les victimes, les organisations de la soci\u00e9t\u00e9 civile, les m\u00e9dias et les leaders intellectuels. Tandis que les activit\u00e9s ont essentiellement lieu au S\u00e9n\u00e9gal et au Tchad, la sensibilisation en dehors de ces deux pays en fait \u00e9galement.<\/p>\n<p>Au total, le plan de sensibilisation pr\u00e9voit pr\u00e8s de <strong>500 moments cl\u00e9s, d\u00e9clin\u00e9s en 25 activit\u00e9s principales, durant les 21 mois de sa r\u00e9alisation<\/strong>. Quelques exemples d\u2019activit\u00e9s pr\u00e9vues et en cours :<\/p>\n<ul>\n<li><strong>Pr\u00e9sentation du plan de sensibilisation aux avocats de la d\u00e9fense et des victimes. <\/strong>Dans une d\u00e9marche de transparence marquant la neutralit\u00e9 du travail de sensibilisation, les \u00e9quipes d\u2019avocats de la d\u00e9fense d\u2019une part et des victimes d\u2019autre part seront invit\u00e9es \u00e0 un \u00e9change pour les informer sur les grands axes du plan de sensibilisation.<\/li>\n<li><strong>Participation \u00e0 des \u00e9missions radio et t\u00e9l\u00e9vis\u00e9es. <\/strong>Ces \u00e9missions auront pour objectif d\u2019entendre les diff\u00e9rentes parties prenantes, de participer \u00e0 des d\u00e9bats, d\u2019expliquer et d\u2019informer sur l\u2019activit\u00e9 judiciaire des CAE.<\/li>\n<li><strong>Production et diffusion de spots radios.<\/strong> Ces spots radio auront une port\u00e9e informative pour le grand public au Tchad et au S\u00e9n\u00e9gal.<\/li>\n<li><strong>Cr\u00e9ation d\u2019une plateforme Internet interactive. <\/strong>Ce site Internet permettra de cr\u00e9er un espace d\u2019\u00e9changes vivant entre les publics cibles et le grand public, pour favoriser la meilleure compr\u00e9hension des CAE et favoriser les d\u00e9bats.<\/li>\n<li><strong>D\u00e9bats publics au S\u00e9n\u00e9gal et au Tchad.<\/strong> Ces d\u00e9bats publics permettront le dialogue entre des autorit\u00e9s, des parlementaires, des professeurs d\u2019universit\u00e9 et d\u2019autres acteurs pertinents.<\/li>\n<li><strong>Journ\u00e9es de dialogue avec les victimes au Tchad.<\/strong> Des rencontres d\u2019information seront organis\u00e9es au Tchad pour informer les victimes sur leurs droits et sur le fonctionnement des CAE et r\u00e9pondre \u00e0 leurs interrogations.<\/li>\n<li><strong>Ateliers au Tchad avec la soci\u00e9t\u00e9 civile.<\/strong> Ces ateliers permettront \u00e0 travers les organisations de la soci\u00e9t\u00e9 civile de toucher et d\u2019informer les victimes jusque dans les endroits les plus retir\u00e9s.<\/li>\n<li><strong>Ateliers pour les journalistes au Tchad et au S\u00e9n\u00e9gal.<\/strong>Des ateliers seront organis\u00e9s pour les journalistes de la presse publique et priv\u00e9e (Presse \u00e9crite, TV, Radios, Online) sur la cr\u00e9ation, le r\u00f4le, les enjeux et les activit\u00e9s des CAE.<\/li>\n<li><strong>Pr\u00e9sence de journalistes tchadiens au proc\u00e8s. <\/strong>La pr\u00e9sence de journalistes tchadiens au S\u00e9n\u00e9gal sera facilit\u00e9e, en cas de proc\u00e8s.<\/li>\n<\/ul>\n<p>Le programme aura bient\u00f4t son propre site interactif : <a href=\"http:\/\/www.forumchambresafricaines.org\/V1_ficae\/\" target=\"_blank\" rel=\"noopener noreferrer\">www.forumchambresafricaines.org<\/a><\/p>\n<p><a href=\"https:\/\/rcn-ong.be\/wp-content\/uploads\/2015\/03\/CAE-photos-pgm.jpg\"><img loading=\"lazy\" decoding=\"async\" class=\"alignnone wp-image-4457 size-full\" src=\"https:\/\/rcn-ong.be\/wp-content\/uploads\/2015\/03\/CAE-photos-pgm.jpg\" alt=\"\" width=\"606\" height=\"410\" srcset=\"https:\/\/rcn-ong.be\/wp-content\/uploads\/2015\/03\/CAE-photos-pgm.jpg 606w, https:\/\/rcn-ong.be\/wp-content\/uploads\/2015\/03\/CAE-photos-pgm-300x203.jpg 300w, https:\/\/rcn-ong.be\/wp-content\/uploads\/2015\/03\/CAE-photos-pgm-100x68.jpg 100w, https:\/\/rcn-ong.be\/wp-content\/uploads\/2015\/03\/CAE-photos-pgm-150x101.jpg 150w, https:\/\/rcn-ong.be\/wp-content\/uploads\/2015\/03\/CAE-photos-pgm-200x135.jpg 200w, https:\/\/rcn-ong.be\/wp-content\/uploads\/2015\/03\/CAE-photos-pgm-450x304.jpg 450w, https:\/\/rcn-ong.be\/wp-content\/uploads\/2015\/03\/CAE-photos-pgm-600x406.jpg 600w\" sizes=\"auto, (max-width: 606px) 100vw, 606px\" \/><\/a><\/p>\n","protected":false},"excerpt":{"rendered":"<p>\u00ab Rapprocher la justice des populations \u00bb, sensibilisation pour tous sur les Chambres Africaines Extraordinaires.<br \/>\n<span style=\"color: #ff0000;\">Programme de sensibilisation sur les Chambres Africaines Extraordinaires<\/span><\/p>\n<p><a href=\"https:\/\/rcn-ong.be\/wp-content\/uploads\/2015\/04\/Logos-2-e1430134901733.jpg\"><img loading=\"lazy\" decoding=\"async\" class=\"aligncenter size-medium wp-image-3726\" src=\"https:\/\/rcn-ong.be\/wp-content\/uploads\/2015\/04\/Logos-2-e1430134804331-300x62.jpg\" alt=\"Logos 2\" width=\"300\" height=\"62\" \/><\/a><\/p>\n<p>La cr\u00e9ation des Chambres Africaines Extraordinaires (CAE) r\u00e9sulte de la d\u00e9cision de l\u2019Union Africaine du 2 juillet 2006 donnant mandat \u00e0 \u00ab la R\u00e9publique du S\u00e9n\u00e9gal de poursuivre et de faire juger,<\/p>\n<p><span class=\"ellipsis\">&hellip;<\/span><\/p>\n<div class=\"read-more\"><a href=\"https:\/\/rcn-ong.be\/en\/que-faisons-nous\/nos-pays-d-intervention\/chambres-africaines-extraordinaires\/programmes-en-cours\/campagne-de-sensibilisation-sur-les-poursuites-devant-les-cae-des-crimes-internationaux-commis-au-tchad-de-1982-1990\/\">Read more &#8250;<\/a><\/div>\n<p><!-- end of .read-more --><\/p>\n","protected":false},"author":3,"featured_media":0,"parent":2935,"menu_order":0,"comment_status":"open","ping_status":"open","template":"","meta":{"footnotes":""},"class_list":["post-2938","page","type-page","status-publish","hentry"],"_links":{"self":[{"href":"https:\/\/rcn-ong.be\/en\/wp-json\/wp\/v2\/pages\/2938","targetHints":{"allow":["GET"]}}],"collection":[{"href":"https:\/\/rcn-ong.be\/en\/wp-json\/wp\/v2\/pages"}],"about":[{"href":"https:\/\/rcn-ong.be\/en\/wp-json\/wp\/v2\/types\/page"}],"author":[{"embeddable":true,"href":"https:\/\/rcn-ong.be\/en\/wp-json\/wp\/v2\/users\/3"}],"replies":[{"embeddable":true,"href":"https:\/\/rcn-ong.be\/en\/wp-json\/wp\/v2\/comments?post=2938"}],"version-history":[{"count":21,"href":"https:\/\/rcn-ong.be\/en\/wp-json\/wp\/v2\/pages\/2938\/revisions"}],"predecessor-version":[{"id":11515,"href":"https:\/\/rcn-ong.be\/en\/wp-json\/wp\/v2\/pages\/2938\/revisions\/11515"}],"up":[{"embeddable":true,"href":"https:\/\/rcn-ong.be\/en\/wp-json\/wp\/v2\/pages\/2935"}],"wp:attachment":[{"href":"https:\/\/rcn-ong.be\/en\/wp-json\/wp\/v2\/media?parent=2938"}],"curies":[{"name":"wp","href":"https:\/\/api.w.org\/{rel}","templated":true}]}}