{"id":2944,"date":"2015-03-17T10:42:37","date_gmt":"2015-03-17T10:42:37","guid":{"rendered":"https:\/\/rcn-ong.be\/?page_id=2944"},"modified":"2025-04-02T15:04:40","modified_gmt":"2025-04-02T13:04:40","slug":"partenaires","status":"publish","type":"page","link":"https:\/\/rcn-ong.be\/en\/que-faisons-nous\/nos-pays-d-intervention\/chambres-africaines-extraordinaires\/programmes-en-cours\/partenaires\/","title":{"rendered":"Partenaires du consortium"},"content":{"rendered":"<p>Les activit\u00e9s se d\u00e9roulant au S\u00e9n\u00e9gal, au Tchad et au niveau international, notre consortium est compos\u00e9 de 3 partenaires qui se compl\u00e8tent de par leur expertise th\u00e9matique et leur implantation g\u00e9ographique.<\/p>\n<p>RCN Justice &amp; D\u00e9mocratie est une ONG belge, qui r\u00e9alise depuis vingt ans des projets de renforcement de l\u2019Etat de droit et de justice de proximit\u00e9 en Afrique, en Ha\u00efti et en Europe. Les programmes comprennent, entre autres, des activit\u00e9s de sensibilisation, le d\u00e9veloppement d\u2019outils de vulgarisation sur les crimes internationaux et la justice, la formation et l\u2019encadrement de journalistes, la publication d\u2019ouvrages et d\u2019un Bulletin trimestriel sur la compl\u00e9mentarit\u00e9 entre la justice p\u00e9nale internationale et les justices nationales. RCN Justice &amp; D\u00e9mocratie b\u00e9n\u00e9ficie, entre autres, du soutien de l\u2019Union Europ\u00e9enne, UN Women, la Belgique, les Pays-Bas, la Su\u00e8de, la Suisse, le Japon. Cette organisation servira de relais pour les contacts en Europe et les activit\u00e9s au niveau international.<\/p>\n<p><strong>Primum Africa Consulting (PAC)<\/strong> est un cabinet priv\u00e9 et ind\u00e9pendant, bas\u00e9 \u00e0 Dakar. Il est sp\u00e9cialis\u00e9 dans les \u00e9tudes et le conseil, la strat\u00e9gie et la communication, l\u2019organisation de campagnes de sensibilisation, les relations-presse, le media training et la traduction de documents. Primum Africa Consulting a travaill\u00e9 avec des agences des Nations unies, des institutions internationales, des Etats et de grandes entreprises. Primum Africa Consulting constituera le bureau du projet \u00e0 Dakar.<\/p>\n<p><strong>Magi Communications Presse &amp; Services<\/strong> est un cabinet de consultants et d\u2019experts, bas\u00e9 \u00e0 N\u2019Djamena. Le cabinet r\u00e9alise des \u00e9tudes dans divers domaines de communication, de d\u00e9veloppement, du droit et du marketing. Il s\u2019occupe \u00e9galement de l\u2019organisation de formations, d\u2019organisation et de mod\u00e9ration de colloques et s\u00e9minaires, d\u2019accompagnement d\u2019associations et d\u2019organisations communautaires de base, etc. Magi Communications a travaill\u00e9 pour la Commission Economique pour l\u2019Afrique, l\u2019Union Europ\u00e9enne et d\u2019autres institutions internationales. Ce cabinet constituera l\u2019antenne du projet \u00e0 Ndjam\u00e9na et sera responsable de l\u2019ex\u00e9cution du programme au Tchad.<\/p>\n","protected":false},"excerpt":{"rendered":"<p>Les activit\u00e9s se d\u00e9roulant au S\u00e9n\u00e9gal, au Tchad et au niveau international, notre consortium est compos\u00e9 de 3 partenaires qui se compl\u00e8tent de par leur expertise th\u00e9matique et leur implantation g\u00e9ographique.<\/p>\n<p>RCN Justice &amp; D\u00e9mocratie est une ONG belge,<\/p>\n<p><span class=\"ellipsis\">&hellip;<\/span><\/p>\n<div class=\"read-more\"><a href=\"https:\/\/rcn-ong.be\/en\/que-faisons-nous\/nos-pays-d-intervention\/chambres-africaines-extraordinaires\/programmes-en-cours\/partenaires\/\">Read more &#8250;<\/a><\/div>\n<p><!-- end of .read-more --><\/p>\n","protected":false},"author":3,"featured_media":0,"parent":2935,"menu_order":0,"comment_status":"open","ping_status":"open","template":"","meta":{"footnotes":""},"class_list":["post-2944","page","type-page","status-publish","hentry"],"_links":{"self":[{"href":"https:\/\/rcn-ong.be\/en\/wp-json\/wp\/v2\/pages\/2944","targetHints":{"allow":["GET"]}}],"collection":[{"href":"https:\/\/rcn-ong.be\/en\/wp-json\/wp\/v2\/pages"}],"about":[{"href":"https:\/\/rcn-ong.be\/en\/wp-json\/wp\/v2\/types\/page"}],"author":[{"embeddable":true,"href":"https:\/\/rcn-ong.be\/en\/wp-json\/wp\/v2\/users\/3"}],"replies":[{"embeddable":true,"href":"https:\/\/rcn-ong.be\/en\/wp-json\/wp\/v2\/comments?post=2944"}],"version-history":[{"count":2,"href":"https:\/\/rcn-ong.be\/en\/wp-json\/wp\/v2\/pages\/2944\/revisions"}],"predecessor-version":[{"id":11509,"href":"https:\/\/rcn-ong.be\/en\/wp-json\/wp\/v2\/pages\/2944\/revisions\/11509"}],"up":[{"embeddable":true,"href":"https:\/\/rcn-ong.be\/en\/wp-json\/wp\/v2\/pages\/2935"}],"wp:attachment":[{"href":"https:\/\/rcn-ong.be\/en\/wp-json\/wp\/v2\/media?parent=2944"}],"curies":[{"name":"wp","href":"https:\/\/api.w.org\/{rel}","templated":true}]}}