{"id":2964,"date":"2015-03-17T11:21:06","date_gmt":"2015-03-17T11:21:06","guid":{"rendered":"https:\/\/rcn-ong.be\/?page_id=2964"},"modified":"2015-12-11T09:08:48","modified_gmt":"2015-12-11T09:08:48","slug":"realisations-anterieures","status":"publish","type":"page","link":"https:\/\/rcn-ong.be\/en\/que-faisons-nous\/nos-pays-d-intervention\/republique-democratique-du-congo\/realisations-anterieures\/","title":{"rendered":"R\u00e9alisations ant\u00e9rieures"},"content":{"rendered":"<ul>\n<li><a href=\"https:\/\/rcn-ong.be\/?p=3005\" target=\"_blank\">Projet 2011 &#8211; 2013 &#8220;Pour une justice de proximit\u00e9 en R\u00e9publique d\u00e9mocratique du Congo&#8221;<\/a><\/li>\n<li><a href=\"https:\/\/rcn-ong.be\/?p=3010\" target=\"_blank\">Projet 2010 &#8211; 2013 &#8220;Contribuer \u00e0 la libert\u00e9 d\u2019expression en R\u00e9publique d\u00e9mocratique du Congo&#8221;<\/a><\/li>\n<li><a href=\"https:\/\/rcn-ong.be\/?p=3015\" target=\"_blank\">Projet 2009 &#8211; 2011 &#8220;Appui \u00e0 la transition vers un \u00e9tat de droit, \u00e0 la justice de proximit\u00e9 et \u00e0 la pacification sociale&#8221;<\/a><\/li>\n<li><a href=\"https:\/\/rcn-ong.be\/?p=3021\" target=\"_blank\">Projet 2005 &#8211; 2006 &#8220;Appui au renforcement de l\u2019Etat de droit et de la justice dans la ville de Kinshasa et dans les provinces du Bas-Congo et du Bandundu&#8221;<\/a><\/li>\n<li><a href=\"https:\/\/rcn-ong.be\/?p=3027\" target=\"_blank\">Projet 2003 &#8211; 2004 &#8220;Appui institutionnel au syst\u00e8me judiciaire pour l\u2019instauration d\u2019une justice effective en R\u00e9publique d\u00e9mocratique du Congo&#8221;<\/a><\/li>\n<li><a href=\"https:\/\/rcn-ong.be\/?p=3032\" target=\"_blank\">Projet 2000 &#8211; 2002 &#8220;Appui \u00e0 la justice en R\u00e9publique d\u00e9mocratique du Congo&#8221;<\/a><\/li>\n<\/ul>\n<p>&nbsp;<\/p>\n","protected":false},"excerpt":{"rendered":"<ul>\n<li><a href=\"https:\/\/rcn-ong.be\/?p=3005\" target=\"_blank\">Projet 2011 &#8211; 2013 &#8220;Pour une justice de proximit\u00e9 en R\u00e9publique d\u00e9mocratique du Congo&#8221;<\/a><\/li>\n<li><a href=\"https:\/\/rcn-ong.be\/?p=3010\" target=\"_blank\">Projet 2010 &#8211; 2013 &#8220;Contribuer \u00e0 la libert\u00e9 d\u2019expression en R\u00e9publique d\u00e9mocratique du Congo&#8221;<\/a><\/li>\n<li><a href=\"https:\/\/rcn-ong.be\/?p=3015\" target=\"_blank\">Projet 2009 &#8211;<\/a><\/li>\n<\/ul>\n<p><span class=\"ellipsis\">&hellip;<\/span><\/p>\n<div class=\"read-more\"><a href=\"https:\/\/rcn-ong.be\/en\/que-faisons-nous\/nos-pays-d-intervention\/republique-democratique-du-congo\/realisations-anterieures\/\">Read more &#8250;<\/a><\/div>\n<p><!-- end of .read-more --><\/p>\n","protected":false},"author":3,"featured_media":0,"parent":2171,"menu_order":0,"comment_status":"open","ping_status":"open","template":"sidebar-content-page.php","meta":{"footnotes":""},"class_list":["post-2964","page","type-page","status-publish","hentry"],"_links":{"self":[{"href":"https:\/\/rcn-ong.be\/en\/wp-json\/wp\/v2\/pages\/2964","targetHints":{"allow":["GET"]}}],"collection":[{"href":"https:\/\/rcn-ong.be\/en\/wp-json\/wp\/v2\/pages"}],"about":[{"href":"https:\/\/rcn-ong.be\/en\/wp-json\/wp\/v2\/types\/page"}],"author":[{"embeddable":true,"href":"https:\/\/rcn-ong.be\/en\/wp-json\/wp\/v2\/users\/3"}],"replies":[{"embeddable":true,"href":"https:\/\/rcn-ong.be\/en\/wp-json\/wp\/v2\/comments?post=2964"}],"version-history":[{"count":10,"href":"https:\/\/rcn-ong.be\/en\/wp-json\/wp\/v2\/pages\/2964\/revisions"}],"predecessor-version":[{"id":4074,"href":"https:\/\/rcn-ong.be\/en\/wp-json\/wp\/v2\/pages\/2964\/revisions\/4074"}],"up":[{"embeddable":true,"href":"https:\/\/rcn-ong.be\/en\/wp-json\/wp\/v2\/pages\/2171"}],"wp:attachment":[{"href":"https:\/\/rcn-ong.be\/en\/wp-json\/wp\/v2\/media?parent=2964"}],"curies":[{"name":"wp","href":"https:\/\/api.w.org\/{rel}","templated":true}]}}