{"id":2979,"date":"2015-03-17T11:39:37","date_gmt":"2015-03-17T11:39:37","guid":{"rendered":"https:\/\/rcn-ong.be\/?page_id=2979"},"modified":"2015-12-11T09:08:12","modified_gmt":"2015-12-11T09:08:12","slug":"projet-dappui-aux-organisations-paysannes-pour-un-developpement-durable-de-lagriculture","status":"publish","type":"page","link":"https:\/\/rcn-ong.be\/en\/que-faisons-nous\/nos-pays-d-intervention\/republique-democratique-du-congo\/programmes-en-cours\/projet-dappui-aux-organisations-paysannes-pour-un-developpement-durable-de-lagriculture\/","title":{"rendered":"&#8220;Projet d\u2019appui aux organisations paysannes pour un d\u00e9veloppement durable de l\u2019agriculture&#8221;"},"content":{"rendered":"<p>&nbsp;<\/p>\n<p>Le 24 d\u00e9cembre 2011, le Pr\u00e9sident de la R\u00e9publique d\u00e9mocratique du Congo a promulgu\u00e9 la loi portant sur les principes fondamentaux relatifs \u00e0 l\u2019agriculture. Mi-2013, le gouvernement a \u00e9galement mis en place une Commission nationale de la r\u00e9forme fonci\u00e8re (CONAREF) qui marque le d\u00e9but d\u2019un processus de r\u00e9forme de fond de la gestion fonci\u00e8re en RDC.<\/p>\n<p>Parall\u00e8lement, RCN a rejoint en 2012 l\u2019Alliance AgriCongo, compos\u00e9e d\u2019organisations belges actives dans le d\u00e9veloppement rural. L\u2019Alliance d\u00e9veloppe des projets de \u00ab Synergies et compl\u00e9mentarit\u00e9s \u00bb qui portent sur l\u2019appui au plaidoyer et \u00e0 la structuration paysanne provinciale et nationale en RDC.<\/p>\n<p>C\u2019est dans ce contexte que RCN a d\u00e9marr\u00e9 d\u00e9but 2013 un projet de soutien au mouvement paysan pour renforcer les connaissances et capacit\u00e9s des organisations paysannes, et les aider \u00e0 mener leur travail de plaidoyer dans le cadre de ces deux r\u00e9formes. Notre projet et celui de l\u2019Alliance AgriCongo s\u2019inscrivent dans la compl\u00e9mentarit\u00e9 et se renforcent mutuellement.<\/p>\n<p>L\u2019objectif g\u00e9n\u00e9ral du projet consiste \u00e0 promouvoir l\u2019agriculture paysanne comme moteur \u00e9conomique majeur en RDC. Plus sp\u00e9cifiquement, le projet vise \u00e0 renforcer le r\u00f4le des organisations paysannes dans la formulation, la mise en \u0153uvre et le suivi des strat\u00e9gies nationales de d\u00e9veloppement agricole et de s\u00e9curisation fonci\u00e8re des paysans sur leurs terres.<\/p>\n<p>Le projet couvre les provinces du Bas-Congo, du Bandundu et du Kasa\u00ef Occidental, et \u0153uvre \u00e9galement \u00e0 un niveau national \u00e0 Kinshasa. Ce projet b\u00e9n\u00e9ficie du financement de l\u2019Union europ\u00e9enne.<\/p>\n<p>Le projet s\u2019articule autour de deux axes principaux :<\/p>\n<p>D\u2019une part, \u00e0 travers ce projet, <strong>les capacit\u00e9s de participation citoyenne et les connaissances en droit des organisations paysannes seront am\u00e9lior\u00e9es.<\/strong><\/p>\n<p>Principales activit\u00e9s pr\u00e9vues :<\/p>\n<ul>\n<li>Cr\u00e9ation d\u2019un r\u00e9pertoire des organisations paysannes dans les zones cibles du projet ;<\/li>\n<li>appui \u00e0 la structuration du mouvement paysan ;<\/li>\n<li>formations en techniques de participation citoyenne aux affaires publiques ;<\/li>\n<li>formation en droit foncier sur l\u2019acquisition et la s\u00e9curisation des terres.<\/li>\n<\/ul>\n<p>D\u2019autre part, on esp\u00e8re que renforc\u00e9es dans leurs capacit\u00e9s, <strong>les organisations paysannes seront en mesure de participer effectivement \u00e0 la r\u00e9forme agricole et m\u00e8neront des actions de plaidoyer pour la r\u00e9forme de la loi fonci\u00e8re.<\/strong><\/p>\n<p>Principales activit\u00e9s pr\u00e9vues :<\/p>\n<ul>\n<li>Soutien au plaidoyer national des organisations paysannes sur les r\u00e9formes agricole et fonci\u00e8re \u00e0 travers les cadres de concertation avec les autorit\u00e9s aux niveaux national, provincial et local ;<\/li>\n<li>promotion de la participation des femmes paysannes et des jeunes des milieux ruraux dans la concertation avec les autorit\u00e9s sur les r\u00e9formes agricole et fonci\u00e8re ;<\/li>\n<li>concertation entre organisations paysannes et autorit\u00e9s locales pour la r\u00e9solution de cas concrets de conflits fonciers portant sur des terres agricoles.<\/li>\n<\/ul>\n","protected":false},"excerpt":{"rendered":"<p>&nbsp;<\/p>\n<p>Le 24 d\u00e9cembre 2011, le Pr\u00e9sident de la R\u00e9publique d\u00e9mocratique du Congo a promulgu\u00e9 la loi portant sur les principes fondamentaux relatifs \u00e0 l\u2019agriculture. Mi-2013, le gouvernement a \u00e9galement mis en place une Commission nationale de la r\u00e9forme fonci\u00e8re (CONAREF) qui marque le d\u00e9but d\u2019un processus de r\u00e9forme de fond de la gestion fonci\u00e8re en RDC.<\/p>\n<p><span class=\"ellipsis\">&hellip;<\/span><\/p>\n<div class=\"read-more\"><a href=\"https:\/\/rcn-ong.be\/en\/que-faisons-nous\/nos-pays-d-intervention\/republique-democratique-du-congo\/programmes-en-cours\/projet-dappui-aux-organisations-paysannes-pour-un-developpement-durable-de-lagriculture\/\">Read more &#8250;<\/a><\/div>\n<p><!-- end of .read-more --><\/p>\n","protected":false},"author":3,"featured_media":0,"parent":2962,"menu_order":0,"comment_status":"open","ping_status":"open","template":"sidebar-content-page.php","meta":{"footnotes":""},"class_list":["post-2979","page","type-page","status-publish","hentry"],"_links":{"self":[{"href":"https:\/\/rcn-ong.be\/en\/wp-json\/wp\/v2\/pages\/2979","targetHints":{"allow":["GET"]}}],"collection":[{"href":"https:\/\/rcn-ong.be\/en\/wp-json\/wp\/v2\/pages"}],"about":[{"href":"https:\/\/rcn-ong.be\/en\/wp-json\/wp\/v2\/types\/page"}],"author":[{"embeddable":true,"href":"https:\/\/rcn-ong.be\/en\/wp-json\/wp\/v2\/users\/3"}],"replies":[{"embeddable":true,"href":"https:\/\/rcn-ong.be\/en\/wp-json\/wp\/v2\/comments?post=2979"}],"version-history":[{"count":3,"href":"https:\/\/rcn-ong.be\/en\/wp-json\/wp\/v2\/pages\/2979\/revisions"}],"predecessor-version":[{"id":4073,"href":"https:\/\/rcn-ong.be\/en\/wp-json\/wp\/v2\/pages\/2979\/revisions\/4073"}],"up":[{"embeddable":true,"href":"https:\/\/rcn-ong.be\/en\/wp-json\/wp\/v2\/pages\/2962"}],"wp:attachment":[{"href":"https:\/\/rcn-ong.be\/en\/wp-json\/wp\/v2\/media?parent=2979"}],"curies":[{"name":"wp","href":"https:\/\/api.w.org\/{rel}","templated":true}]}}