{"id":2985,"date":"2015-03-17T12:00:08","date_gmt":"2015-03-17T12:00:08","guid":{"rendered":"https:\/\/rcn-ong.be\/?page_id=2985"},"modified":"2015-12-11T09:05:53","modified_gmt":"2015-12-11T09:05:53","slug":"contribuer-a-la-liberte-dexpression-en-republique-democratique-du-congo","status":"publish","type":"page","link":"https:\/\/rcn-ong.be\/en\/que-faisons-nous\/nos-pays-d-intervention\/republique-democratique-du-congo\/programmes-en-cours\/contribuer-a-la-liberte-dexpression-en-republique-democratique-du-congo\/","title":{"rendered":"&#8220;Contribuer \u00e0 la libert\u00e9 d\u2019expression en R\u00e9publique d\u00e9mocratique du Congo&#8221;"},"content":{"rendered":"<p>&nbsp;<\/p>\n<p>Les conditions d\u2019exercice de la profession de journaliste en RDC sont difficiles : manque d\u2019ind\u00e9pendance politique et \u00e9conomique, pressions et intimidations, conditions de travail et salaires incapacitants. Sous l\u2019effet de pressions et par crainte des repr\u00e9sailles, de nombreux journalistes pratiquent l\u2019autocensure, et ne constituent donc pas les relais d\u2019information objective et de contre-pouvoir que l\u2019on peut attendre d\u2019une soci\u00e9t\u00e9 d\u00e9mocratique. De plus en plus, les journalistes effectuent un travail de publi-reportage et n\u2019osent plus traiter les informations sensibles. La presse, utilisant des m\u00e9thodes peu respectables, n\u2019est plus respect\u00e9e et ne pr\u00e9sente plus aucune cr\u00e9dibilit\u00e9.<\/p>\n<p>En mati\u00e8re de justice et de droit, les journalistes m\u00e9connaissent les notions de base de l\u2019organisation et les proc\u00e9dures judiciaires. Cette ignorance implique d\u2019une part une faible capacit\u00e9 des journalistes \u00e0 faire valoir leurs droits, \u00e0 se prot\u00e9ger face aux abus, et \u00e0 ne pas violer la loi (par exemple on reproche aux journalistes de tomber trop facilement dans la diffamation). D\u2019autre part, la couverture m\u00e9diatique de l\u2019activit\u00e9 judiciaire est souvent erron\u00e9e ou partielle. Or, la justice repr\u00e9sente un des piliers de la bonne gouvernance et il est important que la population soit inform\u00e9e clairement de son fonctionnement (ou dysfonctionnement), ainsi que des enjeux des r\u00e9formes en cours. Les journalistes devraient notamment \u00eatre mieux \u00e0 m\u00eame de rendre compte des proc\u00e9dures judiciaires touchant \u00e0 leur activit\u00e9 et \u00e0 leurs droits, et en particulier \u00e0 la libert\u00e9 d\u2019expression.<\/p>\n<p>Ce projet, mis en \u0153uvre par RCN Justice &amp; D\u00e9mocratie, l\u2019Union Congolaise des Femmes des M\u00e9dias (UCOFEM) et Journaliste en Danger (JED) vise \u00e0 renforcer la promotion et la protection des droits de journalistes ainsi que leur capacit\u00e9 \u00e0 suivre les affaires judiciaires et les enjeux de la r\u00e9forme du secteur de la justice. Il se d\u00e9roule \u00e0 Kinshasa et au Nord-Kivu.<\/p>\n<p>L\u2019objectif global est de contribuer \u00e0 la libert\u00e9 d\u2019expression en RDC.<\/p>\n<h2><strong> Groupes cibles et b\u00e9n\u00e9ficiaires (directs et indirects) du projet<\/strong><\/h2>\n<ul>\n<li>Des femmes et des hommes journalistes (30 \u00e0 Kinshasa et 30 \u00e0 Goma, b\u00e9n\u00e9ficiaires directs des formations) ;<\/li>\n<li>des professionnels de la presse ;<\/li>\n<li>des professionnels de la justice : officiers de police judiciaire et officiers du minist\u00e8re public ;<\/li>\n<li>les d\u00e9cideurs politiques ;<\/li>\n<li>la population dans son ensemble.<\/li>\n<\/ul>\n<h2><strong>Objectif sp\u00e9cifique du projet<\/strong><\/h2>\n<p>Mettre en place un cadre normatif \u00e0 l\u2019exercice libre de la profession journalistique, notamment dans le traitement des questions judiciaires et juridiques.<\/p>\n<h2><strong>Activit\u00e9s<\/strong><\/h2>\n<p>Les activit\u00e9s ci-apr\u00e8s seront mises en \u0153uvre dans les deux zones d\u2019interventions du projet qui sont Kinshasa et Goma :<\/p>\n<ul>\n<li>Plaidoyer en faveur de la d\u00e9p\u00e9nalisation des d\u00e9lits de presse ;<\/li>\n<li>plaidoyer pour une meilleure structuration de la profession ;<\/li>\n<li>formation des journalistes sur la d\u00e9ontologie de la profession et sur les m\u00e9canismes d\u2019autoprotection ;<\/li>\n<li>ateliers-rencontres entre officiers de la police judiciaire, magistrats et journalistes ;<\/li>\n<li>ateliers de renforcement de la qualit\u00e9 du travail journalistique ;<\/li>\n<li>promotion des productions journalistiques et facilitation de l\u2019acc\u00e8s \u00e0 l\u2019information de l\u2019opinion sur le fonctionnement de l\u2019appareil judiciaire (audiovisuel, radio, presse \u00e9crite et clubs d\u2019\u00e9coute) ;<\/li>\n<li>recueil de toutes les productions journalistiques soutenues par l\u2019action ;<\/li>\n<li>r\u00e9unions de suivi et \u00e9valuation.<\/li>\n<\/ul>\n<h2><strong>\u00a0Impact attendu<\/strong><\/h2>\n<ul>\n<li>Un plaidoyer pour un cadre normatif plus favorable \u00e0 l\u2019exercice de la profession est men\u00e9 ;<\/li>\n<li>des m\u00e9canismes de protection des journalistes sont d\u00e9velopp\u00e9s ;<\/li>\n<li>l\u2019opinion publique est inform\u00e9e de mani\u00e8re fiable et critique sur le fonctionnement de la justice.<\/li>\n<\/ul>\n<h2><strong>\u00a0Dur\u00e9e et financement du Projet<\/strong><\/h2>\n<ul>\n<li>18 mois (01 novembre 2013 -31 avril 2015)<\/li>\n<li>Financement : Ambassade des Pays-Bas en RDC<\/li>\n<\/ul>\n<p>&nbsp;<\/p>\n","protected":false},"excerpt":{"rendered":"<p>&nbsp;<\/p>\n<p>Les conditions d\u2019exercice de la profession de journaliste en RDC sont difficiles : manque d\u2019ind\u00e9pendance politique et \u00e9conomique, pressions et intimidations, conditions de travail et salaires incapacitants. Sous l\u2019effet de pressions et par crainte des repr\u00e9sailles, de nombreux journalistes pratiquent l\u2019autocensure,<\/p>\n<p><span class=\"ellipsis\">&hellip;<\/span><\/p>\n<div class=\"read-more\"><a href=\"https:\/\/rcn-ong.be\/en\/que-faisons-nous\/nos-pays-d-intervention\/republique-democratique-du-congo\/programmes-en-cours\/contribuer-a-la-liberte-dexpression-en-republique-democratique-du-congo\/\">Read more &#8250;<\/a><\/div>\n<p><!-- end of .read-more --><\/p>\n","protected":false},"author":3,"featured_media":0,"parent":2962,"menu_order":0,"comment_status":"open","ping_status":"open","template":"sidebar-content-page.php","meta":{"footnotes":""},"class_list":["post-2985","page","type-page","status-publish","hentry"],"_links":{"self":[{"href":"https:\/\/rcn-ong.be\/en\/wp-json\/wp\/v2\/pages\/2985","targetHints":{"allow":["GET"]}}],"collection":[{"href":"https:\/\/rcn-ong.be\/en\/wp-json\/wp\/v2\/pages"}],"about":[{"href":"https:\/\/rcn-ong.be\/en\/wp-json\/wp\/v2\/types\/page"}],"author":[{"embeddable":true,"href":"https:\/\/rcn-ong.be\/en\/wp-json\/wp\/v2\/users\/3"}],"replies":[{"embeddable":true,"href":"https:\/\/rcn-ong.be\/en\/wp-json\/wp\/v2\/comments?post=2985"}],"version-history":[{"count":4,"href":"https:\/\/rcn-ong.be\/en\/wp-json\/wp\/v2\/pages\/2985\/revisions"}],"predecessor-version":[{"id":4070,"href":"https:\/\/rcn-ong.be\/en\/wp-json\/wp\/v2\/pages\/2985\/revisions\/4070"}],"up":[{"embeddable":true,"href":"https:\/\/rcn-ong.be\/en\/wp-json\/wp\/v2\/pages\/2962"}],"wp:attachment":[{"href":"https:\/\/rcn-ong.be\/en\/wp-json\/wp\/v2\/media?parent=2985"}],"curies":[{"name":"wp","href":"https:\/\/api.w.org\/{rel}","templated":true}]}}