{"id":2989,"date":"2015-03-17T12:10:14","date_gmt":"2015-03-17T12:10:14","guid":{"rendered":"https:\/\/rcn-ong.be\/?page_id=2989"},"modified":"2015-12-11T09:07:23","modified_gmt":"2015-12-11T09:07:23","slug":"pour-une-meilleure-securite-juridique-en-republique-democratique-du-congo","status":"publish","type":"page","link":"https:\/\/rcn-ong.be\/en\/que-faisons-nous\/nos-pays-d-intervention\/republique-democratique-du-congo\/programmes-en-cours\/pour-une-meilleure-securite-juridique-en-republique-democratique-du-congo\/","title":{"rendered":"&#8220;Pour une meilleure s\u00e9curit\u00e9 juridique en R\u00e9publique d\u00e9mocratique du Congo&#8221;"},"content":{"rendered":"<p>&nbsp;<\/p>\n<p>Le syst\u00e8me judiciaire en RDC pr\u00e9sente de multiples lacunes. Le fonctionnement de son administration est fortement perturb\u00e9, l\u2019acc\u00e8s au service est tout \u00e0 fait insuffisant, le budget destin\u00e9 au secteur de la justice est d\u00e9risoire (ce qui renvoi notamment au probl\u00e8me de son ind\u00e9pendance). Dans ce contexte, la redevabilit\u00e9 de la justice est absente de son fonctionnement quotidien, qu\u2019il s\u2019agisse de redevabilit\u00e9 interne (m\u00e9canismes de contr\u00f4les et de sanctions propres \u00e0 l\u2019institution), que de redevabilit\u00e9 externe. Le monitoring par la soci\u00e9t\u00e9 civile demeure trop limit\u00e9 pour induire les changements de pratiques et de mentalit\u00e9s qui permettraient au syst\u00e8me judiciaire de devenir performant.<\/p>\n<p>Cette faiblesse de l\u2019institution se retrouve au niveau judiciaire et administratif. Les m\u00e9canismes de protection des citoyens et de r\u00e9gulation des conflits sont donc dysfonctionnels, cr\u00e9ant une ins\u00e9curit\u00e9 juridique pour les citoyens congolais \u00e0 divers niveaux. Ce constat a amen\u00e9 RCN Justice &amp; D\u00e9mocratie \u00e0 orienter ses actions sur deux axes dans le cadre de son projet \u00ab Pour une meilleure s\u00e9curit\u00e9 juridique en RDC \u00bb : d\u2019une part am\u00e9liorer le traitement des personnes en garde \u00e0 vue au niveau des commissariats de police, et d\u2019autre part am\u00e9liorer la s\u00e9curit\u00e9 fonci\u00e8re, notamment en zone rurale, o\u00f9 la question fonci\u00e8re peut \u00eatre source de tr\u00e8s nombreux conflits, voire de violences.<\/p>\n<h2>Groupes cibles et b\u00e9n\u00e9ficiaires (directs et indirects) du projet :<\/h2>\n<ul>\n<li>Les officiers de police judiciaire des provinces de Kinshasa et du Kasa\u00ef-Occidental ;<\/li>\n<li>les magistrats du parquet des provinces de Kinshasa et du Kasa\u00ef-Occidental ;<\/li>\n<li>les agents de la Coordination Police judiciaire de la PNC ;<\/li>\n<li>les membres des organisations partenaires de Kinshasa et du Kasa\u00ef-Occidental ;<\/li>\n<li>les autorit\u00e9s locales et acteurs traditionnels impliqu\u00e9s dans la gestion fonci\u00e8re \u00e0 Kinshasa et au Kasa\u00ef-Occidental ;<\/li>\n<li>les justiciables et lapopulation des zones cibles du projet qui b\u00e9n\u00e9ficieront de services de justice de meilleure qualit\u00e9.<\/li>\n<\/ul>\n<h2><strong>Objectif sp\u00e9cifique du projet<\/strong><\/h2>\n<p>Contribuer \u00e0 une plus grande s\u00e9curit\u00e9 juridique des citoyens de Kinshasa et du Kasa\u00ef-Occidental.<\/p>\n<h2><strong>Activit\u00e9s<\/strong><\/h2>\n<p>Les activit\u00e9s ci-apr\u00e8s seront mises en \u0153uvre dans les deux zones d\u2019interventions du projet qui sont la ville-province de Kinshasa et la province du Kasa\u00ef-Occidental :<\/p>\n<p><strong>Sur le volet 1<br \/>\n<\/strong><\/p>\n<ul>\n<li>Etude sur les processus, des dysfonctionnements et des pratiques abusives en mati\u00e8re de garde \u00e0 vue ;<\/li>\n<li>formation et sensibilisation des acteurs de la police judiciaire au respect des libert\u00e9s fondamentales ;<\/li>\n<li>\u00e9quipements des parquets, commissariats (et sous-commissariats) de Kinshasa et du Kasa\u00ef-Occidental des 2 zones en mat\u00e9riel de travail ;<\/li>\n<li>\u00e9ducation de la population des quartiers cibles aux libert\u00e9s fondamentales et rencontres population\/autorit\u00e9s ;<\/li>\n<li>soutien technique et mat\u00e9riel aux missions de contr\u00f4le dans les amigos par les parquets et l\u2019Inspection g\u00e9n\u00e9rale de la police ;<\/li>\n<li>soutien technique et mat\u00e9riel aux OSC partenaires SOPROP et RJMP dans l\u2019organisation d\u2019un monitoring des amigos ;<\/li>\n<li>formation des leaders d\u2019opinion et des autorit\u00e9s aux techniques de participation citoyenne et \u00e0 la mise en \u0153uvre d\u2019une strat\u00e9gie de plaidoyer pour une am\u00e9lioration du respect des libert\u00e9s fondamentales.<\/li>\n<\/ul>\n<p><strong>Sur le volet 2<\/strong><\/p>\n<ul>\n<li>Etude sur les pratiques formelles et informelles de gestion des conflits fonciers ;<\/li>\n<li>sensibilisation de la soci\u00e9t\u00e9 civile et des acteurs judiciaires sur les pratiques alternatives de r\u00e9solution des conflits fonciers ;<\/li>\n<li>formations des leaders d\u2019opinions et des acteurs judiciaires aux techniques de m\u00e9diation\/concertation en mati\u00e8re fonci\u00e8re ;<\/li>\n<li>appui m\u00e9thodologique et mat\u00e9riel aux activit\u00e9s de m\u00e9diation du partenaire RJMP ;<\/li>\n<li>\u00e9ducation de la population en zone rurale sur le droit foncier, et en particulier l\u2019acquisition des terres, et le r\u00f4le des cadres de concertations ;<\/li>\n<li>formation des leaders d\u2019opinion et des autorit\u00e9s locales aux techniques de participation citoyenne ;<\/li>\n<li>plaidoyer pour une am\u00e9lioration du cadre normatif de gestion des conflits fonciers \u00e0 partir de bonnes pratiques d\u00e9velopp\u00e9es sur terrain.<\/li>\n<\/ul>\n<h2><strong>Impact attendu<\/strong><\/h2>\n<ul>\n<li>La s\u00e9curit\u00e9 juridique des citoyens est renforc\u00e9e par un meilleur respect des citoyens par les autorit\u00e9s judiciaires et polici\u00e8res dans les villes de Kinshasa et Kananga ;<\/li>\n<li>la s\u00e9curit\u00e9 juridique est am\u00e9lior\u00e9e par la pr\u00e9vention et la r\u00e9solution pacifique des conflits fonciers dans les provincesde Kinshasa et duKasa\u00ef-Occidental.<\/li>\n<\/ul>\n<h2><strong>Dur\u00e9e et financement du Projet<\/strong><\/h2>\n<ul>\n<li>24 mois (avril 2014 \u2013 avril 2016)<\/li>\n<li>Financement : Direction g\u00e9n\u00e9rale de la coop\u00e9ration au d\u00e9veloppement (Royaume de Belgique)<\/li>\n<\/ul>\n","protected":false},"excerpt":{"rendered":"<p>&nbsp;<\/p>\n<p>Le syst\u00e8me judiciaire en RDC pr\u00e9sente de multiples lacunes. Le fonctionnement de son administration est fortement perturb\u00e9, l\u2019acc\u00e8s au service est tout \u00e0 fait insuffisant, le budget destin\u00e9 au secteur de la justice est d\u00e9risoire (ce qui renvoi notamment au probl\u00e8me de son ind\u00e9pendance).<\/p>\n<p><span class=\"ellipsis\">&hellip;<\/span><\/p>\n<div class=\"read-more\"><a href=\"https:\/\/rcn-ong.be\/en\/que-faisons-nous\/nos-pays-d-intervention\/republique-democratique-du-congo\/programmes-en-cours\/pour-une-meilleure-securite-juridique-en-republique-democratique-du-congo\/\">Read more &#8250;<\/a><\/div>\n<p><!-- end of .read-more --><\/p>\n","protected":false},"author":3,"featured_media":0,"parent":2962,"menu_order":0,"comment_status":"open","ping_status":"open","template":"sidebar-content-page.php","meta":{"footnotes":""},"class_list":["post-2989","page","type-page","status-publish","hentry"],"_links":{"self":[{"href":"https:\/\/rcn-ong.be\/en\/wp-json\/wp\/v2\/pages\/2989","targetHints":{"allow":["GET"]}}],"collection":[{"href":"https:\/\/rcn-ong.be\/en\/wp-json\/wp\/v2\/pages"}],"about":[{"href":"https:\/\/rcn-ong.be\/en\/wp-json\/wp\/v2\/types\/page"}],"author":[{"embeddable":true,"href":"https:\/\/rcn-ong.be\/en\/wp-json\/wp\/v2\/users\/3"}],"replies":[{"embeddable":true,"href":"https:\/\/rcn-ong.be\/en\/wp-json\/wp\/v2\/comments?post=2989"}],"version-history":[{"count":5,"href":"https:\/\/rcn-ong.be\/en\/wp-json\/wp\/v2\/pages\/2989\/revisions"}],"predecessor-version":[{"id":4072,"href":"https:\/\/rcn-ong.be\/en\/wp-json\/wp\/v2\/pages\/2989\/revisions\/4072"}],"up":[{"embeddable":true,"href":"https:\/\/rcn-ong.be\/en\/wp-json\/wp\/v2\/pages\/2962"}],"wp:attachment":[{"href":"https:\/\/rcn-ong.be\/en\/wp-json\/wp\/v2\/media?parent=2989"}],"curies":[{"name":"wp","href":"https:\/\/api.w.org\/{rel}","templated":true}]}}