{"id":3046,"date":"2015-03-23T11:28:34","date_gmt":"2015-03-23T11:28:34","guid":{"rendered":"https:\/\/rcn-ong.be\/?page_id=3046"},"modified":"2015-12-11T09:20:00","modified_gmt":"2015-12-11T09:20:00","slug":"programme-dappui-au-renforcement-de-la-justice-a-lest-uhaki-safi","status":"publish","type":"page","link":"https:\/\/rcn-ong.be\/en\/que-faisons-nous\/nos-pays-d-intervention\/republique-democratique-du-congo\/est-de-la-rdc\/programme-en-cours\/programme-dappui-au-renforcement-de-la-justice-a-lest-uhaki-safi\/","title":{"rendered":"&#8220;Programme d\u2019Appui au Renforcement de la Justice \u00e0 l\u2019Est&#8221; (\u00ab Uhaki Safi \u00bb)"},"content":{"rendered":"<p>&nbsp;<\/p>\n<p>Depuis fin 2012, RCN met en \u0153uvre \u00e0 l\u2019Est de la RDC le Projet d\u2019appui au renforcement de la justice \u00e0 l\u2019Est du Congo, projet \u00e9galement intitul\u00e9 \u00ab Uhaki Safi \u00bb. Financ\u00e9 gr\u00e2ce \u00e0 l\u2019apport de plusieurs bailleurs (Union europ\u00e9enne, Belgique, Su\u00e8de), ce projet s\u2019\u00e9tend jusqu\u2019\u00e0 fin 2015 et couvre les provinces du Nord- et Sud-Kivu ainsi que le district de l\u2019Ituri (Province Orientale).<\/p>\n<p>Son objectif global vise \u00e0 <strong>contribuer \u00e0 la consolidation de l\u2019Etat de droit en luttant contre l\u2019impunit\u00e9 ordinaire et de guerre dans les provinces du Nord et Sud Kivu et dans le district de l\u2019Ituri (Province Orientale)<\/strong>, objectif s\u2019inscrivant tant dans les priorit\u00e9s des bailleurs internationaux que du gouvernement congolais. De mani\u00e8re plus sp\u00e9cifique, le projet vise \u00e0 am\u00e9liorer, en coh\u00e9rence avec le plan\u00a0d\u2019actions pour la r\u00e9forme de la justice (PARJ) et le plan STAREC, la gouvernance judiciaire \u00e0 l\u2019Est en prenant en compte l\u2019\u00e9quit\u00e9 entre les hommes et les femmes et le respect des droits humains.<\/p>\n<p>Les grands axes de ce programme concernent :<\/p>\n<p><strong>La gouvernance judiciaire<\/strong><\/p>\n<p>Il s\u2019agit d\u2019am\u00e9liorer la gestion administrative, financi\u00e8re et des ressources humaines du secteur judiciaire ainsi que la coordination des interventions. Principales activit\u00e9s pr\u00e9vues :<\/p>\n<ul>\n<li>Appuyer l\u2019audit strat\u00e9gique du personnel administratif des cours et tribunaux, parquets, prisons, Minist\u00e8res provinciaux de la justice, divisions provinciales de la justice et brigades de police judiciaire \u00e0 l\u2019Est ;<a href=\"https:\/\/rcn-ong.be\/wp-content\/uploads\/2015\/05\/Programme-dappui-au-renforcement-de-la-justice-\u00e0-lest-1.jpg\"><img loading=\"lazy\" decoding=\"async\" class=\"alignright size-medium wp-image-3847\" src=\"https:\/\/rcn-ong.be\/wp-content\/uploads\/2015\/05\/Programme-dappui-au-renforcement-de-la-justice-\u00e0-lest-1-300x225.jpg\" alt=\"SAMSUNG CAMERA PICTURES\" width=\"300\" height=\"225\" srcset=\"https:\/\/rcn-ong.be\/wp-content\/uploads\/2015\/05\/Programme-dappui-au-renforcement-de-la-justice-\u00e0-lest-1-300x225.jpg 300w, https:\/\/rcn-ong.be\/wp-content\/uploads\/2015\/05\/Programme-dappui-au-renforcement-de-la-justice-\u00e0-lest-1-100x75.jpg 100w, https:\/\/rcn-ong.be\/wp-content\/uploads\/2015\/05\/Programme-dappui-au-renforcement-de-la-justice-\u00e0-lest-1-150x113.jpg 150w, https:\/\/rcn-ong.be\/wp-content\/uploads\/2015\/05\/Programme-dappui-au-renforcement-de-la-justice-\u00e0-lest-1-200x150.jpg 200w, https:\/\/rcn-ong.be\/wp-content\/uploads\/2015\/05\/Programme-dappui-au-renforcement-de-la-justice-\u00e0-lest-1.jpg 400w\" sizes=\"auto, (max-width: 300px) 100vw, 300px\" \/><\/a><\/li>\n<li>appuyer le minist\u00e8re de la Fonction publique et le minist\u00e8re de la Justice et des Droits humains dans leur politique de gestion des ressources humaines du personnel administratif des cours et tribunaux, parquets, prisons, minist\u00e8res provinciaux de la Justice, divisions provinciales de la justice et brigades de police judiciaire \u00e0 l\u2019Est, en vue du recrutement, r\u00e9gularisation ou de la r\u00e9affectation ;<\/li>\n<li>renforcer les capacit\u00e9s de gestion des juridictions et offices ;<\/li>\n<li>effectuer un recensement de l\u2019ensemble des interventions de partenaires dans la r\u00e9forme du secteur de la justice \u00e0 l\u2019EST de la RDC.<\/li>\n<\/ul>\n<p><strong>Les comp\u00e9tences des acteurs de la justice<\/strong><\/p>\n<p>Cet axe de travail cherche \u00e0 renforcer, \u00e0 partir d\u2019une \u00e9tude de base, les comp\u00e9tences du personnel judiciaire (magistrats, greffiers et secr\u00e9taires de parquet, agents p\u00e9nitentiaires et OPJ) sur l\u2019ensemble de la cha\u00eene et r\u00e9tablir les contr\u00f4les internes du secteur. Principales activit\u00e9s pr\u00e9vues :<\/p>\n<ul>\n<li>Appuyer l\u2019Ecole de formation et recyclage des personnels judiciaires \u00e0 la mise en place d\u2019 un syst\u00e8me de formations et de recyclage des magistrats, greffiers, secr\u00e9taires de parquet, OPJ et agents p\u00e9nitentiaires ;<\/li>\n<li>soutenir des ateliers mixtes et espaces de concertation entre les diff\u00e9rents acteurs de la cha\u00eene judiciaire ;<\/li>\n<li>r\u00e9activer et renforcer des contr\u00f4les internes du secteur judiciaire ;<\/li>\n<li>soutenir le monitoring des lieux de d\u00e9tention ;<\/li>\n<li>fournir de la documentation de r\u00e9f\u00e9rence et du mat\u00e9riel de bureau ;<\/li>\n<li>soutenir les d\u00e9placements des juridictions et offices afin de faciliter le travail des acteurs tout au long de la cha\u00eene judiciaire.<\/li>\n<\/ul>\n<p><strong>Une plus grande proximit\u00e9 entre la justice et les justiciables, particuli\u00e8rement en milieu rural<\/strong><\/p>\n<p>Plus particuli\u00e8rement, il s\u2019agit ici de garantir une meilleure compr\u00e9hension par la population du fonctionnement de la justice et des diff\u00e9rents m\u00e9canismes de r\u00e8glement des conflits disponibles.\u00a0<a href=\"https:\/\/rcn-ong.be\/wp-content\/uploads\/2015\/05\/Programme-dappui-au-renforcement-de-la-justice-\u00e0-lest-2.jpg\"><img loading=\"lazy\" decoding=\"async\" class=\"alignright size-medium wp-image-3848\" src=\"https:\/\/rcn-ong.be\/wp-content\/uploads\/2015\/05\/Programme-dappui-au-renforcement-de-la-justice-\u00e0-lest-2-300x225.jpg\" alt=\"Programme d'appui au renforcement de la justice \u00e0 l'est 2\" width=\"300\" height=\"225\" srcset=\"https:\/\/rcn-ong.be\/wp-content\/uploads\/2015\/05\/Programme-dappui-au-renforcement-de-la-justice-\u00e0-lest-2-300x225.jpg 300w, https:\/\/rcn-ong.be\/wp-content\/uploads\/2015\/05\/Programme-dappui-au-renforcement-de-la-justice-\u00e0-lest-2-100x75.jpg 100w, https:\/\/rcn-ong.be\/wp-content\/uploads\/2015\/05\/Programme-dappui-au-renforcement-de-la-justice-\u00e0-lest-2-150x113.jpg 150w, https:\/\/rcn-ong.be\/wp-content\/uploads\/2015\/05\/Programme-dappui-au-renforcement-de-la-justice-\u00e0-lest-2-200x150.jpg 200w, https:\/\/rcn-ong.be\/wp-content\/uploads\/2015\/05\/Programme-dappui-au-renforcement-de-la-justice-\u00e0-lest-2.jpg 400w\" sizes=\"auto, (max-width: 300px) 100vw, 300px\" \/><\/a><\/p>\n<p>Principales activit\u00e9s pr\u00e9vues :<\/p>\n<ul>\n<li>Campagnes d\u2019information de la population sur la justice de proximit\u00e9 ;<\/li>\n<li>formations \u00e0 destination des autorit\u00e9s coutumi\u00e8res et traditionnelles, soutien \u00e0 des espaces de concertation entre autorit\u00e9s coutumi\u00e8res et judiciaires.<\/li>\n<\/ul>\n<p>A travers l\u2019ensemble du projet, il s\u2019agira \u00e9galement de s\u00e9curiser les droits des femmes d\u00e8s la naissance, pendant et apr\u00e8s le mariage et de rendre plus efficace le traitement judiciaire et policier des actes de discrimination bas\u00e9s\u00a0sur le genre.<\/p>\n","protected":false},"excerpt":{"rendered":"<p>&nbsp;<\/p>\n<p>Depuis fin 2012, RCN met en \u0153uvre \u00e0 l\u2019Est de la RDC le Projet d\u2019appui au renforcement de la justice \u00e0 l\u2019Est du Congo, projet \u00e9galement intitul\u00e9 \u00ab Uhaki Safi \u00bb. Financ\u00e9 gr\u00e2ce \u00e0 l\u2019apport de plusieurs bailleurs (Union europ\u00e9enne,<\/p>\n<p><span class=\"ellipsis\">&hellip;<\/span><\/p>\n<div class=\"read-more\"><a href=\"https:\/\/rcn-ong.be\/en\/que-faisons-nous\/nos-pays-d-intervention\/republique-democratique-du-congo\/est-de-la-rdc\/programme-en-cours\/programme-dappui-au-renforcement-de-la-justice-a-lest-uhaki-safi\/\">Read more &#8250;<\/a><\/div>\n<p><!-- end of .read-more --><\/p>\n","protected":false},"author":3,"featured_media":0,"parent":2971,"menu_order":0,"comment_status":"open","ping_status":"open","template":"sidebar-content-page.php","meta":{"footnotes":""},"class_list":["post-3046","page","type-page","status-publish","hentry"],"_links":{"self":[{"href":"https:\/\/rcn-ong.be\/en\/wp-json\/wp\/v2\/pages\/3046","targetHints":{"allow":["GET"]}}],"collection":[{"href":"https:\/\/rcn-ong.be\/en\/wp-json\/wp\/v2\/pages"}],"about":[{"href":"https:\/\/rcn-ong.be\/en\/wp-json\/wp\/v2\/types\/page"}],"author":[{"embeddable":true,"href":"https:\/\/rcn-ong.be\/en\/wp-json\/wp\/v2\/users\/3"}],"replies":[{"embeddable":true,"href":"https:\/\/rcn-ong.be\/en\/wp-json\/wp\/v2\/comments?post=3046"}],"version-history":[{"count":5,"href":"https:\/\/rcn-ong.be\/en\/wp-json\/wp\/v2\/pages\/3046\/revisions"}],"predecessor-version":[{"id":4082,"href":"https:\/\/rcn-ong.be\/en\/wp-json\/wp\/v2\/pages\/3046\/revisions\/4082"}],"up":[{"embeddable":true,"href":"https:\/\/rcn-ong.be\/en\/wp-json\/wp\/v2\/pages\/2971"}],"wp:attachment":[{"href":"https:\/\/rcn-ong.be\/en\/wp-json\/wp\/v2\/media?parent=3046"}],"curies":[{"name":"wp","href":"https:\/\/api.w.org\/{rel}","templated":true}]}}