{"id":3053,"date":"2015-03-23T11:34:06","date_gmt":"2015-03-23T11:34:06","guid":{"rendered":"https:\/\/rcn-ong.be\/?page_id=3053"},"modified":"2015-12-11T09:20:36","modified_gmt":"2015-12-11T09:20:36","slug":"prevention-et-gestion-des-conflits-fonciers-en-vue-de-renforcer-la-paix-sociale-ituri","status":"publish","type":"page","link":"https:\/\/rcn-ong.be\/en\/que-faisons-nous\/nos-pays-d-intervention\/republique-democratique-du-congo\/est-de-la-rdc\/realisations-anterieures\/prevention-et-gestion-des-conflits-fonciers-en-vue-de-renforcer-la-paix-sociale-ituri\/","title":{"rendered":"&#8220;Pr\u00e9vention et gestion des conflits fonciers en vue de renforcer la paix sociale&#8221; (Ituri)"},"content":{"rendered":"<p>&nbsp;<\/p>\n<p>Le programme Ituri r\u00e9pondait \u00e0 un cadre logique propre et pr\u00e9voyait outre les r\u00e9sultats d\u00e9crits ci-dessus le renforcement des capacit\u00e9s des agents des services\u00a0fonciers et de la Commission fonci\u00e8re (instance mixte de vulgarisation de la loi fonci\u00e8re et de r\u00e8glement pacifique des diff\u00e9rends fonciers). Le programme Ituri pr\u00e9voyait \u00e9galement un soutien mat\u00e9riel important aux services des affaires fonci\u00e8res. Ce programme, financ\u00e9 par la D\u00e9l\u00e9gation de la Commission europ\u00e9enne jusqu\u2019\u00e0 septembre 2009 visait \u00e0 se d\u00e9velopper dans d\u2019autres zones par la suite. Il a \u00e9galement vu se d\u00e9velopper un volet compl\u00e9mentaire sur la justice de proximit\u00e9 dans la m\u00eame logique que le projet au Bas-Congo. Ce volet a \u00e9t\u00e9 d\u00e9fini par l\u2019\u00e9quipe du programme \u00e0 Bunia apr\u00e8s une identification approfondie sur la situation de la justice de paix en Ituri et apr\u00e8s concertation avec le programme REJUSCO appuy\u00e9 par l\u2019Union europ\u00e9enne et d\u2019autres bailleurs.<\/p>\n<ul>\n<li>Le premier volet du programme consistait en <strong>une \u00e9tude sur les pratiques coutumi\u00e8res de r\u00e8glement des conflits fonciers.<\/strong> Elle a \u00e9t\u00e9 r\u00e9alis\u00e9e par une \u00e9quipe de 3 experts et 10 enqu\u00eateurs de terrain. Les conclusions de cette \u00e9tude ont \u00e9t\u00e9 <a href=\"https:\/\/rcn-ong.be\/?p=3290\" target=\"_blank\">partag\u00e9es dans un rapport <\/a>et des ateliers de restitution.<a href=\"https:\/\/rcn-ong.be\/wp-content\/uploads\/2015\/05\/Publication-septembre-2009-Foncier_Ituri-2.bmp\"><img loading=\"lazy\" decoding=\"async\" class=\"alignright size-full wp-image-3788\" src=\"https:\/\/rcn-ong.be\/wp-content\/uploads\/2015\/05\/Publication-septembre-2009-Foncier_Ituri-2.bmp\" alt=\"Publication septembre 2009 Foncier_Ituri-2\" width=\"180\" height=\"262\" \/><\/a><\/li>\n<li>Le deuxi\u00e8me volet se basait\u00a0sur <strong>un partenariat \u00e9troit avec la Commission fonci\u00e8re<\/strong>. Le soutien de RCN Justice &amp; D\u00e9mocratie comprenait aussi bien des formations pour les membres de la Commission, qu\u2019un appui mat\u00e9riel \u00e0 son fonctionnement, ou encore la facilitation des d\u00e9placements dans les territoires en vue d\u2019identifier et d\u00e9samorcer les conflits fonciers.<\/li>\n<li>Le troisi\u00e8me volet concernait <strong>les services des Affaires fonci\u00e8res de l\u2019Ituri<\/strong> qui ont b\u00e9n\u00e9fici\u00e9 de formations (juridiques ou techniques), de la construction de b\u00e2timents \u00e0 Bunia et Aru et de la fourniture de documentation et des \u00e9quipements n\u00e9cessaires au bon fonctionnement de ce service public, notamment en ce qui concerne la conservation et la consultation des archives.<\/li>\n<li>Enfin, le dernier volet rassemblait <strong>les actions en direction de la population<\/strong> (campagnes de vulgarisation de la loi) et de la soci\u00e9t\u00e9 civile (soutien \u00e0 des initiatives d\u2019organisations locales), y compris les chefs coutumiers et des autorit\u00e9s judiciaires et administratives.\n<p><div id=\"attachment_3846\" style=\"width: 310px\" class=\"wp-caption alignnone\"><a href=\"https:\/\/rcn-ong.be\/wp-content\/uploads\/2015\/05\/Pr\u00e9vention-et-gestion-des-conflits-fonciers.jpg\"><img loading=\"lazy\" decoding=\"async\" aria-describedby=\"caption-attachment-3846\" class=\"size-medium wp-image-3846\" src=\"https:\/\/rcn-ong.be\/wp-content\/uploads\/2015\/05\/Pr\u00e9vention-et-gestion-des-conflits-fonciers-300x225.jpg\" alt=\"Mission Mahagi Mission de r\u00e9solution d'un conflit dans le territoire de Mahagi, avec la Commisssion fonci\u00e8re de l'Ituri, 2009.\" width=\"300\" height=\"225\" srcset=\"https:\/\/rcn-ong.be\/wp-content\/uploads\/2015\/05\/Pr\u00e9vention-et-gestion-des-conflits-fonciers-300x225.jpg 300w, https:\/\/rcn-ong.be\/wp-content\/uploads\/2015\/05\/Pr\u00e9vention-et-gestion-des-conflits-fonciers-100x75.jpg 100w, https:\/\/rcn-ong.be\/wp-content\/uploads\/2015\/05\/Pr\u00e9vention-et-gestion-des-conflits-fonciers-150x113.jpg 150w, https:\/\/rcn-ong.be\/wp-content\/uploads\/2015\/05\/Pr\u00e9vention-et-gestion-des-conflits-fonciers-200x150.jpg 200w, https:\/\/rcn-ong.be\/wp-content\/uploads\/2015\/05\/Pr\u00e9vention-et-gestion-des-conflits-fonciers.jpg 448w\" sizes=\"auto, (max-width: 300px) 100vw, 300px\" \/><\/a><p id=\"caption-attachment-3846\" class=\"wp-caption-text\">Mission Mahagi<br \/>Mission de r\u00e9solution d&#8217;un conflit dans le territoire de Mahagi, avec la Commisssion fonci\u00e8re de l&#8217;Ituri, 2009.<\/p><\/div><\/li>\n<\/ul>\n<p>&nbsp;<\/p>\n<p>&nbsp;<\/p>\n","protected":false},"excerpt":{"rendered":"<p>&nbsp;<\/p>\n<p>Le programme Ituri r\u00e9pondait \u00e0 un cadre logique propre et pr\u00e9voyait outre les r\u00e9sultats d\u00e9crits ci-dessus le renforcement des capacit\u00e9s des agents des services\u00a0fonciers et de la Commission fonci\u00e8re (instance mixte de vulgarisation de la loi fonci\u00e8re et de r\u00e8glement pacifique des diff\u00e9rends fonciers).<\/p>\n<p><span class=\"ellipsis\">&hellip;<\/span><\/p>\n<div class=\"read-more\"><a href=\"https:\/\/rcn-ong.be\/en\/que-faisons-nous\/nos-pays-d-intervention\/republique-democratique-du-congo\/est-de-la-rdc\/realisations-anterieures\/prevention-et-gestion-des-conflits-fonciers-en-vue-de-renforcer-la-paix-sociale-ituri\/\">Read more &#8250;<\/a><\/div>\n<p><!-- end of .read-more --><\/p>\n","protected":false},"author":3,"featured_media":0,"parent":2973,"menu_order":0,"comment_status":"open","ping_status":"open","template":"sidebar-content-page.php","meta":{"footnotes":""},"class_list":["post-3053","page","type-page","status-publish","hentry"],"_links":{"self":[{"href":"https:\/\/rcn-ong.be\/en\/wp-json\/wp\/v2\/pages\/3053","targetHints":{"allow":["GET"]}}],"collection":[{"href":"https:\/\/rcn-ong.be\/en\/wp-json\/wp\/v2\/pages"}],"about":[{"href":"https:\/\/rcn-ong.be\/en\/wp-json\/wp\/v2\/types\/page"}],"author":[{"embeddable":true,"href":"https:\/\/rcn-ong.be\/en\/wp-json\/wp\/v2\/users\/3"}],"replies":[{"embeddable":true,"href":"https:\/\/rcn-ong.be\/en\/wp-json\/wp\/v2\/comments?post=3053"}],"version-history":[{"count":6,"href":"https:\/\/rcn-ong.be\/en\/wp-json\/wp\/v2\/pages\/3053\/revisions"}],"predecessor-version":[{"id":4083,"href":"https:\/\/rcn-ong.be\/en\/wp-json\/wp\/v2\/pages\/3053\/revisions\/4083"}],"up":[{"embeddable":true,"href":"https:\/\/rcn-ong.be\/en\/wp-json\/wp\/v2\/pages\/2973"}],"wp:attachment":[{"href":"https:\/\/rcn-ong.be\/en\/wp-json\/wp\/v2\/media?parent=3053"}],"curies":[{"name":"wp","href":"https:\/\/api.w.org\/{rel}","templated":true}]}}