{"id":3062,"date":"2015-03-23T11:46:34","date_gmt":"2015-03-23T11:46:34","guid":{"rendered":"https:\/\/rcn-ong.be\/?page_id=3062"},"modified":"2015-12-11T09:21:20","modified_gmt":"2015-12-11T09:21:20","slug":"restauration-de-la-chaine-judiciaire","status":"publish","type":"page","link":"https:\/\/rcn-ong.be\/en\/que-faisons-nous\/nos-pays-d-intervention\/republique-democratique-du-congo\/est-de-la-rdc\/realisations-anterieures\/restauration-de-la-chaine-judiciaire\/","title":{"rendered":"&#8220;Restauration de la cha\u00eene judiciaire&#8221;"},"content":{"rendered":"<p>&nbsp;<\/p>\n<p>Afin de r\u00e9installer une cha\u00eene judiciaire efficace, RCN Justice &amp; D\u00e9mocratie s\u2019est investi <strong>dans la construction et la r\u00e9habilitation de locaux ainsi que dans la formation de professionnels de la justice<\/strong>.<\/p>\n<p>Le Programme a permis les r\u00e9alisations suivantes :<\/p>\n<ul>\n<li>Construction et \u00e9quipement des b\u00e2timents de l\u2019Auditorat militaire de Bunia ;<a href=\"https:\/\/rcn-ong.be\/wp-content\/uploads\/2015\/05\/Restauration-de-la-cha\u00eene-judiciaire.jpg\"><img loading=\"lazy\" decoding=\"async\" class=\"alignright size-full wp-image-3841\" src=\"https:\/\/rcn-ong.be\/wp-content\/uploads\/2015\/05\/Restauration-de-la-cha\u00eene-judiciaire.jpg\" alt=\"Restauration de la cha\u00eene judiciaire\" width=\"250\" height=\"188\" srcset=\"https:\/\/rcn-ong.be\/wp-content\/uploads\/2015\/05\/Restauration-de-la-cha\u00eene-judiciaire.jpg 250w, https:\/\/rcn-ong.be\/wp-content\/uploads\/2015\/05\/Restauration-de-la-cha\u00eene-judiciaire-100x75.jpg 100w, https:\/\/rcn-ong.be\/wp-content\/uploads\/2015\/05\/Restauration-de-la-cha\u00eene-judiciaire-150x113.jpg 150w, https:\/\/rcn-ong.be\/wp-content\/uploads\/2015\/05\/Restauration-de-la-cha\u00eene-judiciaire-200x150.jpg 200w\" sizes=\"auto, (max-width: 250px) 100vw, 250px\" \/><\/a><\/li>\n<li>r\u00e9habilitation et \u00e9quipement d\u2019une partie du Tribunal de grande instance de Bunia ;<\/li>\n<li>\u00e9quipement et appui documentaire des professionnels de la justice, y compris les d\u00e9fenseurs judiciaires ;<\/li>\n<li>formation de 60 professionnels de la justice de Bunia (magistrats du si\u00e8ge, du parquet, greffiers, officiers du minist\u00e8re public etc.) ;<\/li>\n<li>primes aux magistrats et personnels judiciaires ainsi qu\u2019aux d\u00e9fenseurs judiciaires dans le cadre des commissions d\u2019office ;<\/li>\n<li>appui \u00e0 la prison de Bunia ;<\/li>\n<li>vulgarisation de la loi et du fonctionnement du syst\u00e8me judiciaire aupr\u00e8s de la population.<\/li>\n<\/ul>\n<p><strong>R\u00e9f\u00e9rences<\/strong><\/p>\n<ul>\n<li><a href=\"http:\/\/www.rcn-ong.be\/IMG\/pdf\/Bunia_Evaluation_rapport_final_avril_2006-2.pdf\" target=\"_blank\">Rapport d\u2019\u00e9valuation externe du programme de restauration de la justice en Ituri (2004-2006)<\/a> ;<\/li>\n<li><a href=\"http:\/\/www.rcn-ong.be\/IMG\/pdf\/Extrait_entretien_avec_O-_Kilima.pdf\" target=\"_blank\">extrait de l\u2019entretien avec Olivier Kilima, b\u00e2tonnier du Barreau de Kisangani, \u00e0 propos du programme de Restauration de la cha\u00eene judiciaire en Ituri<\/a>.<\/li>\n<\/ul>\n","protected":false},"excerpt":{"rendered":"<p>&nbsp;<\/p>\n<p>Afin de r\u00e9installer une cha\u00eene judiciaire efficace, RCN Justice &amp; D\u00e9mocratie s\u2019est investi <strong>dans la construction et la r\u00e9habilitation de locaux ainsi que dans la formation de professionnels de la justice<\/strong>.<\/p>\n<p>Le Programme a permis les r\u00e9alisations suivantes :<\/p>\n<ul>\n<li>Construction et \u00e9quipement des b\u00e2timents de l\u2019Auditorat militaire de Bunia ;<\/li>\n<\/ul>\n<p><span class=\"ellipsis\">&hellip;<\/span><\/p>\n<div class=\"read-more\"><a href=\"https:\/\/rcn-ong.be\/en\/que-faisons-nous\/nos-pays-d-intervention\/republique-democratique-du-congo\/est-de-la-rdc\/realisations-anterieures\/restauration-de-la-chaine-judiciaire\/\">Read more &#8250;<\/a><\/div>\n<p><!-- end of .read-more --><\/p>\n","protected":false},"author":3,"featured_media":0,"parent":2973,"menu_order":0,"comment_status":"open","ping_status":"open","template":"sidebar-content-page.php","meta":{"footnotes":""},"class_list":["post-3062","page","type-page","status-publish","hentry"],"_links":{"self":[{"href":"https:\/\/rcn-ong.be\/en\/wp-json\/wp\/v2\/pages\/3062","targetHints":{"allow":["GET"]}}],"collection":[{"href":"https:\/\/rcn-ong.be\/en\/wp-json\/wp\/v2\/pages"}],"about":[{"href":"https:\/\/rcn-ong.be\/en\/wp-json\/wp\/v2\/types\/page"}],"author":[{"embeddable":true,"href":"https:\/\/rcn-ong.be\/en\/wp-json\/wp\/v2\/users\/3"}],"replies":[{"embeddable":true,"href":"https:\/\/rcn-ong.be\/en\/wp-json\/wp\/v2\/comments?post=3062"}],"version-history":[{"count":5,"href":"https:\/\/rcn-ong.be\/en\/wp-json\/wp\/v2\/pages\/3062\/revisions"}],"predecessor-version":[{"id":4084,"href":"https:\/\/rcn-ong.be\/en\/wp-json\/wp\/v2\/pages\/3062\/revisions\/4084"}],"up":[{"embeddable":true,"href":"https:\/\/rcn-ong.be\/en\/wp-json\/wp\/v2\/pages\/2973"}],"wp:attachment":[{"href":"https:\/\/rcn-ong.be\/en\/wp-json\/wp\/v2\/media?parent=3062"}],"curies":[{"name":"wp","href":"https:\/\/api.w.org\/{rel}","templated":true}]}}