{"id":3091,"date":"2015-03-23T12:18:40","date_gmt":"2015-03-23T12:18:40","guid":{"rendered":"https:\/\/rcn-ong.be\/?page_id=3091"},"modified":"2015-12-11T09:12:31","modified_gmt":"2015-12-11T09:12:31","slug":"appui-a-la-transition-vers-un-etat-de-droit-a-la-justice-de-proximite-et-a-la-pacification-sociale","status":"publish","type":"page","link":"https:\/\/rcn-ong.be\/en\/que-faisons-nous\/nos-pays-d-intervention\/republique-democratique-du-congo\/bas-congo\/realisations-anterieures\/appui-a-la-transition-vers-un-etat-de-droit-a-la-justice-de-proximite-et-a-la-pacification-sociale\/","title":{"rendered":"&#8220;Appui \u00e0 la transition vers un \u00e9tat de droit, \u00e0 la justice de proximit\u00e9 et \u00e0 la pacification sociale&#8221;"},"content":{"rendered":"<p>&nbsp;<\/p>\n<p>RCN Justice &amp; D\u00e9mocratie a d\u00e9velopp\u00e9 un programme d\u2019appui \u00e0 la justice qui r\u00e9pondait aux attentes sp\u00e9cifiques de chaque province.<\/p>\n<p><strong>Le projet \u00ab <em>Appui \u00e0 la justice de proximit\u00e9 et \u00e0 la paix sociale au Bas-Congo<\/em> \u00bb<\/strong><\/p>\n<p><a href=\"https:\/\/rcn-ong.be\/wp-content\/uploads\/2015\/05\/Appui-\u00e0-la-transition-vers-un-\u00e9tat-de-droit-\u00e0-la-justice-de-proximit\u00e9.jpg\"><img loading=\"lazy\" decoding=\"async\" class=\"alignleft size-medium wp-image-3835\" src=\"https:\/\/rcn-ong.be\/wp-content\/uploads\/2015\/05\/Appui-\u00e0-la-transition-vers-un-\u00e9tat-de-droit-\u00e0-la-justice-de-proximit\u00e9-300x169.jpg\" alt=\"Appui \u00e0 la transition vers un \u00e9tat de droit, \u00e0 la justice de proximit\u00e9\" width=\"300\" height=\"169\" srcset=\"https:\/\/rcn-ong.be\/wp-content\/uploads\/2015\/05\/Appui-\u00e0-la-transition-vers-un-\u00e9tat-de-droit-\u00e0-la-justice-de-proximit\u00e9.jpg 300w, https:\/\/rcn-ong.be\/wp-content\/uploads\/2015\/05\/Appui-\u00e0-la-transition-vers-un-\u00e9tat-de-droit-\u00e0-la-justice-de-proximit\u00e9-100x56.jpg 100w, https:\/\/rcn-ong.be\/wp-content\/uploads\/2015\/05\/Appui-\u00e0-la-transition-vers-un-\u00e9tat-de-droit-\u00e0-la-justice-de-proximit\u00e9-150x85.jpg 150w, https:\/\/rcn-ong.be\/wp-content\/uploads\/2015\/05\/Appui-\u00e0-la-transition-vers-un-\u00e9tat-de-droit-\u00e0-la-justice-de-proximit\u00e9-200x113.jpg 200w\" sizes=\"auto, (max-width: 300px) 100vw, 300px\" \/><\/a>Le projet de RCN Justice &amp; D\u00e9mocratie au Bas-Congo s\u2019est concentr\u00e9 sur l\u2019activit\u00e9 des juridictions de proximit\u00e9 (tribunaux de paix) et avait pour objectif sp\u00e9cifique l\u2019augmentation des activit\u00e9s de juridictions de proximit\u00e9 et leur adaptation aux besoins des justiciables. Globalement, les activit\u00e9s se sont d\u00e9clin\u00e9es \u00e0 l\u2019identique chaque ann\u00e9e dans un district diff\u00e9rent. En effet, le Bas-Congo se compose de trois districts : Bas-fleuve (ann\u00e9e 1), Cataractes (ann\u00e9e 2) et Lukaya (ann\u00e9e 3).<\/p>\n<p>Ce programme visait <strong>trois r\u00e9sultats<\/strong> :<\/p>\n<p><strong>Les capacit\u00e9s et le sens des responsabilit\u00e9s des professionnels de justice sont renforc\u00e9s.<br \/>\n<\/strong><\/p>\n<ul>\n<li>Formation d\u2019environ 60 professionnels par an en droit de la famille et en droit foncier ;<\/li>\n<li>Am\u00e9lioration du niveau technique des professionnels de la justice ;<\/li>\n<li>Mise en place de m\u00e9thodes alternatives de r\u00e8glement des conflits ;<\/li>\n<li>Augmentation du nombre de visites des autorit\u00e9s judiciaires ou de l\u2019Inspectorat g\u00e9n\u00e9ral des services\u00a0judiciaires chaque ann\u00e9e dans les tribunaux de paix.<\/li>\n<\/ul>\n<p><strong>La soci\u00e9t\u00e9 civile et la population participent \u00e0 la mise en place d\u2019une justice de proximit\u00e9 de qualit\u00e9.<\/strong><\/p>\n<ul>\n<li>Formation d\u2019environ 60 personnes ressources de la soci\u00e9t\u00e9 civile chaque ann\u00e9e ;<\/li>\n<li>Des ONG congolaises d\u00e9veloppent des projets communs soutenus par RCN Justice &amp; D\u00e9mocratie ;<\/li>\n<li>Publication de rapports des ONG locales sur l\u2019observation de la qualit\u00e9 des services de justice de proximit\u00e9 ;<\/li>\n<li>Vulgarisation de la loi aupr\u00e8s de la population (campagnes de th\u00e9\u00e2tre, radio, affichage etc.).<\/li>\n<\/ul>\n<p><strong>Le rapprochement entre les professionnels de justice, la soci\u00e9t\u00e9 civile et la population est favoris\u00e9.<\/strong><\/p>\n<ul>\n<li>Au moins 800 personnes participent aux journ\u00e9es portes ouvertes au sein des juridictions ;<\/li>\n<li>Des engagements formels sont pris lors des ateliers-rencontres r\u00e9unissant autorit\u00e9s et population, et des recommandations sont transmises aux autorit\u00e9s sup\u00e9rieures.<\/li>\n<\/ul>\n","protected":false},"excerpt":{"rendered":"<p>&nbsp;<\/p>\n<p>RCN Justice &amp; D\u00e9mocratie a d\u00e9velopp\u00e9 un programme d\u2019appui \u00e0 la justice qui r\u00e9pondait aux attentes sp\u00e9cifiques de chaque province.<\/p>\n<p><strong>Le projet \u00ab <em>Appui \u00e0 la justice de proximit\u00e9 et \u00e0 la paix sociale au Bas-Congo<\/em> \u00bb<\/strong><\/p>\n<p><a href=\"https:\/\/rcn-ong.be\/wp-content\/uploads\/2015\/05\/Appui-\u00e0-la-transition-vers-un-\u00e9tat-de-droit-\u00e0-la-justice-de-proximit\u00e9.jpg\"><img loading=\"lazy\" decoding=\"async\" class=\"alignleft size-medium wp-image-3835\" src=\"https:\/\/rcn-ong.be\/wp-content\/uploads\/2015\/05\/Appui-\u00e0-la-transition-vers-un-\u00e9tat-de-droit-\u00e0-la-justice-de-proximit\u00e9-300x169.jpg\" alt=\"Appui \u00e0 la transition vers un \u00e9tat de droit, \u00e0 la justice de proximit\u00e9\" width=\"300\" height=\"169\" srcset=\"https:\/\/rcn-ong.be\/wp-content\/uploads\/2015\/05\/Appui-\u00e0-la-transition-vers-un-\u00e9tat-de-droit-\u00e0-la-justice-de-proximit\u00e9.jpg 300w, https:\/\/rcn-ong.be\/wp-content\/uploads\/2015\/05\/Appui-\u00e0-la-transition-vers-un-\u00e9tat-de-droit-\u00e0-la-justice-de-proximit\u00e9-100x56.jpg 100w, https:\/\/rcn-ong.be\/wp-content\/uploads\/2015\/05\/Appui-\u00e0-la-transition-vers-un-\u00e9tat-de-droit-\u00e0-la-justice-de-proximit\u00e9-150x85.jpg 150w, https:\/\/rcn-ong.be\/wp-content\/uploads\/2015\/05\/Appui-\u00e0-la-transition-vers-un-\u00e9tat-de-droit-\u00e0-la-justice-de-proximit\u00e9-200x113.jpg 200w\" sizes=\"auto, (max-width: 300px) 100vw, 300px\" \/><\/a>Le projet de RCN Justice &amp;<\/p>\n<p><span class=\"ellipsis\">&hellip;<\/span><\/p>\n<div class=\"read-more\"><a href=\"https:\/\/rcn-ong.be\/en\/que-faisons-nous\/nos-pays-d-intervention\/republique-democratique-du-congo\/bas-congo\/realisations-anterieures\/appui-a-la-transition-vers-un-etat-de-droit-a-la-justice-de-proximite-et-a-la-pacification-sociale\/\">Read more &#8250;<\/a><\/div>\n<p><!-- end of .read-more --><\/p>\n","protected":false},"author":3,"featured_media":0,"parent":2977,"menu_order":0,"comment_status":"open","ping_status":"open","template":"sidebar-content-page.php","meta":{"footnotes":""},"class_list":["post-3091","page","type-page","status-publish","hentry"],"_links":{"self":[{"href":"https:\/\/rcn-ong.be\/en\/wp-json\/wp\/v2\/pages\/3091","targetHints":{"allow":["GET"]}}],"collection":[{"href":"https:\/\/rcn-ong.be\/en\/wp-json\/wp\/v2\/pages"}],"about":[{"href":"https:\/\/rcn-ong.be\/en\/wp-json\/wp\/v2\/types\/page"}],"author":[{"embeddable":true,"href":"https:\/\/rcn-ong.be\/en\/wp-json\/wp\/v2\/users\/3"}],"replies":[{"embeddable":true,"href":"https:\/\/rcn-ong.be\/en\/wp-json\/wp\/v2\/comments?post=3091"}],"version-history":[{"count":8,"href":"https:\/\/rcn-ong.be\/en\/wp-json\/wp\/v2\/pages\/3091\/revisions"}],"predecessor-version":[{"id":3093,"href":"https:\/\/rcn-ong.be\/en\/wp-json\/wp\/v2\/pages\/3091\/revisions\/3093"}],"up":[{"embeddable":true,"href":"https:\/\/rcn-ong.be\/en\/wp-json\/wp\/v2\/pages\/2977"}],"wp:attachment":[{"href":"https:\/\/rcn-ong.be\/en\/wp-json\/wp\/v2\/media?parent=3091"}],"curies":[{"name":"wp","href":"https:\/\/api.w.org\/{rel}","templated":true}]}}