{"id":3113,"date":"2015-03-23T13:08:03","date_gmt":"2015-03-23T13:08:03","guid":{"rendered":"https:\/\/rcn-ong.be\/?page_id=3113"},"modified":"2015-12-11T09:25:12","modified_gmt":"2015-12-11T09:25:12","slug":"pour-la-resolution-des-conflits-fonciers-et-lacces-des-femmes-a-la-terre","status":"publish","type":"page","link":"https:\/\/rcn-ong.be\/en\/que-faisons-nous\/nos-pays-d-intervention\/rwanda\/programmes-en-cours\/pour-la-resolution-des-conflits-fonciers-et-lacces-des-femmes-a-la-terre\/","title":{"rendered":"&#8220;Pour la r\u00e9solution des conflits fonciers et l\u2019acc\u00e8s des femmes \u00e0 la terre&#8221;"},"content":{"rendered":"<p>&nbsp;<\/p>\n<p>Au Rwanda, RCN J&amp;D travaille en faveur du renforcement de la justice, et de la pr\u00e9vention et de la r\u00e9solution locale des conflits depuis 1994. Au lendemain du g\u00e9nocide, elle a soutenu la reconstruction du syst\u00e8me judiciaire rwandais et a accompagn\u00e9 la justice dans la r\u00e9solution du contentieux du g\u00e9nocide.<\/p>\n<p>Depuis 2006, et dans le cadre de l\u2019accompagnement de la reforme fonci\u00e8re du Rwanda, nos programmes se concentrent sur la gestion des conflits fonciers. Notre programme 2012-2015 vise \u00e0 r\u00e9pondre de mani\u00e8re holistique \u00e0 la probl\u00e9matique de l\u2019acc\u00e8s des femmes \u00e0 la terre tout en renfor\u00e7ant la qualit\u00e9 de la justice de proximit\u00e9 et de la r\u00e9solution locale des conflits.<\/p>\n<p>Le programme est financ\u00e9 par l\u2019Ambassade du Royaume de Su\u00e8de au Rwanda et ONU Femmes-Fonds pour l\u2019\u00e9galit\u00e9 des sexes.<\/p>\n<h5>Axe 1 : Renforcement des capacit\u00e9s des comit\u00e9s Abunzi dans la r\u00e9solution des conflits fonciers et sur les droits fonciers des femmes<\/h5>\n<h4>\u00a0R\u00e9solution durable des conflits fonciers<\/h4>\n<p>Les comit\u00e9s Abunzi, ou comit\u00e9s de conciliateurs, ont \u00e9t\u00e9 instaur\u00e9s par la Constitution de la R\u00e9publique du Rwanda en 2003 pour r\u00e9soudre les conflits ancr\u00e9s dans la communaut\u00e9. Ils fournissent un cadre de conciliation obligatoire pr\u00e9alable \u00e0 la saisine des juridictions de 1er degr\u00e9 pour les affaires \u00ab mineures \u00bb d\u00e9finies par la loi. D\u00e9sign\u00e9s par la communaut\u00e9 pour leur int\u00e9grit\u00e9, et agissant \u00e0 titre b\u00e9n\u00e9vole, ces non juristes sont avant tout reconnus pour leurs capacit\u00e9s \u00e0 concilier, et connaissent essentiellement de conflits fonciers et familiaux. Les Abunzi ont un r\u00f4le majeur \u00e0 jouer dans l\u2019application et le respect des droits fonciers des femmes.<\/p>\n<p>Les formations des Abunzi octroy\u00e9es par RCN J&amp;D visent \u00e0 renforcer leurs capacit\u00e9s \u00e0 agir en qualit\u00e9 de m\u00e9diateurs et d\u2019agents de r\u00e9conciliation, \u00e0 augmenter leurs connaissances de base\u00a0en droit et \u00e0 les informer sur la proc\u00e9dure applicable au sein du comit\u00e9.<\/p>\n<p><a href=\"https:\/\/rcn-ong.be\/wp-content\/uploads\/2015\/05\/Programme-pour-la-r\u00e9solution-des-conflits-fonciers.jpg\"><img loading=\"lazy\" decoding=\"async\" class=\"aligncenter size-medium wp-image-3876\" src=\"https:\/\/rcn-ong.be\/wp-content\/uploads\/2015\/05\/Programme-pour-la-r\u00e9solution-des-conflits-fonciers-300x225.jpg\" alt=\"Programme pour la r\u00e9solution des conflits fonciers\" width=\"300\" height=\"225\" srcset=\"https:\/\/rcn-ong.be\/wp-content\/uploads\/2015\/05\/Programme-pour-la-r\u00e9solution-des-conflits-fonciers-300x225.jpg 300w, https:\/\/rcn-ong.be\/wp-content\/uploads\/2015\/05\/Programme-pour-la-r\u00e9solution-des-conflits-fonciers-1024x768.jpg 1024w, https:\/\/rcn-ong.be\/wp-content\/uploads\/2015\/05\/Programme-pour-la-r\u00e9solution-des-conflits-fonciers-100x75.jpg 100w, https:\/\/rcn-ong.be\/wp-content\/uploads\/2015\/05\/Programme-pour-la-r\u00e9solution-des-conflits-fonciers-150x113.jpg 150w, https:\/\/rcn-ong.be\/wp-content\/uploads\/2015\/05\/Programme-pour-la-r\u00e9solution-des-conflits-fonciers-200x150.jpg 200w, https:\/\/rcn-ong.be\/wp-content\/uploads\/2015\/05\/Programme-pour-la-r\u00e9solution-des-conflits-fonciers-450x338.jpg 450w, https:\/\/rcn-ong.be\/wp-content\/uploads\/2015\/05\/Programme-pour-la-r\u00e9solution-des-conflits-fonciers-600x450.jpg 600w, https:\/\/rcn-ong.be\/wp-content\/uploads\/2015\/05\/Programme-pour-la-r\u00e9solution-des-conflits-fonciers-900x675.jpg 900w\" sizes=\"auto, (max-width: 300px) 100vw, 300px\" \/><\/a><\/p>\n<h4>Recherche et analyse<\/h4>\n<p>Tout au long du projet, RCN J&amp;D op\u00e8re un monitoring du fonctionnement des comit\u00e9s Abunzi et observe et commente l\u2019acc\u00e8s effectif des femmes \u00e0 la terre. Ce travail d\u2019analyse continue\u00a0est men\u00e9 conjointement aux activit\u00e9s de formation. Les r\u00e9sultats de ces recherches et les recommandations qui s\u2019en suivent permettent la publication d\u2019\u00e9tudes, qui alimentent la r\u00e9flexion sur les besoins et le r\u00f4le des Abunzi dans la pr\u00e9vention des conflits.<\/p>\n<p>Pour consulter les pr\u00e9c\u00e9dentes publications : <a href=\"https:\/\/rcn-ong.be\/?p=2077\" target=\"_blank\">https:\/\/rcn-ong.be\/?p=2077<\/a><\/p>\n<h4>\u00a0Principales activit\u00e9s<\/h4>\n<ul>\n<li>\u00a0Formation initiale et de rappel de 14 formateurs de l\u2019\u00e9quipe de RCN J&amp;D et de 30 formateurs des Maisons d\u2019acc\u00e8s \u00e0 la justice (MAJ) ;<\/li>\n<li>78 formations initiales sur les proc\u00e9dures et outils et 208 formations globales de 934 comit\u00e9s Abunzi de cellule et 190 comit\u00e9s Abunzi de secteur et des autorit\u00e9s locales dans la r\u00e9solution des conflits fonciers et le droit des femmes \u00e0 la terre ;<\/li>\n<li>30 Tables rondes avec les comit\u00e9s Abunzi de secteur, les agents des Maisons d\u2019acc\u00e8s \u00e0 la justice (MAJ), les juges des tribunaux de base\u00a0et les autorit\u00e9s locales pour promouvoir les \u00e9changes et am\u00e9liorer la qualit\u00e9 de la justice ;<\/li>\n<li>distribution de pr\u00e8s de 1300 kits de formation incluant du mat\u00e9riel didactique (manuels, lois), les outils de travail et de rapportage des comit\u00e9s de conciliateurs registres, convocations, notifications et de proc\u00e8s-verbaux) et du mat\u00e9riel (malle, fournitures administratives, etc.) aux Abunzi ;<\/li>\n<li>2 formations initiales et de rappel de 16 membres des organisations partenaires et de 30 agents des Maisons d\u2019acc\u00e8s \u00e0 la justice sur les techniques de monitoring des Abunzi ;<\/li>\n<li>480 sessions de monitoring du fonctionnement et des pratiques des comit\u00e9s de conciliateurs ;<\/li>\n<li>publication d\u2019une \u00e9tude sur le fonctionnement des comit\u00e9s Abunzi bas\u00e9es\u00a0sur les activit\u00e9s de monitoring et pr\u00e9sentation des r\u00e9sultats et des recommandations au niveau des districts et national.<\/li>\n<\/ul>\n<h5>Axe 2 : Renforcement des femmes \u00e0 exercer et \u00e0 prot\u00e9ger leurs droits fonciers<\/h5>\n<h4>Autonomisation \u00e9conomique et juridique des femmes<\/h4>\n<p>Depuis 1999, la loi reconna\u00eet l\u2019\u00e9galit\u00e9 des droits des femmes et des hommes \u00e0 l\u2019acc\u00e8s \u00e0 la terre. N\u00e9anmoins, malgr\u00e9 l\u2019existence de la l\u00e9gislation, les obstacles sociaux et culturels persistent. Les femmes, peu ou pas inform\u00e9es sur les nouvelles lois, n\u2019exercent pas leurs droits. Or la terre est le bien le plus pr\u00e9cieux dans un pays o\u00f9 la majorit\u00e9 de la population vit de l\u2019agriculture.<\/p>\n<p>A travers ses activit\u00e9s, RCN J&amp;D entend renforcer la capacit\u00e9 des femmes \u00e0 r\u00e9clamer, exercer et prot\u00e9ger leurs droits fonciers l\u00e9galement reconnus. De nombreuses activit\u00e9s de discussions sont r\u00e9alis\u00e9es pour sensibiliser les hommes, les femmes et les chefs de villages sur le cadre l\u00e9gal relatif\u00a0\u00e0 l\u2019acc\u00e8s des femmes \u00e0 la terre. Des tables rondes sont \u00e9galement organis\u00e9es pour d\u00e9battre des obstacles socioculturels qui entravent le respect des droits fonciers des femmes. Enfin, un r\u00e9seau de para-juristes accompagne les femmes dans leurs d\u00e9marches juridiques.<\/p>\n<p><strong>Visionnez <a href=\"https:\/\/www.youtube.com\/watch?v=zIxq7JhsC-U&amp;feature=youtu.be\" target=\"_blank\">une vid\u00e9o <\/a>de pr\u00e9sentation du projet, r\u00e9alis\u00e9e fin 2013 par nos \u00e9quipes terrain et agr\u00e9ment\u00e9e de t\u00e9moignages de b\u00e9n\u00e9ficiaires.<\/strong><\/p>\n<h4>Monitoring et Plaidoyer<\/h4>\n<p>Nos partenaires de la soci\u00e9t\u00e9 civile et du Conseil national des femmes (CNF) sont form\u00e9s en mati\u00e8re de droit foncier et de droit de succession, mais aussi en mati\u00e8re de suivi, de monitoring et d\u2019\u00e9valuation. Par ailleurs, le projet vise \u00e0 renforcer les capacit\u00e9s de plaidoyer de nos partenaires de la soci\u00e9t\u00e9 civile afin qu\u2019ils puissent organiser et engager un dialogue constructif avec les autorit\u00e9s, tant au niveau local que national en faveur de l\u2019\u00e9galit\u00e9 des femmes et des hommes \u00e0 la terre.<\/p>\n<h4>Principales activit\u00e9s<\/h4>\n<ul>\n<li>Formations initiales et de rappel pour environ 200 para-juristes des organisations partenaires ;<\/li>\n<li>formation de 120 vulgarisateurs\/facilitateurs issus des organisations partenaires, 60 chefs de village et 15 agents des Maisons d\u2019acc\u00e8s \u00e0 la justice ;<\/li>\n<li>vulgarisation du cadre l\u00e9gal relatif\u00a0\u00e0 l\u2019acc\u00e8s des femmes \u00e0 la terre par les vulgarisateurs\/facilitateurs \u00e0 travers 120 discussions communautaires (deux pour chacun des 60 villages d\u2019intervention) ;<\/li>\n<li>organisation de 180 dialogues villageois sur les obstacles socioculturels qui limitent l\u2019acc\u00e8s des femmes \u00e0 la terre et restitution des conclusions aupr\u00e8s des autorit\u00e9s locales des 15 districts lors de tables-rondes ;<\/li>\n<li>organisation d\u2019un Forum national sur les barri\u00e8res socioculturelles qui entravent l\u2019acc\u00e8s des femmes \u00e0 la terre et restitution des conclusions au niveau local (15 districts et 60 villages) ;<\/li>\n<li>formations de formateurs de 390 membres des organisations partenaires sur la conduite d&#8217;enqu\u00eates\u00a0sur les droits fonciers des femmes ;<\/li>\n<li>3 enqu\u00eates de suivi sur l\u2019acc\u00e8s des femmes \u00e0 la terre.<\/li>\n<\/ul>\n<p><strong>En novembre 2013, ce projet a \u00e9t\u00e9 <a href=\"https:\/\/rcn-ong.be\/?p=3433\" target=\"_blank\">r\u00e9compens\u00e9<\/a> pour sa qualit\u00e9 par le Fond pour l\u2019\u00c9galit\u00e9 des sexes d\u2019ONU Femmes.<\/strong><\/p>\n<p>&nbsp;<\/p>\n<p>&nbsp;<\/p>\n<p>&nbsp;<\/p>\n","protected":false},"excerpt":{"rendered":"<p>&nbsp;<\/p>\n<p>Au Rwanda, RCN J&amp;D travaille en faveur du renforcement de la justice, et de la pr\u00e9vention et de la r\u00e9solution locale des conflits depuis 1994. Au lendemain du g\u00e9nocide, elle a soutenu la reconstruction du syst\u00e8me judiciaire rwandais et a accompagn\u00e9 la justice dans la r\u00e9solution du contentieux du g\u00e9nocide.<\/p>\n<p><span class=\"ellipsis\">&hellip;<\/span><\/p>\n<div class=\"read-more\"><a href=\"https:\/\/rcn-ong.be\/en\/que-faisons-nous\/nos-pays-d-intervention\/rwanda\/programmes-en-cours\/pour-la-resolution-des-conflits-fonciers-et-lacces-des-femmes-a-la-terre\/\">Read more &#8250;<\/a><\/div>\n<p><!-- end of .read-more --><\/p>\n","protected":false},"author":3,"featured_media":0,"parent":3108,"menu_order":0,"comment_status":"open","ping_status":"open","template":"sidebar-content-page.php","meta":{"footnotes":""},"class_list":["post-3113","page","type-page","status-publish","hentry"],"_links":{"self":[{"href":"https:\/\/rcn-ong.be\/en\/wp-json\/wp\/v2\/pages\/3113","targetHints":{"allow":["GET"]}}],"collection":[{"href":"https:\/\/rcn-ong.be\/en\/wp-json\/wp\/v2\/pages"}],"about":[{"href":"https:\/\/rcn-ong.be\/en\/wp-json\/wp\/v2\/types\/page"}],"author":[{"embeddable":true,"href":"https:\/\/rcn-ong.be\/en\/wp-json\/wp\/v2\/users\/3"}],"replies":[{"embeddable":true,"href":"https:\/\/rcn-ong.be\/en\/wp-json\/wp\/v2\/comments?post=3113"}],"version-history":[{"count":9,"href":"https:\/\/rcn-ong.be\/en\/wp-json\/wp\/v2\/pages\/3113\/revisions"}],"predecessor-version":[{"id":4088,"href":"https:\/\/rcn-ong.be\/en\/wp-json\/wp\/v2\/pages\/3113\/revisions\/4088"}],"up":[{"embeddable":true,"href":"https:\/\/rcn-ong.be\/en\/wp-json\/wp\/v2\/pages\/3108"}],"wp:attachment":[{"href":"https:\/\/rcn-ong.be\/en\/wp-json\/wp\/v2\/media?parent=3113"}],"curies":[{"name":"wp","href":"https:\/\/api.w.org\/{rel}","templated":true}]}}