{"id":3121,"date":"2015-03-26T09:47:27","date_gmt":"2015-03-26T09:47:27","guid":{"rendered":"https:\/\/rcn-ong.be\/?page_id=3121"},"modified":"2015-12-11T09:25:44","modified_gmt":"2015-12-11T09:25:44","slug":"beneficiaires","status":"publish","type":"page","link":"https:\/\/rcn-ong.be\/en\/que-faisons-nous\/nos-pays-d-intervention\/rwanda\/programmes-en-cours\/beneficiaires\/","title":{"rendered":"B\u00e9n\u00e9ficiaires"},"content":{"rendered":"<h4><\/h4>\n<h4>B\u00e9n\u00e9ficiaires du Programme pour la r\u00e9solution des conflits fonciers et l\u2019acc\u00e8s des femmes \u00e0 la terre (2012-2015)<\/h4>\n<p>&nbsp;<\/p>\n<p>B\u00e9n\u00e9ficiaires et lieux d\u2019intervention<\/p>\n<p>Le programme intervient dans 15 districts sur les 30 que compte le Rwanda et dans les cinq provinces du pays :<\/p>\n<p>Kigali : Gasabo Province de l\u2019Est : Bugesera, Gatsibo, Kirehe et Rwamagana Province de l\u2019Ouest : Nyamasheke, Rusizi et Rubavu Province du Sud : Muhanga, Nyamagabe, Nyanza, Nyaruguru Province du Nord : Gakenke, Musanze et Rulindo<\/p>\n<p>Au total, pr\u00e8s de 1000 cellules de 200 secteurs (Axe 1) et 60 villages (Axe 2) seront couverts par le programme.<\/p>\n<p>Les b\u00e9n\u00e9ficiaires des activit\u00e9s dans les zones d\u2019intervention sont :<\/p>\n<p>Au niveau des acteurs de la conciliation, de la justice de proximit\u00e9 et des professionnels de la justice :<\/p>\n<ul>\n<li>Les Abunzi de 934 comit\u00e9s de cellule et 190 de secteur, soit plus de 13 500 Abunzi, dont 4500 sont des b\u00e9n\u00e9ficiaires directs des formations.<\/li>\n<li>30 Agents des Maisons d\u2019acc\u00e8s \u00e0 la justice ;<\/li>\n<li>30 Juges des tribunaux de base.<\/li>\n<\/ul>\n<p>Au niveau des autorit\u00e9s administratives et\/ou individus relais aupr\u00e8s des populations :<\/p>\n<ul>\n<li>Plus de 60 chefs de village ;<\/li>\n<li>pus de 1,300 Secr\u00e9taires ex\u00e9cutifs de cellule et de secteur ou leurs rempla\u00e7ants ;<\/li>\n<li>plus de 500 repr\u00e9sentants et membres des associations de la soci\u00e9t\u00e9 civile \u0153uvrant pour la promotion et la protection des droits de l\u2019homme, la justice et le d\u00e9veloppement socio-\u00e9conomique des femmes.<\/li>\n<\/ul>\n<p>Au niveau des justiciables et de la population :<\/p>\n<ul>\n<li>Les participants aux discussions communautaires et dialogues villageois, soit plus de 9000 hommes et femmes vivant en milieu rural ;<\/li>\n<li>5,5 millions de justiciables, et en particulier les femmes, des 15 districts d\u2019intervention, soit pr\u00e8s de 52% de la population du Rwanda.<\/li>\n<\/ul>\n<p><a href=\"https:\/\/rcn-ong.be\/wp-content\/uploads\/2015\/05\/B\u00e9n\u00e9ficiaires.jpg\"><img loading=\"lazy\" decoding=\"async\" class=\"aligncenter size-medium wp-image-3870\" src=\"https:\/\/rcn-ong.be\/wp-content\/uploads\/2015\/05\/B\u00e9n\u00e9ficiaires-300x199.jpg\" alt=\"F\" width=\"300\" height=\"199\" srcset=\"https:\/\/rcn-ong.be\/wp-content\/uploads\/2015\/05\/B\u00e9n\u00e9ficiaires-300x199.jpg 300w, https:\/\/rcn-ong.be\/wp-content\/uploads\/2015\/05\/B\u00e9n\u00e9ficiaires-1024x681.jpg 1024w, https:\/\/rcn-ong.be\/wp-content\/uploads\/2015\/05\/B\u00e9n\u00e9ficiaires-100x66.jpg 100w, https:\/\/rcn-ong.be\/wp-content\/uploads\/2015\/05\/B\u00e9n\u00e9ficiaires-150x100.jpg 150w, https:\/\/rcn-ong.be\/wp-content\/uploads\/2015\/05\/B\u00e9n\u00e9ficiaires-200x133.jpg 200w, https:\/\/rcn-ong.be\/wp-content\/uploads\/2015\/05\/B\u00e9n\u00e9ficiaires-450x299.jpg 450w, https:\/\/rcn-ong.be\/wp-content\/uploads\/2015\/05\/B\u00e9n\u00e9ficiaires-600x399.jpg 600w, https:\/\/rcn-ong.be\/wp-content\/uploads\/2015\/05\/B\u00e9n\u00e9ficiaires-900x598.jpg 900w\" sizes=\"auto, (max-width: 300px) 100vw, 300px\" \/><\/a><\/p>\n","protected":false},"excerpt":{"rendered":"<p>B\u00e9n\u00e9ficiaires du Programme pour la r\u00e9solution des conflits fonciers et l\u2019acc\u00e8s des femmes \u00e0 la terre (2012-2015)<\/p>\n<p>&nbsp;<\/p>\n<p>B\u00e9n\u00e9ficiaires et lieux d\u2019intervention<\/p>\n<p>Le programme intervient dans 15 districts sur les 30 que compte le Rwanda et dans les cinq provinces du pays :<\/p>\n<p>Kigali : Gasabo Province de l\u2019Est : Bugesera,<\/p>\n<p><span class=\"ellipsis\">&hellip;<\/span><\/p>\n<div class=\"read-more\"><a href=\"https:\/\/rcn-ong.be\/en\/que-faisons-nous\/nos-pays-d-intervention\/rwanda\/programmes-en-cours\/beneficiaires\/\">Read more &#8250;<\/a><\/div>\n<p><!-- end of .read-more --><\/p>\n","protected":false},"author":3,"featured_media":0,"parent":3108,"menu_order":0,"comment_status":"open","ping_status":"open","template":"sidebar-content-page.php","meta":{"footnotes":""},"class_list":["post-3121","page","type-page","status-publish","hentry"],"_links":{"self":[{"href":"https:\/\/rcn-ong.be\/en\/wp-json\/wp\/v2\/pages\/3121","targetHints":{"allow":["GET"]}}],"collection":[{"href":"https:\/\/rcn-ong.be\/en\/wp-json\/wp\/v2\/pages"}],"about":[{"href":"https:\/\/rcn-ong.be\/en\/wp-json\/wp\/v2\/types\/page"}],"author":[{"embeddable":true,"href":"https:\/\/rcn-ong.be\/en\/wp-json\/wp\/v2\/users\/3"}],"replies":[{"embeddable":true,"href":"https:\/\/rcn-ong.be\/en\/wp-json\/wp\/v2\/comments?post=3121"}],"version-history":[{"count":5,"href":"https:\/\/rcn-ong.be\/en\/wp-json\/wp\/v2\/pages\/3121\/revisions"}],"predecessor-version":[{"id":4089,"href":"https:\/\/rcn-ong.be\/en\/wp-json\/wp\/v2\/pages\/3121\/revisions\/4089"}],"up":[{"embeddable":true,"href":"https:\/\/rcn-ong.be\/en\/wp-json\/wp\/v2\/pages\/3108"}],"wp:attachment":[{"href":"https:\/\/rcn-ong.be\/en\/wp-json\/wp\/v2\/media?parent=3121"}],"curies":[{"name":"wp","href":"https:\/\/api.w.org\/{rel}","templated":true}]}}