{"id":3139,"date":"2015-03-26T10:14:18","date_gmt":"2015-03-26T10:14:18","guid":{"rendered":"https:\/\/rcn-ong.be\/?page_id=3139"},"modified":"2015-12-11T09:29:15","modified_gmt":"2015-12-11T09:29:15","slug":"pour-une-justice-de-proximite-2","status":"publish","type":"page","link":"https:\/\/rcn-ong.be\/en\/que-faisons-nous\/nos-pays-d-intervention\/rwanda\/realisations-anterieures\/pour-une-justice-de-proximite-2\/","title":{"rendered":"2006 &#8211; 2008 &#8220;Pour une justice de proximit\u00e9&#8221;"},"content":{"rendered":"<p>&nbsp;<\/p>\n<p>A partir de 2006, les activit\u00e9s de RCN Justice et D\u00e9mocratie au Rwanda ont davantage particip\u00e9 \u00e0 l\u2019ouverture d\u2019espaces de dialogue entre les institutions et la population. Les actions men\u00e9es directement aupr\u00e8s de la population ont \u00e9t\u00e9 \u00e9largies et ont permis d\u2019ouvrir des espaces d\u2019information et de dialogue, dans un premier temps sur les enjeux du r\u00e8glement judiciaire du g\u00e9nocide. La construction judiciaire, fond\u00e9e sur la r\u00e9forme de 2004, connut de nouvelles perturbations en 2006. La rencontre\u00a0avec la demande de justice n\u2019en devint que plus cruciale.\u00a0<a href=\"https:\/\/rcn-ong.be\/wp-content\/uploads\/2015\/05\/Pour-une-justice-de-proximit\u00e9-2006.jpg\"><img loading=\"lazy\" decoding=\"async\" class=\"alignright size-medium wp-image-3874\" src=\"https:\/\/rcn-ong.be\/wp-content\/uploads\/2015\/05\/Pour-une-justice-de-proximit\u00e9-2006-300x226.jpg\" alt=\"Pour une justice de proximit\u00e9 2006\" width=\"300\" height=\"226\" srcset=\"https:\/\/rcn-ong.be\/wp-content\/uploads\/2015\/05\/Pour-une-justice-de-proximit\u00e9-2006-300x226.jpg 300w, https:\/\/rcn-ong.be\/wp-content\/uploads\/2015\/05\/Pour-une-justice-de-proximit\u00e9-2006-100x75.jpg 100w, https:\/\/rcn-ong.be\/wp-content\/uploads\/2015\/05\/Pour-une-justice-de-proximit\u00e9-2006-150x113.jpg 150w, https:\/\/rcn-ong.be\/wp-content\/uploads\/2015\/05\/Pour-une-justice-de-proximit\u00e9-2006-200x150.jpg 200w, https:\/\/rcn-ong.be\/wp-content\/uploads\/2015\/05\/Pour-une-justice-de-proximit\u00e9-2006.jpg 399w\" sizes=\"auto, (max-width: 300px) 100vw, 300px\" \/><\/a><\/p>\n<p>L\u2019objectif de ce programme \u00e9tait de rapprocher la justice des justiciables en renfor\u00e7ant les capacit\u00e9s des institutions judiciaires et de la soci\u00e9t\u00e9 civile et en favorisant leur convergence.<\/p>\n<p><strong>Dans le cadre de l\u2019appui \u00e0 la soci\u00e9t\u00e9 civile, RCN Justice &amp; D\u00e9mocratie a d\u00e9velopp\u00e9 les actions suivantes<\/strong> :<\/p>\n<ul>\n<li>Poursuite du programme de lib\u00e9ration de la parole qui a continu\u00e9\u00a0\u00e0 se d\u00e9velopper et \u00e0 s\u2019\u00e9tendre sur les collines \u00e0 travers des partenariats avec trois associations, dont une association de femmes. Ces partenariats visaient au transfert de comp\u00e9tences pluridisciplinaires d\u00e9velopp\u00e9es par RCN Justice &amp; D\u00e9mocratie dans le cadre des activit\u00e9s de lib\u00e9ration de la parole et ont conduit \u00e0 former 32 facilitateurs aux techniques de facilitation dans les groupes de parole. A leur tour les facilitateurs ont effectu\u00e9 des tourn\u00e9es sur les collines o\u00f9 ils ont prolong\u00e9 l\u2019action aupr\u00e8s de 696 b\u00e9n\u00e9ficiaires suppl\u00e9mentaires ;<\/li>\n<li>programme de renforcement de capacit\u00e9s du <a href=\"http:\/\/www.syndicat-imbaraga.org.rw\/-%3Ehttp:\/\/www.syndicat-imbaraga.org.rw\/\" target=\"_blank\">Syndicat d\u2019agri \u00e9leveurs IMBARAGA <\/a>: Diffusion et vulgarisation de la loi fonci\u00e8re. Plusieurs formations sur la loi fonci\u00e8re ont \u00e9t\u00e9 organis\u00e9es et ont permis de former 740 vulgarisateurs (dont 30% de femmes). Des tables rondes sur la mise en \u0153uvre de la r\u00e9forme fonci\u00e8re ont r\u00e9uni des membres de la soci\u00e9t\u00e9 civile, des comit\u00e9s de conciliateurs, des autorit\u00e9s de district et du minist\u00e8re des terres. Des ateliers d\u2019\u00e9change ont \u00e9t\u00e9 mis en place ainsi que plusieurs descentes de suivi sur la diffusion et la vulgarisation de la loi fonci\u00e8re. Des kits d\u2019information et de formation ont \u00e9t\u00e9 con\u00e7us ainsi que des d\u00e9pliants et des affiches ;<\/li>\n<li>r\u00e9alisation d\u2019une \u00e9tude sur le mode\u00a0de gestion des conflits fonciers au Rwanda. Elle est <a href=\"https:\/\/rcn-ong.be\/?p=3327\" target=\"_blank\">t\u00e9l\u00e9chargeable ici<\/a>.<\/li>\n<\/ul>\n<p><strong>Au niveau de l\u2019appui institutionnel, les activit\u00e9s suivantes ont \u00e9t\u00e9 mises en \u0153uvre<\/strong> :<a href=\"https:\/\/rcn-ong.be\/wp-content\/uploads\/2015\/05\/Pour-une-justice-de-proximit\u00e9-2006-2.jpg\"><img loading=\"lazy\" decoding=\"async\" class=\"alignright size-full wp-image-3873\" src=\"https:\/\/rcn-ong.be\/wp-content\/uploads\/2015\/05\/Pour-une-justice-de-proximit\u00e9-2006-2.jpg\" alt=\"Pour une justice de proximit\u00e9 2006 2\" width=\"100\" height=\"101\" \/><\/a><\/p>\n<ul>\n<li>Appui \u00e0 la r\u00e9sorption des arri\u00e9r\u00e9s judiciaires de droit commun au niveau de la Cour supr\u00eame et du Parquet G\u00e9n\u00e9ral de la R\u00e9publique par la mise en place de groupes mobiles : 54.367 dossiers trait\u00e9s au niveau des tribunaux de grande instance, des parquets et de la haute cour de la r\u00e9publique. Au niveau de la Cour supr\u00eame, RCN Justice &amp; D\u00e9mocratie a soutenu la phase pilote de jugement des arri\u00e9r\u00e9s judiciaires ;<\/li>\n<li>appui technique et logistique au Parquet G\u00e9n\u00e9ral de la R\u00e9publique pour l\u2019instruction des dossiers des pr\u00e9venus de g\u00e9nocide de premi\u00e8re cat\u00e9gorie r\u00e9fugi\u00e9s \u00e0 l\u2019\u00e9tranger ;<\/li>\n<li>appui technique et logistique aux tribunaux de grande instance et aux juridictions militaires pour les proc\u00e8s de g\u00e9nocide en itin\u00e9rance ;<\/li>\n<li>appui technique et logistique \u00e0 la formation de plus de 1.000 Officiers de Police Judiciaires et des d\u00e9cideurs de la Police Nationale. Des descentes de suivi des effets des formations des Officiers de Police Judiciaire ont \u00e9galement \u00e9t\u00e9 organis\u00e9es ;<\/li>\n<li>appui technique et logistique aux formations des juges des tribunaux de base\u00a0et de grande instance ;<\/li>\n<li>organisation d\u2019ateliers mixtes aupr\u00e8s des partenaires institutionnels : Officiers du Minist\u00e8re Public, Officiers de Police Judiciaire, personnels de police et juges pour \u00e9changer sur leur pratique de terrain de la justice.<\/li>\n<\/ul>\n<p>&nbsp;<\/p>\n<p>&nbsp;<\/p>\n<p>&nbsp;<\/p>\n","protected":false},"excerpt":{"rendered":"<p>&nbsp;<\/p>\n<p>A partir de 2006, les activit\u00e9s de RCN Justice et D\u00e9mocratie au Rwanda ont davantage particip\u00e9 \u00e0 l\u2019ouverture d\u2019espaces de dialogue entre les institutions et la population. Les actions men\u00e9es directement aupr\u00e8s de la population ont \u00e9t\u00e9 \u00e9largies et ont permis d\u2019ouvrir des espaces d\u2019information et de dialogue,<\/p>\n<p><span class=\"ellipsis\">&hellip;<\/span><\/p>\n<div class=\"read-more\"><a href=\"https:\/\/rcn-ong.be\/en\/que-faisons-nous\/nos-pays-d-intervention\/rwanda\/realisations-anterieures\/pour-une-justice-de-proximite-2\/\">Read more &#8250;<\/a><\/div>\n<p><!-- end of .read-more --><\/p>\n","protected":false},"author":3,"featured_media":0,"parent":3111,"menu_order":0,"comment_status":"open","ping_status":"open","template":"sidebar-content-page.php","meta":{"footnotes":""},"class_list":["post-3139","page","type-page","status-publish","hentry"],"_links":{"self":[{"href":"https:\/\/rcn-ong.be\/en\/wp-json\/wp\/v2\/pages\/3139","targetHints":{"allow":["GET"]}}],"collection":[{"href":"https:\/\/rcn-ong.be\/en\/wp-json\/wp\/v2\/pages"}],"about":[{"href":"https:\/\/rcn-ong.be\/en\/wp-json\/wp\/v2\/types\/page"}],"author":[{"embeddable":true,"href":"https:\/\/rcn-ong.be\/en\/wp-json\/wp\/v2\/users\/3"}],"replies":[{"embeddable":true,"href":"https:\/\/rcn-ong.be\/en\/wp-json\/wp\/v2\/comments?post=3139"}],"version-history":[{"count":6,"href":"https:\/\/rcn-ong.be\/en\/wp-json\/wp\/v2\/pages\/3139\/revisions"}],"predecessor-version":[{"id":4093,"href":"https:\/\/rcn-ong.be\/en\/wp-json\/wp\/v2\/pages\/3139\/revisions\/4093"}],"up":[{"embeddable":true,"href":"https:\/\/rcn-ong.be\/en\/wp-json\/wp\/v2\/pages\/3111"}],"wp:attachment":[{"href":"https:\/\/rcn-ong.be\/en\/wp-json\/wp\/v2\/media?parent=3139"}],"curies":[{"name":"wp","href":"https:\/\/api.w.org\/{rel}","templated":true}]}}