{"id":3152,"date":"2015-03-26T10:24:31","date_gmt":"2015-03-26T10:24:31","guid":{"rendered":"https:\/\/rcn-ong.be\/?page_id=3152"},"modified":"2015-12-11T09:28:06","modified_gmt":"2015-12-11T09:28:06","slug":"justice-rwandaise-liee-au-genocide-et-aux-massacres-programme-dappuis-urgents-aux-aveux-et-aux-procedures","status":"publish","type":"page","link":"https:\/\/rcn-ong.be\/en\/que-faisons-nous\/nos-pays-d-intervention\/rwanda\/realisations-anterieures\/justice-rwandaise-liee-au-genocide-et-aux-massacres-programme-dappuis-urgents-aux-aveux-et-aux-procedures\/","title":{"rendered":"&#8220;Justice rwandaise li\u00e9e au g\u00e9nocide et aux massacres. Programme d\u2019appuis urgents aux aveux et aux proc\u00e9dures&#8221;"},"content":{"rendered":"<p>&nbsp;<\/p>\n<p>Deux ans apr\u00e8s son d\u00e9part, RCN Justice &amp; D\u00e9mocratie est revenu au Rwanda en 1998 pour mettre en \u0153uvre un nouveau programme. Celui-ci \u00e9tait une r\u00e9ponse \u00e0 la demande des autorit\u00e9s et visait \u00e0 apporter <strong>un soutien urgent \u00e0 la proc\u00e9dure d\u2019aveux et de plaidoyer de culpabilit\u00e9<\/strong>. Cette proc\u00e9dure acc\u00e9l\u00e9r\u00e9e pr\u00e9vue par la loi devait faciliter tant l\u2019enqu\u00eate que le jugement ainsi que la paix sociale. L\u2019objectif de ce programme \u00e9tait de <strong>favoriser une gestion r\u00e9paratrice et fondatrice du contentieux du g\u00e9nocide<\/strong>. Face au recours des pr\u00e9venus de g\u00e9nocide \u00e0 cette proc\u00e9dure, il fallait r\u00e9pondre \u00e0 cette urgence en contribuant \u00e0 ce que les demandes d\u2019aveux soient rapidement et correctement trait\u00e9es, et donner l\u2019occasion aux d\u00e9tenus sur lesquels ne reposent pas de charges de b\u00e9n\u00e9ficier de mesures de libert\u00e9 provisoire. Les activit\u00e9s mises en \u0153uvre tendaient \u00e0 augmenter la quantit\u00e9, la qualit\u00e9 et la rapidit\u00e9 des proc\u00e8s et donc l\u2019efficacit\u00e9 des tribunaux (juridictions classiques et Gacaca).<\/p>\n<p>A ce titre, les activit\u00e9s suivantes ont \u00e9t\u00e9 d\u00e9velopp\u00e9es :<\/p>\n<ul>\n<li><strong>Appui scientifique<\/strong> : organisation de s\u00e9minaires de formation et de recyclage pour les magistrats et officiers du minist\u00e8re public ; formations techniques pour les \u00e9quipes sp\u00e9ciales d\u2019inspecteurs de police judiciaire et d\u2019officiers du minist\u00e8re public affect\u00e9es au recueil des aveux.<\/li>\n<li><strong>Appui technique et logistique<\/strong> : pr\u00e9paration des actions, achat de machines \u00e0 \u00e9crire, fourniture de bureau, entretien des v\u00e9hicules\u2026<a href=\"https:\/\/rcn-ong.be\/wp-content\/uploads\/2015\/05\/Justice-rwandaise.jpg\"><img loading=\"lazy\" decoding=\"async\" class=\"alignright size-full wp-image-3871\" src=\"https:\/\/rcn-ong.be\/wp-content\/uploads\/2015\/05\/Justice-rwandaise.jpg\" alt=\"Justice rwandaise\" width=\"250\" height=\"137\" srcset=\"https:\/\/rcn-ong.be\/wp-content\/uploads\/2015\/05\/Justice-rwandaise.jpg 250w, https:\/\/rcn-ong.be\/wp-content\/uploads\/2015\/05\/Justice-rwandaise-100x55.jpg 100w, https:\/\/rcn-ong.be\/wp-content\/uploads\/2015\/05\/Justice-rwandaise-150x82.jpg 150w, https:\/\/rcn-ong.be\/wp-content\/uploads\/2015\/05\/Justice-rwandaise-200x110.jpg 200w\" sizes=\"auto, (max-width: 250px) 100vw, 250px\" \/><\/a><\/li>\n<li><strong>Aide au transport<\/strong> : pour les magistrats pour les descentes sur terrain et la tenue des audiences en itin\u00e9rance, des d\u00e9tenus.<\/li>\n<li><strong>Appui aux \u00e9quipes sp\u00e9ciales d\u2019Inspecteurs de Police Judiciaire et d\u2019Officiers du Minist\u00e8re Public affect\u00e9s au traitement des dossiers d\u2019aveux.<\/strong><\/li>\n<li><strong>Appui \u00e0 la pr\u00e9sentation des pr\u00e9venus \u00e0 la population.<\/strong><\/li>\n<li><strong>Appui \u00e0 l\u2019acc\u00e9l\u00e9ration de l\u2019instruction des dossiers\/pr\u00e9paration aux Juridictions Gacaca.<\/strong><\/li>\n<li><strong>Appui \u00e0 la transmission d\u2019informations aux juridictions Gacaca par le Parquet G\u00e9n\u00e9ral de la R\u00e9publique.<\/strong><\/li>\n<li><strong>Appui \u00e0 la gestion des arri\u00e9r\u00e9s par le Parquet G\u00e9n\u00e9ral de la R\u00e9publique et par la Cour supr\u00eame.<\/strong><\/li>\n<\/ul>\n<p>A partir de l\u2019ann\u00e9e 2000, les activit\u00e9s du programme se sont \u00e9largies \u00e0 un appui \u00e0 la soci\u00e9t\u00e9 civile : renforcement de capacit\u00e9s, promotion des droits de l\u2019homme, socialisation de la justice, l\u2019\u00e9mergence d\u2019associations, la reconnaissance des groupes vuln\u00e9rables et l\u2019amorce d\u2019actions citoyennes.<\/p>\n","protected":false},"excerpt":{"rendered":"<p>&nbsp;<\/p>\n<p>Deux ans apr\u00e8s son d\u00e9part, RCN Justice &amp; D\u00e9mocratie est revenu au Rwanda en 1998 pour mettre en \u0153uvre un nouveau programme. Celui-ci \u00e9tait une r\u00e9ponse \u00e0 la demande des autorit\u00e9s et visait \u00e0 apporter <strong>un soutien urgent \u00e0 la proc\u00e9dure d\u2019aveux et de plaidoyer de culpabilit\u00e9<\/strong>.<\/p>\n<p><span class=\"ellipsis\">&hellip;<\/span><\/p>\n<div class=\"read-more\"><a href=\"https:\/\/rcn-ong.be\/en\/que-faisons-nous\/nos-pays-d-intervention\/rwanda\/realisations-anterieures\/justice-rwandaise-liee-au-genocide-et-aux-massacres-programme-dappuis-urgents-aux-aveux-et-aux-procedures\/\">Read more &#8250;<\/a><\/div>\n<p><!-- end of .read-more --><\/p>\n","protected":false},"author":3,"featured_media":0,"parent":3111,"menu_order":0,"comment_status":"open","ping_status":"open","template":"sidebar-content-page.php","meta":{"footnotes":""},"class_list":["post-3152","page","type-page","status-publish","hentry"],"_links":{"self":[{"href":"https:\/\/rcn-ong.be\/en\/wp-json\/wp\/v2\/pages\/3152","targetHints":{"allow":["GET"]}}],"collection":[{"href":"https:\/\/rcn-ong.be\/en\/wp-json\/wp\/v2\/pages"}],"about":[{"href":"https:\/\/rcn-ong.be\/en\/wp-json\/wp\/v2\/types\/page"}],"author":[{"embeddable":true,"href":"https:\/\/rcn-ong.be\/en\/wp-json\/wp\/v2\/users\/3"}],"replies":[{"embeddable":true,"href":"https:\/\/rcn-ong.be\/en\/wp-json\/wp\/v2\/comments?post=3152"}],"version-history":[{"count":4,"href":"https:\/\/rcn-ong.be\/en\/wp-json\/wp\/v2\/pages\/3152\/revisions"}],"predecessor-version":[{"id":4092,"href":"https:\/\/rcn-ong.be\/en\/wp-json\/wp\/v2\/pages\/3152\/revisions\/4092"}],"up":[{"embeddable":true,"href":"https:\/\/rcn-ong.be\/en\/wp-json\/wp\/v2\/pages\/3111"}],"wp:attachment":[{"href":"https:\/\/rcn-ong.be\/en\/wp-json\/wp\/v2\/media?parent=3152"}],"curies":[{"name":"wp","href":"https:\/\/api.w.org\/{rel}","templated":true}]}}