{"id":3177,"date":"2015-03-26T10:47:25","date_gmt":"2015-03-26T10:47:25","guid":{"rendered":"https:\/\/rcn-ong.be\/?page_id=3177"},"modified":"2015-04-02T10:52:08","modified_gmt":"2015-04-02T10:52:08","slug":"realisations-anterieures","status":"publish","type":"page","link":"https:\/\/rcn-ong.be\/en\/que-faisons-nous\/nos-pays-d-intervention\/belgique\/realisations-anterieures\/","title":{"rendered":"R\u00e9alisations ant\u00e9rieures"},"content":{"rendered":"<ul>\n<li><a href=\"https:\/\/rcn-ong.be\/?p=3236\" target=\"_blank\">2011 &#8211; 2013 &#8220;Sensibilisation du public belge \u00e0 la pr\u00e9vention des conflits par des r\u00e9cits radiophoniques&#8221;<\/a><\/li>\n<li><a href=\"https:\/\/rcn-ong.be\/?p=3241\" target=\"_blank\">2009 &#8211; 2010 &#8220;Ouverture d\u2019un projet pilote de sensibilisation&#8221;<\/a><\/li>\n<li><a href=\"https:\/\/rcn-ong.be\/?p=3245\" target=\"_blank\">2007 Organisation du Colloque &#8220;Devoir de voir&#8221;<\/a><\/li>\n<li><a href=\"https:\/\/rcn-ong.be\/?p=3250\" target=\"_blank\">2006 &#8211; 2008 R\u00e9alisation de la s\u00e9rie radiophonique &#8220;Si c\u2019est l\u00e0, c\u2019est ici&#8221;<\/a><\/li>\n<li><a href=\"https:\/\/rcn-ong.be\/?p=3254\" target=\"_blank\">2005 R\u00e9alisation du film &#8220;Dits de Justice&#8221;<\/a><\/li>\n<li><a href=\"https:\/\/rcn-ong.be\/?p=3259\" target=\"_blank\">2002 &#8211; 2004 &#8220;Dialogue au sein de la diaspora rwandaise en Belgique&#8221;<\/a><\/li>\n<li><a href=\"https:\/\/rcn-ong.be\/?p=3264\" target=\"_blank\">2001 &#8211; 2002 &#8220;Enregistrement du proc\u00e8s des &#8220;quatre de Butare&#8221; sur la base de la loi de comp\u00e9tence universelle&#8221;<\/a><\/li>\n<\/ul>\n","protected":false},"excerpt":{"rendered":"<ul>\n<li><a href=\"https:\/\/rcn-ong.be\/?p=3236\" target=\"_blank\">2011 &#8211; 2013 &#8220;Sensibilisation du public belge \u00e0 la pr\u00e9vention des conflits par des r\u00e9cits radiophoniques&#8221;<\/a><\/li>\n<li><a href=\"https:\/\/rcn-ong.be\/?p=3241\" target=\"_blank\">2009 &#8211; 2010 &#8220;Ouverture d\u2019un projet pilote de sensibilisation&#8221;<\/a><\/li>\n<li><a href=\"https:\/\/rcn-ong.be\/?p=3245\" target=\"_blank\">2007 Organisation du Colloque &#8220;Devoir de voir&#8221;<\/a><\/li>\n<\/ul>\n<p><span class=\"ellipsis\">&hellip;<\/span><\/p>\n<div class=\"read-more\"><a href=\"https:\/\/rcn-ong.be\/en\/que-faisons-nous\/nos-pays-d-intervention\/belgique\/realisations-anterieures\/\">Read more &#8250;<\/a><\/div>\n<p><!-- end of .read-more --><\/p>\n","protected":false},"author":3,"featured_media":0,"parent":2175,"menu_order":0,"comment_status":"open","ping_status":"open","template":"sidebar-content-page.php","meta":{"footnotes":""},"class_list":["post-3177","page","type-page","status-publish","hentry"],"_links":{"self":[{"href":"https:\/\/rcn-ong.be\/en\/wp-json\/wp\/v2\/pages\/3177","targetHints":{"allow":["GET"]}}],"collection":[{"href":"https:\/\/rcn-ong.be\/en\/wp-json\/wp\/v2\/pages"}],"about":[{"href":"https:\/\/rcn-ong.be\/en\/wp-json\/wp\/v2\/types\/page"}],"author":[{"embeddable":true,"href":"https:\/\/rcn-ong.be\/en\/wp-json\/wp\/v2\/users\/3"}],"replies":[{"embeddable":true,"href":"https:\/\/rcn-ong.be\/en\/wp-json\/wp\/v2\/comments?post=3177"}],"version-history":[{"count":8,"href":"https:\/\/rcn-ong.be\/en\/wp-json\/wp\/v2\/pages\/3177\/revisions"}],"predecessor-version":[{"id":3266,"href":"https:\/\/rcn-ong.be\/en\/wp-json\/wp\/v2\/pages\/3177\/revisions\/3266"}],"up":[{"embeddable":true,"href":"https:\/\/rcn-ong.be\/en\/wp-json\/wp\/v2\/pages\/2175"}],"wp:attachment":[{"href":"https:\/\/rcn-ong.be\/en\/wp-json\/wp\/v2\/media?parent=3177"}],"curies":[{"name":"wp","href":"https:\/\/api.w.org\/{rel}","templated":true}]}}