{"id":3180,"date":"2015-03-26T10:48:07","date_gmt":"2015-03-26T10:48:07","guid":{"rendered":"https:\/\/rcn-ong.be\/?page_id=3180"},"modified":"2015-04-02T10:28:47","modified_gmt":"2015-04-02T10:28:47","slug":"temoignages","status":"publish","type":"page","link":"https:\/\/rcn-ong.be\/en\/que-faisons-nous\/nos-pays-d-intervention\/belgique\/temoignages\/","title":{"rendered":"T\u00e9moignages"},"content":{"rendered":"<h6>Animations scolaires<\/h6>\n<p>Les textes suivants ont \u00e9t\u00e9 r\u00e9dig\u00e9s par des \u00e9l\u00e8ves lors des animations en 2013. Ces animations visent \u00e0 faire r\u00e9fl\u00e9chir sur les cons\u00e9quences des crimes internationaux commis ici et l\u00e0, et sur les enjeux du vivre-ensemble pour pr\u00e9venir les situations de violence.<\/p>\n<p><strong>Juliette R.<\/strong> (\u00e9l\u00e8ve de 5\u00e8me g\u00e9n\u00e9rale) : <em>\u00ab Nous, Europ\u00e9ens, nous avons une chance extraordinaire de vivre sur un continent libre, sans grillage. Dans certains pays du monde, comme le Rwanda par exemple, ils n\u2019ont pas beaucoup de libert\u00e9s. Leurs r\u00eaves sont \u00e9troits, et malheureusement, ils ne savent rien changer. Mais o\u00f9 est l\u2019homme juste ? Tout d\u00e9pend du lieu de notre naissance, eux, ils ne sont pas bien-n\u00e9s. Tous les probl\u00e8mes qu\u2019ils croisent se passent loin de chez nous, on a tendance \u00e0 les oublier ou m\u00eame de ne pas y penser. Cette animation nous a rappel\u00e9 que de nombreuses personnes devaient fuir leur village, leur famille pour survivre\u2026 Que faut-il faire pour apaiser les conflits qui surgissent entre les communaut\u00e9s et les peuples ? Nous devons accepter nos diff\u00e9rences et peu importe ce qui nous s\u00e9pare. [\u2026] Tous les \u00eatres humains ont droit \u00e0 toutes formes de libert\u00e9 et qu\u2019importe la couleur de leur peau. [\u2026] C\u2019est \u00e0 nous, jeunes d\u2019aujourd\u2019hui, adolescents des 4 coins de la terre de faire les bons choix. L\u2019avenir de ces peuples est entre nos mains. [\u2026] Avec notre aide, la nuit fera place au jour. Pr\u00e9f\u00e9rez-vous rester dans le noir ou vous lever et faire entendre votre voix ? Maintenant, c\u2019est \u00e0 vous de voir\u2026 Mais n\u2019oubliez pas que dans la vie, la plus part des probl\u00e8mes proviennent de deux raisons ; nous agissons sans r\u00e9fl\u00e9chir ou nous continuons \u00e0 agir sans r\u00e9fl\u00e9chir\u2026 \u00bb.<\/em><\/p>\n<p><strong>Manon E.<\/strong> (\u00e9l\u00e8ve de 6\u00e8me g\u00e9n\u00e9rale) : <em>\u00ab Nous sommes assis en cercle dans le noir, la seule source de lumi\u00e8re est la petite bougie au centre et, \u00e0 nos oreilles, r\u00e9sonne le t\u00e9moignage du rwandais Gasana. L\u2019\u00e9motion nous submerge, l\u2019admiration \u00e9galement pour cet homme et nous ne restons pas impassibles devant la beaut\u00e9 de certains de ses dires. Je voulais revenir sur ce moment, car pour moi, c\u2019\u00e9tait le c\u0153ur de l\u2019activit\u00e9. Je voulais \u00e9galement pour l\u2019ambiance. Pendant tout ce r\u00e9cit, j\u2019ai \u00e9t\u00e9 litt\u00e9ralement d\u2019abord absorb\u00e9 par ce que j\u2019entendais, mais aussi par cette bougie au centre, comme l\u2019\u00e9vocation de l\u2019humanit\u00e9 \u00bb.<\/em><\/p>\n<p><strong>Fr\u00e9deric B.<\/strong> (\u00e9l\u00e8ve de 6\u00e8me g\u00e9n\u00e9rale) : <em>\u00ab Le t\u00e9moignage sur le g\u00e9nocide du Rwanda a particuli\u00e8rement suscit\u00e9 des interrogations sur la passivit\u00e9 des pays d\u00e9mocratiques tels que le notre. Un million de tu\u00e9s en trois mois, sans r\u00e9elle mise en place d\u2019une protection suffisante des populations civiles. Nous ne pouvons pas fermer les yeux m\u00eame si cela se passe loin de chez nous. Soulignons le r\u00f4le des m\u00e9dias qui peut \u00eatre un \u00e9l\u00e9ment d\u00e9clencheur, mais aussi informer pour sauver. La sensibilisation des jeunes est importante, il ne faut pas laisser se reproduire de telles exactions \u00bb.<\/em><\/p>\n<h6>Projet Dialogue<\/h6>\n<p><strong>Fran\u00e7ois-Xavier NSANZUWERA<\/strong>, (ancien responsable de programme, 2004) : <em>\u00ab Nous sommes plus ou moins 13.000 Rwandais vivant en Belgique. Nous avons tous une histoire diff\u00e9rente. Chacun est arriv\u00e9 \u00e0 une p\u00e9riode donn\u00e9e et pour des raisons inh\u00e9rentes \u00e0 sa propre histoire. Mais nous avons une histoire commune que nous partageons : nous sommes tous Rwandais et nous vivons dans un pays qui nous a accueillis mais qui n\u2019est pas le n\u00f4tre m\u00eame si certains ont pu trouver une place dans cette soci\u00e9t\u00e9 belge. Nous avons un patrimoine commun fond\u00e9 sur la philosophie d\u2019Ubuntu que nous partageons avec les pays voisins et m\u00eame avec l\u2019Afrique du Sud [\u2026]. Cette philosophie veut dire tout simplement : \u00ab Je suis, tu es \u00bb. C\u2019est dans le visage de mon voisin, en face, que je retrouve ma propre humanit\u00e9. Nous sommes 13.000 Rwandais mais les clivages politiques, ethniques, r\u00e9gionaux, la concurrence des victimes, c\u2019est \u00e0 dire le refus de reconna\u00eetre la souffrance de l\u2019autre, la globalisation, la suspicion continuent de marquer cette diaspora. RCN Justice &amp; D\u00e9mocratie a fort remarqu\u00e9 la d\u00e9chirure de cette diaspora pendant le proc\u00e8s de quatre de nos compatriotes devant la Cour d\u2019assises de Bruxelles : des jeunes qui n\u2019avaient aucune responsabilit\u00e9 s\u2019insultaient sur les marches du Palais. On reconnaissait deux camps antagonistes. RCN Justice &amp; D\u00e9mocratie a voulu par ce projet \u00ab Dialogue \u00bb offrir un espace de parole aux Rwandais de deux communaut\u00e9s qui ont fait un chemin personnel, qui ont envie de rencontrer les autres et d\u2019amorcer un v\u00e9ritable dialogue au sein de cette diaspora, la ligne d\u2019horizon \u00e9tant la r\u00e9conciliation. Il ne s\u2019agira pas d\u2019arriver \u00e0 une m\u00eame lecture de ce tout ce qui nous divise mais de partager les valeurs communes, partager les t\u00e9moignages des uns et des autres, et arriver \u00e0 produire, \u00e0 construire quelque chose ensemble. Nous ne sommes pas un groupe politique, nous n\u2019avons pas pour but une th\u00e9rapie collective, mais tout simplement, nous voulons cheminer ensemble pour montrer \u00e0 nos compatriotes de la diaspora, ici, ailleurs, et aux Rwandais de l\u2019int\u00e9rieur qu\u2019il y a des Hutu et des Tutsi, malgr\u00e9 les contraintes de l\u2019exil, malgr\u00e9 tous les autres maux cit\u00e9s, \u00e0 savoir la globalisation et le refus de reconna\u00eetre la souffrance de l\u2019autre, qui peuvent,<\/em> <em>ensemble, construire quelque chose. Le processus propos\u00e9 nous permet de cr\u00e9er ensemble et de diffuser \u00e0 l\u2019ext\u00e9rieur, toujours avec comme fil conducteur la r\u00e9conciliation, l\u2019envie d\u2019apprendre \u00e0 vivre ensemble. La r\u00e9conciliation, pour moi, est l\u2019ouverture sur l\u2019avenir. Comment notre groupe de dialogue va-t-il d\u00e9lier le pass\u00e9 pour penser ensemble l\u2019avenir ? [\u2026] Il n\u2019y a pas de chemin vers le dialogue, vers la r\u00e9conciliation ; le dialogue lui-m\u00eame, la r\u00e9conciliation elle-m\u00eame, est le chemin. Faisons ce pari ensemble. \u00bb<\/em><\/p>\n","protected":false},"excerpt":{"rendered":"<p>Animations scolaires<\/p>\n<p>Les textes suivants ont \u00e9t\u00e9 r\u00e9dig\u00e9s par des \u00e9l\u00e8ves lors des animations en 2013. Ces animations visent \u00e0 faire r\u00e9fl\u00e9chir sur les cons\u00e9quences des crimes internationaux commis ici et l\u00e0, et sur les enjeux du vivre-ensemble pour pr\u00e9venir les situations de violence.<\/p>\n<p><span class=\"ellipsis\">&hellip;<\/span><\/p>\n<div class=\"read-more\"><a href=\"https:\/\/rcn-ong.be\/en\/que-faisons-nous\/nos-pays-d-intervention\/belgique\/temoignages\/\">Read more &#8250;<\/a><\/div>\n<p><!-- end of .read-more --><\/p>\n","protected":false},"author":3,"featured_media":0,"parent":2175,"menu_order":0,"comment_status":"open","ping_status":"open","template":"sidebar-content-page.php","meta":{"footnotes":""},"class_list":["post-3180","page","type-page","status-publish","hentry"],"_links":{"self":[{"href":"https:\/\/rcn-ong.be\/en\/wp-json\/wp\/v2\/pages\/3180","targetHints":{"allow":["GET"]}}],"collection":[{"href":"https:\/\/rcn-ong.be\/en\/wp-json\/wp\/v2\/pages"}],"about":[{"href":"https:\/\/rcn-ong.be\/en\/wp-json\/wp\/v2\/types\/page"}],"author":[{"embeddable":true,"href":"https:\/\/rcn-ong.be\/en\/wp-json\/wp\/v2\/users\/3"}],"replies":[{"embeddable":true,"href":"https:\/\/rcn-ong.be\/en\/wp-json\/wp\/v2\/comments?post=3180"}],"version-history":[{"count":2,"href":"https:\/\/rcn-ong.be\/en\/wp-json\/wp\/v2\/pages\/3180\/revisions"}],"predecessor-version":[{"id":3235,"href":"https:\/\/rcn-ong.be\/en\/wp-json\/wp\/v2\/pages\/3180\/revisions\/3235"}],"up":[{"embeddable":true,"href":"https:\/\/rcn-ong.be\/en\/wp-json\/wp\/v2\/pages\/2175"}],"wp:attachment":[{"href":"https:\/\/rcn-ong.be\/en\/wp-json\/wp\/v2\/media?parent=3180"}],"curies":[{"name":"wp","href":"https:\/\/api.w.org\/{rel}","templated":true}]}}