{"id":3192,"date":"2015-04-02T09:19:57","date_gmt":"2015-04-02T09:19:57","guid":{"rendered":"https:\/\/rcn-ong.be\/?page_id=3192"},"modified":"2019-10-08T16:42:22","modified_gmt":"2019-10-08T14:42:22","slug":"les-animations-scolaires-decoute-collective","status":"publish","type":"page","link":"https:\/\/rcn-ong.be\/en\/que-faisons-nous\/nos-outils-pedagogiques\/les-animations-scolaires-decoute-collective\/","title":{"rendered":"Nos diff\u00e9rentes animations"},"content":{"rendered":"<p><a href=\"https:\/\/rcn-ong.be\/wp-content\/uploads\/2017\/11\/1-PE-atelier-1.png\"><img loading=\"lazy\" decoding=\"async\" class=\"size-medium wp-image-4368\" src=\"https:\/\/rcn-ong.be\/wp-content\/uploads\/2017\/11\/1-PE-atelier-1-300x140.png\" alt=\"\" width=\"300\" height=\"140\" srcset=\"https:\/\/rcn-ong.be\/wp-content\/uploads\/2017\/11\/1-PE-atelier-1-300x140.png 300w, https:\/\/rcn-ong.be\/wp-content\/uploads\/2017\/11\/1-PE-atelier-1-100x47.png 100w, https:\/\/rcn-ong.be\/wp-content\/uploads\/2017\/11\/1-PE-atelier-1-150x70.png 150w, https:\/\/rcn-ong.be\/wp-content\/uploads\/2017\/11\/1-PE-atelier-1-200x94.png 200w, https:\/\/rcn-ong.be\/wp-content\/uploads\/2017\/11\/1-PE-atelier-1-450x211.png 450w, https:\/\/rcn-ong.be\/wp-content\/uploads\/2017\/11\/1-PE-atelier-1-600x281.png 600w, https:\/\/rcn-ong.be\/wp-content\/uploads\/2017\/11\/1-PE-atelier-1.png 637w\" sizes=\"auto, (max-width: 300px) 100vw, 300px\" \/><\/a><\/p>\n<h2>Des animations gratuites sont men\u00e9es \u00e0 partir de la mallette &#8220;Si c&#8217;est l\u00e0, c&#8217;est ici&#8221; par les charg\u00e9(e)s p\u00e9dagogiques de RCN Justice &amp; D\u00e9mocratie.<\/h2>\n<p>Dans nos ateliers interactifs et participatifs nous abordons des diff\u00e9rentes th\u00e9matiques\u00a0; des crimes internationaux ici et ailleurs et leurs cons\u00e9quences, les m\u00e9canismes qui m\u00e8nent \u00e0 l\u2019extr\u00e9misme, l\u2019exclusion et le violence et le reconstruction d\u2019une citoyennet\u00e9 critique, active et engag\u00e9e.<\/p>\n<ul>\n<li><strong>Atelier 1 \u00abAu-del\u00e0 des id\u00e9es re\u00e7ues\u2026Comment s\u2019opposer aux st\u00e9r\u00e9otypes, aux pr\u00e9jug\u00e9s et \u00e0 la discrimination?\u00bb<\/strong> Nous classons les gens en fonction de groupes : hommes, femmes, enfants, adultes\u2026 En soi, il n\u2019y a aucun mal \u00e0 cela. Mais lorsque ces classifications constituent un obstacle et entra\u00eenent l\u2019exclusion, la discrimination voire la violence, c\u2019est une toute autre histoire. D\u2019o\u00f9 viennent ces id\u00e9es re\u00e7ues et comment en \u00e9viter les travers? C\u2019est ce que nous allons d\u00e9couvrir ensemble!<\/li>\n<li><strong>Atelier 2 \u00abJ\u2019agis, donc je suis! Comment apprendre \u00e0 penser et \u00e0 r\u00e9agir de fa\u00e7on critique?\u00bb<\/strong> En rue, \u00e0 la gare ou \u00e0 l\u2019\u00e9cole, vous \u00eates t\u00e9moin de harc\u00e8lement. Est-ce que vous r\u00e9agissez? Pourquoi intervenons-nous dans certaines situations, mais pas dans d\u2019autres? En analysant diff\u00e9rents ph\u00e9nom\u00e8nes susceptibles de transformer des personnes ordinaires en bourreaux (conformisme, effet de groupe, soumission l&#8217;autorit\u00e9, effet t\u00e9moin\u2026)nous voulons aider les jeunes \u00e0 les d\u00e9tecter et \u00e0 s\u2019en prot\u00e9ger.<\/li>\n<li><strong>Atelier 3 \u00abJustice et lutte contre l\u2019impunit\u00e9\u00bb La violence de masse est un ph\u00e9nom\u00e8ne complexe<\/strong>. Rendre justice fait partie du processus de paix et de r\u00e9conciliation mais cet exercice, bien qu\u2019indispensable afin d\u2019offrir un espace de parole, de mettre des mots et noms sur les faits, reste souvent difficile. Comment rendre justice? Comment \u00e9tablir les responsabilit\u00e9s de chacun ? Quels sont les m\u00e9canismes (inter)nationaux qui existent? Comment la justice contribue-t-elle \u00e0 la reconstruction de la soci\u00e9t\u00e9? D\u00e9couvrons-le ensemble!<\/li>\n<li><strong>Atelier 4 \u00ab3,2,1,\u2026Action! Comment s\u2019inspirer l\u2019un l\u2019autre \u00e0 changer les choses en tant que h\u00e9ros ordinaires?\u00bb<\/strong> Comment des h\u00e9ros connus ou inconnus ont-ils r\u00e9sist\u00e9 au cours de l\u2019histoire? Laissez-vous inspirer par ces histoires afin de jouer vous-m\u00eames un r\u00f4le actif et faire la diff\u00e9rence dans votre soci\u00e9t\u00e9<\/li>\n<\/ul>\n<ul>\n<li>En savoir plus?\u00a0 Consultez <em><a href=\"https:\/\/rcn-ong.be\/wp-content\/uploads\/2019\/10\/offre-pedagogique_maqu-02-00000002.pdf\">ici<\/a> <\/em>notre brochure ou prenez contact avec notre \u00e9quipe:<\/li>\n<li>\n<h3>Charg\u00e9 p\u00e9dagogique francophone :<\/h3>\n<p>No\u00e9mie Gr\u00e9goire : <a href=\"mailto:noemie.gregoire@rcn-ong.be\">No\u00e9mie Gr\u00e9goire@rcn-ong.be<\/a><\/p>\n<h3>Charg\u00e9 p\u00e9dagogique n\u00e9erlandophone \/ Educatieve medewerker :<\/h3>\n<p>Wasja Rijs: <a href=\"mailto:wasja.rijs@rcn-ong.be\">wasja.rijs@rcn-ong.be<\/a><\/li>\n<li style=\"list-style-type: none;\"><\/li>\n<\/ul>\n","protected":false},"excerpt":{"rendered":"<p><a href=\"https:\/\/rcn-ong.be\/wp-content\/uploads\/2017\/11\/1-PE-atelier-1.png\"><img loading=\"lazy\" decoding=\"async\" class=\"size-medium wp-image-4368\" src=\"https:\/\/rcn-ong.be\/wp-content\/uploads\/2017\/11\/1-PE-atelier-1-300x140.png\" alt=\"\" width=\"300\" height=\"140\" srcset=\"https:\/\/rcn-ong.be\/wp-content\/uploads\/2017\/11\/1-PE-atelier-1-300x140.png 300w, https:\/\/rcn-ong.be\/wp-content\/uploads\/2017\/11\/1-PE-atelier-1-100x47.png 100w, https:\/\/rcn-ong.be\/wp-content\/uploads\/2017\/11\/1-PE-atelier-1-150x70.png 150w, https:\/\/rcn-ong.be\/wp-content\/uploads\/2017\/11\/1-PE-atelier-1-200x94.png 200w, https:\/\/rcn-ong.be\/wp-content\/uploads\/2017\/11\/1-PE-atelier-1-450x211.png 450w, https:\/\/rcn-ong.be\/wp-content\/uploads\/2017\/11\/1-PE-atelier-1-600x281.png 600w, https:\/\/rcn-ong.be\/wp-content\/uploads\/2017\/11\/1-PE-atelier-1.png 637w\" sizes=\"auto, (max-width: 300px) 100vw, 300px\" \/><\/a><\/p>\n<p>Des animations gratuites sont men\u00e9es \u00e0 partir de la mallette &#8220;Si c&#8217;est l\u00e0, c&#8217;est ici&#8221; par les charg\u00e9(e)s p\u00e9dagogiques de RCN Justice &amp; D\u00e9mocratie.<\/p>\n<p>Dans nos ateliers interactifs et participatifs nous abordons des diff\u00e9rentes th\u00e9matiques\u00a0;<\/p>\n<p><span class=\"ellipsis\">&hellip;<\/span><\/p>\n<div class=\"read-more\"><a href=\"https:\/\/rcn-ong.be\/en\/que-faisons-nous\/nos-outils-pedagogiques\/les-animations-scolaires-decoute-collective\/\">Read more &#8250;<\/a><\/div>\n<p><!-- end of .read-more --><\/p>\n","protected":false},"author":3,"featured_media":0,"parent":2071,"menu_order":0,"comment_status":"open","ping_status":"open","template":"sidebar-content-page.php","meta":{"footnotes":""},"class_list":["post-3192","page","type-page","status-publish","hentry"],"_links":{"self":[{"href":"https:\/\/rcn-ong.be\/en\/wp-json\/wp\/v2\/pages\/3192","targetHints":{"allow":["GET"]}}],"collection":[{"href":"https:\/\/rcn-ong.be\/en\/wp-json\/wp\/v2\/pages"}],"about":[{"href":"https:\/\/rcn-ong.be\/en\/wp-json\/wp\/v2\/types\/page"}],"author":[{"embeddable":true,"href":"https:\/\/rcn-ong.be\/en\/wp-json\/wp\/v2\/users\/3"}],"replies":[{"embeddable":true,"href":"https:\/\/rcn-ong.be\/en\/wp-json\/wp\/v2\/comments?post=3192"}],"version-history":[{"count":31,"href":"https:\/\/rcn-ong.be\/en\/wp-json\/wp\/v2\/pages\/3192\/revisions"}],"predecessor-version":[{"id":5746,"href":"https:\/\/rcn-ong.be\/en\/wp-json\/wp\/v2\/pages\/3192\/revisions\/5746"}],"up":[{"embeddable":true,"href":"https:\/\/rcn-ong.be\/en\/wp-json\/wp\/v2\/pages\/2071"}],"wp:attachment":[{"href":"https:\/\/rcn-ong.be\/en\/wp-json\/wp\/v2\/media?parent=3192"}],"curies":[{"name":"wp","href":"https:\/\/api.w.org\/{rel}","templated":true}]}}