{"id":3202,"date":"2015-04-02T09:51:50","date_gmt":"2015-04-02T09:51:50","guid":{"rendered":"https:\/\/rcn-ong.be\/?page_id=3202"},"modified":"2025-03-10T17:26:16","modified_gmt":"2025-03-10T15:26:16","slug":"si-cest-la-cest-ici-onze-portraits-radiophoniques-et-leur-histoire-a-onze-voix","status":"publish","type":"page","link":"https:\/\/rcn-ong.be\/en\/que-faisons-nous\/nos-outils-pedagogiques\/la-mallette-pedagogique\/si-cest-la-cest-ici-onze-portraits-radiophoniques-et-leur-histoire-a-onze-voix\/","title":{"rendered":"&#8220;Si c\u2019est l\u00e0, c\u2019est ici&#8221;, Onze portraits radiophoniques &#038; leur histoire \u00e0 onze voix"},"content":{"rendered":"<p>A travers le Rwanda, le Burundi, la R\u00e9publique d\u00e9mocratique du Congo, le Cambodge, la Bosnie-Herz\u00e9govine et la Belgique, <a href=\"http:\/\/www.rcn-ong.be\/IMG\/pdf\/Radio_RCN.pdf\" target=\"_blank\" rel=\"noopener noreferrer\">RCN Justice &amp; D\u00e9mocratie pr\u00e9sente dans cette s\u00e9rie radiophonique<\/a>, des personnes \u00ab remarquables mais peu remarqu\u00e9es \u00bb.<\/p>\n<p><a href=\"https:\/\/rcn-ong.be\/wp-content\/uploads\/2015\/05\/si-cest-l\u00e0-cest-ici.jpg\"><img loading=\"lazy\" decoding=\"async\" class=\"alignright size-medium wp-image-3903\" src=\"https:\/\/rcn-ong.be\/wp-content\/uploads\/2015\/05\/si-cest-l\u00e0-cest-ici-300x216.jpg\" alt=\"si c'est l\u00e0 c'est ici\" width=\"300\" height=\"216\" srcset=\"https:\/\/rcn-ong.be\/wp-content\/uploads\/2015\/05\/si-cest-l\u00e0-cest-ici-300x216.jpg 300w, https:\/\/rcn-ong.be\/wp-content\/uploads\/2015\/05\/si-cest-l\u00e0-cest-ici-100x72.jpg 100w, https:\/\/rcn-ong.be\/wp-content\/uploads\/2015\/05\/si-cest-l\u00e0-cest-ici-150x108.jpg 150w, https:\/\/rcn-ong.be\/wp-content\/uploads\/2015\/05\/si-cest-l\u00e0-cest-ici-200x144.jpg 200w, https:\/\/rcn-ong.be\/wp-content\/uploads\/2015\/05\/si-cest-l\u00e0-cest-ici.jpg 448w\" sizes=\"auto, (max-width: 300px) 100vw, 300px\" \/><\/a>La s\u00e9rie \u00ab Si c\u2019est l\u00e0, c\u2019est ici \u00bb comprend 11 portraits de personnes qui ont v\u00e9cu des crimes de g\u00e9nocide ou des crimes contre l\u2019humanit\u00e9 et qui ont invent\u00e9 une fa\u00e7on personnelle d\u2019aborder ces crises. La derni\u00e8re et douzi\u00e8me \u00e9mission m\u00e9lange leurs onze voix et fait \u00e9merger une histoire collective. Ces r\u00e9cits proposent des issues aux crises indicibles au Rwanda, au Burundi, en R\u00e9publique D\u00e9mocratique du Congo, en Bosnie-Herz\u00e9govine et au Cambodge. Les personnes interrog\u00e9es relatent la mani\u00e8re exemplaire dont elles ont v\u00e9cu l\u2019horreur et l\u2019ont travers\u00e9e.<\/p>\n<p>Toutes ces personnes sont n\u00e9es avant la p\u00e9riode des ind\u00e9pendances ; toutes ont des souvenirs de d\u00e9colonisation et de r\u00e9pression ; toutes ont v\u00e9cu un g\u00e9nocide, un crime contre l\u2019humanit\u00e9, une crise politique, judiciaire, meurtri\u00e8re en tous les cas.<\/p>\n<p>Toutes ont rebondi. En inventant un mode&nbsp;d\u2019\u00eatre face \u00e0 ces crises, proches ou lointaines, famili\u00e8res ou \u00e9trang\u00e8res, individuelles ou collectives. La s\u00e9rie est construite autour de ces onze rencontres embl\u00e9matiques d\u2019environ 50 minutes chacune ; <a href=\"https:\/\/rcn-ong.be\/?p=2073\" target=\"_blank\" rel=\"noopener noreferrer\">voici les histoires de personnes exemplaires<\/a>, dont le parcours personnel est \u00e9tonnant et fondateur. RCN Justice &amp; D\u00e9mocratie a ouvert ici un espace pour que ces personnes \u00ab disent \u00bb, et invite \u00e0 saisir d\u2019autres perceptions que nous, citoyens, avons de ces crises. Peut-\u00eatre en nous permettant une posture plus juste, ou plus \u00e9veill\u00e9e en tous cas.<\/p>\n<p>Comme une qu\u00eate de soi, un voyage citoyen.<\/p>\n<p>Chaque \u00e9mission est une rencontre&nbsp;avec des personnes qui ont subi des violences judiciaires ou politiques. Leurs r\u00e9cits de vie montrent comment ces personnes se sont reconstruites comme sujets \u00e0 travers leur histoire. Les \u00e9missions participent \u00e0 la transformation du r\u00e9cit individuel en histoire collective et au d\u00e9cloisonnement de l\u2019expression des points de vue antagonistes concernant des crises. Une information plus pr\u00e9cise, moins chaude, permet un meilleur recul par rapport \u00e0 l\u2019\u00e9v\u00e9nement. Les \u00e9missions visent \u00e0 \u00e9veiller chez l\u2019auditeur la conscience de citoyen du monde et le d\u00e9sir d\u2019\u00eatre acteur de paix \u00e0 partir de sa propre r\u00e9alit\u00e9. Dans l\u2019\u00e9coute, il est amen\u00e9 \u00e0 s\u2019interroger sur des questions de justice et de citoyennet\u00e9 : \u00ab Et moi, que puis-je faire ? \u00bb.<\/p>\n<p>Le concept de la s\u00e9rie repose sur la transformation du r\u00e9cit individuel en histoire collective, que fait \u00e9merger la derni\u00e8re \u00e9mission \u00e0 travers un m\u00e9lange de leurs 11 voix ; des paroles en \u00e9cho \u00e0 nos soci\u00e9t\u00e9s, dont l\u2019Histoire secoue et se r\u00e9p\u00e8te.<\/p>\n<p>L\u2019innommable s\u2019est (re)produit.<\/p>\n<p>Comme des guides, ces b\u00e2tisseurs de paix se livrent, et nous renvoient \u00e0 nos propres crises et leur r\u00e9solution. Parce que \u201c <em><strong>si c\u2019est l\u00e0, c\u2019est ici<\/strong> <\/em>\u201d.<\/p>\n<p>La s\u00e9rie radio a \u00e9t\u00e9 traduite en anglais, en kinyarwanda et en kirundi et en n\u00e9erlandais.<\/p>\n<ul>\n<li>Extrait audio de <strong><em>&#8220;Vivre, c\u2019est dire&#8221;, histoire \u00e0 onze voix<\/em>.<\/strong><\/li>\n<\/ul>\n<p><a href=\"https:\/\/rcn-ong.be\/wp-content\/uploads\/2015\/04\/RCN_Teaser_SiCestLa.mp3\"><img loading=\"lazy\" decoding=\"async\" class=\"aligncenter size-medium wp-image-3621\" src=\"https:\/\/rcn-ong.be\/wp-content\/uploads\/2015\/04\/12_Histoire-Onze-Voix-300x300.jpg\" alt=\"12_Histoire Onze Voix\" width=\"300\" height=\"300\"><\/a><\/p>\n<ul>\n<li>Extraits audio de chacun des 11 r\u00e9cits composant la s\u00e9rie radiophonique :<\/li>\n<\/ul>\n\n\n<ul class=\"wp-block-list\"><li><a href=\"https:\/\/rcn-ong.be\/?p=3622\" target=\"_blank\" rel=\"noreferrer noopener\">Laurien Ntezimana, &#8220;Vivre \u00e0 l\u2019endroit&#8221;<\/a><\/li><li><a href=\"https:\/\/rcn-ong.be\/?p=3626\" target=\"_blank\" rel=\"noreferrer noopener\">Marie-Louise Sibazuri, &#8220;Vivre, c\u2019est conter&#8221;<\/a><\/li><li><a href=\"https:\/\/rcn-ong.be\/?p=3630\" target=\"_blank\" rel=\"noreferrer noopener\">Jean Bofane, &#8220;Vivre, c\u2019est \u00e9crire&#8221;<\/a><\/li><li><a href=\"https:\/\/rcn-ong.be\/?p=3633\" target=\"_blank\" rel=\"noreferrer noopener\">Marie Goretti Mukakalisa, &#8220;Vivre en libert\u00e9&#8221;<\/a><\/li><li><a href=\"https:\/\/rcn-ong.be\/?p=3638\" target=\"_blank\" rel=\"noreferrer noopener\">Antoine Kaburahe, &#8220;Vivre, c\u2019est transmettre&#8221;<\/a><\/li><li><a href=\"https:\/\/rcn-ong.be\/?p=3641\" target=\"_blank\" rel=\"noreferrer noopener\">P\u00e9tronille Vaweka, &#8220;Vivre, c\u2019est oser&#8221;<\/a><\/li><li><a href=\"https:\/\/rcn-ong.be\/?p=3644\" target=\"_blank\" rel=\"noreferrer noopener\">Gasana Ndoba, &#8220;Vivre, c\u2019est se battre&#8221;<\/a><\/li><li><a href=\"https:\/\/rcn-ong.be\/?p=3648\" target=\"_blank\" rel=\"noreferrer noopener\">Pie Ntakarutimana, &#8220;Vivre debout&#8221;<\/a><\/li><li><a href=\"https:\/\/rcn-ong.be\/?p=3652\" target=\"_blank\" rel=\"noreferrer noopener\">Jasmina Musabegovic, &#8220;Vivre en cercle&#8221;<\/a><\/li><li><a href=\"https:\/\/rcn-ong.be\/?p=3655\" target=\"_blank\" rel=\"noreferrer noopener\">Thong Hoeung Ong, &#8220;Vivre, c\u2019est comprendre&#8221;<\/a><\/li><li><a href=\"https:\/\/rcn-ong.be\/?p=3658\" target=\"_blank\" rel=\"noreferrer noopener\">Pierre Vincke, &#8220;Vivre, c\u2019est douter&#8221;<\/a><\/li><li><a href=\"https:\/\/rcn-ong.be\/?p=3661\" target=\"_blank\" rel=\"noreferrer noopener\">Histoire \u00e0 Onze Voix &#8220;Vivre, c\u2019est dire&#8221;<\/a><\/li><\/ul>\n","protected":false},"excerpt":{"rendered":"<p>A travers le Rwanda, le Burundi, la R\u00e9publique d\u00e9mocratique du Congo, le Cambodge, la Bosnie-Herz\u00e9govine et la Belgique, <a href=\"http:\/\/www.rcn-ong.be\/IMG\/pdf\/Radio_RCN.pdf\" target=\"_blank\" rel=\"noopener noreferrer\">RCN Justice &amp; D\u00e9mocratie pr\u00e9sente dans cette s\u00e9rie radiophonique<\/a>, des personnes \u00ab remarquables mais peu remarqu\u00e9es \u00bb.<\/p>\n<p><a href=\"https:\/\/rcn-ong.be\/wp-content\/uploads\/2015\/05\/si-cest-l\u00e0-cest-ici.jpg\"><img loading=\"lazy\" decoding=\"async\" class=\"alignright size-medium wp-image-3903\" src=\"https:\/\/rcn-ong.be\/wp-content\/uploads\/2015\/05\/si-cest-l\u00e0-cest-ici-300x216.jpg\" alt=\"si c'est l\u00e0 c'est ici\" width=\"300\" height=\"216\" srcset=\"https:\/\/rcn-ong.be\/wp-content\/uploads\/2015\/05\/si-cest-l\u00e0-cest-ici-300x216.jpg 300w, https:\/\/rcn-ong.be\/wp-content\/uploads\/2015\/05\/si-cest-l\u00e0-cest-ici-100x72.jpg 100w, https:\/\/rcn-ong.be\/wp-content\/uploads\/2015\/05\/si-cest-l\u00e0-cest-ici-150x108.jpg 150w, https:\/\/rcn-ong.be\/wp-content\/uploads\/2015\/05\/si-cest-l\u00e0-cest-ici-200x144.jpg 200w, https:\/\/rcn-ong.be\/wp-content\/uploads\/2015\/05\/si-cest-l\u00e0-cest-ici.jpg 448w\" sizes=\"auto, (max-width: 300px) 100vw, 300px\" \/><\/a>La s\u00e9rie \u00ab Si c\u2019est l\u00e0,<\/p>\n<p><span class=\"ellipsis\">&hellip;<\/span><\/p>\n<div class=\"read-more\"><a href=\"https:\/\/rcn-ong.be\/en\/que-faisons-nous\/nos-outils-pedagogiques\/la-mallette-pedagogique\/si-cest-la-cest-ici-onze-portraits-radiophoniques-et-leur-histoire-a-onze-voix\/\">Read more &#8250;<\/a><\/div>\n<p><!-- end of .read-more --><\/p>\n","protected":false},"author":3,"featured_media":0,"parent":3186,"menu_order":0,"comment_status":"open","ping_status":"open","template":"sidebar-content-page.php","meta":{"footnotes":""},"class_list":["post-3202","page","type-page","status-publish","hentry"],"_links":{"self":[{"href":"https:\/\/rcn-ong.be\/en\/wp-json\/wp\/v2\/pages\/3202","targetHints":{"allow":["GET"]}}],"collection":[{"href":"https:\/\/rcn-ong.be\/en\/wp-json\/wp\/v2\/pages"}],"about":[{"href":"https:\/\/rcn-ong.be\/en\/wp-json\/wp\/v2\/types\/page"}],"author":[{"embeddable":true,"href":"https:\/\/rcn-ong.be\/en\/wp-json\/wp\/v2\/users\/3"}],"replies":[{"embeddable":true,"href":"https:\/\/rcn-ong.be\/en\/wp-json\/wp\/v2\/comments?post=3202"}],"version-history":[{"count":15,"href":"https:\/\/rcn-ong.be\/en\/wp-json\/wp\/v2\/pages\/3202\/revisions"}],"predecessor-version":[{"id":11481,"href":"https:\/\/rcn-ong.be\/en\/wp-json\/wp\/v2\/pages\/3202\/revisions\/11481"}],"up":[{"embeddable":true,"href":"https:\/\/rcn-ong.be\/en\/wp-json\/wp\/v2\/pages\/3186"}],"wp:attachment":[{"href":"https:\/\/rcn-ong.be\/en\/wp-json\/wp\/v2\/media?parent=3202"}],"curies":[{"name":"wp","href":"https:\/\/api.w.org\/{rel}","templated":true}]}}