{"id":3225,"date":"2015-04-02T10:20:04","date_gmt":"2015-04-02T10:20:04","guid":{"rendered":"https:\/\/rcn-ong.be\/?page_id=3225"},"modified":"2015-04-20T10:43:43","modified_gmt":"2015-04-20T10:43:43","slug":"beneficiaires-et-partenariats","status":"publish","type":"page","link":"https:\/\/rcn-ong.be\/en\/que-faisons-nous\/nos-pays-d-intervention\/belgique\/beneficiaires-et-partenariats\/","title":{"rendered":"B\u00e9n\u00e9ficiaires et partenariats"},"content":{"rendered":"<p>&nbsp;<\/p>\n<p>RCN J&amp;D intervient sur tout le territoire belge et ponctuellement en diff\u00e9rent pays europ\u00e9ens (France, Pays Bas et Royaume Uni). Nos actions b\u00e9n\u00e9ficient \u00e0 un public h\u00e9t\u00e9roclite et de mani\u00e8re g\u00e9n\u00e9rale, sont vis\u00e9s ici :<\/p>\n<ul>\n<li>les auditeurs francophones et n\u00e9erlandophones en Belgique y compris la diaspora en exil en Belgique ;<\/li>\n<li>les \u00e9l\u00e8ves de niveau secondaire sup\u00e9rieur (public scolaire entre 16 et 18 ans) en Belgique francophone ;<\/li>\n<li>les enseignants et les professeurs d\u2019\u00e9coles secondaires sup\u00e9rieures en Belgique francophone ;<\/li>\n<li>les chercheurs et le public universitaire dont les travaux s\u2019articulent autour de question de droit et\/ou de coop\u00e9ration au d\u00e9veloppement (milieu acad\u00e9mique et groupes de recherche) ;<\/li>\n<li>le personnel d\u2019ONG et d\u2019ASBL (le milieu associatif et culturel) impliqu\u00e9 dans des questions de relations nord-sud ;<\/li>\n<li>les diasporas rwandaises, burundaises et congolaises pr\u00e9sentes en Belgique et regroup\u00e9es au sein d\u2019associations ;<\/li>\n<li>les animateurs sociaux, les acteurs de l\u2019\u00e9ducation et les formateurs \u0153uvrant dans l\u2019\u00e9ducation au d\u00e9veloppement en Belgique.<\/li>\n<\/ul>\n<p>Les activit\u00e9s se d\u00e9veloppent gr\u00e2ce \u00e0 une s\u00e9rie de partenaires :<\/p>\n<ul>\n<li>le <a href=\"http:\/\/www.belvue.be\/\" target=\"_blank\">Mus\u00e9e BELvue<\/a><\/li>\n<li>la <a href=\"http:\/\/www.justicepaix.be\/\" target=\"_blank\">Commission Justice et Paix<\/a><\/li>\n<li>la <a href=\"http:\/\/www.cnapd.be\/\" target=\"_blank\">CNAPD<\/a><\/li>\n<li>la <a href=\"http:\/\/www.croix-rouge.be\/index.cfm\" target=\"_blank\">Croix-Rouge<\/a><\/li>\n<li><a href=\"http:\/\/www.solidarcite.be\/\" target=\"_blank\">Solidarcit\u00e9<\/a><\/li>\n<li><a href=\"http:\/\/www.iteco.be\/\" target=\"_blank\">ITECO<\/a><\/li>\n<li>Le <a href=\"http:\/\/www.scibelgium.be\/\" target=\"_blank\">Service Civil International<\/a><\/li>\n<li><a href=\"https:\/\/www.kazernedossin.eu\/NL\/In-Groep\/Herinneringseducatie\/Bijzonder-comite\" target=\"_blank\">Bijzonder Comit\u00e9 voor Herinneringseducatie<\/a><\/li>\n<li><a href=\"http:\/\/www.paxchristi.be\/\" target=\"_blank\">Pax Christi<\/a><\/li>\n<\/ul>\n<p>&nbsp;<\/p>\n<p>&nbsp;<\/p>\n<p>&nbsp;<\/p>\n","protected":false},"excerpt":{"rendered":"<p>&nbsp;<\/p>\n<p>RCN J&amp;D intervient sur tout le territoire belge et ponctuellement en diff\u00e9rent pays europ\u00e9ens (France, Pays Bas et Royaume Uni). Nos actions b\u00e9n\u00e9ficient \u00e0 un public h\u00e9t\u00e9roclite et de mani\u00e8re g\u00e9n\u00e9rale, sont vis\u00e9s ici :<\/p>\n<ul>\n<li>les auditeurs francophones et n\u00e9erlandophones en Belgique y compris la diaspora en exil en Belgique ;<\/li>\n<\/ul>\n<p><span class=\"ellipsis\">&hellip;<\/span><\/p>\n<div class=\"read-more\"><a href=\"https:\/\/rcn-ong.be\/en\/que-faisons-nous\/nos-pays-d-intervention\/belgique\/beneficiaires-et-partenariats\/\">Read more &#8250;<\/a><\/div>\n<p><!-- end of .read-more --><\/p>\n","protected":false},"author":3,"featured_media":0,"parent":2175,"menu_order":0,"comment_status":"open","ping_status":"open","template":"sidebar-content-page.php","meta":{"footnotes":""},"class_list":["post-3225","page","type-page","status-publish","hentry"],"_links":{"self":[{"href":"https:\/\/rcn-ong.be\/en\/wp-json\/wp\/v2\/pages\/3225","targetHints":{"allow":["GET"]}}],"collection":[{"href":"https:\/\/rcn-ong.be\/en\/wp-json\/wp\/v2\/pages"}],"about":[{"href":"https:\/\/rcn-ong.be\/en\/wp-json\/wp\/v2\/types\/page"}],"author":[{"embeddable":true,"href":"https:\/\/rcn-ong.be\/en\/wp-json\/wp\/v2\/users\/3"}],"replies":[{"embeddable":true,"href":"https:\/\/rcn-ong.be\/en\/wp-json\/wp\/v2\/comments?post=3225"}],"version-history":[{"count":4,"href":"https:\/\/rcn-ong.be\/en\/wp-json\/wp\/v2\/pages\/3225\/revisions"}],"predecessor-version":[{"id":3546,"href":"https:\/\/rcn-ong.be\/en\/wp-json\/wp\/v2\/pages\/3225\/revisions\/3546"}],"up":[{"embeddable":true,"href":"https:\/\/rcn-ong.be\/en\/wp-json\/wp\/v2\/pages\/2175"}],"wp:attachment":[{"href":"https:\/\/rcn-ong.be\/en\/wp-json\/wp\/v2\/media?parent=3225"}],"curies":[{"name":"wp","href":"https:\/\/api.w.org\/{rel}","templated":true}]}}