{"id":3236,"date":"2015-04-02T10:31:30","date_gmt":"2015-04-02T10:31:30","guid":{"rendered":"https:\/\/rcn-ong.be\/?page_id=3236"},"modified":"2015-12-11T09:01:52","modified_gmt":"2015-12-11T09:01:52","slug":"2011-2013-sensibilisation-du-public-belge-a-la-prevention-des-conflits-par-des-recits-radiophoniques","status":"publish","type":"page","link":"https:\/\/rcn-ong.be\/en\/que-faisons-nous\/nos-pays-d-intervention\/belgique\/realisations-anterieures\/2011-2013-sensibilisation-du-public-belge-a-la-prevention-des-conflits-par-des-recits-radiophoniques\/","title":{"rendered":"2011 &#8211; 2013 &#8220;Sensibilisation du public belge \u00e0 la pr\u00e9vention des conflits par des r\u00e9cits radiophoniques&#8221;"},"content":{"rendered":"<p>&nbsp;<\/p>\n<p>La mise en oeuvre de ce projet a \u00e9t\u00e9 rendue possible gr\u00e2ce \u00e0 un financement de la Direction G\u00e9n\u00e9rale de la Coop\u00e9ration au D\u00e9veloppement (Belgique).<\/p>\n<p><strong>Objectif du Projet<\/strong><\/p>\n<p>Sensibiliser le public belge \u00e0 la pr\u00e9vention des conflits de droit international par des r\u00e9cits radiophoniques : Finalis\u00e9 en 2008, la s\u00e9rie radiophonique \u00ab Si c\u2019est l\u00e0, c\u2019est ici \u00bb rassemble les paroles citoyennes de 11 personnes du Rwanda, du Burundi, de la RDC, de la Bosnie-Herz\u00e9govine et du Cambodge qui ont travers\u00e9 des crises meurtri\u00e8res contemporaines \u00ab Comment comprendre ces crises <a href=\"https:\/\/rcn-ong.be\/wp-content\/uploads\/2015\/05\/si-cest-l\u00e0-cest-ici.jpg\"><img loading=\"lazy\" decoding=\"async\" class=\"alignright size-medium wp-image-3903\" src=\"https:\/\/rcn-ong.be\/wp-content\/uploads\/2015\/05\/si-cest-l\u00e0-cest-ici-300x216.jpg\" alt=\"si c'est l\u00e0 c'est ici\" width=\"300\" height=\"216\" srcset=\"https:\/\/rcn-ong.be\/wp-content\/uploads\/2015\/05\/si-cest-l\u00e0-cest-ici-300x216.jpg 300w, https:\/\/rcn-ong.be\/wp-content\/uploads\/2015\/05\/si-cest-l\u00e0-cest-ici-100x72.jpg 100w, https:\/\/rcn-ong.be\/wp-content\/uploads\/2015\/05\/si-cest-l\u00e0-cest-ici-150x108.jpg 150w, https:\/\/rcn-ong.be\/wp-content\/uploads\/2015\/05\/si-cest-l\u00e0-cest-ici-200x144.jpg 200w, https:\/\/rcn-ong.be\/wp-content\/uploads\/2015\/05\/si-cest-l\u00e0-cest-ici.jpg 448w\" sizes=\"auto, (max-width: 300px) 100vw, 300px\" \/><\/a>pour qu\u2019elles ne se reproduisent plus ? \u00bb \u00ab Comment (re-)vivre ensemble apr\u00e8s un tel chaos ? \u00bb. Ces personnes racontent leur parcours, leur reconstruction et leur engagement. Elles interpellent ainsi sur notre propre citoyennet\u00e9 et nous incitent participer \u00e0 la construction d\u2019un monde plus juste. Par la diffusion large de ces \u00e9missions, RCN J&amp;D souhaite aussi rappeler l\u2019humanit\u00e9 commune qui nous unit, au-del\u00e0 de la distance et des diff\u00e9rences, et r\u00e9veiller notre capacit\u00e9 de mobilisation et d\u2019indignation face \u00e0 notre humanit\u00e9 bless\u00e9e par les crimes de g\u00e9nocide, contre l\u2019humanit\u00e9 et de guerre.<\/p>\n<p><strong>R\u00e9sultat 1 : Poursuite de la production\u00a0de nos outils de sensibilisation<\/strong><\/p>\n<p>La production d\u2019outils de sensibilisation radio est poursuivie (cr\u00e9ation et diffusion radio). En 2012, afin de pouvoir toucher l\u2019ensemble de la population belge, RCN Justice &amp; D\u00e9mocratie a choisi de compl\u00e9ter la s\u00e9rie 1 par la traduction des onze \u00e9missions en n\u00e9erlandais. Dans la suite de ce travail, la production d\u2019une deuxi\u00e8me s\u00e9rie d\u2019\u00e9missions a \u00e9t\u00e9 initi\u00e9e en 2009. Encore en cours de production, cette deuxi\u00e8me s\u00e9rie radiophonique s\u2019inscrit dans la continuit\u00e9\u00a0de la s\u00e9rie 1, la s\u00e9rie 1 pr\u00e9sentant les r\u00e9cits de victimes et la s\u00e9rie 2, les r\u00e9cits d\u2019auteurs de violences. Par cette s\u00e9rie d\u2019\u00e9missions sur le parcours d\u2019auteurs de crimes, il ne s\u2019agit ni de d\u00e9douaner la personne, ni de la d\u00e9responsabiliser ou de la juger mais d\u2019inviter \u00e0 une r\u00e9flexion sur l\u2019acte criminel. \u00ab Comment en vient-il \u00e0 commettre l\u2019irr\u00e9parable ? \u00bb \u00ab Comment \u00e9clairer le processus aboutissant \u00e0 ces crimes ? \u00bb \u00ab Quelles sont, apr\u00e8s le jugement, les exp\u00e9riences de reconstruction ? \u00bb<\/p>\n<p><strong>R\u00e9sultat 2 : Animations autour de nos outils p\u00e9dagogiques<\/strong><\/p>\n<p>Des espaces d\u2019\u00e9ducation \u00e0 la pr\u00e9vention des conflits sont organis\u00e9s autour des outils de sensibilisation radio. En 2012 et 2013, plus de 1500 personnes (\u00e9l\u00e8ves, \u00e9tudiants, professeurs, chercheurs, membres des diasporas des Grands-Lacs, acteurs de l\u2019\u00e9ducation au d\u00e9veloppement) ont particip\u00e9 \u00e0 ces animations. <a href=\"https:\/\/rcn-ong.be\/wp-content\/uploads\/2015\/05\/Sensibilisation-du-public-belge.jpg\"><img loading=\"lazy\" decoding=\"async\" class=\"alignright size-medium wp-image-3899\" src=\"https:\/\/rcn-ong.be\/wp-content\/uploads\/2015\/05\/Sensibilisation-du-public-belge-300x225.jpg\" alt=\"Sensibilisation du public belge\" width=\"300\" height=\"225\" srcset=\"https:\/\/rcn-ong.be\/wp-content\/uploads\/2015\/05\/Sensibilisation-du-public-belge-300x225.jpg 300w, https:\/\/rcn-ong.be\/wp-content\/uploads\/2015\/05\/Sensibilisation-du-public-belge-100x75.jpg 100w, https:\/\/rcn-ong.be\/wp-content\/uploads\/2015\/05\/Sensibilisation-du-public-belge-150x112.jpg 150w, https:\/\/rcn-ong.be\/wp-content\/uploads\/2015\/05\/Sensibilisation-du-public-belge-200x150.jpg 200w, https:\/\/rcn-ong.be\/wp-content\/uploads\/2015\/05\/Sensibilisation-du-public-belge-450x337.jpg 450w, https:\/\/rcn-ong.be\/wp-content\/uploads\/2015\/05\/Sensibilisation-du-public-belge.jpg 467w\" sizes=\"auto, (max-width: 300px) 100vw, 300px\" \/><\/a>L\u2019approche p\u00e9dagogique d\u00e9velopp\u00e9e par RCN J&amp;D s\u2019articule autour de l\u2019exploitation des s\u00e9ries radiophoniques et s\u2019appuie sur l\u2019exp\u00e9rience acquise pendant pr\u00e8s de deux d\u00e9cennies dans des pays en transition d\u00e9mocratique. Il ne s\u2019agit pas tant de transmettre des r\u00e9ponses, que de faire \u00e9merger des questions et interroger le sens du droit et des pratiques d\u00e9mocratiques, en invitant les citoyens \u00e0 bousculer leurs repr\u00e9sentations de la justice, de la d\u00e9mocratie et de la valeur de la vie ensemble. Le d\u00e9veloppement de ces animations a permis \u00e0 RCN J&amp;D de d\u00e9velopper des supports p\u00e9dagogiques adapt\u00e9s, de consolider son positionnement dans le secteur de l\u2019\u00e9ducation au d\u00e9veloppement et de construire des synergies prometteuses.<\/p>\n","protected":false},"excerpt":{"rendered":"<p>&nbsp;<\/p>\n<p>La mise en oeuvre de ce projet a \u00e9t\u00e9 rendue possible gr\u00e2ce \u00e0 un financement de la Direction G\u00e9n\u00e9rale de la Coop\u00e9ration au D\u00e9veloppement (Belgique).<\/p>\n<p><strong>Objectif du Projet<\/strong><\/p>\n<p>Sensibiliser le public belge \u00e0 la pr\u00e9vention des conflits de droit international par des r\u00e9cits radiophoniques : Finalis\u00e9 en 2008,<\/p>\n<p><span class=\"ellipsis\">&hellip;<\/span><\/p>\n<div class=\"read-more\"><a href=\"https:\/\/rcn-ong.be\/en\/que-faisons-nous\/nos-pays-d-intervention\/belgique\/realisations-anterieures\/2011-2013-sensibilisation-du-public-belge-a-la-prevention-des-conflits-par-des-recits-radiophoniques\/\">Read more &#8250;<\/a><\/div>\n<p><!-- end of .read-more --><\/p>\n","protected":false},"author":3,"featured_media":0,"parent":3177,"menu_order":0,"comment_status":"open","ping_status":"open","template":"sidebar-content-page.php","meta":{"footnotes":""},"class_list":["post-3236","page","type-page","status-publish","hentry"],"_links":{"self":[{"href":"https:\/\/rcn-ong.be\/en\/wp-json\/wp\/v2\/pages\/3236","targetHints":{"allow":["GET"]}}],"collection":[{"href":"https:\/\/rcn-ong.be\/en\/wp-json\/wp\/v2\/pages"}],"about":[{"href":"https:\/\/rcn-ong.be\/en\/wp-json\/wp\/v2\/types\/page"}],"author":[{"embeddable":true,"href":"https:\/\/rcn-ong.be\/en\/wp-json\/wp\/v2\/users\/3"}],"replies":[{"embeddable":true,"href":"https:\/\/rcn-ong.be\/en\/wp-json\/wp\/v2\/comments?post=3236"}],"version-history":[{"count":4,"href":"https:\/\/rcn-ong.be\/en\/wp-json\/wp\/v2\/pages\/3236\/revisions"}],"predecessor-version":[{"id":4065,"href":"https:\/\/rcn-ong.be\/en\/wp-json\/wp\/v2\/pages\/3236\/revisions\/4065"}],"up":[{"embeddable":true,"href":"https:\/\/rcn-ong.be\/en\/wp-json\/wp\/v2\/pages\/3177"}],"wp:attachment":[{"href":"https:\/\/rcn-ong.be\/en\/wp-json\/wp\/v2\/media?parent=3236"}],"curies":[{"name":"wp","href":"https:\/\/api.w.org\/{rel}","templated":true}]}}