{"id":3245,"date":"2015-04-02T10:36:40","date_gmt":"2015-04-02T10:36:40","guid":{"rendered":"https:\/\/rcn-ong.be\/?page_id=3245"},"modified":"2015-12-11T09:00:47","modified_gmt":"2015-12-11T09:00:47","slug":"2007-organisation-du-colloque-devoir-de-voir","status":"publish","type":"page","link":"https:\/\/rcn-ong.be\/en\/que-faisons-nous\/nos-pays-d-intervention\/belgique\/realisations-anterieures\/2007-organisation-du-colloque-devoir-de-voir\/","title":{"rendered":"2007 Organisation du Colloque &#8220;Devoir de voir&#8221;"},"content":{"rendered":"<p>&nbsp;<\/p>\n<p><strong>En partenariat avec le Rideau de Bruxelles, corollaire de la pi\u00e8ce &#8220;La maison de Lemkin&#8221;<\/strong><\/p>\n<p>Colloque organis\u00e9 le 17 novembre 2007 par le Rideau de Bruxelles et l\u2019ONG RCN Justice &amp; D\u00e9mocratie \u00e0 l\u2019occasion de la cr\u00e9ation en langue fran\u00e7aise de &#8220;La maison de Lemkin&#8221; de Catherine Filloux.<\/p>\n<p>S\u2019il existe bien un objet qui est difficilement repr\u00e9sentable ou explicable, c\u2019est le g\u00e9nocide et les crimes contre l\u2019humanit\u00e9.<\/p>\n<p>\u00ab Plus jamais cela \u00bb, dit-on, mais plus jamais quoi ? Comment repr\u00e9senter une intention et des actes qui sont un plongeon vers \u00ab rien \u00bb ? Comment rester humain face \u00e0 l\u2019inhumanit\u00e9 ? Comment affronter lucidement la part tragique du comportement humain pour en \u00e9viter les surgissements r\u00e9p\u00e9t\u00e9s ?<\/p>\n<p>L\u2019art, la loi et les sciences humaines offrent des cl\u00e9s d\u2019interpr\u00e9tation de ce qui se trame \u00e0 notre insu. Notre souhait est de tisser des liens entre ces disciplines pour comprendre ce que nous voyons et nous ouvrir \u00e0 notre devoir de reconstruction.<\/p>\n<p>T\u00e9moins et rescap\u00e9s de g\u00e9nocides, artistes, journalistes, repr\u00e9sentants de l\u2019ONG RCN Justice &amp; D\u00e9mocratie apporteront leur contribution \u00e0 cette r\u00e9flexion. Interventions, t\u00e9moignages, lectures, contes alterneront avec la diffusion d\u2019extraits de films\u00a0et d\u2019\u00e9missions radiophoniques.<\/p>\n<p>&nbsp;<\/p>\n","protected":false},"excerpt":{"rendered":"<p>&nbsp;<\/p>\n<p><strong>En partenariat avec le Rideau de Bruxelles, corollaire de la pi\u00e8ce &#8220;La maison de Lemkin&#8221;<\/strong><\/p>\n<p>Colloque organis\u00e9 le 17 novembre 2007 par le Rideau de Bruxelles et l\u2019ONG RCN Justice &amp; D\u00e9mocratie \u00e0 l\u2019occasion de la cr\u00e9ation en langue fran\u00e7aise de &#8220;La maison de Lemkin&#8221;<\/p>\n<p><span class=\"ellipsis\">&hellip;<\/span><\/p>\n<div class=\"read-more\"><a href=\"https:\/\/rcn-ong.be\/en\/que-faisons-nous\/nos-pays-d-intervention\/belgique\/realisations-anterieures\/2007-organisation-du-colloque-devoir-de-voir\/\">Read more &#8250;<\/a><\/div>\n<p><!-- end of .read-more --><\/p>\n","protected":false},"author":3,"featured_media":0,"parent":3177,"menu_order":0,"comment_status":"open","ping_status":"open","template":"sidebar-content-page.php","meta":{"footnotes":""},"class_list":["post-3245","page","type-page","status-publish","hentry"],"_links":{"self":[{"href":"https:\/\/rcn-ong.be\/en\/wp-json\/wp\/v2\/pages\/3245","targetHints":{"allow":["GET"]}}],"collection":[{"href":"https:\/\/rcn-ong.be\/en\/wp-json\/wp\/v2\/pages"}],"about":[{"href":"https:\/\/rcn-ong.be\/en\/wp-json\/wp\/v2\/types\/page"}],"author":[{"embeddable":true,"href":"https:\/\/rcn-ong.be\/en\/wp-json\/wp\/v2\/users\/3"}],"replies":[{"embeddable":true,"href":"https:\/\/rcn-ong.be\/en\/wp-json\/wp\/v2\/comments?post=3245"}],"version-history":[{"count":5,"href":"https:\/\/rcn-ong.be\/en\/wp-json\/wp\/v2\/pages\/3245\/revisions"}],"predecessor-version":[{"id":4063,"href":"https:\/\/rcn-ong.be\/en\/wp-json\/wp\/v2\/pages\/3245\/revisions\/4063"}],"up":[{"embeddable":true,"href":"https:\/\/rcn-ong.be\/en\/wp-json\/wp\/v2\/pages\/3177"}],"wp:attachment":[{"href":"https:\/\/rcn-ong.be\/en\/wp-json\/wp\/v2\/media?parent=3245"}],"curies":[{"name":"wp","href":"https:\/\/api.w.org\/{rel}","templated":true}]}}