{"id":3254,"date":"2015-04-02T10:41:18","date_gmt":"2015-04-02T10:41:18","guid":{"rendered":"https:\/\/rcn-ong.be\/?page_id=3254"},"modified":"2015-12-11T09:00:03","modified_gmt":"2015-12-11T09:00:03","slug":"2005-realisation-du-film-dits-de-justice","status":"publish","type":"page","link":"https:\/\/rcn-ong.be\/en\/que-faisons-nous\/nos-pays-d-intervention\/belgique\/realisations-anterieures\/2005-realisation-du-film-dits-de-justice\/","title":{"rendered":"2005 &#8211; R\u00e9alisation du film &#8220;Dits de Justice&#8221;"},"content":{"rendered":"<p><strong>En coproduction avec la facult\u00e9 de droit des FUNDP de Namur.<\/strong><\/p>\n<p><a href=\"https:\/\/rcn-ong.be\/wp-content\/uploads\/2015\/05\/Dits_de_Justice-2-ba2dc.jpg\"><img loading=\"lazy\" decoding=\"async\" class=\"alignleft size-full wp-image-3893\" src=\"https:\/\/rcn-ong.be\/wp-content\/uploads\/2015\/05\/Dits_de_Justice-2-ba2dc.jpg\" alt=\"Dits_de_Justice-2-ba2dc\" width=\"160\" height=\"120\" srcset=\"https:\/\/rcn-ong.be\/wp-content\/uploads\/2015\/05\/Dits_de_Justice-2-ba2dc.jpg 160w, https:\/\/rcn-ong.be\/wp-content\/uploads\/2015\/05\/Dits_de_Justice-2-ba2dc-100x75.jpg 100w, https:\/\/rcn-ong.be\/wp-content\/uploads\/2015\/05\/Dits_de_Justice-2-ba2dc-150x113.jpg 150w\" sizes=\"auto, (max-width: 160px) 100vw, 160px\" \/><\/a>RCN Justice et D\u00e9mocratie s\u2019est associ\u00e9 \u00e0 la Facult\u00e9 de Droit des FUNDP de Namur pour r\u00e9aliser ce film\u00a0posant la probl\u00e9matique de l\u2019Etat de droit et particuli\u00e8rement de la justice, en reconstruction.<\/p>\n<p>Ce film\u00a0initie des paroles relatives\u00a0\u00e0 la notion de justice \u00e0 travers les t\u00e9moignages d\u2019acteurs (juges, avocats, chefs coutumiers, psychoth\u00e9rapeutes, acteurs, etc.) du Rwanda, du Burundi, de RDC, d\u2019Ha\u00efti et de la diaspora rwandaise en exil en Belgique.<\/p>\n<p>Y appara\u00eet \u00e9galement la conviction que plus il y a de droit, plus \u00e9merge l\u2019humain.<\/p>\n<p>Le film parcourt les contextes et fait \u00e9merger la demande de justice \u00e9manant des b\u00e9n\u00e9ficiaires ainsi que des r\u00e9ponses r\u00e9fl\u00e9chies par notre organisation en collaboration avec des partenaires. Le film interroge la r\u00e9alit\u00e9 d\u2019un droit v\u00e9cu ailleurs, les difficult\u00e9s d\u2019une intervention d\u2019une ONG de juristes dans des contextes fragilis\u00e9s et les espoirs que les actions de RCN redonnent dans ces contextes.<\/p>\n<p>Pour plus d\u2019informations ou pour le visionnage d\u2019un extraits de notre film, veuillez <a href=\"https:\/\/rcn-ong.be\/?p=3207\" target=\"_blank\">cliquer ici<\/a>.<\/p>\n<p>&nbsp;<\/p>\n","protected":false},"excerpt":{"rendered":"<p><strong>En coproduction avec la facult\u00e9 de droit des FUNDP de Namur.<\/strong><\/p>\n<p><a href=\"https:\/\/rcn-ong.be\/wp-content\/uploads\/2015\/05\/Dits_de_Justice-2-ba2dc.jpg\"><img loading=\"lazy\" decoding=\"async\" class=\"alignleft size-full wp-image-3893\" src=\"https:\/\/rcn-ong.be\/wp-content\/uploads\/2015\/05\/Dits_de_Justice-2-ba2dc.jpg\" alt=\"Dits_de_Justice-2-ba2dc\" width=\"160\" height=\"120\" srcset=\"https:\/\/rcn-ong.be\/wp-content\/uploads\/2015\/05\/Dits_de_Justice-2-ba2dc.jpg 160w, https:\/\/rcn-ong.be\/wp-content\/uploads\/2015\/05\/Dits_de_Justice-2-ba2dc-100x75.jpg 100w, https:\/\/rcn-ong.be\/wp-content\/uploads\/2015\/05\/Dits_de_Justice-2-ba2dc-150x113.jpg 150w\" sizes=\"auto, (max-width: 160px) 100vw, 160px\" \/><\/a>RCN Justice et D\u00e9mocratie s\u2019est associ\u00e9 \u00e0 la Facult\u00e9 de Droit des FUNDP de Namur pour r\u00e9aliser ce film\u00a0posant la probl\u00e9matique de l\u2019Etat de droit et particuli\u00e8rement de la justice,<\/p>\n<p><span class=\"ellipsis\">&hellip;<\/span><\/p>\n<div class=\"read-more\"><a href=\"https:\/\/rcn-ong.be\/en\/que-faisons-nous\/nos-pays-d-intervention\/belgique\/realisations-anterieures\/2005-realisation-du-film-dits-de-justice\/\">Read more &#8250;<\/a><\/div>\n<p><!-- end of .read-more --><\/p>\n","protected":false},"author":3,"featured_media":0,"parent":3177,"menu_order":0,"comment_status":"open","ping_status":"open","template":"sidebar-content-page.php","meta":{"footnotes":""},"class_list":["post-3254","page","type-page","status-publish","hentry"],"_links":{"self":[{"href":"https:\/\/rcn-ong.be\/en\/wp-json\/wp\/v2\/pages\/3254","targetHints":{"allow":["GET"]}}],"collection":[{"href":"https:\/\/rcn-ong.be\/en\/wp-json\/wp\/v2\/pages"}],"about":[{"href":"https:\/\/rcn-ong.be\/en\/wp-json\/wp\/v2\/types\/page"}],"author":[{"embeddable":true,"href":"https:\/\/rcn-ong.be\/en\/wp-json\/wp\/v2\/users\/3"}],"replies":[{"embeddable":true,"href":"https:\/\/rcn-ong.be\/en\/wp-json\/wp\/v2\/comments?post=3254"}],"version-history":[{"count":7,"href":"https:\/\/rcn-ong.be\/en\/wp-json\/wp\/v2\/pages\/3254\/revisions"}],"predecessor-version":[{"id":4061,"href":"https:\/\/rcn-ong.be\/en\/wp-json\/wp\/v2\/pages\/3254\/revisions\/4061"}],"up":[{"embeddable":true,"href":"https:\/\/rcn-ong.be\/en\/wp-json\/wp\/v2\/pages\/3177"}],"wp:attachment":[{"href":"https:\/\/rcn-ong.be\/en\/wp-json\/wp\/v2\/media?parent=3254"}],"curies":[{"name":"wp","href":"https:\/\/api.w.org\/{rel}","templated":true}]}}