{"id":3259,"date":"2015-04-02T10:43:44","date_gmt":"2015-04-02T10:43:44","guid":{"rendered":"https:\/\/rcn-ong.be\/?page_id=3259"},"modified":"2015-04-02T10:43:44","modified_gmt":"2015-04-02T10:43:44","slug":"2002-2004-dialogue-au-sein-de-la-diaspora-rwandaise-en-belgique","status":"publish","type":"page","link":"https:\/\/rcn-ong.be\/en\/que-faisons-nous\/nos-pays-d-intervention\/belgique\/realisations-anterieures\/2002-2004-dialogue-au-sein-de-la-diaspora-rwandaise-en-belgique\/","title":{"rendered":"2002 &#8211; 2004 : &#8220;Dialogue au sein de la diaspora rwandaise en Belgique&#8221;"},"content":{"rendered":"<p>&nbsp;<\/p>\n<p>L\u2019id\u00e9e du projet \u00ab Dialogue au sein de la diaspora rwandaise en Belgique \u00bb n\u00e9e au printemps 2001 au moment du \u00ab proc\u00e8s des quatre de Butare \u00bb. A la sortie des audiences, RCN Justice &amp; D\u00e9mocratie constate que la parole judiciaire n\u2019a pas pr\u00e9par\u00e9 la diaspora rwandaise en exil en Belgique, \u00e0 la question du \u00ab comment revivre ensemble ? \u00bb. La diaspora continuait \u00e0 vivre sur ses clivages. Consid\u00e9rant, l\u2019influence des diasporas dans la reconstruction politique et sociale de leur pays, un groupe construit autour d\u2019un projet d\u00e9mocratique pouvait avoir un impact positif sur l\u2019avenir du Rwanda et compl\u00e9ter l\u2019action judiciare<\/p>\n<p><strong>R\u00e9sultats<\/strong><\/p>\n<p>Le groupe \u00ab Icyubahiro \u00bb (\u00ab Respect mutuel \u00bb) \u00e9tait l\u2019\u00e9l\u00e9ment pivot du projet. Une douzaine de rwandais(es), originaires des diff\u00e9rentes r\u00e9gions du Rwanda et des deux communaut\u00e9s ethniques, se sont r\u00e9guli\u00e8rement rencontr\u00e9es du mois de novembre 2002 au mois de f\u00e9vrier 2004. Au travers d\u2019un dialogue constructif et des activit\u00e9s culturelles, le groupe a travaill\u00e9 au d\u00e9passement des r\u00e9flexes communautaire en permettant aux participants de fouiller leur propre vision de la soci\u00e9t\u00e9 et d\u2019assumer plus sereinement une position pacifique sur l\u2019\u00e9chiquier politique. Un important travail d\u2019identification et de transformation des pr\u00e9jug\u00e9s a \u00e9t\u00e9 r\u00e9alis\u00e9 \u00e0 l\u2019aide des techniques de communication non violente. Des activit\u00e9s culturelles ont permis de prolonger les t\u00e9moignages des membres du groupe dans l\u2019espace public et de sensibiliser des membres de la communaut\u00e9 rwandaise pr\u00e9sente en Belgique \u00e0 retrouver \u00ab Ubuntu \u00bb (humanit\u00e9 commune).<\/p>\n","protected":false},"excerpt":{"rendered":"<p>&nbsp;<\/p>\n<p>L\u2019id\u00e9e du projet \u00ab Dialogue au sein de la diaspora rwandaise en Belgique \u00bb n\u00e9e au printemps 2001 au moment du \u00ab proc\u00e8s des quatre de Butare \u00bb. A la sortie des audiences, RCN Justice &amp; D\u00e9mocratie constate que la parole judiciaire n\u2019a pas pr\u00e9par\u00e9 la diaspora rwandaise en exil en Belgique,<\/p>\n<p><span class=\"ellipsis\">&hellip;<\/span><\/p>\n<div class=\"read-more\"><a href=\"https:\/\/rcn-ong.be\/en\/que-faisons-nous\/nos-pays-d-intervention\/belgique\/realisations-anterieures\/2002-2004-dialogue-au-sein-de-la-diaspora-rwandaise-en-belgique\/\">Read more &#8250;<\/a><\/div>\n<p><!-- end of .read-more --><\/p>\n","protected":false},"author":3,"featured_media":0,"parent":3177,"menu_order":0,"comment_status":"open","ping_status":"open","template":"sidebar-content-page.php","meta":{"footnotes":""},"class_list":["post-3259","page","type-page","status-publish","hentry"],"_links":{"self":[{"href":"https:\/\/rcn-ong.be\/en\/wp-json\/wp\/v2\/pages\/3259","targetHints":{"allow":["GET"]}}],"collection":[{"href":"https:\/\/rcn-ong.be\/en\/wp-json\/wp\/v2\/pages"}],"about":[{"href":"https:\/\/rcn-ong.be\/en\/wp-json\/wp\/v2\/types\/page"}],"author":[{"embeddable":true,"href":"https:\/\/rcn-ong.be\/en\/wp-json\/wp\/v2\/users\/3"}],"replies":[{"embeddable":true,"href":"https:\/\/rcn-ong.be\/en\/wp-json\/wp\/v2\/comments?post=3259"}],"version-history":[{"count":2,"href":"https:\/\/rcn-ong.be\/en\/wp-json\/wp\/v2\/pages\/3259\/revisions"}],"predecessor-version":[{"id":3261,"href":"https:\/\/rcn-ong.be\/en\/wp-json\/wp\/v2\/pages\/3259\/revisions\/3261"}],"up":[{"embeddable":true,"href":"https:\/\/rcn-ong.be\/en\/wp-json\/wp\/v2\/pages\/3177"}],"wp:attachment":[{"href":"https:\/\/rcn-ong.be\/en\/wp-json\/wp\/v2\/media?parent=3259"}],"curies":[{"name":"wp","href":"https:\/\/api.w.org\/{rel}","templated":true}]}}