{"id":3276,"date":"2015-04-09T09:21:59","date_gmt":"2015-04-09T09:21:59","guid":{"rendered":"https:\/\/rcn-ong.be\/?page_id=3276"},"modified":"2015-05-04T11:57:18","modified_gmt":"2015-05-04T11:57:18","slug":"mars-2004-publication-burundi-etude-sur-les-pratiques-foncieres-au-burundi-essai-dharmonisation","status":"publish","type":"page","link":"https:\/\/rcn-ong.be\/en\/publications\/etudes\/mars-2004-publication-burundi-etude-sur-les-pratiques-foncieres-au-burundi-essai-dharmonisation\/","title":{"rendered":"Mars 2004 &#8211; Publication Burundi &#8220;Etude sur les pratiques fonci\u00e8res au Burundi. Essai d\u2019harmonisation&#8221;"},"content":{"rendered":"<p>&nbsp;<\/p>\n<p><strong>Etude men\u00e9e sous la supervision de Gervais Gatunange, docteur en Droit et professeur \u00e0 la facult\u00e9 du Droit de l\u2019Universit\u00e9 du Burundi.<\/strong><\/p>\n<p><a href=\"https:\/\/rcn-ong.be\/wp-content\/uploads\/2015\/05\/Image-site.jpg\"><img loading=\"lazy\" decoding=\"async\" class=\"alignleft size-full wp-image-3734\" src=\"https:\/\/rcn-ong.be\/wp-content\/uploads\/2015\/05\/Image-site.jpg\" alt=\"Image site\" width=\"180\" height=\"272\" srcset=\"https:\/\/rcn-ong.be\/wp-content\/uploads\/2015\/05\/Image-site.jpg 180w, https:\/\/rcn-ong.be\/wp-content\/uploads\/2015\/05\/Image-site-100x151.jpg 100w, https:\/\/rcn-ong.be\/wp-content\/uploads\/2015\/05\/Image-site-150x227.jpg 150w\" sizes=\"auto, (max-width: 180px) 100vw, 180px\" \/><\/a>Dans le cadre de la justice de proximit\u00e9, le Burundi est confront\u00e9 \u00e0 une s\u00e9rie de probl\u00e9matiques fonci\u00e8res comme l\u2019exigu\u00eft\u00e9 des terres, la surpopulation ou encore la violence rurale. L\u2019\u00e9tude aborde ces th\u00e9matiques : les terres des r\u00e9fugi\u00e9s et des personnes d\u00e9plac\u00e9es, la gestion des terres domaniales, les expropriations par l\u2019Etat, les Batwa sans terre, les paysannats, les successions, les conflits traditionnels et les conventions relatives \u00e0 la terre. Elle est le r\u00e9sultat d\u2019enqu\u00eates men\u00e9es de f\u00e9vrier \u00e0 mars 2004 sur les pratiques fonci\u00e8res dans 10 provinces du Burundi.<\/p>\n<p>L\u2019\u00e9tude a \u00e9t\u00e9 men\u00e9e sous la supervision de Monsieur Gervais Gatunange, Docteur en Droit et Professeur \u00e0 la Facult\u00e9 de Droit \u00e0 l\u2019Universit\u00e9 du Burundi. L\u2019\u00e9quipe des enqu\u00eateurs \u00e9tait compos\u00e9e de G\u00e9rard Ntahe, Thomas Barankitse, Dieudonn\u00e9 Mweru et L\u00e9a-Pascasie Nzigamasabo.<\/p>\n<ul>\n<li>L\u2019Etude est <a href=\"http:\/\/rcn-ong.be\/IMG\/pdf\/Etude_droit_foncier_Burundi.pdf\" target=\"_blank\">t\u00e9l\u00e9chargeable ici<\/a>.<\/li>\n<li>Pour un aper\u00e7u du Programme en lien avec cette publication, veuillez <a href=\"https:\/\/rcn-ong.be\/?p=2917\" target=\"_blank\">cliquer ici<\/a>.<\/li>\n<\/ul>\n","protected":false},"excerpt":{"rendered":"<p>&nbsp;<\/p>\n<p><strong>Etude men\u00e9e sous la supervision de Gervais Gatunange, docteur en Droit et professeur \u00e0 la facult\u00e9 du Droit de l\u2019Universit\u00e9 du Burundi.<\/strong><\/p>\n<p><a href=\"https:\/\/rcn-ong.be\/wp-content\/uploads\/2015\/05\/Image-site.jpg\"><img loading=\"lazy\" decoding=\"async\" class=\"alignleft size-full wp-image-3734\" src=\"https:\/\/rcn-ong.be\/wp-content\/uploads\/2015\/05\/Image-site.jpg\" alt=\"Image site\" width=\"180\" height=\"272\" srcset=\"https:\/\/rcn-ong.be\/wp-content\/uploads\/2015\/05\/Image-site.jpg 180w, https:\/\/rcn-ong.be\/wp-content\/uploads\/2015\/05\/Image-site-100x151.jpg 100w, https:\/\/rcn-ong.be\/wp-content\/uploads\/2015\/05\/Image-site-150x227.jpg 150w\" sizes=\"auto, (max-width: 180px) 100vw, 180px\" \/><\/a>Dans le cadre de la justice de proximit\u00e9,<\/p>\n<p><span class=\"ellipsis\">&hellip;<\/span><\/p>\n<div class=\"read-more\"><a href=\"https:\/\/rcn-ong.be\/en\/publications\/etudes\/mars-2004-publication-burundi-etude-sur-les-pratiques-foncieres-au-burundi-essai-dharmonisation\/\">Read more &#8250;<\/a><\/div>\n<p><!-- end of .read-more --><\/p>\n","protected":false},"author":3,"featured_media":0,"parent":2077,"menu_order":0,"comment_status":"open","ping_status":"open","template":"","meta":{"footnotes":""},"class_list":["post-3276","page","type-page","status-publish","hentry"],"_links":{"self":[{"href":"https:\/\/rcn-ong.be\/en\/wp-json\/wp\/v2\/pages\/3276","targetHints":{"allow":["GET"]}}],"collection":[{"href":"https:\/\/rcn-ong.be\/en\/wp-json\/wp\/v2\/pages"}],"about":[{"href":"https:\/\/rcn-ong.be\/en\/wp-json\/wp\/v2\/types\/page"}],"author":[{"embeddable":true,"href":"https:\/\/rcn-ong.be\/en\/wp-json\/wp\/v2\/users\/3"}],"replies":[{"embeddable":true,"href":"https:\/\/rcn-ong.be\/en\/wp-json\/wp\/v2\/comments?post=3276"}],"version-history":[{"count":4,"href":"https:\/\/rcn-ong.be\/en\/wp-json\/wp\/v2\/pages\/3276\/revisions"}],"predecessor-version":[{"id":3799,"href":"https:\/\/rcn-ong.be\/en\/wp-json\/wp\/v2\/pages\/3276\/revisions\/3799"}],"up":[{"embeddable":true,"href":"https:\/\/rcn-ong.be\/en\/wp-json\/wp\/v2\/pages\/2077"}],"wp:attachment":[{"href":"https:\/\/rcn-ong.be\/en\/wp-json\/wp\/v2\/media?parent=3276"}],"curies":[{"name":"wp","href":"https:\/\/api.w.org\/{rel}","templated":true}]}}