{"id":3282,"date":"2015-04-09T09:29:55","date_gmt":"2015-04-09T09:29:55","guid":{"rendered":"https:\/\/rcn-ong.be\/?page_id=3282"},"modified":"2015-05-04T11:50:17","modified_gmt":"2015-05-04T11:50:17","slug":"2007-publication-sud-soudan-evaluation-de-lacces-egal-a-la-justice-et-de-la-lutte-contre-limpunite-au-sud-soudan","status":"publish","type":"page","link":"https:\/\/rcn-ong.be\/en\/publications\/etudes\/2007-publication-sud-soudan-evaluation-de-lacces-egal-a-la-justice-et-de-la-lutte-contre-limpunite-au-sud-soudan\/","title":{"rendered":"2007 &#8211; Publication Sud-Soudan &#8220;Evaluation de l\u2019acc\u00e8s \u00e9gal \u00e0 la justice et de la lutte contre l\u2019impunit\u00e9 au Sud Soudan&#8221;"},"content":{"rendered":"<p>&nbsp;<\/p>\n<p><strong>R\u00e9alis\u00e9e par Chantal Van Cutsem et Renaud Galand.<\/strong><\/p>\n<p><a href=\"https:\/\/rcn-ong.be\/wp-content\/uploads\/2015\/05\/Publication-2007-Sud_Soudan.bmp\"><img loading=\"lazy\" decoding=\"async\" class=\"alignleft size-full wp-image-3783\" src=\"https:\/\/rcn-ong.be\/wp-content\/uploads\/2015\/05\/Publication-2007-Sud_Soudan.bmp\" alt=\"Publication 2007 Sud_Soudan\" width=\"180\" height=\"261\" \/><\/a>En 2005, suite \u00e0 une demande du gouvernement belge, RCN Justice &amp; D\u00e9mocratie et Avocats Sans Fronti\u00e8res ont r\u00e9alis\u00e9 une \u00e9tude relative \u00e0 l\u2019acc\u00e8s \u00e0 la justice au Sud Soudan intitul\u00e9e \u00ab Evaluation de l\u2019acc\u00e8s \u00e9gal \u00e0 la justice et de la lutte contre l\u2019impunit\u00e9 au Sud-Soudan \u00bb. L\u2019analyse a port\u00e9 sur le contexte politique, social, \u00e9conomique et surtout juridique dans le but d\u2019examiner l\u2019opportunit\u00e9 de d\u00e9velopper un projet sur le renforcement de l\u2019Etat de droit et d\u2019identifier les principaux besoins en mati\u00e8re de justice. Cette \u00e9tude a \u00e9t\u00e9 finalis\u00e9e au cours du premier semestre 2007.<\/p>\n<p>R\u00e9sum\u00e9 de l\u2019\u00e9tude : <em>The present study aims to contribute to establishing to contribute to establishing a secure foundation for the judicial system through an analysis of the functioning of the courts and the legal aid system two years after the signing of the CPA. The goal of the project is not to monitor the human rights situation in South Sudan, but to observe and map the current functioning of the judicial system, to understand the role of every stakeholder in the judicial process, to identify the main challenges faced by all stakeholders and the possible barriers restricting access to justice for the population, and to formulate recommendations for the rule of law institutions which could be useful to further the implementation of an effective and accessible justice system.<\/em><\/p>\n<p><em>After a brief description of the project in the general context of Sudan (Part I), a closer look will be taken at every stakeholder of the judicial system of Southern Sudan (Part II). The current functioning of every institution is compared to that which is provided for by the legal Framework.<\/em><\/p>\n<ul>\n<li>L\u2019Etude est <a href=\"http:\/\/www.rcn-ong.be\/IMG\/pdf\/Assessment_of_Equal_Access_to_Justice_South_Soudan.pdf\" target=\"_blank\">t\u00e9l\u00e9chargeable ici<\/a>.<\/li>\n<li>Cette \u00e9tude a constitu\u00e9 une \u00e9tape pr\u00e9alable au d\u00e9veloppement de l\u2019un de nos Programmes. Pour un aper\u00e7u de ce Programme au Sud-Soudan, veuillez <a href=\"http:\/\/www.rcn-ong.be\/Programme-2007-2008-Assistance-au,859\" target=\"_blank\">cliquer ici<\/a>.<\/li>\n<\/ul>\n","protected":false},"excerpt":{"rendered":"<p>&nbsp;<\/p>\n<p><strong>R\u00e9alis\u00e9e par Chantal Van Cutsem et Renaud Galand.<\/strong><\/p>\n<p><a href=\"https:\/\/rcn-ong.be\/wp-content\/uploads\/2015\/05\/Publication-2007-Sud_Soudan.bmp\"><img loading=\"lazy\" decoding=\"async\" class=\"alignleft size-full wp-image-3783\" src=\"https:\/\/rcn-ong.be\/wp-content\/uploads\/2015\/05\/Publication-2007-Sud_Soudan.bmp\" alt=\"Publication 2007 Sud_Soudan\" width=\"180\" height=\"261\" \/><\/a>En 2005, suite \u00e0 une demande du gouvernement belge, RCN Justice &amp; D\u00e9mocratie et Avocats Sans Fronti\u00e8res ont r\u00e9alis\u00e9 une \u00e9tude relative \u00e0 l\u2019acc\u00e8s \u00e0 la justice au Sud Soudan intitul\u00e9e \u00ab Evaluation de l\u2019acc\u00e8s \u00e9gal \u00e0 la justice et de la lutte contre l\u2019impunit\u00e9 au Sud-Soudan \u00bb.<\/p>\n<p><span class=\"ellipsis\">&hellip;<\/span><\/p>\n<div class=\"read-more\"><a href=\"https:\/\/rcn-ong.be\/en\/publications\/etudes\/2007-publication-sud-soudan-evaluation-de-lacces-egal-a-la-justice-et-de-la-lutte-contre-limpunite-au-sud-soudan\/\">Read more &#8250;<\/a><\/div>\n<p><!-- end of .read-more --><\/p>\n","protected":false},"author":3,"featured_media":0,"parent":2077,"menu_order":0,"comment_status":"open","ping_status":"open","template":"","meta":{"footnotes":""},"class_list":["post-3282","page","type-page","status-publish","hentry"],"_links":{"self":[{"href":"https:\/\/rcn-ong.be\/en\/wp-json\/wp\/v2\/pages\/3282","targetHints":{"allow":["GET"]}}],"collection":[{"href":"https:\/\/rcn-ong.be\/en\/wp-json\/wp\/v2\/pages"}],"about":[{"href":"https:\/\/rcn-ong.be\/en\/wp-json\/wp\/v2\/types\/page"}],"author":[{"embeddable":true,"href":"https:\/\/rcn-ong.be\/en\/wp-json\/wp\/v2\/users\/3"}],"replies":[{"embeddable":true,"href":"https:\/\/rcn-ong.be\/en\/wp-json\/wp\/v2\/comments?post=3282"}],"version-history":[{"count":3,"href":"https:\/\/rcn-ong.be\/en\/wp-json\/wp\/v2\/pages\/3282\/revisions"}],"predecessor-version":[{"id":3792,"href":"https:\/\/rcn-ong.be\/en\/wp-json\/wp\/v2\/pages\/3282\/revisions\/3792"}],"up":[{"embeddable":true,"href":"https:\/\/rcn-ong.be\/en\/wp-json\/wp\/v2\/pages\/2077"}],"wp:attachment":[{"href":"https:\/\/rcn-ong.be\/en\/wp-json\/wp\/v2\/media?parent=3282"}],"curies":[{"name":"wp","href":"https:\/\/api.w.org\/{rel}","templated":true}]}}