{"id":3285,"date":"2015-04-09T09:33:03","date_gmt":"2015-04-09T09:33:03","guid":{"rendered":"https:\/\/rcn-ong.be\/?page_id=3285"},"modified":"2015-05-04T11:48:55","modified_gmt":"2015-05-04T11:48:55","slug":"2007-publication-burundi-paroles-de-burundais-sur-la-justice-dapres-guerre","status":"publish","type":"page","link":"https:\/\/rcn-ong.be\/en\/publications\/etudes\/2007-publication-burundi-paroles-de-burundais-sur-la-justice-dapres-guerre\/","title":{"rendered":"2007 &#8211;  Publication Burundi &#8220;Paroles de Burundais sur la justice d\u2019apr\u00e8s-guerre&#8221;"},"content":{"rendered":"<p>&nbsp;<\/p>\n<p><strong>Ouvrage publi\u00e9 sous la direction de Sylvestre Barancira, H\u00e9l\u00e8ne Morvan et Janouk B\u00e9langer.<\/strong><\/p>\n<p><a href=\"https:\/\/rcn-ong.be\/wp-content\/uploads\/2015\/05\/Publication-Burundi-2007-Nouvelle_image.bmp\"><img loading=\"lazy\" decoding=\"async\" class=\"alignleft size-full wp-image-3784\" src=\"https:\/\/rcn-ong.be\/wp-content\/uploads\/2015\/05\/Publication-Burundi-2007-Nouvelle_image.bmp\" alt=\"Publication Burundi 2007 Nouvelle_image\" width=\"180\" height=\"260\" \/><\/a>Dans le cadre de la mise en place d\u2019une justice de transition d\u00e9finie par les accords d\u2019Arusha, des n\u00e9gociations se sont d\u00e9roul\u00e9es entre le gouvernement burundais, les Nations unies, la soci\u00e9t\u00e9 civile et la communaut\u00e9 internationale. Mais faute de concensus g\u00e9n\u00e9ral, un accord s\u2019est d\u00e9gag\u00e9 sur la n\u00e9cessit\u00e9 d\u2019organiser au pr\u00e9alable une consultation large et inclusive de la population sur le th\u00e8me de la justice transitionnelle. Par cette publication, RCN Justice &amp; D\u00e9mocratie a voulu relayer les attentes et les propositions de la soci\u00e9t\u00e9 burundaise aupr\u00e8s des autorit\u00e9s, du public et des personnes engag\u00e9es dans le processus de mise en place des m\u00e9canismes de justice transitionnelle.<\/p>\n<p>Cet ouvrage a \u00e9t\u00e9 publi\u00e9 sous la direction de Sylvestre Barancira, H\u00e9l\u00e8ne Morvan et Janouk Belanger.<\/p>\n<p>Les auteurs des groupes de paroles sont Antoine Bucucu et Alexis Ndimubandi.<\/p>\n<ul>\n<li>L\u2019Etude est <a href=\"http:\/\/www.rcn-ong.be\/IMG\/pdf\/paroles_de_burundais062007.pdf\" target=\"_blank\">t\u00e9l\u00e9chargeable ici<\/a>.<\/li>\n<li>Pour un aper\u00e7u du Programme en lien avec cette publication, veuillez <a href=\"https:\/\/rcn-ong.be\/que-faisons-nous\/nos-pays-d-intervention\/burundi\/realisations-anterieures\/2006-2008-pour-une-justice-legitimee\/\" target=\"_blank\">cliquer ici<\/a>.<\/li>\n<\/ul>\n","protected":false},"excerpt":{"rendered":"<p>&nbsp;<\/p>\n<p><strong>Ouvrage publi\u00e9 sous la direction de Sylvestre Barancira, H\u00e9l\u00e8ne Morvan et Janouk B\u00e9langer.<\/strong><\/p>\n<p><a href=\"https:\/\/rcn-ong.be\/wp-content\/uploads\/2015\/05\/Publication-Burundi-2007-Nouvelle_image.bmp\"><img loading=\"lazy\" decoding=\"async\" class=\"alignleft size-full wp-image-3784\" src=\"https:\/\/rcn-ong.be\/wp-content\/uploads\/2015\/05\/Publication-Burundi-2007-Nouvelle_image.bmp\" alt=\"Publication Burundi 2007 Nouvelle_image\" width=\"180\" height=\"260\" \/><\/a>Dans le cadre de la mise en place d\u2019une justice de transition d\u00e9finie par les accords d\u2019Arusha,<\/p>\n<p><span class=\"ellipsis\">&hellip;<\/span><\/p>\n<div class=\"read-more\"><a href=\"https:\/\/rcn-ong.be\/en\/publications\/etudes\/2007-publication-burundi-paroles-de-burundais-sur-la-justice-dapres-guerre\/\">Read more &#8250;<\/a><\/div>\n<p><!-- end of .read-more --><\/p>\n","protected":false},"author":3,"featured_media":0,"parent":2077,"menu_order":0,"comment_status":"open","ping_status":"open","template":"","meta":{"footnotes":""},"class_list":["post-3285","page","type-page","status-publish","hentry"],"_links":{"self":[{"href":"https:\/\/rcn-ong.be\/en\/wp-json\/wp\/v2\/pages\/3285","targetHints":{"allow":["GET"]}}],"collection":[{"href":"https:\/\/rcn-ong.be\/en\/wp-json\/wp\/v2\/pages"}],"about":[{"href":"https:\/\/rcn-ong.be\/en\/wp-json\/wp\/v2\/types\/page"}],"author":[{"embeddable":true,"href":"https:\/\/rcn-ong.be\/en\/wp-json\/wp\/v2\/users\/3"}],"replies":[{"embeddable":true,"href":"https:\/\/rcn-ong.be\/en\/wp-json\/wp\/v2\/comments?post=3285"}],"version-history":[{"count":2,"href":"https:\/\/rcn-ong.be\/en\/wp-json\/wp\/v2\/pages\/3285\/revisions"}],"predecessor-version":[{"id":3790,"href":"https:\/\/rcn-ong.be\/en\/wp-json\/wp\/v2\/pages\/3285\/revisions\/3790"}],"up":[{"embeddable":true,"href":"https:\/\/rcn-ong.be\/en\/wp-json\/wp\/v2\/pages\/2077"}],"wp:attachment":[{"href":"https:\/\/rcn-ong.be\/en\/wp-json\/wp\/v2\/media?parent=3285"}],"curies":[{"name":"wp","href":"https:\/\/api.w.org\/{rel}","templated":true}]}}