{"id":3290,"date":"2015-04-09T09:39:39","date_gmt":"2015-04-09T09:39:39","guid":{"rendered":"https:\/\/rcn-ong.be\/?page_id=3290"},"modified":"2015-05-04T12:00:09","modified_gmt":"2015-05-04T12:00:09","slug":"septembre-2009-publication-rdc-les-conflits-fonciers-en-ituri-de-limposition-a-la-consolidation-de-la-paix","status":"publish","type":"page","link":"https:\/\/rcn-ong.be\/en\/publications\/etudes\/septembre-2009-publication-rdc-les-conflits-fonciers-en-ituri-de-limposition-a-la-consolidation-de-la-paix\/","title":{"rendered":"Septembre 2009 &#8211; Publication RDC &#8220;Les conflits fonciers en Ituri : De l\u2019imposition \u00e0 la consolidation de la paix&#8221;"},"content":{"rendered":"<p>&nbsp;<\/p>\n<p><strong>Etude supervis\u00e9e et finalis\u00e9e par les \u00e9quipes de RCN Justice &amp; D\u00e9mocratie en RDC et \u00e0 Bruxelles.<\/strong><\/p>\n<p><a href=\"https:\/\/rcn-ong.be\/wp-content\/uploads\/2015\/05\/Publication-septembre-2009-Foncier_Ituri-2.bmp\"><img loading=\"lazy\" decoding=\"async\" class=\"alignleft size-full wp-image-3788\" src=\"https:\/\/rcn-ong.be\/wp-content\/uploads\/2015\/05\/Publication-septembre-2009-Foncier_Ituri-2.bmp\" alt=\"Publication septembre 2009 Foncier_Ituri-2\" width=\"180\" height=\"262\" \/><\/a>De 1999 \u00e0 2003, l\u2019Ituri a connu une guerre dont l\u2019une des causes fut la lutte pour les ressources fonci\u00e8res. Une r\u00e9surgence de violences fonci\u00e8res en 2007 et 2009 a fait de cette r\u00e9gion de la R\u00e9publique d\u00e9mocratique du Congo une zone consid\u00e9r\u00e9e comme \u00ab <em>ni en guerre, ni en paix<\/em> \u00bb o\u00f9 le calme demeure pr\u00e9caire. Une investigation fouill\u00e9e des conflits fonciers dans ce district s\u2019est r\u00e9v\u00e9l\u00e9e n\u00e9cessaire. Cette \u00e9tude s\u2019est donc efforc\u00e9e de cerner les perceptions des conflits fonciers par la population tout comme les techniques de r\u00e9solution privil\u00e9gi\u00e9es par celle-ci.<\/p>\n<p>Cette \u00e9tude relative aux conflits fonciers en Ituri a \u00e9t\u00e9 men\u00e9e entre novembre et d\u00e9cembre 2008 sur le terrain, \u00e0 savoir dans les cinq territoires du District de l\u2019Ituri, Province Orientale.<\/p>\n<p>La collecte de pr\u00e8s d\u2019un millier de questionnaires \u00e0 travers tous ces territoires ainsi que des rencontres avec la soci\u00e9t\u00e9 civile et de nombreuses autorit\u00e9s judiciaires, administratives et politiques a permis de mettre en \u00e9vidence une analyse des conflits fonciers par leur localisation, leurs causes, leurs protagonistes, et surtout, les modes de r\u00e8glements auxquels la population a recours.<\/p>\n<p>L\u2019\u00e9tude a \u00e9t\u00e9 supervis\u00e9e et finalis\u00e9e par les \u00e9quipes de RCN Justice et D\u00e9mocratie en RDC et \u00e0 Bruxelles. La collecte des donn\u00e9es sur le terrain et les premi\u00e8res analyses ont \u00e9t\u00e9 men\u00e9es par 3 experts : Vincent KangulumbaMbambi, Jean-Pierre Lobho Lwa Djugudjugu et Bruno Lapika Dimonfu.<\/p>\n<ul>\n<li>L\u2019Etude est <a href=\"http:\/\/www.rcn-ong.be\/IMG\/pdf\/RCN_-_Conflits_fonciers_Ituri_-_nov2009.pdf\" target=\"_blank\">t\u00e9l\u00e9chargeable ici<\/a>.<\/li>\n<li>Pour un aper\u00e7u du Programme en lien avec cette publication, veuillez <a href=\"https:\/\/rcn-ong.be\/que-faisons-nous\/nos-pays-d-intervention\/republique-democratique-du-congo\/est-de-la-rdc\/realisations-anterieures\/prevention-et-gestion-des-conflits-fonciers-en-vue-de-renforcer-la-paix-sociale-ituri\/\" target=\"_blank\">cliquer ici<\/a>.<\/li>\n<\/ul>\n","protected":false},"excerpt":{"rendered":"<p>&nbsp;<\/p>\n<p><strong>Etude supervis\u00e9e et finalis\u00e9e par les \u00e9quipes de RCN Justice &amp; D\u00e9mocratie en RDC et \u00e0 Bruxelles.<\/strong><\/p>\n<p><a href=\"https:\/\/rcn-ong.be\/wp-content\/uploads\/2015\/05\/Publication-septembre-2009-Foncier_Ituri-2.bmp\"><img loading=\"lazy\" decoding=\"async\" class=\"alignleft size-full wp-image-3788\" src=\"https:\/\/rcn-ong.be\/wp-content\/uploads\/2015\/05\/Publication-septembre-2009-Foncier_Ituri-2.bmp\" alt=\"Publication septembre 2009 Foncier_Ituri-2\" width=\"180\" height=\"262\" \/><\/a>De 1999 \u00e0 2003, l\u2019Ituri a connu une guerre dont l\u2019une des causes fut la lutte pour les ressources fonci\u00e8res.<\/p>\n<p><span class=\"ellipsis\">&hellip;<\/span><\/p>\n<div class=\"read-more\"><a href=\"https:\/\/rcn-ong.be\/en\/publications\/etudes\/septembre-2009-publication-rdc-les-conflits-fonciers-en-ituri-de-limposition-a-la-consolidation-de-la-paix\/\">Read more &#8250;<\/a><\/div>\n<p><!-- end of .read-more --><\/p>\n","protected":false},"author":3,"featured_media":0,"parent":2077,"menu_order":0,"comment_status":"open","ping_status":"open","template":"","meta":{"footnotes":""},"class_list":["post-3290","page","type-page","status-publish","hentry"],"_links":{"self":[{"href":"https:\/\/rcn-ong.be\/en\/wp-json\/wp\/v2\/pages\/3290","targetHints":{"allow":["GET"]}}],"collection":[{"href":"https:\/\/rcn-ong.be\/en\/wp-json\/wp\/v2\/pages"}],"about":[{"href":"https:\/\/rcn-ong.be\/en\/wp-json\/wp\/v2\/types\/page"}],"author":[{"embeddable":true,"href":"https:\/\/rcn-ong.be\/en\/wp-json\/wp\/v2\/users\/3"}],"replies":[{"embeddable":true,"href":"https:\/\/rcn-ong.be\/en\/wp-json\/wp\/v2\/comments?post=3290"}],"version-history":[{"count":2,"href":"https:\/\/rcn-ong.be\/en\/wp-json\/wp\/v2\/pages\/3290\/revisions"}],"predecessor-version":[{"id":3802,"href":"https:\/\/rcn-ong.be\/en\/wp-json\/wp\/v2\/pages\/3290\/revisions\/3802"}],"up":[{"embeddable":true,"href":"https:\/\/rcn-ong.be\/en\/wp-json\/wp\/v2\/pages\/2077"}],"wp:attachment":[{"href":"https:\/\/rcn-ong.be\/en\/wp-json\/wp\/v2\/media?parent=3290"}],"curies":[{"name":"wp","href":"https:\/\/api.w.org\/{rel}","templated":true}]}}