{"id":3292,"date":"2015-04-09T10:01:33","date_gmt":"2015-04-09T10:01:33","guid":{"rendered":"https:\/\/rcn-ong.be\/?page_id=3292"},"modified":"2015-05-04T11:55:35","modified_gmt":"2015-05-04T11:55:35","slug":"decembre-2009-publication-burundi-statistiques-judiciaires-rendement-delais-et-typologie-des-litiges-dans-les-tribunaux-de-residence","status":"publish","type":"page","link":"https:\/\/rcn-ong.be\/en\/publications\/etudes\/decembre-2009-publication-burundi-statistiques-judiciaires-rendement-delais-et-typologie-des-litiges-dans-les-tribunaux-de-residence\/","title":{"rendered":"D\u00e9cembre 2009 &#8211; Publication Burundi &#8220;Statistiques judiciaires. Rendement, d\u00e9lais et typologie des litiges dans les tribunaux de r\u00e9sidence&#8221;"},"content":{"rendered":"<p>&nbsp;<\/p>\n<p><strong>D\u00e9pouillement des donn\u00e9es et commentaires par Dominik Kohlhagen, chercheur doctorant \u00e0 l\u2019universit\u00e9 Paris 1 Panth\u00e9on-Sorbonne.<\/strong><\/p>\n<p><a href=\"https:\/\/rcn-ong.be\/wp-content\/uploads\/2015\/05\/Publication-d\u00e9cembre-2009-Stat_Burundi.bmp\"><img loading=\"lazy\" decoding=\"async\" class=\"alignleft size-full wp-image-3785\" src=\"https:\/\/rcn-ong.be\/wp-content\/uploads\/2015\/05\/Publication-d\u00e9cembre-2009-Stat_Burundi.bmp\" alt=\"Publication d\u00e9cembre 2009 Stat_Burundi\" width=\"180\" height=\"253\" \/><\/a>Cette compilation de statistiques constitue le volet quantitatif d\u2019une recherche sur les probl\u00e8mes de fonctionnement de la justice et d\u2019ex\u00e9cution des jugements dans les r\u00e9gions rurales du Burundi. Elle compl\u00e8te deux \u00e9tudes qualitatives publi\u00e9es en 2008 et en 2009.<\/p>\n<p>En privil\u00e9giant une m\u00e9thode d\u2019approche socio-anthropologique, la premi\u00e8re publication, intitul\u00e9e &#8220;Le tribunal face au terrain&#8221;, entendait surtout apporter un \u00e9clairage th\u00e9orique sur les probl\u00e8mes de distorsion entre les dispositions l\u00e9gales d\u2019une part, les coutumes et les pratiques sociales d\u2019autre part.<\/p>\n<p>Etendue \u00e0 quatre r\u00e9gions naturelles suppl\u00e9mentaires, la poursuite du projet de recherche a abouti, en 2009, \u00e0 un \u00e9tat des lieux plus concis et exhaustif de la justice en milieu rural. La publication intitul\u00e9e &#8220;<em>Burundi : La justice en milieu rural<\/em>&#8221; d\u00e9gage des pistes d\u2019action et de r\u00e9flexion concr\u00e8tes pour l\u2019am\u00e9lioration de la situation actuelle.<\/p>\n<p>Dans ce contexte, une \u00e9quipe d\u2019enqu\u00eateurs juristes a visit\u00e9 un ensemble de 51 tribunaux de r\u00e9sidence, soit un peu moins de la moiti\u00e9 des 129 tribunaux existants. Pour la premi\u00e8re fois, dans chacun de ces tribunaux, un relev\u00e9 complet des dossiers judiciaires a \u00e9t\u00e9 effectu\u00e9 sur les deux derni\u00e8res ann\u00e9es d\u2019exercice. Pour la r\u00e9gion pilote du Mugamba, la p\u00e9riode \u00e9tudi\u00e9e couvre les ann\u00e9es 2006 et 2007. Dans les autres tribunaux, la p\u00e9riode prise en compte concerne les affaires inscrites en 2007 et 2008.<\/p>\n<ul>\n<li>L\u2019Etude est <a href=\"http:\/\/www.rcn-ong.be\/IMG\/pdf\/statistiques_judiciaires_burundaises.pdf\" target=\"_blank\">t\u00e9l\u00e9chargeable ici<\/a>.<\/li>\n<li>Pour un aper\u00e7u du Programme en lien avec cette publication, veuillez <a href=\"https:\/\/rcn-ong.be\/que-faisons-nous\/nos-pays-d-intervention\/burundi\/realisations-anterieures\/2009-2011-pour-une-justice-rassurante\/\" target=\"_blank\">cliquer ici<\/a>.<\/li>\n<\/ul>\n","protected":false},"excerpt":{"rendered":"<p>&nbsp;<\/p>\n<p><strong>D\u00e9pouillement des donn\u00e9es et commentaires par Dominik Kohlhagen, chercheur doctorant \u00e0 l\u2019universit\u00e9 Paris 1 Panth\u00e9on-Sorbonne.<\/strong><\/p>\n<p><a href=\"https:\/\/rcn-ong.be\/wp-content\/uploads\/2015\/05\/Publication-d\u00e9cembre-2009-Stat_Burundi.bmp\"><img loading=\"lazy\" decoding=\"async\" class=\"alignleft size-full wp-image-3785\" src=\"https:\/\/rcn-ong.be\/wp-content\/uploads\/2015\/05\/Publication-d\u00e9cembre-2009-Stat_Burundi.bmp\" alt=\"Publication d\u00e9cembre 2009 Stat_Burundi\" width=\"180\" height=\"253\" \/><\/a>Cette compilation de statistiques constitue le volet quantitatif d\u2019une recherche sur les probl\u00e8mes de fonctionnement de la justice et d\u2019ex\u00e9cution des jugements dans les r\u00e9gions rurales du Burundi.<\/p>\n<p><span class=\"ellipsis\">&hellip;<\/span><\/p>\n<div class=\"read-more\"><a href=\"https:\/\/rcn-ong.be\/en\/publications\/etudes\/decembre-2009-publication-burundi-statistiques-judiciaires-rendement-delais-et-typologie-des-litiges-dans-les-tribunaux-de-residence\/\">Read more &#8250;<\/a><\/div>\n<p><!-- end of .read-more --><\/p>\n","protected":false},"author":3,"featured_media":0,"parent":2077,"menu_order":0,"comment_status":"open","ping_status":"open","template":"","meta":{"footnotes":""},"class_list":["post-3292","page","type-page","status-publish","hentry"],"_links":{"self":[{"href":"https:\/\/rcn-ong.be\/en\/wp-json\/wp\/v2\/pages\/3292","targetHints":{"allow":["GET"]}}],"collection":[{"href":"https:\/\/rcn-ong.be\/en\/wp-json\/wp\/v2\/pages"}],"about":[{"href":"https:\/\/rcn-ong.be\/en\/wp-json\/wp\/v2\/types\/page"}],"author":[{"embeddable":true,"href":"https:\/\/rcn-ong.be\/en\/wp-json\/wp\/v2\/users\/3"}],"replies":[{"embeddable":true,"href":"https:\/\/rcn-ong.be\/en\/wp-json\/wp\/v2\/comments?post=3292"}],"version-history":[{"count":2,"href":"https:\/\/rcn-ong.be\/en\/wp-json\/wp\/v2\/pages\/3292\/revisions"}],"predecessor-version":[{"id":3797,"href":"https:\/\/rcn-ong.be\/en\/wp-json\/wp\/v2\/pages\/3292\/revisions\/3797"}],"up":[{"embeddable":true,"href":"https:\/\/rcn-ong.be\/en\/wp-json\/wp\/v2\/pages\/2077"}],"wp:attachment":[{"href":"https:\/\/rcn-ong.be\/en\/wp-json\/wp\/v2\/media?parent=3292"}],"curies":[{"name":"wp","href":"https:\/\/api.w.org\/{rel}","templated":true}]}}