{"id":3294,"date":"2015-04-09T10:04:40","date_gmt":"2015-04-09T10:04:40","guid":{"rendered":"https:\/\/rcn-ong.be\/?page_id=3294"},"modified":"2015-05-04T11:55:04","modified_gmt":"2015-05-04T11:55:04","slug":"decembre-2009-publication-burundi-la-justice-en-milieu-rural","status":"publish","type":"page","link":"https:\/\/rcn-ong.be\/en\/publications\/etudes\/decembre-2009-publication-burundi-la-justice-en-milieu-rural\/","title":{"rendered":"D\u00e9cembre 2009 &#8211; Publication Burundi &#8220;La justice en milieu rural&#8221;"},"content":{"rendered":"<p>&nbsp;<\/p>\n<p><strong>Recherche effectu\u00e9e sous la responsabilit\u00e9 de Dominik Kohlhagen, chercheur doctorant \u00e0 l\u2019universit\u00e9 Paris 1 Panth\u00e9on-Sorbonne.<\/strong><\/p>\n<p><a href=\"https:\/\/rcn-ong.be\/wp-content\/uploads\/2015\/05\/photo-publication-d\u00e9cembre-2009-vignette_rurale2-4e435.png\"><img loading=\"lazy\" decoding=\"async\" class=\"alignleft size-full wp-image-3786\" src=\"https:\/\/rcn-ong.be\/wp-content\/uploads\/2015\/05\/photo-publication-d\u00e9cembre-2009-vignette_rurale2-4e435.png\" alt=\"photo publication d\u00e9cembre 2009 vignette_rurale2-4e435\" width=\"180\" height=\"245\" srcset=\"https:\/\/rcn-ong.be\/wp-content\/uploads\/2015\/05\/photo-publication-d\u00e9cembre-2009-vignette_rurale2-4e435.png 180w, https:\/\/rcn-ong.be\/wp-content\/uploads\/2015\/05\/photo-publication-d\u00e9cembre-2009-vignette_rurale2-4e435-100x136.png 100w, https:\/\/rcn-ong.be\/wp-content\/uploads\/2015\/05\/photo-publication-d\u00e9cembre-2009-vignette_rurale2-4e435-150x204.png 150w\" sizes=\"auto, (max-width: 180px) 100vw, 180px\" \/><\/a>Cette \u00e9tude constitue le deuxi\u00e8me volet d\u2019une recherche sur les institutions judiciaires men\u00e9e entre les ann\u00e9es 2007 et 2009 dans les r\u00e9gions rurales du Burundi. En s\u2019int\u00e9ressant plus particuli\u00e8rement aux distorsions entre le droit proclam\u00e9 et le droit tel qu\u2019il est v\u00e9cu par la population, cette recherche entend apporter un \u00e9clairage sur les r\u00e9alit\u00e9s rencontr\u00e9es dans les tribunaux, les attentes des justiciables vis-\u00e0-vis des institutions et le r\u00f4le des tribunaux pour une r\u00e9gulation efficace des conflits du quotidien.<\/p>\n<p>Ce que souhaite apporter cette publication est avant tout un r\u00e9ajustement de la perspective habituelle. Lors des enqu\u00eates, il ne s\u2019agissait pas de mener une \u00e9tude &#8220;pour&#8221; RCN Justice &amp; D\u00e9mocratie ou &#8220;pour&#8221; les besoins des projets de r\u00e9forme d\u00e9finis \u00e0 Bujumbura. Avant tout, il s\u2019agissait d\u2019effectuer une recherche scientifique permettant de rendre intelligible \u2013 en des termes compr\u00e9hensibles pour les gens &#8220;de l\u2019ext\u00e9rieur&#8221; \u2013 les besoins et les attentes de la population &#8220;de l\u2019int\u00e9rieur&#8221;. M\u00eame si les r\u00e9sultats de la recherche s\u2019adressent avant tout \u00e0 des juristes, le choix des probl\u00e8mes abord\u00e9s a \u00e9t\u00e9 exclusivement motiv\u00e9 par les pr\u00e9occupations de la population et l\u2019identification des implications juridiques ou institutionnelles de ces pr\u00e9occupations.<\/p>\n<p>On lira peu, ici, sur le fonctionnement des juridictions sup\u00e9rieures ou de l\u2019administration centrale de la justice. Encore moins sera dit sur le droit commercial, le droit du travail ou la justice militaire. Ces omissions ne correspondent pas \u00e0 un choix d\u00e9lib\u00e9r\u00e9, mais s\u2019expliquent par les r\u00e9alit\u00e9s du quotidien dans les plaines et les collines. Pour la tr\u00e8s grande majorit\u00e9 de la population, ce n\u2019est pas le bon fonctionnement des TGI ou de la Cour Supr\u00eame qui importent, mais celui des Tribunaux de R\u00e9sidence qui sont \u00e0 l\u2019 \u00e9coute de leurs probl\u00e8mes quotidiens.<\/p>\n<ul>\n<li>L\u2019Etude est <a href=\"http:\/\/www.rcn-ong.be\/IMG\/pdf\/burundi_la_justice_en_milieu_rural_Vout.pdf\" target=\"_blank\">t\u00e9l\u00e9chargeable ici<\/a>.<\/li>\n<li>Pour un aper\u00e7u du Programme en lien avec cette publication, veuillez <a href=\"https:\/\/rcn-ong.be\/que-faisons-nous\/nos-pays-d-intervention\/burundi\/realisations-anterieures\/2009-2011-pour-une-justice-rassurante\/\" target=\"_blank\">cliquer ici.<\/a><\/li>\n<\/ul>\n","protected":false},"excerpt":{"rendered":"<p>&nbsp;<\/p>\n<p><strong>Recherche effectu\u00e9e sous la responsabilit\u00e9 de Dominik Kohlhagen, chercheur doctorant \u00e0 l\u2019universit\u00e9 Paris 1 Panth\u00e9on-Sorbonne.<\/strong><\/p>\n<p><a href=\"https:\/\/rcn-ong.be\/wp-content\/uploads\/2015\/05\/photo-publication-d\u00e9cembre-2009-vignette_rurale2-4e435.png\"><img loading=\"lazy\" decoding=\"async\" class=\"alignleft size-full wp-image-3786\" src=\"https:\/\/rcn-ong.be\/wp-content\/uploads\/2015\/05\/photo-publication-d\u00e9cembre-2009-vignette_rurale2-4e435.png\" alt=\"photo publication d\u00e9cembre 2009 vignette_rurale2-4e435\" width=\"180\" height=\"245\" srcset=\"https:\/\/rcn-ong.be\/wp-content\/uploads\/2015\/05\/photo-publication-d\u00e9cembre-2009-vignette_rurale2-4e435.png 180w, https:\/\/rcn-ong.be\/wp-content\/uploads\/2015\/05\/photo-publication-d\u00e9cembre-2009-vignette_rurale2-4e435-100x136.png 100w, https:\/\/rcn-ong.be\/wp-content\/uploads\/2015\/05\/photo-publication-d\u00e9cembre-2009-vignette_rurale2-4e435-150x204.png 150w\" sizes=\"auto, (max-width: 180px) 100vw, 180px\" \/><\/a>Cette \u00e9tude constitue le deuxi\u00e8me volet d\u2019une recherche sur les institutions judiciaires men\u00e9e entre les ann\u00e9es 2007 et 2009 dans les r\u00e9gions rurales du Burundi.<\/p>\n<p><span class=\"ellipsis\">&hellip;<\/span><\/p>\n<div class=\"read-more\"><a href=\"https:\/\/rcn-ong.be\/en\/publications\/etudes\/decembre-2009-publication-burundi-la-justice-en-milieu-rural\/\">Read more &#8250;<\/a><\/div>\n<p><!-- end of .read-more --><\/p>\n","protected":false},"author":3,"featured_media":0,"parent":2077,"menu_order":0,"comment_status":"open","ping_status":"open","template":"","meta":{"footnotes":""},"class_list":["post-3294","page","type-page","status-publish","hentry"],"_links":{"self":[{"href":"https:\/\/rcn-ong.be\/en\/wp-json\/wp\/v2\/pages\/3294","targetHints":{"allow":["GET"]}}],"collection":[{"href":"https:\/\/rcn-ong.be\/en\/wp-json\/wp\/v2\/pages"}],"about":[{"href":"https:\/\/rcn-ong.be\/en\/wp-json\/wp\/v2\/types\/page"}],"author":[{"embeddable":true,"href":"https:\/\/rcn-ong.be\/en\/wp-json\/wp\/v2\/users\/3"}],"replies":[{"embeddable":true,"href":"https:\/\/rcn-ong.be\/en\/wp-json\/wp\/v2\/comments?post=3294"}],"version-history":[{"count":3,"href":"https:\/\/rcn-ong.be\/en\/wp-json\/wp\/v2\/pages\/3294\/revisions"}],"predecessor-version":[{"id":3796,"href":"https:\/\/rcn-ong.be\/en\/wp-json\/wp\/v2\/pages\/3294\/revisions\/3796"}],"up":[{"embeddable":true,"href":"https:\/\/rcn-ong.be\/en\/wp-json\/wp\/v2\/pages\/2077"}],"wp:attachment":[{"href":"https:\/\/rcn-ong.be\/en\/wp-json\/wp\/v2\/media?parent=3294"}],"curies":[{"name":"wp","href":"https:\/\/api.w.org\/{rel}","templated":true}]}}