{"id":3299,"date":"2015-04-09T10:18:39","date_gmt":"2015-04-09T10:18:39","guid":{"rendered":"https:\/\/rcn-ong.be\/?page_id=3299"},"modified":"2015-05-04T11:52:30","modified_gmt":"2015-05-04T11:52:30","slug":"aout-2009-publication-rdc-la-justice-de-proximite-au-bas-congo","status":"publish","type":"page","link":"https:\/\/rcn-ong.be\/en\/publications\/etudes\/aout-2009-publication-rdc-la-justice-de-proximite-au-bas-congo\/","title":{"rendered":"Ao\u00fbt 2009 &#8211; Publication RDC &#8220;La justice de proximit\u00e9 au Bas-Congo&#8221;"},"content":{"rendered":"<p>&nbsp;<\/p>\n<p><strong>Etude coordonn\u00e9e par Anne-A\u00ebl Pohu, experte internationale en administration de la justice.<\/strong><\/p>\n<p><a href=\"https:\/\/rcn-ong.be\/wp-content\/uploads\/2015\/05\/Photo-publication-Justice_proximite_BC.bmp\"><img loading=\"lazy\" decoding=\"async\" class=\"alignleft size-full wp-image-3793\" src=\"https:\/\/rcn-ong.be\/wp-content\/uploads\/2015\/05\/Photo-publication-Justice_proximite_BC.bmp\" alt=\"Photo publication Justice_proximite_BC\" width=\"180\" height=\"251\" \/><\/a>La province du Bas-Congo a \u00e9t\u00e9 pionni\u00e8re dans l\u2019installation des tribunaux de paix et la population qui esp\u00e9rait dans la r\u00e9forme une forme de progr\u00e8s s\u2019est montr\u00e9e favorable \u00e0 l\u2019instauration d\u2019une justice moderne capable d\u2019instaurer une paix durable. Mais la manque de moyens et l\u2019inefficacit\u00e9 de la justice n\u2019ont pas tard\u00e9 \u00e0 d\u00e9cevoir les attentes. En analysant de mani\u00e8re plus sp\u00e9cifique la situation du Bas-Congo (ville de Matadi et district des Cataractes), l\u2019\u00e9tude entend donner la parole aux acteurs de terrain et r\u00e9colter des donn\u00e9es empiriques sur le fonctionnement de la justice de proximit\u00e9.<\/p>\n<p>L\u2019\u00e9tude a \u00e9t\u00e9 r\u00e9alis\u00e9e par l\u2019Agence Japonaise de Coop\u00e9ration Internationale (JICA), par l\u2019interm\u00e9diaire de RCN Justice et D\u00e9mocratie. Elle s\u2019est d\u00e9roul\u00e9e du 26 f\u00e9vrier au 30 avril 2009 au Bas-Congo et \u00e0 Kinshasa. Elle a \u00e9t\u00e9 coordonn\u00e9e par Anne-A\u00ebl Pohu, experte internationale en administration de la justice et directrice des programmes Rwanda et Burundi chez RCN Justice et D\u00e9mocratie.<\/p>\n<ul>\n<li>L\u2019Etude est <a href=\"http:\/\/www.rcn-ong.be\/IMG\/pdf\/RCN-justi--.pdf\" target=\"_blank\">t\u00e9l\u00e9chargeable ici<\/a>.<\/li>\n<li>Pour un aper\u00e7u du Programme en lien avec cette publication, veuillez <a href=\"https:\/\/rcn-ong.be\/que-faisons-nous\/nos-pays-d-intervention\/republique-democratique-du-congo\/bas-congo\/realisations-anterieures\/appui-a-la-justice-de-proximite\/\" target=\"_blank\">cliquer ici<\/a>.<\/li>\n<\/ul>\n","protected":false},"excerpt":{"rendered":"<p>&nbsp;<\/p>\n<p><strong>Etude coordonn\u00e9e par Anne-A\u00ebl Pohu, experte internationale en administration de la justice.<\/strong><\/p>\n<p><a href=\"https:\/\/rcn-ong.be\/wp-content\/uploads\/2015\/05\/Photo-publication-Justice_proximite_BC.bmp\"><img loading=\"lazy\" decoding=\"async\" class=\"alignleft size-full wp-image-3793\" src=\"https:\/\/rcn-ong.be\/wp-content\/uploads\/2015\/05\/Photo-publication-Justice_proximite_BC.bmp\" alt=\"Photo publication Justice_proximite_BC\" width=\"180\" height=\"251\" \/><\/a>La province du Bas-Congo a \u00e9t\u00e9 pionni\u00e8re dans l\u2019installation des tribunaux de paix et la population qui esp\u00e9rait dans la r\u00e9forme une forme de progr\u00e8s s\u2019est montr\u00e9e favorable \u00e0 l\u2019instauration d\u2019une justice moderne capable d\u2019instaurer une paix durable.<\/p>\n<p><span class=\"ellipsis\">&hellip;<\/span><\/p>\n<div class=\"read-more\"><a href=\"https:\/\/rcn-ong.be\/en\/publications\/etudes\/aout-2009-publication-rdc-la-justice-de-proximite-au-bas-congo\/\">Read more &#8250;<\/a><\/div>\n<p><!-- end of .read-more --><\/p>\n","protected":false},"author":3,"featured_media":0,"parent":2077,"menu_order":0,"comment_status":"open","ping_status":"open","template":"","meta":{"footnotes":""},"class_list":["post-3299","page","type-page","status-publish","hentry"],"_links":{"self":[{"href":"https:\/\/rcn-ong.be\/en\/wp-json\/wp\/v2\/pages\/3299","targetHints":{"allow":["GET"]}}],"collection":[{"href":"https:\/\/rcn-ong.be\/en\/wp-json\/wp\/v2\/pages"}],"about":[{"href":"https:\/\/rcn-ong.be\/en\/wp-json\/wp\/v2\/types\/page"}],"author":[{"embeddable":true,"href":"https:\/\/rcn-ong.be\/en\/wp-json\/wp\/v2\/users\/3"}],"replies":[{"embeddable":true,"href":"https:\/\/rcn-ong.be\/en\/wp-json\/wp\/v2\/comments?post=3299"}],"version-history":[{"count":2,"href":"https:\/\/rcn-ong.be\/en\/wp-json\/wp\/v2\/pages\/3299\/revisions"}],"predecessor-version":[{"id":3794,"href":"https:\/\/rcn-ong.be\/en\/wp-json\/wp\/v2\/pages\/3299\/revisions\/3794"}],"up":[{"embeddable":true,"href":"https:\/\/rcn-ong.be\/en\/wp-json\/wp\/v2\/pages\/2077"}],"wp:attachment":[{"href":"https:\/\/rcn-ong.be\/en\/wp-json\/wp\/v2\/media?parent=3299"}],"curies":[{"name":"wp","href":"https:\/\/api.w.org\/{rel}","templated":true}]}}