{"id":3302,"date":"2015-04-09T10:20:34","date_gmt":"2015-04-09T10:20:34","guid":{"rendered":"https:\/\/rcn-ong.be\/?page_id=3302"},"modified":"2015-05-04T11:56:24","modified_gmt":"2015-05-04T11:56:24","slug":"fevrier-2011-publication-burundi-etude-sur-le-fonctionnement-de-la-chaine-penale","status":"publish","type":"page","link":"https:\/\/rcn-ong.be\/en\/publications\/etudes\/fevrier-2011-publication-burundi-etude-sur-le-fonctionnement-de-la-chaine-penale\/","title":{"rendered":"F\u00e9vrier 2011 &#8211;  Publication Burundi &#8220;Etude sur le fonctionnement de la cha\u00eene p\u00e9nale&#8221;"},"content":{"rendered":"<p><strong>Recherche effectu\u00e9e sous la responsabilit\u00e9 de Julien Moriceau.\u00a0<\/strong><\/p>\n<p><a href=\"https:\/\/rcn-ong.be\/wp-content\/uploads\/2015\/05\/Photo-publication-f\u00e9vrier-2011-Photo_site-bf9cb.jpg\"><img loading=\"lazy\" decoding=\"async\" class=\"alignleft size-full wp-image-3787\" src=\"https:\/\/rcn-ong.be\/wp-content\/uploads\/2015\/05\/Photo-publication-f\u00e9vrier-2011-Photo_site-bf9cb.jpg\" alt=\"Photo publication f\u00e9vrier 2011 Photo_site-bf9cb\" width=\"180\" height=\"258\" srcset=\"https:\/\/rcn-ong.be\/wp-content\/uploads\/2015\/05\/Photo-publication-f\u00e9vrier-2011-Photo_site-bf9cb.jpg 180w, https:\/\/rcn-ong.be\/wp-content\/uploads\/2015\/05\/Photo-publication-f\u00e9vrier-2011-Photo_site-bf9cb-100x143.jpg 100w, https:\/\/rcn-ong.be\/wp-content\/uploads\/2015\/05\/Photo-publication-f\u00e9vrier-2011-Photo_site-bf9cb-150x215.jpg 150w\" sizes=\"auto, (max-width: 180px) 100vw, 180px\" \/><\/a>La pr\u00e9sente \u00e9tude dresse un \u00e9tat des lieux du fonctionnement de la cha\u00eene p\u00e9nale au Burundi et \u00e9value la perception de celle-ci par la population. Pour la premi\u00e8re fois au Burundi, des statistiques exhaustives sur les dur\u00e9es de la proc\u00e9dure, la d\u00e9tention et le contenu des enqu\u00eates p\u00e9nales sont pr\u00e9sent\u00e9es. Appuy\u00e9e d\u2019une analyse minutieuse du cadre normatif et d\u2019entretiens sociologiques avec les acteurs de la justice et des justiciables concern\u00e9s, l\u2019\u00e9tude permet de mettre en lumi\u00e8re les dysfonctionnements structurels de la justice p\u00e9nale au niveau national et local. La publication esquisse des recommandations pour am\u00e9liorer la coordination entre les divers acteurs et afin d\u2019interroger les priorit\u00e9s de la politique criminelle du Burundi. La recherche a \u00e9t\u00e9 effectu\u00e9e sous la responsabilit\u00e9 de Julien Moriceau. Elle a pour objectif d\u2019approfondir la connaissance de la proc\u00e9dure p\u00e9nale et des pratiques du droit et de permettre l\u2019am\u00e9lioration du fonctionnement du syst\u00e8me de la justice afin de renforcer l\u2019instauration de l\u2019Etat de droit au Burundi.<\/p>\n<ul>\n<li>L\u2019Etude est <a href=\"http:\/\/www.rcn-ong.be\/IMG\/pdf\/Etude_sur_le_fonctionnement_de_la_chaine_penale_au_Burundi.pdf\" target=\"_blank\">t\u00e9l\u00e9chargeable ici<\/a>.<\/li>\n<li>Pour un aper\u00e7u du Programme en lien avec cette publication, veuillez <a href=\"https:\/\/rcn-ong.be\/que-faisons-nous\/nos-pays-d-intervention\/burundi\/realisations-anterieures\/2009-2011-pour-une-justice-rassurante\/\" target=\"_blank\">cliquer ici<\/a>.<\/li>\n<\/ul>\n","protected":false},"excerpt":{"rendered":"<p><strong>Recherche effectu\u00e9e sous la responsabilit\u00e9 de Julien Moriceau.\u00a0<\/strong><\/p>\n<p><a href=\"https:\/\/rcn-ong.be\/wp-content\/uploads\/2015\/05\/Photo-publication-f\u00e9vrier-2011-Photo_site-bf9cb.jpg\"><img loading=\"lazy\" decoding=\"async\" class=\"alignleft size-full wp-image-3787\" src=\"https:\/\/rcn-ong.be\/wp-content\/uploads\/2015\/05\/Photo-publication-f\u00e9vrier-2011-Photo_site-bf9cb.jpg\" alt=\"Photo publication f\u00e9vrier 2011 Photo_site-bf9cb\" width=\"180\" height=\"258\" srcset=\"https:\/\/rcn-ong.be\/wp-content\/uploads\/2015\/05\/Photo-publication-f\u00e9vrier-2011-Photo_site-bf9cb.jpg 180w, https:\/\/rcn-ong.be\/wp-content\/uploads\/2015\/05\/Photo-publication-f\u00e9vrier-2011-Photo_site-bf9cb-100x143.jpg 100w, https:\/\/rcn-ong.be\/wp-content\/uploads\/2015\/05\/Photo-publication-f\u00e9vrier-2011-Photo_site-bf9cb-150x215.jpg 150w\" sizes=\"auto, (max-width: 180px) 100vw, 180px\" \/><\/a>La pr\u00e9sente \u00e9tude dresse un \u00e9tat des lieux du fonctionnement de la cha\u00eene p\u00e9nale au Burundi et \u00e9value la perception de celle-ci par la population.<\/p>\n<p><span class=\"ellipsis\">&hellip;<\/span><\/p>\n<div class=\"read-more\"><a href=\"https:\/\/rcn-ong.be\/en\/publications\/etudes\/fevrier-2011-publication-burundi-etude-sur-le-fonctionnement-de-la-chaine-penale\/\">Read more &#8250;<\/a><\/div>\n<p><!-- end of .read-more --><\/p>\n","protected":false},"author":3,"featured_media":0,"parent":2077,"menu_order":0,"comment_status":"open","ping_status":"open","template":"","meta":{"footnotes":""},"class_list":["post-3302","page","type-page","status-publish","hentry"],"_links":{"self":[{"href":"https:\/\/rcn-ong.be\/en\/wp-json\/wp\/v2\/pages\/3302","targetHints":{"allow":["GET"]}}],"collection":[{"href":"https:\/\/rcn-ong.be\/en\/wp-json\/wp\/v2\/pages"}],"about":[{"href":"https:\/\/rcn-ong.be\/en\/wp-json\/wp\/v2\/types\/page"}],"author":[{"embeddable":true,"href":"https:\/\/rcn-ong.be\/en\/wp-json\/wp\/v2\/users\/3"}],"replies":[{"embeddable":true,"href":"https:\/\/rcn-ong.be\/en\/wp-json\/wp\/v2\/comments?post=3302"}],"version-history":[{"count":6,"href":"https:\/\/rcn-ong.be\/en\/wp-json\/wp\/v2\/pages\/3302\/revisions"}],"predecessor-version":[{"id":3798,"href":"https:\/\/rcn-ong.be\/en\/wp-json\/wp\/v2\/pages\/3302\/revisions\/3798"}],"up":[{"embeddable":true,"href":"https:\/\/rcn-ong.be\/en\/wp-json\/wp\/v2\/pages\/2077"}],"wp:attachment":[{"href":"https:\/\/rcn-ong.be\/en\/wp-json\/wp\/v2\/media?parent=3302"}],"curies":[{"name":"wp","href":"https:\/\/api.w.org\/{rel}","templated":true}]}}