{"id":3307,"date":"2015-04-09T10:40:19","date_gmt":"2015-04-09T10:40:19","guid":{"rendered":"https:\/\/rcn-ong.be\/?page_id=3307"},"modified":"2015-05-04T11:41:17","modified_gmt":"2015-05-04T11:41:17","slug":"avril-2011-publication-rdc-lappui-technique-a-lefrpj-dans-un-nouveau-contexte-institutionnel-de-gestion-du-systeme-judiciaire","status":"publish","type":"page","link":"https:\/\/rcn-ong.be\/en\/publications\/etudes\/avril-2011-publication-rdc-lappui-technique-a-lefrpj-dans-un-nouveau-contexte-institutionnel-de-gestion-du-systeme-judiciaire\/","title":{"rendered":"Avril 2011 &#8211; Publication RDC &#8220;L\u2019appui technique \u00e0 l\u2019EFRPJ dans un nouveau contexte institutionnel de gestion du syst\u00e8me judiciaire&#8221;"},"content":{"rendered":"<p>&nbsp;<\/p>\n<p><strong>Etude r\u00e9alis\u00e9e par Ma\u00eetre Delphin Bulambo, avocat, et supervis\u00e9e par les \u00e9quipes de RCN Justice et D\u00e9mocratie.<\/strong><\/p>\n<p><a href=\"https:\/\/rcn-ong.be\/wp-content\/uploads\/2015\/05\/Photo-publication-2011-RDC-EFRPJ_avril2011-122-d4f89.jpg\"><img loading=\"lazy\" decoding=\"async\" class=\"alignleft size-full wp-image-3778\" src=\"https:\/\/rcn-ong.be\/wp-content\/uploads\/2015\/05\/Photo-publication-2011-RDC-EFRPJ_avril2011-122-d4f89.jpg\" alt=\"L\" width=\"180\" height=\"255\" srcset=\"https:\/\/rcn-ong.be\/wp-content\/uploads\/2015\/05\/Photo-publication-2011-RDC-EFRPJ_avril2011-122-d4f89.jpg 180w, https:\/\/rcn-ong.be\/wp-content\/uploads\/2015\/05\/Photo-publication-2011-RDC-EFRPJ_avril2011-122-d4f89-100x142.jpg 100w, https:\/\/rcn-ong.be\/wp-content\/uploads\/2015\/05\/Photo-publication-2011-RDC-EFRPJ_avril2011-122-d4f89-150x213.jpg 150w\" sizes=\"auto, (max-width: 180px) 100vw, 180px\" \/><\/a>Cette \u00e9tude capitalise les exp\u00e9riences de RCN en mati\u00e8re de soutien \u00e0 l\u2019Ecole de formation et recyclage des personnels judiciaires (EFPRJ) en RDC. Elle a \u00e9t\u00e9 r\u00e9alis\u00e9e en d\u00e9cembre 2010 par Ma\u00eetre Delphin BULAMBO, avocat, ayant travaill\u00e9 en tant que Responsable de Projets chez RCN J&amp;D mais aussi en tant que Coordinateur Adjoint du programme Rejusco. Actuellement, il est Expert Justice.<\/p>\n<p>Cette \u00e9tude a \u00e9t\u00e9 supervis\u00e9e par les \u00e9quipes de RCN Justice &amp; D\u00e9mocratie en RDC et \u00e0 Bruxelles. Ayant \u00e9t\u00e9 d\u00e9sign\u00e9 par le minist\u00e8re de la Justice comme point focal pour la formation du personnel judiciaire non magistrat, RCN Justice &amp; D\u00e9mocratie a initi\u00e9 plusieurs r\u00e9flexions afin d\u2019explorer les voies et moyens pour la relance des activit\u00e9s de l\u2019EFRPJ. La pr\u00e9sente \u00e9tude s\u2019inscrit dans cette dynamique et tient compte d\u2019autres \u00e9tudes et r\u00e9flexions r\u00e9alis\u00e9es pr\u00e9c\u00e9demment dans le cadre du CMJ ainsi que par d\u2019autres partenaires qui appuient le secteur de la justice.<\/p>\n<p>Cette \u00e9tude a pour objectif d\u2019\u00e9tablir un \u00e9tat des lieux de l\u2019activit\u00e9 de l\u2019EFRPJ et des formations concernant le personnel judiciaire, ainsi que, plus g\u00e9n\u00e9ralement, de contribuer \u00e0 la r\u00e9forme institutionnelle de l\u2019EFRPJ.<\/p>\n<ul>\n<li>L\u2019Etude est <a href=\"http:\/\/www.rcn-ong.be\/IMG\/pdf\/RDC-EFRPJ_avril2011.pdf\" target=\"_blank\">t\u00e9l\u00e9chargeable ici<\/a>.<\/li>\n<li>Pour un aper\u00e7u du Programme en lien avec cette publication, veuillez <a href=\"https:\/\/rcn-ong.be\/que-faisons-nous\/nos-pays-d-intervention\/republique-democratique-du-congo\/bureau-national-a-kinshasa\/realisations-anterieures\/pour-une-justice-de-proximite-en-republique-democratique-du-congo\/\" target=\"_blank\">cliquer ici<\/a>.<\/li>\n<\/ul>\n","protected":false},"excerpt":{"rendered":"<p>&nbsp;<\/p>\n<p><strong>Etude r\u00e9alis\u00e9e par Ma\u00eetre Delphin Bulambo, avocat, et supervis\u00e9e par les \u00e9quipes de RCN Justice et D\u00e9mocratie.<\/strong><\/p>\n<p><a href=\"https:\/\/rcn-ong.be\/wp-content\/uploads\/2015\/05\/Photo-publication-2011-RDC-EFRPJ_avril2011-122-d4f89.jpg\"><img loading=\"lazy\" decoding=\"async\" class=\"alignleft size-full wp-image-3778\" src=\"https:\/\/rcn-ong.be\/wp-content\/uploads\/2015\/05\/Photo-publication-2011-RDC-EFRPJ_avril2011-122-d4f89.jpg\" alt=\"L\" width=\"180\" height=\"255\" srcset=\"https:\/\/rcn-ong.be\/wp-content\/uploads\/2015\/05\/Photo-publication-2011-RDC-EFRPJ_avril2011-122-d4f89.jpg 180w, https:\/\/rcn-ong.be\/wp-content\/uploads\/2015\/05\/Photo-publication-2011-RDC-EFRPJ_avril2011-122-d4f89-100x142.jpg 100w, https:\/\/rcn-ong.be\/wp-content\/uploads\/2015\/05\/Photo-publication-2011-RDC-EFRPJ_avril2011-122-d4f89-150x213.jpg 150w\" sizes=\"auto, (max-width: 180px) 100vw, 180px\" \/><\/a>Cette \u00e9tude capitalise les exp\u00e9riences de RCN en mati\u00e8re de soutien \u00e0 l\u2019Ecole de formation et recyclage des personnels judiciaires (EFPRJ) en RDC.<\/p>\n<p><span class=\"ellipsis\">&hellip;<\/span><\/p>\n<div class=\"read-more\"><a href=\"https:\/\/rcn-ong.be\/en\/publications\/etudes\/avril-2011-publication-rdc-lappui-technique-a-lefrpj-dans-un-nouveau-contexte-institutionnel-de-gestion-du-systeme-judiciaire\/\">Read more &#8250;<\/a><\/div>\n<p><!-- end of .read-more --><\/p>\n","protected":false},"author":3,"featured_media":0,"parent":2077,"menu_order":0,"comment_status":"open","ping_status":"open","template":"","meta":{"footnotes":""},"class_list":["post-3307","page","type-page","status-publish","hentry"],"_links":{"self":[{"href":"https:\/\/rcn-ong.be\/en\/wp-json\/wp\/v2\/pages\/3307","targetHints":{"allow":["GET"]}}],"collection":[{"href":"https:\/\/rcn-ong.be\/en\/wp-json\/wp\/v2\/pages"}],"about":[{"href":"https:\/\/rcn-ong.be\/en\/wp-json\/wp\/v2\/types\/page"}],"author":[{"embeddable":true,"href":"https:\/\/rcn-ong.be\/en\/wp-json\/wp\/v2\/users\/3"}],"replies":[{"embeddable":true,"href":"https:\/\/rcn-ong.be\/en\/wp-json\/wp\/v2\/comments?post=3307"}],"version-history":[{"count":3,"href":"https:\/\/rcn-ong.be\/en\/wp-json\/wp\/v2\/pages\/3307\/revisions"}],"predecessor-version":[{"id":3781,"href":"https:\/\/rcn-ong.be\/en\/wp-json\/wp\/v2\/pages\/3307\/revisions\/3781"}],"up":[{"embeddable":true,"href":"https:\/\/rcn-ong.be\/en\/wp-json\/wp\/v2\/pages\/2077"}],"wp:attachment":[{"href":"https:\/\/rcn-ong.be\/en\/wp-json\/wp\/v2\/media?parent=3307"}],"curies":[{"name":"wp","href":"https:\/\/api.w.org\/{rel}","templated":true}]}}