{"id":3323,"date":"2015-04-09T11:08:27","date_gmt":"2015-04-09T11:08:27","guid":{"rendered":"https:\/\/rcn-ong.be\/?page_id=3323"},"modified":"2015-05-04T11:22:39","modified_gmt":"2015-05-04T11:22:39","slug":"janvier-2014-publication-de-la-bd-la-marche-des-verites-au-burundi","status":"publish","type":"page","link":"https:\/\/rcn-ong.be\/en\/publications\/etudes\/janvier-2014-publication-de-la-bd-la-marche-des-verites-au-burundi\/","title":{"rendered":"Janvier 2014 &#8211; Publication de la BD \u00ab La marche des v\u00e9rit\u00e9S \u00bb au Burundi"},"content":{"rendered":"<p>&nbsp;<\/p>\n<p><strong>\u00ab La marche des v\u00e9rit\u00e9S \u00bb, par Anne-A\u00ebl Pohu et Selim Mawad<\/strong><\/p>\n<p>RCN Justice &amp; D\u00e9mocratie et Impunity Watch ont le plaisir de vous faire d\u00e9couvrir leur publication conjointe \u00ab La marche des v\u00e9rit\u00e9S \u00bb qui s\u2019inscrit dans le cadre de leurs programmes respectifs de pr\u00e9vention des conflits et d\u2019appui \u00e0 justice transitionnelle au Burundi.<\/p>\n<p><a href=\"https:\/\/rcn-ong.be\/wp-content\/uploads\/2015\/05\/Photo-publication-la-marche-des-v\u00e9rit\u00e9s-Front_Page_Final-a8b64.jpg\"><img loading=\"lazy\" decoding=\"async\" class=\"alignleft size-medium wp-image-3766\" src=\"https:\/\/rcn-ong.be\/wp-content\/uploads\/2015\/05\/Photo-publication-la-marche-des-v\u00e9rit\u00e9s-Front_Page_Final-a8b64-214x300.jpg\" alt=\"Photo publication la marche des v\u00e9rit\u00e9s Front_Page_Final-a8b64\" width=\"214\" height=\"300\" srcset=\"https:\/\/rcn-ong.be\/wp-content\/uploads\/2015\/05\/Photo-publication-la-marche-des-v\u00e9rit\u00e9s-Front_Page_Final-a8b64-214x300.jpg 214w, https:\/\/rcn-ong.be\/wp-content\/uploads\/2015\/05\/Photo-publication-la-marche-des-v\u00e9rit\u00e9s-Front_Page_Final-a8b64-100x140.jpg 100w, https:\/\/rcn-ong.be\/wp-content\/uploads\/2015\/05\/Photo-publication-la-marche-des-v\u00e9rit\u00e9s-Front_Page_Final-a8b64-150x211.jpg 150w, https:\/\/rcn-ong.be\/wp-content\/uploads\/2015\/05\/Photo-publication-la-marche-des-v\u00e9rit\u00e9s-Front_Page_Final-a8b64-200x281.jpg 200w, https:\/\/rcn-ong.be\/wp-content\/uploads\/2015\/05\/Photo-publication-la-marche-des-v\u00e9rit\u00e9s-Front_Page_Final-a8b64.jpg 220w\" sizes=\"auto, (max-width: 214px) 100vw, 214px\" \/><\/a>Inspir\u00e9e de faits r\u00e9els, la bande-dessin\u00e9e suit le cheminement d\u2019Elie, un jeune adolescent burundais, <a href=\"https:\/\/rcn-ong.be\/wp-content\/uploads\/2015\/05\/Photo-2-la-marche-des-v\u00e9rit\u00e9s.jpg\"><img loading=\"lazy\" decoding=\"async\" class=\"alignright size-full wp-image-3736\" src=\"https:\/\/rcn-ong.be\/wp-content\/uploads\/2015\/05\/Photo-2-la-marche-des-v\u00e9rit\u00e9s.jpg\" alt=\"Photo 2  la marche des v\u00e9rit\u00e9s\" width=\"123\" height=\"109\" srcset=\"https:\/\/rcn-ong.be\/wp-content\/uploads\/2015\/05\/Photo-2-la-marche-des-v\u00e9rit\u00e9s.jpg 123w, https:\/\/rcn-ong.be\/wp-content\/uploads\/2015\/05\/Photo-2-la-marche-des-v\u00e9rit\u00e9s-100x89.jpg 100w\" sizes=\"auto, (max-width: 123px) 100vw, 123px\" \/><\/a>orphelin de guerre, qui part sur les traces de son pass\u00e9. A l\u2019entr\u00e9e de l\u2019\u00e2ge adulte, il est envahi de questionnements sur ses origines et son identit\u00e9, et quitte Bujumbura pour aller \u00e0 la rencontre de son histoire, incarn\u00e9e par des personnages cl\u00e9s. Chacune des 7 s\u00e9quences de sa \u00ab marche des v\u00e9rit\u00e9s \u00bb illustre une probl\u00e9matique symbolisant les enjeux de la justice transitionnelle au Burundi.<\/p>\n<p>Destin\u00e9e \u00e0 la jeunesse burundaise, cette BD a pour but de vulgariser des contenus difficiles \u00e0 aborder pour les jeunes g\u00e9n\u00e9rations directement concern\u00e9es par la connaissance de son histoire. En illustrant les obstacles \u00e0 l\u2019\u00e9mergence des v\u00e9rit\u00e9s, l\u2019histoire d\u2019Elie sert de base \u00e0 un dialogue ouvert avec le lecteur. Compl\u00e9t\u00e9e par un manuel d\u2019animation p\u00e9dagogique, la BD sera prochainement exploit\u00e9e dans des s\u00e9ances de dialogue avec des groupes de jeunes.<\/p>\n<p>Pour la r\u00e9alisation de cette publication RCN Justice &amp; D\u00e9mocratie et Impunity Watch, toutes deux engag\u00e9es dans la lutte contre l\u2019impunit\u00e9 et pour la restauration d\u2019une justice efficace et ind\u00e9pendante, ont travaill\u00e9 en \u00e9troite collaboration pour capitaliser leurs travaux de dialogue avec la population burundaise.<\/p>\n<p>&nbsp;<\/p>\n","protected":false},"excerpt":{"rendered":"<p>&nbsp;<\/p>\n<p><strong>\u00ab La marche des v\u00e9rit\u00e9S \u00bb, par Anne-A\u00ebl Pohu et Selim Mawad<\/strong><\/p>\n<p>RCN Justice &amp; D\u00e9mocratie et Impunity Watch ont le plaisir de vous faire d\u00e9couvrir leur publication conjointe \u00ab La marche des v\u00e9rit\u00e9S \u00bb qui s\u2019inscrit dans le cadre de leurs programmes respectifs de pr\u00e9vention des conflits et d\u2019appui \u00e0 justice transitionnelle au Burundi.<\/p>\n<p><span class=\"ellipsis\">&hellip;<\/span><\/p>\n<div class=\"read-more\"><a href=\"https:\/\/rcn-ong.be\/en\/publications\/etudes\/janvier-2014-publication-de-la-bd-la-marche-des-verites-au-burundi\/\">Read more &#8250;<\/a><\/div>\n<p><!-- end of .read-more --><\/p>\n","protected":false},"author":3,"featured_media":0,"parent":2077,"menu_order":0,"comment_status":"open","ping_status":"open","template":"","meta":{"footnotes":""},"class_list":["post-3323","page","type-page","status-publish","hentry"],"_links":{"self":[{"href":"https:\/\/rcn-ong.be\/en\/wp-json\/wp\/v2\/pages\/3323","targetHints":{"allow":["GET"]}}],"collection":[{"href":"https:\/\/rcn-ong.be\/en\/wp-json\/wp\/v2\/pages"}],"about":[{"href":"https:\/\/rcn-ong.be\/en\/wp-json\/wp\/v2\/types\/page"}],"author":[{"embeddable":true,"href":"https:\/\/rcn-ong.be\/en\/wp-json\/wp\/v2\/users\/3"}],"replies":[{"embeddable":true,"href":"https:\/\/rcn-ong.be\/en\/wp-json\/wp\/v2\/comments?post=3323"}],"version-history":[{"count":3,"href":"https:\/\/rcn-ong.be\/en\/wp-json\/wp\/v2\/pages\/3323\/revisions"}],"predecessor-version":[{"id":3767,"href":"https:\/\/rcn-ong.be\/en\/wp-json\/wp\/v2\/pages\/3323\/revisions\/3767"}],"up":[{"embeddable":true,"href":"https:\/\/rcn-ong.be\/en\/wp-json\/wp\/v2\/pages\/2077"}],"wp:attachment":[{"href":"https:\/\/rcn-ong.be\/en\/wp-json\/wp\/v2\/media?parent=3323"}],"curies":[{"name":"wp","href":"https:\/\/api.w.org\/{rel}","templated":true}]}}