{"id":3325,"date":"2015-04-09T11:11:33","date_gmt":"2015-04-09T11:11:33","guid":{"rendered":"https:\/\/rcn-ong.be\/?page_id=3325"},"modified":"2015-05-04T11:27:19","modified_gmt":"2015-05-04T11:27:19","slug":"decembre-2013-publication-du-recueil-des-journalistes-de-la-rdc-la-loi-et-vous","status":"publish","type":"page","link":"https:\/\/rcn-ong.be\/en\/publications\/etudes\/decembre-2013-publication-du-recueil-des-journalistes-de-la-rdc-la-loi-et-vous\/","title":{"rendered":"D\u00e9cembre 2013 &#8211; Publication du Recueil des journalistes de la RDC &#8220;La loi et vous&#8221;"},"content":{"rendered":"<p>&nbsp;<\/p>\n<p><strong>Recueil de journalistes congolais form\u00e9s par Syfia international\/InfoSud Belgique, en partenariat avec RCN Justice &amp; D\u00e9mocratie et Journalistes en Danger (JED).<\/strong><\/p>\n<p><a href=\"https:\/\/rcn-ong.be\/wp-content\/uploads\/2015\/05\/photo-publication-IEDDH_6.bmp\"><img loading=\"lazy\" decoding=\"async\" class=\"alignleft size-full wp-image-3772\" src=\"https:\/\/rcn-ong.be\/wp-content\/uploads\/2015\/05\/photo-publication-IEDDH_6.bmp\" alt=\"photo publication IEDDH_6\" width=\"180\" height=\"258\" \/><\/a>Dans le cadre du projet IEDDH, &#8220;Contribution \u00e0 la libert\u00e9 d\u2019expression en R\u00e9publique d\u00e9mocratique du Congo&#8221;, financ\u00e9 par l\u2019Union europ\u00e9enne, Syfia international\/InfoSud Belgique, en partenariat avec RCN Justice &amp; D\u00e9mocratie et Journalistes en Danger (JED), forme des journalistes congolais sur les lois, proc\u00e9dures et r\u00e8glements, les droits et les devoirs des citoyens, la libert\u00e9 d\u2019expression, etc.<\/p>\n<p>Le pr\u00e9sent recueil refl\u00e8te le travail engag\u00e9 d\u2019une cinquantaine de journalistes congolais. A travers le pays, ils ont souhait\u00e9 am\u00e9liorer la qualit\u00e9 de leur travail de chronique juridique et judiciaire pour une meilleure information de la population sur des sujets parfois techniques, parfois sensibles, mais qui sont fondamentaux pour la d\u00e9fense des droits au quotidien. RCN Justice &amp; D\u00e9mocratie, Infosud Belgique et le r\u00e9seau Syfi a International, ainsi que Journalistes en danger sont venus appuyer le travail remarquable de ces journalistes qui exercent dans des conditions tr\u00e8s diffi ciles \u00e0 Kinshasa, Matadi, Kisangani et Bukavu. Comme le montre ce recueil, leur travail n\u2019en reste pas moins de grande qualit\u00e9.<\/p>\n<ul>\n<li>Le Recueil est <a href=\"http:\/\/www.rcn-ong.be\/IMG\/pdf\/Recueil_RDC_Articles_La_loi_et_vous.pdf\" target=\"_blank\">t\u00e9l\u00e9chargeable ici<\/a>.<\/li>\n<li>Pour un aper\u00e7u du Programme en lien avec cette publication, veuillez <a href=\"https:\/\/rcn-ong.be\/que-faisons-nous\/nos-pays-d-intervention\/republique-democratique-du-congo\/bureau-national-a-kinshasa\/realisations-anterieures\/contribuer-a-la-liberte-dexpression-en-republique-democratique-du-congo\/\" target=\"_blank\">cliquer ici<\/a>.<\/li>\n<\/ul>\n","protected":false},"excerpt":{"rendered":"<p>&nbsp;<\/p>\n<p><strong>Recueil de journalistes congolais form\u00e9s par Syfia international\/InfoSud Belgique, en partenariat avec RCN Justice &amp; D\u00e9mocratie et Journalistes en Danger (JED).<\/strong><\/p>\n<p><a href=\"https:\/\/rcn-ong.be\/wp-content\/uploads\/2015\/05\/photo-publication-IEDDH_6.bmp\"><img loading=\"lazy\" decoding=\"async\" class=\"alignleft size-full wp-image-3772\" src=\"https:\/\/rcn-ong.be\/wp-content\/uploads\/2015\/05\/photo-publication-IEDDH_6.bmp\" alt=\"photo publication IEDDH_6\" width=\"180\" height=\"258\" \/><\/a>Dans le cadre du projet IEDDH, &#8220;Contribution \u00e0 la libert\u00e9 d\u2019expression en R\u00e9publique d\u00e9mocratique du Congo&#8221;,<\/p>\n<p><span class=\"ellipsis\">&hellip;<\/span><\/p>\n<div class=\"read-more\"><a href=\"https:\/\/rcn-ong.be\/en\/publications\/etudes\/decembre-2013-publication-du-recueil-des-journalistes-de-la-rdc-la-loi-et-vous\/\">Read more &#8250;<\/a><\/div>\n<p><!-- end of .read-more --><\/p>\n","protected":false},"author":3,"featured_media":0,"parent":2077,"menu_order":0,"comment_status":"open","ping_status":"open","template":"","meta":{"footnotes":""},"class_list":["post-3325","page","type-page","status-publish","hentry"],"_links":{"self":[{"href":"https:\/\/rcn-ong.be\/en\/wp-json\/wp\/v2\/pages\/3325","targetHints":{"allow":["GET"]}}],"collection":[{"href":"https:\/\/rcn-ong.be\/en\/wp-json\/wp\/v2\/pages"}],"about":[{"href":"https:\/\/rcn-ong.be\/en\/wp-json\/wp\/v2\/types\/page"}],"author":[{"embeddable":true,"href":"https:\/\/rcn-ong.be\/en\/wp-json\/wp\/v2\/users\/3"}],"replies":[{"embeddable":true,"href":"https:\/\/rcn-ong.be\/en\/wp-json\/wp\/v2\/comments?post=3325"}],"version-history":[{"count":2,"href":"https:\/\/rcn-ong.be\/en\/wp-json\/wp\/v2\/pages\/3325\/revisions"}],"predecessor-version":[{"id":3773,"href":"https:\/\/rcn-ong.be\/en\/wp-json\/wp\/v2\/pages\/3325\/revisions\/3773"}],"up":[{"embeddable":true,"href":"https:\/\/rcn-ong.be\/en\/wp-json\/wp\/v2\/pages\/2077"}],"wp:attachment":[{"href":"https:\/\/rcn-ong.be\/en\/wp-json\/wp\/v2\/media?parent=3325"}],"curies":[{"name":"wp","href":"https:\/\/api.w.org\/{rel}","templated":true}]}}