{"id":3327,"date":"2015-04-09T11:16:41","date_gmt":"2015-04-09T11:16:41","guid":{"rendered":"https:\/\/rcn-ong.be\/?page_id=3327"},"modified":"2015-05-04T11:19:31","modified_gmt":"2015-05-04T11:19:31","slug":"reedition-2014-publication-rwanda-la-justice-de-proximite-au-rwanda-les-modes-de-gestion-des-conflits-fonciers-2007-2009","status":"publish","type":"page","link":"https:\/\/rcn-ong.be\/en\/publications\/etudes\/reedition-2014-publication-rwanda-la-justice-de-proximite-au-rwanda-les-modes-de-gestion-des-conflits-fonciers-2007-2009\/","title":{"rendered":"R\u00e9\u00e9dition 2014 &#8211; Publication Rwanda &#8220;La justice de proximit\u00e9 au Rwanda : les modes de gestion des conflits fonciers (2007-2009)&#8221;"},"content":{"rendered":"<p>&nbsp;<\/p>\n<p><strong>Etude r\u00e9alis\u00e9e par Marco Lankhorst, chercheur doctorant \u00e0 l\u2019universit\u00e9 d\u2019Amsterdam et par Muriel Veldman, juriste du Minist\u00e8re de l\u2019habitat, de l\u2019am\u00e9nagement du territoire et de l\u2019environnement n\u00e9erlandais.<\/strong><\/p>\n<p><a href=\"https:\/\/rcn-ong.be\/wp-content\/uploads\/2015\/05\/photo-publication-r\u00e9\u00e9dition-modes_de_gestion-81fab.png\"><img loading=\"lazy\" decoding=\"async\" class=\"alignleft size-full wp-image-3763\" src=\"https:\/\/rcn-ong.be\/wp-content\/uploads\/2015\/05\/photo-publication-r\u00e9\u00e9dition-modes_de_gestion-81fab.png\" alt=\"photo publication r\u00e9\u00e9dition modes_de_gestion-81fab\" width=\"200\" height=\"283\" srcset=\"https:\/\/rcn-ong.be\/wp-content\/uploads\/2015\/05\/photo-publication-r\u00e9\u00e9dition-modes_de_gestion-81fab.png 200w, https:\/\/rcn-ong.be\/wp-content\/uploads\/2015\/05\/photo-publication-r\u00e9\u00e9dition-modes_de_gestion-81fab-100x142.png 100w, https:\/\/rcn-ong.be\/wp-content\/uploads\/2015\/05\/photo-publication-r\u00e9\u00e9dition-modes_de_gestion-81fab-150x212.png 150w\" sizes=\"auto, (max-width: 200px) 100vw, 200px\" \/><\/a>Cette \u00e9tude fait le point sur l\u2019accessibilit\u00e9 et la qualit\u00e9 de la justice rendue au Rwanda en mati\u00e8re de r\u00e9solution des conflits fonciers et propose des recommandations afin d\u2019am\u00e9liorer l\u2019accessibilit\u00e9 et la qualit\u00e9 du syst\u00e8me judiciaire rwandais au b\u00e9n\u00e9fice des justiciables. Cette \u00e9tude est construite autour du concept analytique de justice de proximit\u00e9. Ce concept se d\u00e9cline en quatre dimensions distinctes, chaque dimension permettant d\u2019appr\u00e9cier l\u2019accessibilit\u00e9 et la qualit\u00e9 de la justice : la dimension temporelle (les d\u00e9lais de traitement et d\u2019ex\u00e9cution des d\u00e9cisions sont-ils raisonnables ?), la dimension spatiale (la distance que les justiciables parcourent pour b\u00e9n\u00e9ficier du syst\u00e8me judiciaire est-elle raisonnable ?), la dimension de la conscience (les justiciables comprennent-ils les proc\u00e9dures et les d\u00e9cisions et les lois sont-elles intelligibles ?) et la dimension de la confiance (les proc\u00e9dures et les d\u00e9cisions sont-elles en ad\u00e9quation avec les attentes des justiciables, et la justice gagne-t-elle sa l\u00e9gitimit\u00e9 dans la pratique quotidienne ?).<\/p>\n<p>L\u2019\u00e9tude en fran\u00e7ais est <a href=\"http:\/\/www.rcn-ong.be\/IMG\/pdf\/2009-_RCN_JD_-_Les_modes_de_gestion_des_conflits_fonciers_-_FR_v_reeditee_2014_final_MOD_EPI.pdf\" target=\"_blank\">t\u00e9l\u00e9chargeable ici<\/a>.<\/p>\n<p>L\u2019\u00e9tude en anglais est <a href=\"http:\/\/www.rcn-ong.be\/IMG\/pdf\/2011-_RCN_J_D_-_Functioning_of_Abunzi_committees_-_English_-_v-_reeditee_2014_-_03-12-2014.pdf\" target=\"_blank\">t\u00e9l\u00e9chargeable ici<\/a>.<\/p>\n<p>Pour un aper\u00e7u du Programme en lien avec cette \u00e9tude, veuillez <a href=\"https:\/\/rcn-ong.be\/que-faisons-nous\/nos-pays-d-intervention\/rwanda\/realisations-anterieures\/pour-une-justice-de-proximite\/\" target=\"_blank\">cliquer ici<\/a>.<\/p>\n","protected":false},"excerpt":{"rendered":"<p>&nbsp;<\/p>\n<p><strong>Etude r\u00e9alis\u00e9e par Marco Lankhorst, chercheur doctorant \u00e0 l\u2019universit\u00e9 d\u2019Amsterdam et par Muriel Veldman, juriste du Minist\u00e8re de l\u2019habitat, de l\u2019am\u00e9nagement du territoire et de l\u2019environnement n\u00e9erlandais.<\/strong><\/p>\n<p><a href=\"https:\/\/rcn-ong.be\/wp-content\/uploads\/2015\/05\/photo-publication-r\u00e9\u00e9dition-modes_de_gestion-81fab.png\"><img loading=\"lazy\" decoding=\"async\" class=\"alignleft size-full wp-image-3763\" src=\"https:\/\/rcn-ong.be\/wp-content\/uploads\/2015\/05\/photo-publication-r\u00e9\u00e9dition-modes_de_gestion-81fab.png\" alt=\"photo publication r\u00e9\u00e9dition modes_de_gestion-81fab\" width=\"200\" height=\"283\" srcset=\"https:\/\/rcn-ong.be\/wp-content\/uploads\/2015\/05\/photo-publication-r\u00e9\u00e9dition-modes_de_gestion-81fab.png 200w, https:\/\/rcn-ong.be\/wp-content\/uploads\/2015\/05\/photo-publication-r\u00e9\u00e9dition-modes_de_gestion-81fab-100x142.png 100w, https:\/\/rcn-ong.be\/wp-content\/uploads\/2015\/05\/photo-publication-r\u00e9\u00e9dition-modes_de_gestion-81fab-150x212.png 150w\" sizes=\"auto, (max-width: 200px) 100vw, 200px\" \/><\/a>Cette \u00e9tude fait le point sur l\u2019accessibilit\u00e9 et la qualit\u00e9 de la justice rendue au Rwanda en mati\u00e8re de r\u00e9solution des conflits fonciers et propose des recommandations afin d\u2019am\u00e9liorer l\u2019accessibilit\u00e9 et la qualit\u00e9 du syst\u00e8me judiciaire rwandais au b\u00e9n\u00e9fice des justiciables.<\/p>\n<p><span class=\"ellipsis\">&hellip;<\/span><\/p>\n<div class=\"read-more\"><a href=\"https:\/\/rcn-ong.be\/en\/publications\/etudes\/reedition-2014-publication-rwanda-la-justice-de-proximite-au-rwanda-les-modes-de-gestion-des-conflits-fonciers-2007-2009\/\">Read more &#8250;<\/a><\/div>\n<p><!-- end of .read-more --><\/p>\n","protected":false},"author":3,"featured_media":0,"parent":2077,"menu_order":0,"comment_status":"open","ping_status":"open","template":"","meta":{"footnotes":""},"class_list":["post-3327","page","type-page","status-publish","hentry"],"_links":{"self":[{"href":"https:\/\/rcn-ong.be\/en\/wp-json\/wp\/v2\/pages\/3327","targetHints":{"allow":["GET"]}}],"collection":[{"href":"https:\/\/rcn-ong.be\/en\/wp-json\/wp\/v2\/pages"}],"about":[{"href":"https:\/\/rcn-ong.be\/en\/wp-json\/wp\/v2\/types\/page"}],"author":[{"embeddable":true,"href":"https:\/\/rcn-ong.be\/en\/wp-json\/wp\/v2\/users\/3"}],"replies":[{"embeddable":true,"href":"https:\/\/rcn-ong.be\/en\/wp-json\/wp\/v2\/comments?post=3327"}],"version-history":[{"count":2,"href":"https:\/\/rcn-ong.be\/en\/wp-json\/wp\/v2\/pages\/3327\/revisions"}],"predecessor-version":[{"id":3764,"href":"https:\/\/rcn-ong.be\/en\/wp-json\/wp\/v2\/pages\/3327\/revisions\/3764"}],"up":[{"embeddable":true,"href":"https:\/\/rcn-ong.be\/en\/wp-json\/wp\/v2\/pages\/2077"}],"wp:attachment":[{"href":"https:\/\/rcn-ong.be\/en\/wp-json\/wp\/v2\/media?parent=3327"}],"curies":[{"name":"wp","href":"https:\/\/api.w.org\/{rel}","templated":true}]}}