{"id":3331,"date":"2015-04-09T11:21:18","date_gmt":"2015-04-09T11:21:18","guid":{"rendered":"https:\/\/rcn-ong.be\/?page_id=3331"},"modified":"2015-05-04T11:14:39","modified_gmt":"2015-05-04T11:14:39","slug":"janvier-2015-publication-du-document-danalyse-concilier-avant-de-juger","status":"publish","type":"page","link":"https:\/\/rcn-ong.be\/en\/publications\/etudes\/janvier-2015-publication-du-document-danalyse-concilier-avant-de-juger\/","title":{"rendered":"Janvier 2015 &#8211; Publication du document d\u2019analyse &#8220;Concilier avant de juger&#8221;"},"content":{"rendered":"<p>&nbsp;<\/p>\n<p><strong>La face meconnue des pratiques judiciaires burundaises, par Dominik Kohlhagen<\/strong><\/p>\n<p><a href=\"https:\/\/rcn-ong.be\/wp-content\/uploads\/2015\/05\/photo-\u00e9tude-concilier_avant_de_juger-3e7a9-e1430738008962.png\"><img loading=\"lazy\" decoding=\"async\" class=\"alignleft size-full wp-image-3759\" src=\"https:\/\/rcn-ong.be\/wp-content\/uploads\/2015\/05\/photo-\u00e9tude-concilier_avant_de_juger-3e7a9-e1430738008962.png\" alt=\"photo \u00e9tude concilier_avant_de_juger-3e7a9\" width=\"200\" height=\"277\" \/><\/a>L\u2019\u00e9tude-diagnostic r\u00e9v\u00e8le tout d\u2019abord une grande vari\u00e9t\u00e9 de pratiques conciliatrices. En phase pr\u00e9-juridictionnelle, l\u2019ensemble des tribunaux burundais proposent des s\u00e9ances de \u00ab dol\u00e9ances \u00bb aux justiciables. Ces derniers exposent alors leurs probl\u00e8mes au juge afin d\u2019obtenir son avis sur les d\u00e9marches \u00e0 suivre pour la r\u00e9solution de leur litige. L\u2019utilisation de pratiques conciliatrices est \u00e9galement possible en phase contentieuse. Le code de proc\u00e9dure civile permet au juge burundais de \u00ab statuer comme amiable compositeur \u00bb (article 34 alin\u00e9a 3). Sur ce point, l\u2019\u00e9tude souligne le manque de connaissances par le personnel judiciaire des textes l\u00e9gaux qui offrent des possibilit\u00e9s de conciliation. Enfin, en phase post-contentieuse, l\u2019absence de v\u00e9ritable entente entre les parties peut donner lieu \u00e0 de nouvelles n\u00e9gociations au moment de l\u2019ex\u00e9cution du jugement pour faciliter le r\u00e9tablissement du lien social ; n\u00e9gociations qui interviennent en dehors de tout cadre l\u00e9gislatif, et une fois le jugement prononc\u00e9.<\/p>\n<p>Sur base de cette \u00e9tude-diagnostic, un guide pratique a \u00e9galement \u00e9t\u00e9 \u00e9labor\u00e9 et mis en discussion au cours de l\u2019atelier : apr\u00e8s validation par le minist\u00e8re de la Justice, ce guide pourrait \u00eatre distribu\u00e9 et pr\u00e9sent\u00e9 aux magistrats et greffiers afin de mieux les encadrer et de les sensibiliser aux possibilit\u00e9s offertes par la conciliation dans leurs pratiques quotidiennes.<\/p>\n<p>Le document d\u2019analyse est <a href=\"http:\/\/www.rcn-ong.be\/IMG\/pdf\/Concilier_avant_de_juger.pdf\" target=\"_blank\">t\u00e9l\u00e9chargeable ici<\/a>.<\/p>\n<p>&nbsp;<\/p>\n","protected":false},"excerpt":{"rendered":"<p>&nbsp;<\/p>\n<p><strong>La face meconnue des pratiques judiciaires burundaises, par Dominik Kohlhagen<\/strong><\/p>\n<p><a href=\"https:\/\/rcn-ong.be\/wp-content\/uploads\/2015\/05\/photo-\u00e9tude-concilier_avant_de_juger-3e7a9-e1430738008962.png\"><img loading=\"lazy\" decoding=\"async\" class=\"alignleft size-full wp-image-3759\" src=\"https:\/\/rcn-ong.be\/wp-content\/uploads\/2015\/05\/photo-\u00e9tude-concilier_avant_de_juger-3e7a9-e1430738008962.png\" alt=\"photo \u00e9tude concilier_avant_de_juger-3e7a9\" width=\"200\" height=\"277\" \/><\/a>L\u2019\u00e9tude-diagnostic r\u00e9v\u00e8le tout d\u2019abord une grande vari\u00e9t\u00e9 de pratiques conciliatrices. En phase pr\u00e9-juridictionnelle, l\u2019ensemble des tribunaux burundais proposent des s\u00e9ances de \u00ab dol\u00e9ances \u00bb aux justiciables.<\/p>\n<p><span class=\"ellipsis\">&hellip;<\/span><\/p>\n<div class=\"read-more\"><a href=\"https:\/\/rcn-ong.be\/en\/publications\/etudes\/janvier-2015-publication-du-document-danalyse-concilier-avant-de-juger\/\">Read more &#8250;<\/a><\/div>\n<p><!-- end of .read-more --><\/p>\n","protected":false},"author":3,"featured_media":0,"parent":2077,"menu_order":0,"comment_status":"open","ping_status":"open","template":"","meta":{"footnotes":""},"class_list":["post-3331","page","type-page","status-publish","hentry"],"_links":{"self":[{"href":"https:\/\/rcn-ong.be\/en\/wp-json\/wp\/v2\/pages\/3331","targetHints":{"allow":["GET"]}}],"collection":[{"href":"https:\/\/rcn-ong.be\/en\/wp-json\/wp\/v2\/pages"}],"about":[{"href":"https:\/\/rcn-ong.be\/en\/wp-json\/wp\/v2\/types\/page"}],"author":[{"embeddable":true,"href":"https:\/\/rcn-ong.be\/en\/wp-json\/wp\/v2\/users\/3"}],"replies":[{"embeddable":true,"href":"https:\/\/rcn-ong.be\/en\/wp-json\/wp\/v2\/comments?post=3331"}],"version-history":[{"count":3,"href":"https:\/\/rcn-ong.be\/en\/wp-json\/wp\/v2\/pages\/3331\/revisions"}],"predecessor-version":[{"id":3760,"href":"https:\/\/rcn-ong.be\/en\/wp-json\/wp\/v2\/pages\/3331\/revisions\/3760"}],"up":[{"embeddable":true,"href":"https:\/\/rcn-ong.be\/en\/wp-json\/wp\/v2\/pages\/2077"}],"wp:attachment":[{"href":"https:\/\/rcn-ong.be\/en\/wp-json\/wp\/v2\/media?parent=3331"}],"curies":[{"name":"wp","href":"https:\/\/api.w.org\/{rel}","templated":true}]}}