{"id":4265,"date":"2017-08-25T13:20:26","date_gmt":"2017-08-25T13:20:26","guid":{"rendered":"https:\/\/rcn-ong.be\/?page_id=4265\/"},"modified":"2025-04-22T17:08:53","modified_gmt":"2025-04-22T15:08:53","slug":"nos-formations","status":"publish","type":"page","link":"https:\/\/rcn-ong.be\/en\/que-faisons-nous\/nos-outils-pedagogiques\/nos-formations\/","title":{"rendered":"Nos formations pour les enseignant\u00b7es"},"content":{"rendered":"<p><span style=\"color: #808080;\"><em>Derni\u00e8re mise \u00e0 jour Septembre 2024<\/em><\/span><\/p>\n<p>L\u2019\u00e9quipe p\u00e9dagogique de RCN J&amp;D propose de former les enseignant\u00b7e\u00b7s, les agents \u00e9ducatifs ou toute personne ayant \u00e0 charge des groupes de jeunes (16-18 ans ou plus) qui souhaitent travailler de mani\u00e8re autonome avec nos outils p\u00e9dagogiques.<a href=\"https:\/\/rcn-ong.be\/que-faisons-nous\/nos-outils-pedagogiques\/nos-formations\/img_20230614_153356-3\/\" rel=\"attachment wp-att-9437\"><img loading=\"lazy\" decoding=\"async\" class=\" wp-image-9437 alignright\" src=\"https:\/\/rcn-ong.be\/wp-content\/uploads\/2023\/08\/IMG_20230614_153356-3-300x137.jpeg\" alt=\"\" width=\"425\" height=\"194\" srcset=\"https:\/\/rcn-ong.be\/wp-content\/uploads\/2023\/08\/IMG_20230614_153356-3-300x137.jpeg 300w, https:\/\/rcn-ong.be\/wp-content\/uploads\/2023\/08\/IMG_20230614_153356-3-1024x468.jpeg 1024w, https:\/\/rcn-ong.be\/wp-content\/uploads\/2023\/08\/IMG_20230614_153356-3-768x351.jpeg 768w, https:\/\/rcn-ong.be\/wp-content\/uploads\/2023\/08\/IMG_20230614_153356-3-1536x703.jpeg 1536w, https:\/\/rcn-ong.be\/wp-content\/uploads\/2023\/08\/IMG_20230614_153356-3-2048x937.jpeg 2048w, https:\/\/rcn-ong.be\/wp-content\/uploads\/2023\/08\/IMG_20230614_153356-3-100x46.jpeg 100w, https:\/\/rcn-ong.be\/wp-content\/uploads\/2023\/08\/IMG_20230614_153356-3-150x69.jpeg 150w, https:\/\/rcn-ong.be\/wp-content\/uploads\/2023\/08\/IMG_20230614_153356-3-200x91.jpeg 200w, https:\/\/rcn-ong.be\/wp-content\/uploads\/2023\/08\/IMG_20230614_153356-3-450x206.jpeg 450w, https:\/\/rcn-ong.be\/wp-content\/uploads\/2023\/08\/IMG_20230614_153356-3-600x274.jpeg 600w, https:\/\/rcn-ong.be\/wp-content\/uploads\/2023\/08\/IMG_20230614_153356-3-900x412.jpeg 900w\" sizes=\"auto, (max-width: 425px) 100vw, 425px\" \/><\/a><\/p>\n<p>Vous souhaitez animer des ateliers sur l&#8217;un ou plusieurs de nos modules ? C\u2019est possible ! Nos formations permettent de vous familiariser avec les th\u00e9matiques des modules et la mani\u00e8re de les aborder avec des groupes de jeunes. Vous vous formez aussi sur nos outils p\u00e9dagogiques afin de conduire la s\u00e9ance vous-m\u00eames !<\/p>\n<h2>Ann\u00e9e scolaire 2024-2025 :<\/h2>\n<p><strong>16 octobre 2024<\/strong> &#8211; &#8220;Comment parler de Justice en classe&#8221; &#8211; <a href=\"https:\/\/rcn-ong.be\/que-faisons-nous\/nos-outils-pedagogiques\/nos-formations\/formation-pour-les-enseignantes-16-octobre\/\" target=\"_blank\" rel=\"noopener noreferrer\">Informations et inscriptions<\/a><\/p>\n<h2>Ann\u00e9e scolaire 2023-2024 :<\/h2>\n<p><strong>18 avril 2024<\/strong> &#8211; &#8220;Des outils p\u00e9dagogiques pour enseigner le droit international humanitaire et la justice internationale&#8221; &#8211;<a href=\"https:\/\/rcn-ong.be\/que-faisons-nous\/nos-outils-pedagogiques\/nos-formations\/formations-pour-les-enseignant%c2%b7e%c2%b7s\/\"> Inscriptions et informations<\/a><\/p>\n<p><span style=\"font-size: inherit;\"><strong>14 f\u00e9vrier 2024<\/strong> &#8211; &#8220;Exclusion et discriminations, comment r\u00e9agir\u202f ?&#8221;\u202f- <\/span><a href=\"https:\/\/rcn-ong.be\/que-faisons-nous\/nos-outils-pedagogiques\/nos-formations\/planning-previsionnel-2024-formations-pour-les-enseignant-e-s\/\">Inscriptions et plus d&#8217;info<\/a><\/p>\n<h2>Ann\u00e9e scolaire 2022-2023 :<\/h2>\n<p><strong>14 juin 2023<\/strong> <strong>&#8211; Formation &#8220;Comment parler de Justice en classe&#8221;<\/strong><\/p>\n<h2>Infos pratiques :<\/h2>\n<ul id=\"block-3f98767f-d67d-4e0e-8f34-cf7275fbd320\" class=\"block-editor-block-list__block wp-block is-selected rich-text block-editor-rich-text__editable wp-block\" role=\"textbox\" contenteditable=\"true\" aria-label=\"R\u00e9digez une liste\u2026\" data-block=\"3f98767f-d67d-4e0e-8f34-cf7275fbd320\" data-type=\"core\/list\" data-title=\"Liste\">\n<li>Nos formations sont <strong>GRATUITES<\/strong><\/li>\n<li>Le nombre de participant\u00b7e\u00b7s est limit\u00e9<\/li>\n<li>Pour plus d&#8217;informations, contactez notre charg\u00e9e p\u00e9dagogique,<br data-rich-text-line-break=\"true\" \/>Loredana : <a href=\"mailto:loredana.alen@rcn-ong.be\">loredana.alen@rcn-ong.be<\/a><\/li>\n<\/ul>\n","protected":false},"excerpt":{"rendered":"<p><span style=\"color: #808080;\"><em>Derni\u00e8re mise \u00e0 jour Septembre 2024<\/em><\/span><\/p>\n<p>L\u2019\u00e9quipe p\u00e9dagogique de RCN J&amp;D propose de former les enseignant\u00b7e\u00b7s, les agents \u00e9ducatifs ou toute personne ayant \u00e0 charge des groupes de jeunes (16-18 ans ou plus) qui souhaitent travailler de mani\u00e8re autonome avec nos outils p\u00e9dagogiques.<\/p>\n<p><span class=\"ellipsis\">&hellip;<\/span><\/p>\n<div class=\"read-more\"><a href=\"https:\/\/rcn-ong.be\/en\/que-faisons-nous\/nos-outils-pedagogiques\/nos-formations\/\">Read more &#8250;<\/a><\/div>\n<p><!-- end of .read-more --><\/p>\n","protected":false},"author":3,"featured_media":0,"parent":2071,"menu_order":0,"comment_status":"closed","ping_status":"closed","template":"","meta":{"footnotes":""},"class_list":["post-4265","page","type-page","status-publish","hentry"],"_links":{"self":[{"href":"https:\/\/rcn-ong.be\/en\/wp-json\/wp\/v2\/pages\/4265","targetHints":{"allow":["GET"]}}],"collection":[{"href":"https:\/\/rcn-ong.be\/en\/wp-json\/wp\/v2\/pages"}],"about":[{"href":"https:\/\/rcn-ong.be\/en\/wp-json\/wp\/v2\/types\/page"}],"author":[{"embeddable":true,"href":"https:\/\/rcn-ong.be\/en\/wp-json\/wp\/v2\/users\/3"}],"replies":[{"embeddable":true,"href":"https:\/\/rcn-ong.be\/en\/wp-json\/wp\/v2\/comments?post=4265"}],"version-history":[{"count":58,"href":"https:\/\/rcn-ong.be\/en\/wp-json\/wp\/v2\/pages\/4265\/revisions"}],"predecessor-version":[{"id":11708,"href":"https:\/\/rcn-ong.be\/en\/wp-json\/wp\/v2\/pages\/4265\/revisions\/11708"}],"up":[{"embeddable":true,"href":"https:\/\/rcn-ong.be\/en\/wp-json\/wp\/v2\/pages\/2071"}],"wp:attachment":[{"href":"https:\/\/rcn-ong.be\/en\/wp-json\/wp\/v2\/media?parent=4265"}],"curies":[{"name":"wp","href":"https:\/\/api.w.org\/{rel}","templated":true}]}}